{"id":1021,"date":"2022-06-22T11:52:38","date_gmt":"2022-06-22T09:52:38","guid":{"rendered":"http:\/\/naturopathie.sobattitude.fr\/?page_id=1021"},"modified":"2026-04-14T17:41:23","modified_gmt":"2026-04-14T15:41:23","slug":"allergies-intolerances","status":"publish","type":"page","link":"https:\/\/naturopathie.sobattitude.fr\/index.php\/allergies-intolerances\/","title":{"rendered":"Allergies\/Intol\u00e9rances"},"content":{"rendered":"\n<p>C\u2019est un ph\u00e9nom\u00e8ne g\u00e9n\u00e9ralis\u00e9 depuis de nombreuses ann\u00e9es, autant chez les humains que chez les animaux (chiens, chats, chevaux..). <\/p>\n\n\n\n<p>On peut mettre certainement en cause l\u2019augmentation de la pollution, l&rsquo;utilisation de produits chimiques, les pesticides, la radioactivit\u00e9, les gaz d\u2019\u00e9chappement, les additifs alimentaires ou certains m\u00e9dicaments, mais cette liste n&rsquo;est pas exhaustive ! <\/p>\n\n\n\n<p>L\u2019accumulation de ces causes perturbe les forces de gu\u00e9rison du corps et notamment le syst\u00e8me immunitaire, ce qui entra\u00eene des sympt\u00f4mes physiques: les r\u00e9actions allergiques souvent violentes et invalidantes.<\/p>\n\n\n\n<p><strong>L\u2019analyse et l\u2019harmonisation des \u201cintol\u00e9rances\u201d est l\u2019une des fonctions majeures de la Bior\u00e9sonance douce selon Paul Schmidt.<\/strong><\/p>\n\n\n\n<p>La bior\u00e9sonance est particuli\u00e8rement indiqu\u00e9e pour ces probl\u00e8mes, car il est possible de tester toute une gamme d\u2019allerg\u00e8nes ou de substances dans une m\u00eame s\u00e9ance. <\/p>\n\n\n\n<p>La machine de bior\u00e9sonance se charge d\u2019apporter les corrections n\u00e9cessaires pour vous soulager. <\/p>\n\n\n\n<p>La bior\u00e9sonance est totalement indolore. <\/p>\n\n\n\n<p>Vous pouvez sentir un peu de fatigue, car votre organisme est en cours de r\u00e9cup\u00e9ration et utilisera donc l\u2019ensemble de votre \u00e9nergie pour cette cause. <\/p>\n\n\n\n<p>Normalement, vous aurez un regain d\u2019\u00e9nergie rapidement. Dans tous les cas, vous vous sentirez l\u00e9ger et repos\u00e9 apr\u00e8s chaque s\u00e9ance. <\/p>\n\n\n\n<p>Plusieurs s\u00e9ances seront n\u00e9cessaires, \u00e0 voir ensemble le nombre et la fr\u00e9quence en fonction du nombre d&rsquo;intol\u00e9rances, de leur intensit\u00e9, etc&#8230;<\/p>\n\n\n\n<p>Je suis \u00e9quip\u00e9e pour tester les principaux allerg\u00e8nes et intol\u00e9rances, mais vous pouvez aussi apporter les substances qui vous posent probl\u00e8me (poils de vos animaux, contenu de votre aspirateur, etc&#8230;).<\/p>\n\n\n\n<p>Les s\u00e9ances peuvent \u00e9galement se faire \u00e0 distance, et dans ce cas, il faudra m&rsquo;envoyer au pr\u00e9alable: une photo de vous, quelques cheveux, et si besoin sp\u00e9cifique: les substances qui vous posent probl\u00e8me (poils de vos animaux, contenu de votre aspirateur, etc&#8230;). <\/p>\n\n\n\n<p>Les m\u00e9thodes propos\u00e9es sont compl\u00e9mentaires avec un traitement m\u00e9dical en cours. Seul votre m\u00e9decin peut \u00e9tablir un diagnostic et modifier vos traitements.<\/p>\n\n\n\n<p>La prise en charge est individualis\u00e9e et il n\u2019y a pas de contre-indication. Toutefois, par mesure de pr\u00e9caution, je ne pratique pas la bior\u00e9sonance sur les femmes enceintes ou les porteurs de pacemaker.<\/p>\n\n\n\n<p><\/p>\n","protected":false},"excerpt":{"rendered":"<p>C\u2019est un ph\u00e9nom\u00e8ne g\u00e9n\u00e9ralis\u00e9 depuis de nombreuses ann\u00e9es, autant chez les humains que chez les animaux (chiens, chats, chevaux..). On peut mettre certainement en cause l\u2019augmentation de la pollution, l&rsquo;utilisation de produits chimiques, les pesticides, la radioactivit\u00e9, les gaz d\u2019\u00e9chappement, les additifs alimentaires ou certains m\u00e9dicaments, mais cette liste n&rsquo;est pas exhaustive ! L\u2019accumulation de&#8230;<\/p>\n","protected":false},"author":1,"featured_media":0,"parent":0,"menu_order":0,"comment_status":"closed","ping_status":"closed","template":"","meta":{"_kad_post_transparent":"","_kad_post_title":"","_kad_post_layout":"","_kad_post_sidebar_id":"","_kad_post_content_style":"","_kad_post_vertical_padding":"","_kad_post_feature":"","_kad_post_feature_position":"","_kad_post_header":false,"_kad_post_footer":false,"_kad_post_classname":"","footnotes":""},"class_list":["post-1021","page","type-page","status-publish","hentry"],"yoast_head":"<!-- This site is optimized with the Yoast SEO plugin v27.4 - https:\/\/yoast.com\/product\/yoast-seo-wordpress\/ -->\n<title>Allergies\/Intol\u00e9rances -<\/title>\n<meta name=\"robots\" content=\"index, follow, max-snippet:-1, max-image-preview:large, max-video-preview:-1\" \/>\n<link rel=\"canonical\" href=\"https:\/\/naturopathie.sobattitude.fr\/index.php\/allergies-intolerances\/\" \/>\n<meta property=\"og:locale\" content=\"fr_FR\" \/>\n<meta property=\"og:type\" content=\"article\" \/>\n<meta property=\"og:title\" content=\"Allergies\/Intol\u00e9rances -\" \/>\n<meta property=\"og:description\" content=\"C\u2019est un ph\u00e9nom\u00e8ne g\u00e9n\u00e9ralis\u00e9 depuis de nombreuses ann\u00e9es, autant chez les humains que chez les animaux (chiens, chats, chevaux..). On peut mettre certainement en cause l\u2019augmentation de la pollution, l&rsquo;utilisation de produits chimiques, les pesticides, la radioactivit\u00e9, les gaz d\u2019\u00e9chappement, les additifs alimentaires ou certains m\u00e9dicaments, mais cette liste n&rsquo;est pas exhaustive ! L\u2019accumulation de...\" \/>\n<meta property=\"og:url\" content=\"https:\/\/naturopathie.sobattitude.fr\/index.php\/allergies-intolerances\/\" \/>\n<meta property=\"article:modified_time\" content=\"2026-04-14T15:41:23+00:00\" \/>\n<meta name=\"twitter:card\" content=\"summary_large_image\" \/>\n<meta name=\"twitter:label1\" content=\"Dur\u00e9e de lecture estim\u00e9e\" \/>\n\t<meta name=\"twitter:data1\" content=\"2 minutes\" \/>\n<script type=\"application\/ld+json\" class=\"yoast-schema-graph\">{\"@context\":\"https:\\\/\\\/schema.org\",\"@graph\":[{\"@type\":\"WebPage\",\"@id\":\"https:\\\/\\\/naturopathie.sobattitude.fr\\\/index.php\\\/allergies-intolerances\\\/\",\"url\":\"https:\\\/\\\/naturopathie.sobattitude.fr\\\/index.php\\\/allergies-intolerances\\\/\",\"name\":\"Allergies\\\/Intol\u00e9rances -\",\"isPartOf\":{\"@id\":\"https:\\\/\\\/naturopathie.sobattitude.fr\\\/#website\"},\"datePublished\":\"2022-06-22T09:52:38+00:00\",\"dateModified\":\"2026-04-14T15:41:23+00:00\",\"breadcrumb\":{\"@id\":\"https:\\\/\\\/naturopathie.sobattitude.fr\\\/index.php\\\/allergies-intolerances\\\/#breadcrumb\"},\"inLanguage\":\"fr-FR\",\"potentialAction\":[{\"@type\":\"ReadAction\",\"target\":[\"https:\\\/\\\/naturopathie.sobattitude.fr\\\/index.php\\\/allergies-intolerances\\\/\"]}]},{\"@type\":\"BreadcrumbList\",\"@id\":\"https:\\\/\\\/naturopathie.sobattitude.fr\\\/index.php\\\/allergies-intolerances\\\/#breadcrumb\",\"itemListElement\":[{\"@type\":\"ListItem\",\"position\":1,\"name\":\"Accueil\",\"item\":\"https:\\\/\\\/naturopathie.sobattitude.fr\\\/\"},{\"@type\":\"ListItem\",\"position\":2,\"name\":\"Allergies\\\/Intol\u00e9rances\"}]},{\"@type\":\"WebSite\",\"@id\":\"https:\\\/\\\/naturopathie.sobattitude.fr\\\/#website\",\"url\":\"https:\\\/\\\/naturopathie.sobattitude.fr\\\/\",\"name\":\"\",\"description\":\"\",\"potentialAction\":[{\"@type\":\"SearchAction\",\"target\":{\"@type\":\"EntryPoint\",\"urlTemplate\":\"https:\\\/\\\/naturopathie.sobattitude.fr\\\/?s={search_term_string}\"},\"query-input\":{\"@type\":\"PropertyValueSpecification\",\"valueRequired\":true,\"valueName\":\"search_term_string\"}}],\"inLanguage\":\"fr-FR\"}]}<\/script>\n<!-- \/ Yoast SEO plugin. -->","yoast_head_json":{"title":"Allergies\/Intol\u00e9rances -","robots":{"index":"index","follow":"follow","max-snippet":"max-snippet:-1","max-image-preview":"max-image-preview:large","max-video-preview":"max-video-preview:-1"},"canonical":"https:\/\/naturopathie.sobattitude.fr\/index.php\/allergies-intolerances\/","og_locale":"fr_FR","og_type":"article","og_title":"Allergies\/Intol\u00e9rances -","og_description":"C\u2019est un ph\u00e9nom\u00e8ne g\u00e9n\u00e9ralis\u00e9 depuis de nombreuses ann\u00e9es, autant chez les humains que chez les animaux (chiens, chats, chevaux..). On peut mettre certainement en cause l\u2019augmentation de la pollution, l&rsquo;utilisation de produits chimiques, les pesticides, la radioactivit\u00e9, les gaz d\u2019\u00e9chappement, les additifs alimentaires ou certains m\u00e9dicaments, mais cette liste n&rsquo;est pas exhaustive ! L\u2019accumulation de...","og_url":"https:\/\/naturopathie.sobattitude.fr\/index.php\/allergies-intolerances\/","article_modified_time":"2026-04-14T15:41:23+00:00","twitter_card":"summary_large_image","twitter_misc":{"Dur\u00e9e de lecture estim\u00e9e":"2 minutes"},"schema":{"@context":"https:\/\/schema.org","@graph":[{"@type":"WebPage","@id":"https:\/\/naturopathie.sobattitude.fr\/index.php\/allergies-intolerances\/","url":"https:\/\/naturopathie.sobattitude.fr\/index.php\/allergies-intolerances\/","name":"Allergies\/Intol\u00e9rances -","isPartOf":{"@id":"https:\/\/naturopathie.sobattitude.fr\/#website"},"datePublished":"2022-06-22T09:52:38+00:00","dateModified":"2026-04-14T15:41:23+00:00","breadcrumb":{"@id":"https:\/\/naturopathie.sobattitude.fr\/index.php\/allergies-intolerances\/#breadcrumb"},"inLanguage":"fr-FR","potentialAction":[{"@type":"ReadAction","target":["https:\/\/naturopathie.sobattitude.fr\/index.php\/allergies-intolerances\/"]}]},{"@type":"BreadcrumbList","@id":"https:\/\/naturopathie.sobattitude.fr\/index.php\/allergies-intolerances\/#breadcrumb","itemListElement":[{"@type":"ListItem","position":1,"name":"Accueil","item":"https:\/\/naturopathie.sobattitude.fr\/"},{"@type":"ListItem","position":2,"name":"Allergies\/Intol\u00e9rances"}]},{"@type":"WebSite","@id":"https:\/\/naturopathie.sobattitude.fr\/#website","url":"https:\/\/naturopathie.sobattitude.fr\/","name":"","description":"","potentialAction":[{"@type":"SearchAction","target":{"@type":"EntryPoint","urlTemplate":"https:\/\/naturopathie.sobattitude.fr\/?s={search_term_string}"},"query-input":{"@type":"PropertyValueSpecification","valueRequired":true,"valueName":"search_term_string"}}],"inLanguage":"fr-FR"}]}},"_links":{"self":[{"href":"https:\/\/naturopathie.sobattitude.fr\/index.php\/wp-json\/wp\/v2\/pages\/1021","targetHints":{"allow":["GET"]}}],"collection":[{"href":"https:\/\/naturopathie.sobattitude.fr\/index.php\/wp-json\/wp\/v2\/pages"}],"about":[{"href":"https:\/\/naturopathie.sobattitude.fr\/index.php\/wp-json\/wp\/v2\/types\/page"}],"author":[{"embeddable":true,"href":"https:\/\/naturopathie.sobattitude.fr\/index.php\/wp-json\/wp\/v2\/users\/1"}],"replies":[{"embeddable":true,"href":"https:\/\/naturopathie.sobattitude.fr\/index.php\/wp-json\/wp\/v2\/comments?post=1021"}],"version-history":[{"count":12,"href":"https:\/\/naturopathie.sobattitude.fr\/index.php\/wp-json\/wp\/v2\/pages\/1021\/revisions"}],"predecessor-version":[{"id":2827,"href":"https:\/\/naturopathie.sobattitude.fr\/index.php\/wp-json\/wp\/v2\/pages\/1021\/revisions\/2827"}],"wp:attachment":[{"href":"https:\/\/naturopathie.sobattitude.fr\/index.php\/wp-json\/wp\/v2\/media?parent=1021"}],"curies":[{"name":"wp","href":"https:\/\/api.w.org\/{rel}","templated":true}]}}