{"id":1172,"date":"2022-10-23T17:34:38","date_gmt":"2022-10-23T15:34:38","guid":{"rendered":"http:\/\/naturopathie.sobattitude.fr\/?page_id=1172"},"modified":"2026-04-13T11:43:55","modified_gmt":"2026-04-13T09:43:55","slug":"consultation-fleurs-de-bach","status":"publish","type":"page","link":"https:\/\/naturopathie.sobattitude.fr\/index.php\/consultation-fleurs-de-bach\/","title":{"rendered":"Consultation Fleurs de Bach"},"content":{"rendered":"\n\n\n<p>Les fleurs de Bach sont des \u00e9lixirs floraux permettant d&rsquo;am\u00e9liorer les&nbsp;<strong>\u00e9motions<\/strong>&nbsp;et&nbsp;<strong>humeurs<\/strong>.<\/p>\n\n\n\n<p>Le Dr Bach \u00e9tait anim\u00e9 par le d\u00e9sir de soigner autrement que par la m\u00e9decine traditionnelle, de trouver une m\u00e9decine capable de prendre en compte l\u2019individu dans sa globalit\u00e9, avec son histoire, ses attitudes, ses \u00e9motions et pas uniquement le sympt\u00f4me (\u00ab&nbsp;Il faut soigner le malade et non la maladie \u00bb&nbsp;disait-il.Il est mort en 1936 apr\u00e8s avoir \u00e9labor\u00e9 sa m\u00e9thode compos\u00e9e de 38 quintessences (39 avec le rem\u00e8de d\u2019urgence, nomm\u00e9 \u00ab Rescue \u00bb).<\/p>\n\n\n\n<p>Elles&nbsp;<strong>sont<\/strong>&nbsp;recommand\u00e9s pour soulager beaucoup de troubles \u00e9motionnels comme la peur, les angoisses, le sentiment de solitude, les chocs \u00e9motionnels. Les&nbsp;<strong>fleurs de Bach sont<\/strong>&nbsp;aussi indiqu\u00e9es pour lutter contre la fatigue, la lassitude, le manque d&rsquo;int\u00e9r\u00eat, les sautes d&rsquo;humeur\u2026<\/p>\n\n\n\n<p>Chaque fleur vise une \u00e9motion sp\u00e9cifique, une humeur, une personnalit\u00e9 et a le pouvoir de faire \u00e9voluer un \u00e9tat n\u00e9gatif pour le transformer en potentiel positif.<\/p>\n\n\n\n<p>Parce qu\u2019elles nous conduisent \u00e0 une ouverture de la conscience, la th\u00e9rapie des Fleurs de Bach repr\u00e9sente un formidable outil de pr\u00e9vention pour notre sant\u00e9 et une aide pr\u00e9cieuse de connaissance de soi sur notre cheminement int\u00e9rieur.<\/p>\n\n\n\n<p>Le but de la&nbsp;<strong>Consultation<\/strong>&nbsp;est de pouvoir d\u00e9terminer les Fleurs adapt\u00e9es \u00e0 vos besoins.<\/p>\n\n\n\n<p>Vous aurez un M\u00e9lange qui correspondra \u00e0 vos besoins du moment.&nbsp;<\/p>\n\n\n\n<p>Il existe autant de combinaisons possible de m\u00e9langes d\u2019\u00e9lixirs qu\u2019il existe d&rsquo;individus sur terre. Chacun saura y trouver ce qui lui convient. Parfois 1 elixir suffira, parfois 6 seront le m\u00e9lange le plus complet, jamais plus que 7.<\/p>\n\n\n\n<p>On sait que tout changement demande minimum 21 jours afin d\u2019inscrire, dans l\u2019ensemble de vos cellules, la nouvelle information vibratoire.<\/p>\n\n\n\n<p>Seul le rem\u00e8de \u00ab&nbsp;<em>rescue<\/em>&nbsp;\u00bb sera \u00e0 utiliser en ponctuel. <\/p>\n\n\n\n<p>Toutes les autres fleurs de Bach n\u00e9cessitent&nbsp;<strong>un<\/strong> <strong>suivi et un r\u00e9ajustement,<\/strong>&nbsp;le temps de parcourir l\u2019ensemble des charges \u00e9motionnelles et vibratoires de votre \u00c2me.<\/p>\n\n\n\n<p>La simplicit\u00e9 de cette th\u00e9rapie, son efficacit\u00e9, son c\u00f4t\u00e9 naturel et inoffensif (pas de contre-indication ou d\u2019effet secondaire connu, pas de risque de d\u00e9pendance ni d\u2019accoutumance, pas de risque de toxicit\u00e9 ou de surdosage) font qu\u2019elle est utilis\u00e9e depuis 80 ans aussi bien par des adultes que par les enfants dans plus de 75 pays au monde.<\/p>\n\n\n\n<p>Une attention particuli\u00e8re doit cependant \u00eatre port\u00e9e sur les personnes pr\u00e9sentant certains pathologies comme la schizophr\u00e9nie ou l\u2019\u00e9pilepsie en raison de la pr\u00e9sence d\u2019alcool. Il en est de m\u00eame pour les personnes en cours de sevrage alcoolique. Il existe de nombreux laboratoires qui disposent de Fleurs de Bach sans alcool, pr\u00e9par\u00e9es avec une base d\u2019\u00e9rable, de glyc\u00e9rine ou de vinaigre de cidre.<\/p>\n\n\n\n<p>Ces quintessences naturelles peuvent \u00eatre associ\u00e9s \u00e0 une th\u00e9rapie mais, bien entendu, elles ne remplacent en aucun cas un avis ou traitement m\u00e9dical..<\/p>\n\n\n\n<p>Des \u00e9tudes cliniques ont vu le jour : celle du Professeur Campanini (Milan, 1987) sur les angoisses, Phobies et d\u00e9sordres obsessionnels : 87 % des patients constatent des effets positif et celle du Professeur Hylan (Un. Plymouth, UK, juillet 2007) sur les col\u00e8res et sautes d\u2019humeur, avec 73% de r\u00e9ponses positives apr\u00e8s la prise du rem\u00e8de.<\/p>\n\n\n\n<p>Personnellement, elles m\u2019accompagnent au quotidien, que ce soit \u00e0 la maison ou au cabinet. Lors d\u2019une consultation d\u2019Hypnose ou de Naturopahtie, il est fr\u00e9quent que je conseille un compos\u00e9 personnalis\u00e9 comportant toutes les Fleurs en rapport avec les \u00e9motions en d\u00e9s\u00e9quilibre qui ont \u00e9t\u00e9 \u00e9voqu\u00e9es. C\u2019est comme une potion magique, du bonheur en bouteille \u00e0 consommer sans mod\u00e9ration pour permettre \u00e0 la personne d\u2019\u00eatre pleinement elle-m\u00eame.<\/p>\n\n\n\n<h2 class=\"wp-block-heading\">MARCHE A SUIVRE pour une&nbsp;Consultation \u00e0 distance en ligne<\/h2>\n\n\n\n<p>Si vous souhaitez&nbsp;<strong>b\u00e9n\u00e9ficier d\u2019une consultation depuis chez vous,<\/strong>&nbsp;je vous propose un entretien&nbsp;<strong>via zoom<\/strong>.<\/p>\n\n\n\n<p>D\u00e8s validation de votre commande, nous&nbsp;<strong>prenons rendez-vous pour un entretien<\/strong>&nbsp;individuel \u00e0 distance.<\/p>\n\n\n\n<h3 class=\"wp-block-heading\">&nbsp;<a href=\"https:\/\/sobattitude.learnybox.com\/commande-achat-d-une-seance-fleurs\/\" target=\"_blank\" rel=\"noreferrer noopener\">Commandez ici<\/a><\/h3>\n","protected":false},"excerpt":{"rendered":"<p>Les fleurs de Bach sont des \u00e9lixirs floraux permettant d&rsquo;am\u00e9liorer les&nbsp;\u00e9motions&nbsp;et&nbsp;humeurs. Le Dr Bach \u00e9tait anim\u00e9 par le d\u00e9sir de soigner autrement que par la m\u00e9decine traditionnelle, de trouver une m\u00e9decine capable de prendre en compte l\u2019individu dans sa globalit\u00e9, avec son histoire, ses attitudes, ses \u00e9motions et pas uniquement le sympt\u00f4me (\u00ab&nbsp;Il faut soigner&#8230;<\/p>\n","protected":false},"author":1,"featured_media":0,"parent":0,"menu_order":0,"comment_status":"closed","ping_status":"closed","template":"","meta":{"_kad_post_transparent":"","_kad_post_title":"","_kad_post_layout":"","_kad_post_sidebar_id":"","_kad_post_content_style":"","_kad_post_vertical_padding":"","_kad_post_feature":"","_kad_post_feature_position":"","_kad_post_header":false,"_kad_post_footer":false,"_kad_post_classname":"","footnotes":""},"class_list":["post-1172","page","type-page","status-publish","hentry"],"yoast_head":"<!-- This site is optimized with the Yoast SEO plugin v27.5 - https:\/\/yoast.com\/product\/yoast-seo-wordpress\/ -->\n<title>Consultation Fleurs de Bach -<\/title>\n<meta name=\"robots\" content=\"index, follow, max-snippet:-1, max-image-preview:large, max-video-preview:-1\" \/>\n<link rel=\"canonical\" href=\"https:\/\/naturopathie.sobattitude.fr\/index.php\/consultation-fleurs-de-bach\/\" \/>\n<meta property=\"og:locale\" content=\"fr_FR\" \/>\n<meta property=\"og:type\" content=\"article\" \/>\n<meta property=\"og:title\" content=\"Consultation Fleurs de Bach -\" \/>\n<meta property=\"og:description\" content=\"Les fleurs de Bach sont des \u00e9lixirs floraux permettant d&rsquo;am\u00e9liorer les&nbsp;\u00e9motions&nbsp;et&nbsp;humeurs. Le Dr Bach \u00e9tait anim\u00e9 par le d\u00e9sir de soigner autrement que par la m\u00e9decine traditionnelle, de trouver une m\u00e9decine capable de prendre en compte l\u2019individu dans sa globalit\u00e9, avec son histoire, ses attitudes, ses \u00e9motions et pas uniquement le sympt\u00f4me (\u00ab&nbsp;Il faut soigner...\" \/>\n<meta property=\"og:url\" content=\"https:\/\/naturopathie.sobattitude.fr\/index.php\/consultation-fleurs-de-bach\/\" \/>\n<meta property=\"article:modified_time\" content=\"2026-04-13T09:43:55+00:00\" \/>\n<meta name=\"twitter:card\" content=\"summary_large_image\" \/>\n<meta name=\"twitter:label1\" content=\"Dur\u00e9e de lecture estim\u00e9e\" \/>\n\t<meta name=\"twitter:data1\" content=\"4 minutes\" \/>\n<script type=\"application\/ld+json\" class=\"yoast-schema-graph\">{\"@context\":\"https:\\\/\\\/schema.org\",\"@graph\":[{\"@type\":\"WebPage\",\"@id\":\"https:\\\/\\\/naturopathie.sobattitude.fr\\\/index.php\\\/consultation-fleurs-de-bach\\\/\",\"url\":\"https:\\\/\\\/naturopathie.sobattitude.fr\\\/index.php\\\/consultation-fleurs-de-bach\\\/\",\"name\":\"Consultation Fleurs de Bach -\",\"isPartOf\":{\"@id\":\"https:\\\/\\\/naturopathie.sobattitude.fr\\\/#website\"},\"datePublished\":\"2022-10-23T15:34:38+00:00\",\"dateModified\":\"2026-04-13T09:43:55+00:00\",\"breadcrumb\":{\"@id\":\"https:\\\/\\\/naturopathie.sobattitude.fr\\\/index.php\\\/consultation-fleurs-de-bach\\\/#breadcrumb\"},\"inLanguage\":\"fr-FR\",\"potentialAction\":[{\"@type\":\"ReadAction\",\"target\":[\"https:\\\/\\\/naturopathie.sobattitude.fr\\\/index.php\\\/consultation-fleurs-de-bach\\\/\"]}]},{\"@type\":\"BreadcrumbList\",\"@id\":\"https:\\\/\\\/naturopathie.sobattitude.fr\\\/index.php\\\/consultation-fleurs-de-bach\\\/#breadcrumb\",\"itemListElement\":[{\"@type\":\"ListItem\",\"position\":1,\"name\":\"Accueil\",\"item\":\"https:\\\/\\\/naturopathie.sobattitude.fr\\\/\"},{\"@type\":\"ListItem\",\"position\":2,\"name\":\"Consultation Fleurs de Bach\"}]},{\"@type\":\"WebSite\",\"@id\":\"https:\\\/\\\/naturopathie.sobattitude.fr\\\/#website\",\"url\":\"https:\\\/\\\/naturopathie.sobattitude.fr\\\/\",\"name\":\"\",\"description\":\"\",\"potentialAction\":[{\"@type\":\"SearchAction\",\"target\":{\"@type\":\"EntryPoint\",\"urlTemplate\":\"https:\\\/\\\/naturopathie.sobattitude.fr\\\/?s={search_term_string}\"},\"query-input\":{\"@type\":\"PropertyValueSpecification\",\"valueRequired\":true,\"valueName\":\"search_term_string\"}}],\"inLanguage\":\"fr-FR\"}]}<\/script>\n<!-- \/ Yoast SEO plugin. -->","yoast_head_json":{"title":"Consultation Fleurs de Bach -","robots":{"index":"index","follow":"follow","max-snippet":"max-snippet:-1","max-image-preview":"max-image-preview:large","max-video-preview":"max-video-preview:-1"},"canonical":"https:\/\/naturopathie.sobattitude.fr\/index.php\/consultation-fleurs-de-bach\/","og_locale":"fr_FR","og_type":"article","og_title":"Consultation Fleurs de Bach -","og_description":"Les fleurs de Bach sont des \u00e9lixirs floraux permettant d&rsquo;am\u00e9liorer les&nbsp;\u00e9motions&nbsp;et&nbsp;humeurs. Le Dr Bach \u00e9tait anim\u00e9 par le d\u00e9sir de soigner autrement que par la m\u00e9decine traditionnelle, de trouver une m\u00e9decine capable de prendre en compte l\u2019individu dans sa globalit\u00e9, avec son histoire, ses attitudes, ses \u00e9motions et pas uniquement le sympt\u00f4me (\u00ab&nbsp;Il faut soigner...","og_url":"https:\/\/naturopathie.sobattitude.fr\/index.php\/consultation-fleurs-de-bach\/","article_modified_time":"2026-04-13T09:43:55+00:00","twitter_card":"summary_large_image","twitter_misc":{"Dur\u00e9e de lecture estim\u00e9e":"4 minutes"},"schema":{"@context":"https:\/\/schema.org","@graph":[{"@type":"WebPage","@id":"https:\/\/naturopathie.sobattitude.fr\/index.php\/consultation-fleurs-de-bach\/","url":"https:\/\/naturopathie.sobattitude.fr\/index.php\/consultation-fleurs-de-bach\/","name":"Consultation Fleurs de Bach -","isPartOf":{"@id":"https:\/\/naturopathie.sobattitude.fr\/#website"},"datePublished":"2022-10-23T15:34:38+00:00","dateModified":"2026-04-13T09:43:55+00:00","breadcrumb":{"@id":"https:\/\/naturopathie.sobattitude.fr\/index.php\/consultation-fleurs-de-bach\/#breadcrumb"},"inLanguage":"fr-FR","potentialAction":[{"@type":"ReadAction","target":["https:\/\/naturopathie.sobattitude.fr\/index.php\/consultation-fleurs-de-bach\/"]}]},{"@type":"BreadcrumbList","@id":"https:\/\/naturopathie.sobattitude.fr\/index.php\/consultation-fleurs-de-bach\/#breadcrumb","itemListElement":[{"@type":"ListItem","position":1,"name":"Accueil","item":"https:\/\/naturopathie.sobattitude.fr\/"},{"@type":"ListItem","position":2,"name":"Consultation Fleurs de Bach"}]},{"@type":"WebSite","@id":"https:\/\/naturopathie.sobattitude.fr\/#website","url":"https:\/\/naturopathie.sobattitude.fr\/","name":"","description":"","potentialAction":[{"@type":"SearchAction","target":{"@type":"EntryPoint","urlTemplate":"https:\/\/naturopathie.sobattitude.fr\/?s={search_term_string}"},"query-input":{"@type":"PropertyValueSpecification","valueRequired":true,"valueName":"search_term_string"}}],"inLanguage":"fr-FR"}]}},"_links":{"self":[{"href":"https:\/\/naturopathie.sobattitude.fr\/index.php\/wp-json\/wp\/v2\/pages\/1172","targetHints":{"allow":["GET"]}}],"collection":[{"href":"https:\/\/naturopathie.sobattitude.fr\/index.php\/wp-json\/wp\/v2\/pages"}],"about":[{"href":"https:\/\/naturopathie.sobattitude.fr\/index.php\/wp-json\/wp\/v2\/types\/page"}],"author":[{"embeddable":true,"href":"https:\/\/naturopathie.sobattitude.fr\/index.php\/wp-json\/wp\/v2\/users\/1"}],"replies":[{"embeddable":true,"href":"https:\/\/naturopathie.sobattitude.fr\/index.php\/wp-json\/wp\/v2\/comments?post=1172"}],"version-history":[{"count":10,"href":"https:\/\/naturopathie.sobattitude.fr\/index.php\/wp-json\/wp\/v2\/pages\/1172\/revisions"}],"predecessor-version":[{"id":2686,"href":"https:\/\/naturopathie.sobattitude.fr\/index.php\/wp-json\/wp\/v2\/pages\/1172\/revisions\/2686"}],"wp:attachment":[{"href":"https:\/\/naturopathie.sobattitude.fr\/index.php\/wp-json\/wp\/v2\/media?parent=1172"}],"curies":[{"name":"wp","href":"https:\/\/api.w.org\/{rel}","templated":true}]}}