{"id":1221,"date":"2023-01-04T20:50:30","date_gmt":"2023-01-04T19:50:30","guid":{"rendered":"http:\/\/naturopathie.sobattitude.fr\/?page_id=1221"},"modified":"2025-03-17T16:31:19","modified_gmt":"2025-03-17T15:31:19","slug":"formation-communication-animale","status":"publish","type":"page","link":"https:\/\/naturopathie.sobattitude.fr\/index.php\/formation-communication-animale\/","title":{"rendered":"Initiation Communication animale"},"content":{"rendered":"\n<p>Venez d\u00e9couvrir la Communication animale lors de cette initiation.<\/p>\n\n\n\n<p>Tout le monde peut communiquer avec les animaux.<\/p>\n\n\n\n<p>Un tout petit peu de th\u00e9orie et beaucoup de pratique.<\/p>\n\n\n\n<p>Un support \u00e9crit de formation vous sera fourni.<\/p>\n\n\n\n<p>Venez d\u00e9couvrir les bases de la communication animale:<br>\u2022Qu&rsquo;est ce que c&rsquo;est<br>\u2022Comment se pr\u00e9parer<br>\u2022Comment faire<br>\u2022A quoi s&rsquo;attendre<\/p>\n\n\n\n<p>Vous allez exp\u00e9rimenter la communication animale sur plusieurs cas concrets.<\/p>\n\n\n\n<p>Communication animale sur photo.<\/p>\n\n\n\n<p>Vous pouvez apporter des photos de vos animaux.<\/p>\n\n\n\n<p>Tarif: 97\u20ac la journ\u00e9e<\/p>\n","protected":false},"excerpt":{"rendered":"<p>Venez d\u00e9couvrir la Communication animale lors de cette initiation. Tout le monde peut communiquer avec les animaux. Un tout petit peu de th\u00e9orie et beaucoup de pratique. Un support \u00e9crit de formation vous sera fourni. Venez d\u00e9couvrir les bases de la communication animale:\u2022Qu&rsquo;est ce que c&rsquo;est\u2022Comment se pr\u00e9parer\u2022Comment faire\u2022A quoi s&rsquo;attendre Vous allez exp\u00e9rimenter la&#8230;<\/p>\n","protected":false},"author":1,"featured_media":0,"parent":0,"menu_order":0,"comment_status":"closed","ping_status":"closed","template":"","meta":{"_kad_post_transparent":"","_kad_post_title":"","_kad_post_layout":"","_kad_post_sidebar_id":"","_kad_post_content_style":"","_kad_post_vertical_padding":"","_kad_post_feature":"","_kad_post_feature_position":"","_kad_post_header":false,"_kad_post_footer":false,"_kad_post_classname":"","footnotes":""},"class_list":["post-1221","page","type-page","status-publish","hentry"],"yoast_head":"<!-- This site is optimized with the Yoast SEO plugin v27.4 - https:\/\/yoast.com\/product\/yoast-seo-wordpress\/ -->\n<title>Initiation Communication animale -<\/title>\n<meta name=\"robots\" content=\"index, follow, max-snippet:-1, max-image-preview:large, max-video-preview:-1\" \/>\n<link rel=\"canonical\" href=\"https:\/\/naturopathie.sobattitude.fr\/index.php\/formation-communication-animale\/\" \/>\n<meta property=\"og:locale\" content=\"fr_FR\" \/>\n<meta property=\"og:type\" content=\"article\" \/>\n<meta property=\"og:title\" content=\"Initiation Communication animale -\" \/>\n<meta property=\"og:description\" content=\"Venez d\u00e9couvrir la Communication animale lors de cette initiation. Tout le monde peut communiquer avec les animaux. Un tout petit peu de th\u00e9orie et beaucoup de pratique. Un support \u00e9crit de formation vous sera fourni. Venez d\u00e9couvrir les bases de la communication animale:\u2022Qu&rsquo;est ce que c&rsquo;est\u2022Comment se pr\u00e9parer\u2022Comment faire\u2022A quoi s&rsquo;attendre Vous allez exp\u00e9rimenter la...\" \/>\n<meta property=\"og:url\" content=\"https:\/\/naturopathie.sobattitude.fr\/index.php\/formation-communication-animale\/\" \/>\n<meta property=\"article:modified_time\" content=\"2025-03-17T15:31:19+00:00\" \/>\n<meta name=\"twitter:card\" content=\"summary_large_image\" \/>\n<meta name=\"twitter:label1\" content=\"Dur\u00e9e de lecture estim\u00e9e\" \/>\n\t<meta name=\"twitter:data1\" content=\"1 minute\" \/>\n<script type=\"application\/ld+json\" class=\"yoast-schema-graph\">{\"@context\":\"https:\\\/\\\/schema.org\",\"@graph\":[{\"@type\":\"WebPage\",\"@id\":\"https:\\\/\\\/naturopathie.sobattitude.fr\\\/index.php\\\/formation-communication-animale\\\/\",\"url\":\"https:\\\/\\\/naturopathie.sobattitude.fr\\\/index.php\\\/formation-communication-animale\\\/\",\"name\":\"Initiation Communication animale -\",\"isPartOf\":{\"@id\":\"https:\\\/\\\/naturopathie.sobattitude.fr\\\/#website\"},\"datePublished\":\"2023-01-04T19:50:30+00:00\",\"dateModified\":\"2025-03-17T15:31:19+00:00\",\"breadcrumb\":{\"@id\":\"https:\\\/\\\/naturopathie.sobattitude.fr\\\/index.php\\\/formation-communication-animale\\\/#breadcrumb\"},\"inLanguage\":\"fr-FR\",\"potentialAction\":[{\"@type\":\"ReadAction\",\"target\":[\"https:\\\/\\\/naturopathie.sobattitude.fr\\\/index.php\\\/formation-communication-animale\\\/\"]}]},{\"@type\":\"BreadcrumbList\",\"@id\":\"https:\\\/\\\/naturopathie.sobattitude.fr\\\/index.php\\\/formation-communication-animale\\\/#breadcrumb\",\"itemListElement\":[{\"@type\":\"ListItem\",\"position\":1,\"name\":\"Accueil\",\"item\":\"https:\\\/\\\/naturopathie.sobattitude.fr\\\/\"},{\"@type\":\"ListItem\",\"position\":2,\"name\":\"Initiation Communication animale\"}]},{\"@type\":\"WebSite\",\"@id\":\"https:\\\/\\\/naturopathie.sobattitude.fr\\\/#website\",\"url\":\"https:\\\/\\\/naturopathie.sobattitude.fr\\\/\",\"name\":\"\",\"description\":\"\",\"potentialAction\":[{\"@type\":\"SearchAction\",\"target\":{\"@type\":\"EntryPoint\",\"urlTemplate\":\"https:\\\/\\\/naturopathie.sobattitude.fr\\\/?s={search_term_string}\"},\"query-input\":{\"@type\":\"PropertyValueSpecification\",\"valueRequired\":true,\"valueName\":\"search_term_string\"}}],\"inLanguage\":\"fr-FR\"}]}<\/script>\n<!-- \/ Yoast SEO plugin. -->","yoast_head_json":{"title":"Initiation Communication animale -","robots":{"index":"index","follow":"follow","max-snippet":"max-snippet:-1","max-image-preview":"max-image-preview:large","max-video-preview":"max-video-preview:-1"},"canonical":"https:\/\/naturopathie.sobattitude.fr\/index.php\/formation-communication-animale\/","og_locale":"fr_FR","og_type":"article","og_title":"Initiation Communication animale -","og_description":"Venez d\u00e9couvrir la Communication animale lors de cette initiation. Tout le monde peut communiquer avec les animaux. Un tout petit peu de th\u00e9orie et beaucoup de pratique. Un support \u00e9crit de formation vous sera fourni. Venez d\u00e9couvrir les bases de la communication animale:\u2022Qu&rsquo;est ce que c&rsquo;est\u2022Comment se pr\u00e9parer\u2022Comment faire\u2022A quoi s&rsquo;attendre Vous allez exp\u00e9rimenter la...","og_url":"https:\/\/naturopathie.sobattitude.fr\/index.php\/formation-communication-animale\/","article_modified_time":"2025-03-17T15:31:19+00:00","twitter_card":"summary_large_image","twitter_misc":{"Dur\u00e9e de lecture estim\u00e9e":"1 minute"},"schema":{"@context":"https:\/\/schema.org","@graph":[{"@type":"WebPage","@id":"https:\/\/naturopathie.sobattitude.fr\/index.php\/formation-communication-animale\/","url":"https:\/\/naturopathie.sobattitude.fr\/index.php\/formation-communication-animale\/","name":"Initiation Communication animale -","isPartOf":{"@id":"https:\/\/naturopathie.sobattitude.fr\/#website"},"datePublished":"2023-01-04T19:50:30+00:00","dateModified":"2025-03-17T15:31:19+00:00","breadcrumb":{"@id":"https:\/\/naturopathie.sobattitude.fr\/index.php\/formation-communication-animale\/#breadcrumb"},"inLanguage":"fr-FR","potentialAction":[{"@type":"ReadAction","target":["https:\/\/naturopathie.sobattitude.fr\/index.php\/formation-communication-animale\/"]}]},{"@type":"BreadcrumbList","@id":"https:\/\/naturopathie.sobattitude.fr\/index.php\/formation-communication-animale\/#breadcrumb","itemListElement":[{"@type":"ListItem","position":1,"name":"Accueil","item":"https:\/\/naturopathie.sobattitude.fr\/"},{"@type":"ListItem","position":2,"name":"Initiation Communication animale"}]},{"@type":"WebSite","@id":"https:\/\/naturopathie.sobattitude.fr\/#website","url":"https:\/\/naturopathie.sobattitude.fr\/","name":"","description":"","potentialAction":[{"@type":"SearchAction","target":{"@type":"EntryPoint","urlTemplate":"https:\/\/naturopathie.sobattitude.fr\/?s={search_term_string}"},"query-input":{"@type":"PropertyValueSpecification","valueRequired":true,"valueName":"search_term_string"}}],"inLanguage":"fr-FR"}]}},"_links":{"self":[{"href":"https:\/\/naturopathie.sobattitude.fr\/index.php\/wp-json\/wp\/v2\/pages\/1221","targetHints":{"allow":["GET"]}}],"collection":[{"href":"https:\/\/naturopathie.sobattitude.fr\/index.php\/wp-json\/wp\/v2\/pages"}],"about":[{"href":"https:\/\/naturopathie.sobattitude.fr\/index.php\/wp-json\/wp\/v2\/types\/page"}],"author":[{"embeddable":true,"href":"https:\/\/naturopathie.sobattitude.fr\/index.php\/wp-json\/wp\/v2\/users\/1"}],"replies":[{"embeddable":true,"href":"https:\/\/naturopathie.sobattitude.fr\/index.php\/wp-json\/wp\/v2\/comments?post=1221"}],"version-history":[{"count":5,"href":"https:\/\/naturopathie.sobattitude.fr\/index.php\/wp-json\/wp\/v2\/pages\/1221\/revisions"}],"predecessor-version":[{"id":2012,"href":"https:\/\/naturopathie.sobattitude.fr\/index.php\/wp-json\/wp\/v2\/pages\/1221\/revisions\/2012"}],"wp:attachment":[{"href":"https:\/\/naturopathie.sobattitude.fr\/index.php\/wp-json\/wp\/v2\/media?parent=1221"}],"curies":[{"name":"wp","href":"https:\/\/api.w.org\/{rel}","templated":true}]}}