{"id":1224,"date":"2023-01-04T20:54:08","date_gmt":"2023-01-04T19:54:08","guid":{"rendered":"http:\/\/naturopathie.sobattitude.fr\/?page_id=1224"},"modified":"2025-03-17T16:32:20","modified_gmt":"2025-03-17T15:32:20","slug":"formation-fleurs-de-bach","status":"publish","type":"page","link":"https:\/\/naturopathie.sobattitude.fr\/index.php\/formation-fleurs-de-bach\/","title":{"rendered":"Initiation Fleurs de Bach"},"content":{"rendered":"\n<p>Venez d\u00e9couvrir les Fleurs de Bach lors de cette initiation.<\/p>\n\n\n\n<p>Les fleurs de Bach sont des \u00e9lixirs floraux permettant d\u2019am\u00e9liorer les&nbsp;<strong>\u00e9motions<\/strong>&nbsp;et&nbsp;<strong>humeurs<\/strong>.<\/p>\n\n\n\n<p>Un tout petit peu de th\u00e9orie et beaucoup de pratique.<\/p>\n\n\n\n<p>Un support \u00e9crit de formation vous sera fourni ainsi qu&rsquo;un certificat de suivi de stage.<\/p>\n\n\n\n<p>Les bases des Fleurs de Bach :<br>\u2022Qu&rsquo;est-ce que c&rsquo;est<br>\u2022A quoi \u00e7a sert<br>\u2022Comment choisir ses fleurs<br>\u2022Comment faire le m\u00e9lange<\/p>\n\n\n\n<p>Vous allez exp\u00e9rimenter l\u2019utilisation des Fleurs de Bach sur plusieurs cas concrets<\/p>\n\n\n\n<p>Vous repartez avec votre flacon personnalis\u00e9.<\/p>\n\n\n\n<p>Le Dr Bach \u00e9tait anim\u00e9 par le d\u00e9sir de soigner autrement que par la m\u00e9decine traditionnelle, de trouver une m\u00e9decine capable de prendre en compte l\u2019individu dans sa globalit\u00e9, avec son histoire, ses attitudes, ses \u00e9motions et pas uniquement le sympt\u00f4me (\u00ab&nbsp;Il faut soigner le malade et non la maladie \u00bb&nbsp;disait-il.Il est mort en 1936 apr\u00e8s avoir \u00e9labor\u00e9 sa m\u00e9thode compos\u00e9e de 38 quintessences (39 avec le rem\u00e8de d\u2019urgence, nomm\u00e9 \u00ab Rescue \u00bb).<\/p>\n\n\n\n<p>Elles&nbsp;<strong>sont<\/strong>&nbsp;recommand\u00e9s pour soulager beaucoup de troubles \u00e9motionnels comme la peur, les angoisses, le sentiment de solitude, les chocs \u00e9motionnels. Les&nbsp;<strong>fleurs de Bach sont<\/strong>&nbsp;aussi indiqu\u00e9es pour lutter contre la fatigue, la lassitude, le manque d\u2019int\u00e9r\u00eat, les sautes d\u2019humeur\u2026<\/p>\n\n\n\n<p>Chaque fleur vise une \u00e9motion sp\u00e9cifique, une humeur, une personnalit\u00e9 et a le pouvoir de faire \u00e9voluer un \u00e9tat n\u00e9gatif pour le transformer en potentiel positif.<\/p>\n\n\n\n<p>Parce qu\u2019elles nous conduisent \u00e0 une ouverture de la conscience, la th\u00e9rapie des Fleurs de Bach repr\u00e9sente un formidable outil de pr\u00e9vention pour notre sant\u00e9 et une aide pr\u00e9cieuse de connaissance de soi sur notre cheminement int\u00e9rieur.<\/p>\n\n\n\n<p>Le but de cette initiation est de pouvoir d\u00e9terminer les Fleurs adapt\u00e9es \u00e0 vos besoins (ou \u00e0 ceux de vos proches).<\/p>\n\n\n\n<p>Aucun pr\u00e9requis, vous venez avec votre bonne humeur.<\/p>\n\n\n\n<p>Que ce soit pour votre usage familial ou dans l&rsquo;objectif d&rsquo;en faire une activit\u00e9 professionnelle.<\/p>\n\n\n\n<p>Lieu : Saint Germain les Corbeil (91) ou via Zoom<\/p>\n\n\n\n<p>Nombre de places : 2 participants minimum, 6 participants maximum<\/p>\n\n\n\n<p>Tarif: 97\u20ac la journ\u00e9e<\/p>\n","protected":false},"excerpt":{"rendered":"<p>Venez d\u00e9couvrir les Fleurs de Bach lors de cette initiation. Les fleurs de Bach sont des \u00e9lixirs floraux permettant d\u2019am\u00e9liorer les&nbsp;\u00e9motions&nbsp;et&nbsp;humeurs. Un tout petit peu de th\u00e9orie et beaucoup de pratique. Un support \u00e9crit de formation vous sera fourni ainsi qu&rsquo;un certificat de suivi de stage. Les bases des Fleurs de Bach :\u2022Qu&rsquo;est-ce que c&rsquo;est\u2022A&#8230;<\/p>\n","protected":false},"author":1,"featured_media":0,"parent":0,"menu_order":0,"comment_status":"closed","ping_status":"closed","template":"","meta":{"_kad_post_transparent":"","_kad_post_title":"","_kad_post_layout":"","_kad_post_sidebar_id":"","_kad_post_content_style":"","_kad_post_vertical_padding":"","_kad_post_feature":"","_kad_post_feature_position":"","_kad_post_header":false,"_kad_post_footer":false,"_kad_post_classname":"","footnotes":""},"class_list":["post-1224","page","type-page","status-publish","hentry"],"yoast_head":"<!-- This site is optimized with the Yoast SEO plugin v27.4 - https:\/\/yoast.com\/product\/yoast-seo-wordpress\/ -->\n<title>Initiation Fleurs de Bach -<\/title>\n<meta name=\"robots\" content=\"index, follow, max-snippet:-1, max-image-preview:large, max-video-preview:-1\" \/>\n<link rel=\"canonical\" href=\"https:\/\/naturopathie.sobattitude.fr\/index.php\/formation-fleurs-de-bach\/\" \/>\n<meta property=\"og:locale\" content=\"fr_FR\" \/>\n<meta property=\"og:type\" content=\"article\" \/>\n<meta property=\"og:title\" content=\"Initiation Fleurs de Bach -\" \/>\n<meta property=\"og:description\" content=\"Venez d\u00e9couvrir les Fleurs de Bach lors de cette initiation. Les fleurs de Bach sont des \u00e9lixirs floraux permettant d\u2019am\u00e9liorer les&nbsp;\u00e9motions&nbsp;et&nbsp;humeurs. Un tout petit peu de th\u00e9orie et beaucoup de pratique. Un support \u00e9crit de formation vous sera fourni ainsi qu&rsquo;un certificat de suivi de stage. Les bases des Fleurs de Bach :\u2022Qu&rsquo;est-ce que c&rsquo;est\u2022A...\" \/>\n<meta property=\"og:url\" content=\"https:\/\/naturopathie.sobattitude.fr\/index.php\/formation-fleurs-de-bach\/\" \/>\n<meta property=\"article:modified_time\" content=\"2025-03-17T15:32:20+00:00\" \/>\n<meta name=\"twitter:card\" content=\"summary_large_image\" \/>\n<meta name=\"twitter:label1\" content=\"Dur\u00e9e de lecture estim\u00e9e\" \/>\n\t<meta name=\"twitter:data1\" content=\"2 minutes\" \/>\n<script type=\"application\/ld+json\" class=\"yoast-schema-graph\">{\"@context\":\"https:\\\/\\\/schema.org\",\"@graph\":[{\"@type\":\"WebPage\",\"@id\":\"https:\\\/\\\/naturopathie.sobattitude.fr\\\/index.php\\\/formation-fleurs-de-bach\\\/\",\"url\":\"https:\\\/\\\/naturopathie.sobattitude.fr\\\/index.php\\\/formation-fleurs-de-bach\\\/\",\"name\":\"Initiation Fleurs de Bach -\",\"isPartOf\":{\"@id\":\"https:\\\/\\\/naturopathie.sobattitude.fr\\\/#website\"},\"datePublished\":\"2023-01-04T19:54:08+00:00\",\"dateModified\":\"2025-03-17T15:32:20+00:00\",\"breadcrumb\":{\"@id\":\"https:\\\/\\\/naturopathie.sobattitude.fr\\\/index.php\\\/formation-fleurs-de-bach\\\/#breadcrumb\"},\"inLanguage\":\"fr-FR\",\"potentialAction\":[{\"@type\":\"ReadAction\",\"target\":[\"https:\\\/\\\/naturopathie.sobattitude.fr\\\/index.php\\\/formation-fleurs-de-bach\\\/\"]}]},{\"@type\":\"BreadcrumbList\",\"@id\":\"https:\\\/\\\/naturopathie.sobattitude.fr\\\/index.php\\\/formation-fleurs-de-bach\\\/#breadcrumb\",\"itemListElement\":[{\"@type\":\"ListItem\",\"position\":1,\"name\":\"Accueil\",\"item\":\"https:\\\/\\\/naturopathie.sobattitude.fr\\\/\"},{\"@type\":\"ListItem\",\"position\":2,\"name\":\"Initiation Fleurs de Bach\"}]},{\"@type\":\"WebSite\",\"@id\":\"https:\\\/\\\/naturopathie.sobattitude.fr\\\/#website\",\"url\":\"https:\\\/\\\/naturopathie.sobattitude.fr\\\/\",\"name\":\"\",\"description\":\"\",\"potentialAction\":[{\"@type\":\"SearchAction\",\"target\":{\"@type\":\"EntryPoint\",\"urlTemplate\":\"https:\\\/\\\/naturopathie.sobattitude.fr\\\/?s={search_term_string}\"},\"query-input\":{\"@type\":\"PropertyValueSpecification\",\"valueRequired\":true,\"valueName\":\"search_term_string\"}}],\"inLanguage\":\"fr-FR\"}]}<\/script>\n<!-- \/ Yoast SEO plugin. -->","yoast_head_json":{"title":"Initiation Fleurs de Bach -","robots":{"index":"index","follow":"follow","max-snippet":"max-snippet:-1","max-image-preview":"max-image-preview:large","max-video-preview":"max-video-preview:-1"},"canonical":"https:\/\/naturopathie.sobattitude.fr\/index.php\/formation-fleurs-de-bach\/","og_locale":"fr_FR","og_type":"article","og_title":"Initiation Fleurs de Bach -","og_description":"Venez d\u00e9couvrir les Fleurs de Bach lors de cette initiation. Les fleurs de Bach sont des \u00e9lixirs floraux permettant d\u2019am\u00e9liorer les&nbsp;\u00e9motions&nbsp;et&nbsp;humeurs. Un tout petit peu de th\u00e9orie et beaucoup de pratique. Un support \u00e9crit de formation vous sera fourni ainsi qu&rsquo;un certificat de suivi de stage. Les bases des Fleurs de Bach :\u2022Qu&rsquo;est-ce que c&rsquo;est\u2022A...","og_url":"https:\/\/naturopathie.sobattitude.fr\/index.php\/formation-fleurs-de-bach\/","article_modified_time":"2025-03-17T15:32:20+00:00","twitter_card":"summary_large_image","twitter_misc":{"Dur\u00e9e de lecture estim\u00e9e":"2 minutes"},"schema":{"@context":"https:\/\/schema.org","@graph":[{"@type":"WebPage","@id":"https:\/\/naturopathie.sobattitude.fr\/index.php\/formation-fleurs-de-bach\/","url":"https:\/\/naturopathie.sobattitude.fr\/index.php\/formation-fleurs-de-bach\/","name":"Initiation Fleurs de Bach -","isPartOf":{"@id":"https:\/\/naturopathie.sobattitude.fr\/#website"},"datePublished":"2023-01-04T19:54:08+00:00","dateModified":"2025-03-17T15:32:20+00:00","breadcrumb":{"@id":"https:\/\/naturopathie.sobattitude.fr\/index.php\/formation-fleurs-de-bach\/#breadcrumb"},"inLanguage":"fr-FR","potentialAction":[{"@type":"ReadAction","target":["https:\/\/naturopathie.sobattitude.fr\/index.php\/formation-fleurs-de-bach\/"]}]},{"@type":"BreadcrumbList","@id":"https:\/\/naturopathie.sobattitude.fr\/index.php\/formation-fleurs-de-bach\/#breadcrumb","itemListElement":[{"@type":"ListItem","position":1,"name":"Accueil","item":"https:\/\/naturopathie.sobattitude.fr\/"},{"@type":"ListItem","position":2,"name":"Initiation Fleurs de Bach"}]},{"@type":"WebSite","@id":"https:\/\/naturopathie.sobattitude.fr\/#website","url":"https:\/\/naturopathie.sobattitude.fr\/","name":"","description":"","potentialAction":[{"@type":"SearchAction","target":{"@type":"EntryPoint","urlTemplate":"https:\/\/naturopathie.sobattitude.fr\/?s={search_term_string}"},"query-input":{"@type":"PropertyValueSpecification","valueRequired":true,"valueName":"search_term_string"}}],"inLanguage":"fr-FR"}]}},"_links":{"self":[{"href":"https:\/\/naturopathie.sobattitude.fr\/index.php\/wp-json\/wp\/v2\/pages\/1224","targetHints":{"allow":["GET"]}}],"collection":[{"href":"https:\/\/naturopathie.sobattitude.fr\/index.php\/wp-json\/wp\/v2\/pages"}],"about":[{"href":"https:\/\/naturopathie.sobattitude.fr\/index.php\/wp-json\/wp\/v2\/types\/page"}],"author":[{"embeddable":true,"href":"https:\/\/naturopathie.sobattitude.fr\/index.php\/wp-json\/wp\/v2\/users\/1"}],"replies":[{"embeddable":true,"href":"https:\/\/naturopathie.sobattitude.fr\/index.php\/wp-json\/wp\/v2\/comments?post=1224"}],"version-history":[{"count":8,"href":"https:\/\/naturopathie.sobattitude.fr\/index.php\/wp-json\/wp\/v2\/pages\/1224\/revisions"}],"predecessor-version":[{"id":2014,"href":"https:\/\/naturopathie.sobattitude.fr\/index.php\/wp-json\/wp\/v2\/pages\/1224\/revisions\/2014"}],"wp:attachment":[{"href":"https:\/\/naturopathie.sobattitude.fr\/index.php\/wp-json\/wp\/v2\/media?parent=1224"}],"curies":[{"name":"wp","href":"https:\/\/api.w.org\/{rel}","templated":true}]}}