{"id":1227,"date":"2023-01-04T20:56:38","date_gmt":"2023-01-04T19:56:38","guid":{"rendered":"http:\/\/naturopathie.sobattitude.fr\/?page_id=1227"},"modified":"2025-03-17T16:33:56","modified_gmt":"2025-03-17T15:33:56","slug":"formation-gemmotherapie","status":"publish","type":"page","link":"https:\/\/naturopathie.sobattitude.fr\/index.php\/formation-gemmotherapie\/","title":{"rendered":"Initiation Gemmoth\u00e9rapie"},"content":{"rendered":"\n<p>Venez d\u00e9couvrir les bienfaits des bourgeons de plantes (la gemmoth\u00e9rapie) lors de cette initiation.<\/p>\n\n\n\n<p>La&nbsp;<strong>gemmoth\u00e9rapie<\/strong>&nbsp;consiste \u00e0 utiliser les propri\u00e9t\u00e9s des tissus embryonnaires v\u00e9g\u00e9taux en croissance : les bourgeons et les jeunes pousses d\u2019arbres et d\u2019arbustes. On peut la d\u00e9finir comme un v\u00e9ritable moyen de nous transmettre toute l\u2019\u00e9nergie cellulaire globale et les substances vitales pour pr\u00e9server nos organismes et nous maintenir en bonne sant\u00e9.<\/p>\n\n\n\n<p>La gemmoth\u00e9rapie&nbsp;<strong>permet de soulager de nombreux maux<\/strong>. D&rsquo;une mani\u00e8re g\u00e9n\u00e9rale, elle permet de renforcer les d\u00e9fenses naturelles de l&rsquo;organisme et contribue au bien-\u00eatre global.<\/p>\n\n\n\n<p>Un tout petit peu de th\u00e9orie et beaucoup de pratique.<\/p>\n\n\n\n<p>Un support \u00e9crit de formation vous sera fourni.<\/p>\n\n\n\n<p>Les bases de la gemmoth\u00e9rapie :<br>\u2022Qu&rsquo;est-ce que c&rsquo;est<br>\u2022A quoi \u00e7a sert<br>\u2022Comment choisir ses plantes<\/p>\n\n\n\n<p>Vous allez exp\u00e9rimenter l\u2019utilisation de la gemmoth\u00e9rapie sur plusieurs cas concrets (y compris le v\u00f4tre si vous le d\u00e9sirez).<\/p>\n\n\n\n<p>Aucun pr\u00e9requis, vous venez avec votre bonne humeur.<\/p>\n\n\n\n<p>Lieu : Saint Germain les Corbeil (91) ou via Zoom<\/p>\n\n\n\n<p>Nombre de places : 2 participants minimum, 6 participants maximum<\/p>\n\n\n\n<h2 class=\"wp-block-heading\">La richesse des bourgeons<\/h2>\n\n\n\n<p>Le&nbsp;<strong>bourgeon<\/strong>, constitu\u00e9 de tissus embryonnaires, contient toute l\u2019<strong>\u00e9nergie vitale<\/strong>&nbsp;concentr\u00e9e et les principes actifs n\u00e9cessaires au d\u00e9veloppement de l&rsquo;arbre en devenir. A lui seul le bourgeon renferme les propri\u00e9t\u00e9s des fleurs, des fruits et des feuilles, ce qui explique la&nbsp;<strong>grande efficacit\u00e9 d\u2019action<\/strong>&nbsp;des extraits de bourgeons. Le bourgeon est en quelque sorte le&nbsp;<strong>\u00abtotum\u00bb concentr\u00e9 de la plante<\/strong>. A l\u2019int\u00e9rieur du bourgeon, on distingue des feuilles miniatures, des tiges, ainsi que des \u00e9bauches de fleurs.<\/p>\n\n\n\n<p>Les tissus embryonnaires qui composent le bourgeon contiennent tout le&nbsp;<strong>patrimoine g\u00e9n\u00e9tique<\/strong>&nbsp;de la future plante. Ces tissus v\u00e9g\u00e9taux sont riches en acides nucl\u00e9iques, acides amin\u00e9s, phyto-hormones, vitamines, oligo-\u00e9l\u00e9ments, min\u00e9raux et s\u00e8ve. De nombreux autres principes actifs contenus dans le bourgeon ne seront plus n\u00e9cessairement pr\u00e9sents dans la plante adulte ou alors en moindre quantit\u00e9.<\/p>\n\n\n\n<p>La\u00a0<strong>gemmoth\u00e9rapie<\/strong>\u00a0est une solution naturelle, innovante et abordable pour tous les \u00e2ges.\u00a0\u00a0On peut la conseiller aux enfants, aux b\u00e9b\u00e9s et m\u00eame aux personnes \u00e2g\u00e9es.<\/p>\n\n\n\n<p>Tarif: 97\u20ac la journ\u00e9e<\/p>\n","protected":false},"excerpt":{"rendered":"<p>Venez d\u00e9couvrir les bienfaits des bourgeons de plantes (la gemmoth\u00e9rapie) lors de cette initiation. La&nbsp;gemmoth\u00e9rapie&nbsp;consiste \u00e0 utiliser les propri\u00e9t\u00e9s des tissus embryonnaires v\u00e9g\u00e9taux en croissance : les bourgeons et les jeunes pousses d\u2019arbres et d\u2019arbustes. On peut la d\u00e9finir comme un v\u00e9ritable moyen de nous transmettre toute l\u2019\u00e9nergie cellulaire globale et les substances vitales pour&#8230;<\/p>\n","protected":false},"author":1,"featured_media":0,"parent":0,"menu_order":0,"comment_status":"closed","ping_status":"closed","template":"","meta":{"_kad_post_transparent":"","_kad_post_title":"","_kad_post_layout":"","_kad_post_sidebar_id":"","_kad_post_content_style":"","_kad_post_vertical_padding":"","_kad_post_feature":"","_kad_post_feature_position":"","_kad_post_header":false,"_kad_post_footer":false,"_kad_post_classname":"","footnotes":""},"class_list":["post-1227","page","type-page","status-publish","hentry"],"yoast_head":"<!-- This site is optimized with the Yoast SEO plugin v27.4 - https:\/\/yoast.com\/product\/yoast-seo-wordpress\/ -->\n<title>Initiation Gemmoth\u00e9rapie -<\/title>\n<meta name=\"robots\" content=\"index, follow, max-snippet:-1, max-image-preview:large, max-video-preview:-1\" \/>\n<link rel=\"canonical\" href=\"https:\/\/naturopathie.sobattitude.fr\/index.php\/formation-gemmotherapie\/\" \/>\n<meta property=\"og:locale\" content=\"fr_FR\" \/>\n<meta property=\"og:type\" content=\"article\" \/>\n<meta property=\"og:title\" content=\"Initiation Gemmoth\u00e9rapie -\" \/>\n<meta property=\"og:description\" content=\"Venez d\u00e9couvrir les bienfaits des bourgeons de plantes (la gemmoth\u00e9rapie) lors de cette initiation. La&nbsp;gemmoth\u00e9rapie&nbsp;consiste \u00e0 utiliser les propri\u00e9t\u00e9s des tissus embryonnaires v\u00e9g\u00e9taux en croissance : les bourgeons et les jeunes pousses d\u2019arbres et d\u2019arbustes. On peut la d\u00e9finir comme un v\u00e9ritable moyen de nous transmettre toute l\u2019\u00e9nergie cellulaire globale et les substances vitales pour...\" \/>\n<meta property=\"og:url\" content=\"https:\/\/naturopathie.sobattitude.fr\/index.php\/formation-gemmotherapie\/\" \/>\n<meta property=\"article:modified_time\" content=\"2025-03-17T15:33:56+00:00\" \/>\n<meta name=\"twitter:card\" content=\"summary_large_image\" \/>\n<meta name=\"twitter:label1\" content=\"Dur\u00e9e de lecture estim\u00e9e\" \/>\n\t<meta name=\"twitter:data1\" content=\"2 minutes\" \/>\n<script type=\"application\/ld+json\" class=\"yoast-schema-graph\">{\"@context\":\"https:\\\/\\\/schema.org\",\"@graph\":[{\"@type\":\"WebPage\",\"@id\":\"https:\\\/\\\/naturopathie.sobattitude.fr\\\/index.php\\\/formation-gemmotherapie\\\/\",\"url\":\"https:\\\/\\\/naturopathie.sobattitude.fr\\\/index.php\\\/formation-gemmotherapie\\\/\",\"name\":\"Initiation Gemmoth\u00e9rapie -\",\"isPartOf\":{\"@id\":\"https:\\\/\\\/naturopathie.sobattitude.fr\\\/#website\"},\"datePublished\":\"2023-01-04T19:56:38+00:00\",\"dateModified\":\"2025-03-17T15:33:56+00:00\",\"breadcrumb\":{\"@id\":\"https:\\\/\\\/naturopathie.sobattitude.fr\\\/index.php\\\/formation-gemmotherapie\\\/#breadcrumb\"},\"inLanguage\":\"fr-FR\",\"potentialAction\":[{\"@type\":\"ReadAction\",\"target\":[\"https:\\\/\\\/naturopathie.sobattitude.fr\\\/index.php\\\/formation-gemmotherapie\\\/\"]}]},{\"@type\":\"BreadcrumbList\",\"@id\":\"https:\\\/\\\/naturopathie.sobattitude.fr\\\/index.php\\\/formation-gemmotherapie\\\/#breadcrumb\",\"itemListElement\":[{\"@type\":\"ListItem\",\"position\":1,\"name\":\"Accueil\",\"item\":\"https:\\\/\\\/naturopathie.sobattitude.fr\\\/\"},{\"@type\":\"ListItem\",\"position\":2,\"name\":\"Initiation Gemmoth\u00e9rapie\"}]},{\"@type\":\"WebSite\",\"@id\":\"https:\\\/\\\/naturopathie.sobattitude.fr\\\/#website\",\"url\":\"https:\\\/\\\/naturopathie.sobattitude.fr\\\/\",\"name\":\"\",\"description\":\"\",\"potentialAction\":[{\"@type\":\"SearchAction\",\"target\":{\"@type\":\"EntryPoint\",\"urlTemplate\":\"https:\\\/\\\/naturopathie.sobattitude.fr\\\/?s={search_term_string}\"},\"query-input\":{\"@type\":\"PropertyValueSpecification\",\"valueRequired\":true,\"valueName\":\"search_term_string\"}}],\"inLanguage\":\"fr-FR\"}]}<\/script>\n<!-- \/ Yoast SEO plugin. -->","yoast_head_json":{"title":"Initiation Gemmoth\u00e9rapie -","robots":{"index":"index","follow":"follow","max-snippet":"max-snippet:-1","max-image-preview":"max-image-preview:large","max-video-preview":"max-video-preview:-1"},"canonical":"https:\/\/naturopathie.sobattitude.fr\/index.php\/formation-gemmotherapie\/","og_locale":"fr_FR","og_type":"article","og_title":"Initiation Gemmoth\u00e9rapie -","og_description":"Venez d\u00e9couvrir les bienfaits des bourgeons de plantes (la gemmoth\u00e9rapie) lors de cette initiation. La&nbsp;gemmoth\u00e9rapie&nbsp;consiste \u00e0 utiliser les propri\u00e9t\u00e9s des tissus embryonnaires v\u00e9g\u00e9taux en croissance : les bourgeons et les jeunes pousses d\u2019arbres et d\u2019arbustes. On peut la d\u00e9finir comme un v\u00e9ritable moyen de nous transmettre toute l\u2019\u00e9nergie cellulaire globale et les substances vitales pour...","og_url":"https:\/\/naturopathie.sobattitude.fr\/index.php\/formation-gemmotherapie\/","article_modified_time":"2025-03-17T15:33:56+00:00","twitter_card":"summary_large_image","twitter_misc":{"Dur\u00e9e de lecture estim\u00e9e":"2 minutes"},"schema":{"@context":"https:\/\/schema.org","@graph":[{"@type":"WebPage","@id":"https:\/\/naturopathie.sobattitude.fr\/index.php\/formation-gemmotherapie\/","url":"https:\/\/naturopathie.sobattitude.fr\/index.php\/formation-gemmotherapie\/","name":"Initiation Gemmoth\u00e9rapie -","isPartOf":{"@id":"https:\/\/naturopathie.sobattitude.fr\/#website"},"datePublished":"2023-01-04T19:56:38+00:00","dateModified":"2025-03-17T15:33:56+00:00","breadcrumb":{"@id":"https:\/\/naturopathie.sobattitude.fr\/index.php\/formation-gemmotherapie\/#breadcrumb"},"inLanguage":"fr-FR","potentialAction":[{"@type":"ReadAction","target":["https:\/\/naturopathie.sobattitude.fr\/index.php\/formation-gemmotherapie\/"]}]},{"@type":"BreadcrumbList","@id":"https:\/\/naturopathie.sobattitude.fr\/index.php\/formation-gemmotherapie\/#breadcrumb","itemListElement":[{"@type":"ListItem","position":1,"name":"Accueil","item":"https:\/\/naturopathie.sobattitude.fr\/"},{"@type":"ListItem","position":2,"name":"Initiation Gemmoth\u00e9rapie"}]},{"@type":"WebSite","@id":"https:\/\/naturopathie.sobattitude.fr\/#website","url":"https:\/\/naturopathie.sobattitude.fr\/","name":"","description":"","potentialAction":[{"@type":"SearchAction","target":{"@type":"EntryPoint","urlTemplate":"https:\/\/naturopathie.sobattitude.fr\/?s={search_term_string}"},"query-input":{"@type":"PropertyValueSpecification","valueRequired":true,"valueName":"search_term_string"}}],"inLanguage":"fr-FR"}]}},"_links":{"self":[{"href":"https:\/\/naturopathie.sobattitude.fr\/index.php\/wp-json\/wp\/v2\/pages\/1227","targetHints":{"allow":["GET"]}}],"collection":[{"href":"https:\/\/naturopathie.sobattitude.fr\/index.php\/wp-json\/wp\/v2\/pages"}],"about":[{"href":"https:\/\/naturopathie.sobattitude.fr\/index.php\/wp-json\/wp\/v2\/types\/page"}],"author":[{"embeddable":true,"href":"https:\/\/naturopathie.sobattitude.fr\/index.php\/wp-json\/wp\/v2\/users\/1"}],"replies":[{"embeddable":true,"href":"https:\/\/naturopathie.sobattitude.fr\/index.php\/wp-json\/wp\/v2\/comments?post=1227"}],"version-history":[{"count":7,"href":"https:\/\/naturopathie.sobattitude.fr\/index.php\/wp-json\/wp\/v2\/pages\/1227\/revisions"}],"predecessor-version":[{"id":2016,"href":"https:\/\/naturopathie.sobattitude.fr\/index.php\/wp-json\/wp\/v2\/pages\/1227\/revisions\/2016"}],"wp:attachment":[{"href":"https:\/\/naturopathie.sobattitude.fr\/index.php\/wp-json\/wp\/v2\/media?parent=1227"}],"curies":[{"name":"wp","href":"https:\/\/api.w.org\/{rel}","templated":true}]}}