{"id":1566,"date":"2024-06-04T18:00:20","date_gmt":"2024-06-04T16:00:20","guid":{"rendered":"http:\/\/naturopathie.sobattitude.fr\/?page_id=1566"},"modified":"2025-04-23T23:49:49","modified_gmt":"2025-04-23T21:49:49","slug":"crise-de-guerison","status":"publish","type":"page","link":"https:\/\/naturopathie.sobattitude.fr\/index.php\/crise-de-guerison\/","title":{"rendered":"Crise de gu\u00e9rison"},"content":{"rendered":"\n<p>Ce <strong>ph\u00e9nom\u00e8ne d\u2019int\u00e9gration<\/strong> peut survenir apr\u00e8s une s\u00e9ance de soin \u00e9nerg\u00e9tique, d\u2019hypnose ou autre th\u00e9rapie. C\u2019est une <strong>aggravation transitoire des r\u00e9actions, sympt\u00f4mes<\/strong> v\u00e9cus par le consultant qui peut survenir de <strong>quelques jours \u00e0 quelques semaines apr\u00e8s une s\u00e9ance.<\/strong><\/p>\n\n\n\n<p>D\u2019o\u00f9 l\u2019importance de laisser <strong>au moins 3 semaines<\/strong> entre chaque s\u00e9ance, le temps que les changements s\u2019op\u00e8rent, prennent leur place car c&rsquo;est un vrai <strong>nettoyage de printemps dans le corps.<\/strong><\/p>\n\n\n\n<p><strong>L\u2019intensit\u00e9 varie en fonction de l\u2019histoire de chacun <\/strong>et si la personne est pr\u00eate \u00e0 l\u2019\u00e9vacuer. Une personne fortement<\/p>\n\n\n\n<p>\u00ab <strong>intoxiqu\u00e9e<\/strong> \u00bb \u00e9motionnellement, de mani\u00e8re traumatique sera plus <strong>fortement<\/strong> <strong>impact\u00e9e<\/strong>.<\/p>\n\n\n\n<p>C\u2019est une <strong>r\u00e9action naturelle<\/strong> du corps et le signe qu\u2019un <strong>gros nettoyage, purificatio<\/strong>n est en cours.<\/p>\n\n\n\n<p><strong>La plus grosse crise de gu\u00e9rison<\/strong> peut apparaitre lors de la premi\u00e8re s\u00e9ance de travail sur soi, il peut y en avoir d\u2019autres par la suite qui seront moins intenses. C\u2019est le signe que <strong>le soin, la s\u00e9ance a bien fonctionn\u00e9.<\/strong><\/p>\n\n\n\n<p>Plus on va \u00e9plucher les <strong>couches de l\u2019oignon<\/strong>, plus les r\u00e9actions seront minimes.<\/p>\n\n\n\n<p><strong>Ce processus d\u2019int\u00e9gration<\/strong> est en quelque sorte la p\u00e9riode o\u00f9 le <strong>corps-esprit-\u00e2me s\u2019ajustent, s\u2019alignent.<\/strong><\/p>\n\n\n\n<p><strong>Les fondations instables s\u2019effondrent<\/strong> pour lib\u00e9rer ce qui est <strong>toxique<\/strong> pour la personne afin de <strong>reconstruire<\/strong> de nouvelles bases solides.<\/p>\n\n\n\n<p>Ce moment de <strong>flottement dans le vide<\/strong> est tr\u00e8s <strong>d\u00e9concertant<\/strong>, c\u2019est pour cela que l<strong>e suivi du th\u00e9rapeute est n\u00e9cessaire<\/strong> afin de rassurer la personne sur la normalit\u00e9, lib\u00e9ration qu\u2019elle est en train d\u2019exp\u00e9rimenter.<\/p>\n\n\n\n<p>Cette phase du processus de changement peut \u00eatre <strong>douloureuse et difficile \u00e0 vivre<\/strong> pour une personne qui ne s\u2019y attend pas. Cependant c&rsquo;est un passage <strong>obligatoire<\/strong> pour atteindre le <strong>pic de son changement<\/strong><\/p>\n\n\n\n<p>Les maitres mots sont <strong>l&rsquo;acceptation, l\u00e2cher prise et confiance<\/strong> dans le processus.<\/p>\n\n\n\n<p><strong>Notre \u00e2me ne nous fait pas vivre quelque chose que nous ne sommes pas en mesure de surmonter.<\/strong><\/p>\n\n\n\n<p>Elle va faire remonter <strong>des blessures anciennes, des \u00e9motions n\u00e9gatives, des situations r\u00e9p\u00e9titives, des douleurs physiques &amp; traumatiques, des m\u00e9moires transg\u00e9n\u00e9rationnelles<\/strong>, dans le but d&rsquo;attirer l&rsquo;attention du consultant sur le fait qu&rsquo;il est temps de<strong> l\u00e2cher ces choses qui l\u2019ont rendu malade.<\/strong><\/p>\n\n\n\n<p><strong>C\u2019est aussi pour cela que dans la th\u00e9rapie, nous mettons sur l\u2019accent sur le fait qu\u2019en une s\u00e9ance tout ne va pas se lib\u00e9rer, que ce n\u2019est pas de la magie, vu que c\u2019est le corps-esprit de la personne qui va lib\u00e9rer tout ce qui est juste de lib\u00e9rer sur le moment.<\/strong><\/p>\n\n\n\n<p>Apr\u00e8s une s\u00e9ance, le consultant est vraiment <strong>bouscul\u00e9<\/strong>, il n\u2019est pas rare qu\u2019il vive <strong>une grande prise de conscience. <\/strong>Comme dit plus haut, cela peut ramener de vieux probl\u00e8mes afin d\u2019<strong>inspirer la personne \u00e0 changer de vie, prendre de nouvelles d\u00e9cision<\/strong> afin d\u2019en finir avec ses vielles habitudes.<\/p>\n\n\n\n<p>Vu que cette crise am\u00e8ne \u00e0 <strong>voir les choses diff\u00e9remment<\/strong>, \u00e0 <strong>vibrer une autre \u00e9nergie<\/strong>, il n&rsquo;est pas rare de voir des <strong>personnes toxiques sortir de sa vie.<\/strong><\/p>\n\n\n\n<p><strong>On attire ce que l\u2019on vibre, donc si on vibre une belle fr\u00e9quence forc\u00e9ment cela ne va pas correspondre \u00e0 des personnes qui vibrent bas, n\u00e9gativement<\/strong>, et il se peut qu\u2019elles s\u2019en aillent naturellement tant l\u2019\u00e9nergie ne leur convient pas (trop forte pour eux)<\/p>\n\n\n\n<p>Ces changements peuvent \u00eatre <strong>physiques, \u00e9motionnels ou \u00e9nerg\u00e9tiques<\/strong> et peuvent varier en intensit\u00e9 selon ce que la personne est <strong>pr\u00eate \u00e0 l\u00e2cher<\/strong> et le <strong>type de s\u00e9ance qu\u2019il a re\u00e7u.<\/strong><\/p>\n\n\n\n<p><strong>Fatigue intense, Sommeil perturb\u00e9<\/strong><\/p>\n\n\n\n<p><strong>Envie fr\u00e9quente d\u2019uriner, vomir, diarrh\u00e9e<\/strong><\/p>\n\n\n\n<p><strong>Sentiments de tristesse, de doutes, de peur, d\u00e9pression<\/strong><\/p>\n\n\n\n<p><strong>Maux de gorge (pour ceux qui ont longtemps refoul\u00e9 leurs \u00e9motions)<\/strong><\/p>\n\n\n\n<p><strong>Douleurs articulaires (ex les genoux qui sont li\u00e9 \u00e0 la relations avec les autres)<\/strong><\/p>\n\n\n\n<p><strong>Digestion difficile<\/strong><\/p>\n\n\n\n<p><strong>Fi\u00e8vre, sensation chaud froid<\/strong><\/p>\n\n\n\n<p><strong>Probl\u00e8mes aux yeux<\/strong> (ex conjonctivite : invite \u00e0 voir, accepter des choses que l\u2019on ne voulait pas voir auparavant)<\/p>\n\n\n\n<p><strong>\u00c9ruptions cutan\u00e9es, sueurs, odeur corporelle forte<\/strong><\/p>\n\n\n\n<p><strong>Sympt\u00f4mes grippaux pour mieux lib\u00e9rer les bronches, sinus<\/strong> (durant la crise le syst\u00e8me immunitaire diminue)<\/p>\n\n\n\n<p>La crise de gu\u00e9rison peut donner <strong>l\u2019impression au consultant que le travail a \u00e9t\u00e9 mal fait <\/strong>par le th\u00e9rapeute\/coach or <strong>c\u2019est tout le contraire<\/strong>, amener \u00e0 une <strong>telle lib\u00e9ration <\/strong>est quelque chose <strong>d&rsquo;extr\u00eamement positif.<\/strong><\/p>\n\n\n\n<p>Il est n\u00e9cessaire de voir la chose comme une <strong>phase d&rsquo;adaptation<\/strong> pendant laquelle le corps et l&rsquo;esprit s&rsquo;ajustent aux <strong>nouveaux changements, aux souhaits<\/strong> du consultant. Se dire aussi que <strong>c\u2019est juste temporaire <\/strong>et que <strong>cela va passer. Personne n\u2019a dit que le changement \u00e9tait confortable, facile, au contraire \u2026<\/strong><\/p>\n\n\n\n<p><strong>La gu\u00e9rison est \u00e0 la hauteur de la souffrance pass\u00e9e.<\/strong><\/p>\n\n\n\n<p><strong>Comment se faciliter la crise ?<\/strong><\/p>\n\n\n\n<p>Boire de l\u2019eau, tisane afin de drainer et faciliter la lib\u00e9ration des toxines, \u00e9nergies \u00e9motions, stagnantes<\/p>\n\n\n\n<p>M\u00e9diter, prendre du temps pour soi au calme afin d\u2019accueillir tous ces changements, prise de conscience<\/p>\n\n\n\n<p>Se f\u00e9liciter de cette exp\u00e9rience transformatrice, difficile \u00e0 vivre sur le moment mais b\u00e9n\u00e9fique sur le long terme<\/p>\n\n\n\n<p>S\u2019entourer de personnes positives, afin d\u2019\u00eatre accompagn\u00e9e et non jug\u00e9es.<\/p>\n\n\n\n<p>L\u00e2cher prise, si vous \u00eates fatigu\u00e9(e) , reposez vous, \u00e9coutez votre corps il sait tout.<\/p>\n","protected":false},"excerpt":{"rendered":"<p>Ce ph\u00e9nom\u00e8ne d\u2019int\u00e9gration peut survenir apr\u00e8s une s\u00e9ance de soin \u00e9nerg\u00e9tique, d\u2019hypnose ou autre th\u00e9rapie. C\u2019est une aggravation transitoire des r\u00e9actions, sympt\u00f4mes v\u00e9cus par le consultant qui peut survenir de quelques jours \u00e0 quelques semaines apr\u00e8s une s\u00e9ance. D\u2019o\u00f9 l\u2019importance de laisser au moins 3 semaines entre chaque s\u00e9ance, le temps que les changements s\u2019op\u00e8rent,&#8230;<\/p>\n","protected":false},"author":1,"featured_media":0,"parent":0,"menu_order":0,"comment_status":"closed","ping_status":"closed","template":"","meta":{"_kad_post_transparent":"","_kad_post_title":"","_kad_post_layout":"","_kad_post_sidebar_id":"","_kad_post_content_style":"","_kad_post_vertical_padding":"","_kad_post_feature":"","_kad_post_feature_position":"","_kad_post_header":false,"_kad_post_footer":false,"_kad_post_classname":"","footnotes":""},"class_list":["post-1566","page","type-page","status-publish","hentry"],"yoast_head":"<!-- This site is optimized with the Yoast SEO plugin v27.5 - https:\/\/yoast.com\/product\/yoast-seo-wordpress\/ -->\n<title>Crise de gu\u00e9rison -<\/title>\n<meta name=\"robots\" content=\"index, follow, max-snippet:-1, max-image-preview:large, max-video-preview:-1\" \/>\n<link rel=\"canonical\" href=\"https:\/\/naturopathie.sobattitude.fr\/index.php\/crise-de-guerison\/\" \/>\n<meta property=\"og:locale\" content=\"fr_FR\" \/>\n<meta property=\"og:type\" content=\"article\" \/>\n<meta property=\"og:title\" content=\"Crise de gu\u00e9rison -\" \/>\n<meta property=\"og:description\" content=\"Ce ph\u00e9nom\u00e8ne d\u2019int\u00e9gration peut survenir apr\u00e8s une s\u00e9ance de soin \u00e9nerg\u00e9tique, d\u2019hypnose ou autre th\u00e9rapie. C\u2019est une aggravation transitoire des r\u00e9actions, sympt\u00f4mes v\u00e9cus par le consultant qui peut survenir de quelques jours \u00e0 quelques semaines apr\u00e8s une s\u00e9ance. D\u2019o\u00f9 l\u2019importance de laisser au moins 3 semaines entre chaque s\u00e9ance, le temps que les changements s\u2019op\u00e8rent,...\" \/>\n<meta property=\"og:url\" content=\"https:\/\/naturopathie.sobattitude.fr\/index.php\/crise-de-guerison\/\" \/>\n<meta property=\"article:modified_time\" content=\"2025-04-23T21:49:49+00:00\" \/>\n<meta name=\"twitter:card\" content=\"summary_large_image\" \/>\n<meta name=\"twitter:label1\" content=\"Dur\u00e9e de lecture estim\u00e9e\" \/>\n\t<meta name=\"twitter:data1\" content=\"5 minutes\" \/>\n<script type=\"application\/ld+json\" class=\"yoast-schema-graph\">{\"@context\":\"https:\\\/\\\/schema.org\",\"@graph\":[{\"@type\":\"WebPage\",\"@id\":\"https:\\\/\\\/naturopathie.sobattitude.fr\\\/index.php\\\/crise-de-guerison\\\/\",\"url\":\"https:\\\/\\\/naturopathie.sobattitude.fr\\\/index.php\\\/crise-de-guerison\\\/\",\"name\":\"Crise de gu\u00e9rison -\",\"isPartOf\":{\"@id\":\"https:\\\/\\\/naturopathie.sobattitude.fr\\\/#website\"},\"datePublished\":\"2024-06-04T16:00:20+00:00\",\"dateModified\":\"2025-04-23T21:49:49+00:00\",\"breadcrumb\":{\"@id\":\"https:\\\/\\\/naturopathie.sobattitude.fr\\\/index.php\\\/crise-de-guerison\\\/#breadcrumb\"},\"inLanguage\":\"fr-FR\",\"potentialAction\":[{\"@type\":\"ReadAction\",\"target\":[\"https:\\\/\\\/naturopathie.sobattitude.fr\\\/index.php\\\/crise-de-guerison\\\/\"]}]},{\"@type\":\"BreadcrumbList\",\"@id\":\"https:\\\/\\\/naturopathie.sobattitude.fr\\\/index.php\\\/crise-de-guerison\\\/#breadcrumb\",\"itemListElement\":[{\"@type\":\"ListItem\",\"position\":1,\"name\":\"Accueil\",\"item\":\"https:\\\/\\\/naturopathie.sobattitude.fr\\\/\"},{\"@type\":\"ListItem\",\"position\":2,\"name\":\"Crise de gu\u00e9rison\"}]},{\"@type\":\"WebSite\",\"@id\":\"https:\\\/\\\/naturopathie.sobattitude.fr\\\/#website\",\"url\":\"https:\\\/\\\/naturopathie.sobattitude.fr\\\/\",\"name\":\"\",\"description\":\"\",\"potentialAction\":[{\"@type\":\"SearchAction\",\"target\":{\"@type\":\"EntryPoint\",\"urlTemplate\":\"https:\\\/\\\/naturopathie.sobattitude.fr\\\/?s={search_term_string}\"},\"query-input\":{\"@type\":\"PropertyValueSpecification\",\"valueRequired\":true,\"valueName\":\"search_term_string\"}}],\"inLanguage\":\"fr-FR\"}]}<\/script>\n<!-- \/ Yoast SEO plugin. -->","yoast_head_json":{"title":"Crise de gu\u00e9rison -","robots":{"index":"index","follow":"follow","max-snippet":"max-snippet:-1","max-image-preview":"max-image-preview:large","max-video-preview":"max-video-preview:-1"},"canonical":"https:\/\/naturopathie.sobattitude.fr\/index.php\/crise-de-guerison\/","og_locale":"fr_FR","og_type":"article","og_title":"Crise de gu\u00e9rison -","og_description":"Ce ph\u00e9nom\u00e8ne d\u2019int\u00e9gration peut survenir apr\u00e8s une s\u00e9ance de soin \u00e9nerg\u00e9tique, d\u2019hypnose ou autre th\u00e9rapie. C\u2019est une aggravation transitoire des r\u00e9actions, sympt\u00f4mes v\u00e9cus par le consultant qui peut survenir de quelques jours \u00e0 quelques semaines apr\u00e8s une s\u00e9ance. D\u2019o\u00f9 l\u2019importance de laisser au moins 3 semaines entre chaque s\u00e9ance, le temps que les changements s\u2019op\u00e8rent,...","og_url":"https:\/\/naturopathie.sobattitude.fr\/index.php\/crise-de-guerison\/","article_modified_time":"2025-04-23T21:49:49+00:00","twitter_card":"summary_large_image","twitter_misc":{"Dur\u00e9e de lecture estim\u00e9e":"5 minutes"},"schema":{"@context":"https:\/\/schema.org","@graph":[{"@type":"WebPage","@id":"https:\/\/naturopathie.sobattitude.fr\/index.php\/crise-de-guerison\/","url":"https:\/\/naturopathie.sobattitude.fr\/index.php\/crise-de-guerison\/","name":"Crise de gu\u00e9rison -","isPartOf":{"@id":"https:\/\/naturopathie.sobattitude.fr\/#website"},"datePublished":"2024-06-04T16:00:20+00:00","dateModified":"2025-04-23T21:49:49+00:00","breadcrumb":{"@id":"https:\/\/naturopathie.sobattitude.fr\/index.php\/crise-de-guerison\/#breadcrumb"},"inLanguage":"fr-FR","potentialAction":[{"@type":"ReadAction","target":["https:\/\/naturopathie.sobattitude.fr\/index.php\/crise-de-guerison\/"]}]},{"@type":"BreadcrumbList","@id":"https:\/\/naturopathie.sobattitude.fr\/index.php\/crise-de-guerison\/#breadcrumb","itemListElement":[{"@type":"ListItem","position":1,"name":"Accueil","item":"https:\/\/naturopathie.sobattitude.fr\/"},{"@type":"ListItem","position":2,"name":"Crise de gu\u00e9rison"}]},{"@type":"WebSite","@id":"https:\/\/naturopathie.sobattitude.fr\/#website","url":"https:\/\/naturopathie.sobattitude.fr\/","name":"","description":"","potentialAction":[{"@type":"SearchAction","target":{"@type":"EntryPoint","urlTemplate":"https:\/\/naturopathie.sobattitude.fr\/?s={search_term_string}"},"query-input":{"@type":"PropertyValueSpecification","valueRequired":true,"valueName":"search_term_string"}}],"inLanguage":"fr-FR"}]}},"_links":{"self":[{"href":"https:\/\/naturopathie.sobattitude.fr\/index.php\/wp-json\/wp\/v2\/pages\/1566","targetHints":{"allow":["GET"]}}],"collection":[{"href":"https:\/\/naturopathie.sobattitude.fr\/index.php\/wp-json\/wp\/v2\/pages"}],"about":[{"href":"https:\/\/naturopathie.sobattitude.fr\/index.php\/wp-json\/wp\/v2\/types\/page"}],"author":[{"embeddable":true,"href":"https:\/\/naturopathie.sobattitude.fr\/index.php\/wp-json\/wp\/v2\/users\/1"}],"replies":[{"embeddable":true,"href":"https:\/\/naturopathie.sobattitude.fr\/index.php\/wp-json\/wp\/v2\/comments?post=1566"}],"version-history":[{"count":2,"href":"https:\/\/naturopathie.sobattitude.fr\/index.php\/wp-json\/wp\/v2\/pages\/1566\/revisions"}],"predecessor-version":[{"id":2228,"href":"https:\/\/naturopathie.sobattitude.fr\/index.php\/wp-json\/wp\/v2\/pages\/1566\/revisions\/2228"}],"wp:attachment":[{"href":"https:\/\/naturopathie.sobattitude.fr\/index.php\/wp-json\/wp\/v2\/media?parent=1566"}],"curies":[{"name":"wp","href":"https:\/\/api.w.org\/{rel}","templated":true}]}}