{"id":1580,"date":"2024-06-04T17:54:32","date_gmt":"2024-06-04T15:54:32","guid":{"rendered":"http:\/\/naturopathie.sobattitude.fr\/?page_id=1580"},"modified":"2026-04-13T11:55:43","modified_gmt":"2026-04-13T09:55:43","slug":"bioresonance-chiens-chats","status":"publish","type":"page","link":"https:\/\/naturopathie.sobattitude.fr\/index.php\/bioresonance-chiens-chats\/","title":{"rendered":"Soins \u00e9nerg\u00e9tiques &#038; Bior\u00e9sonance Chiens\/Chats, NAC&#8230;"},"content":{"rendered":"\n\n\n<figure class=\"wp-block-image size-large is-resized\"><img loading=\"lazy\" decoding=\"async\" src=\"http:\/\/naturopathie.sobattitude.fr\/wp-content\/uploads\/2024\/06\/dog-6961236_1280-1024x682.jpg\" alt=\"\" class=\"wp-image-1583\" width=\"137\" height=\"91\" srcset=\"https:\/\/naturopathie.sobattitude.fr\/wp-content\/uploads\/2024\/06\/dog-6961236_1280-1024x682.jpg 1024w, https:\/\/naturopathie.sobattitude.fr\/wp-content\/uploads\/2024\/06\/dog-6961236_1280-300x200.jpg 300w, https:\/\/naturopathie.sobattitude.fr\/wp-content\/uploads\/2024\/06\/dog-6961236_1280-768x512.jpg 768w, https:\/\/naturopathie.sobattitude.fr\/wp-content\/uploads\/2024\/06\/dog-6961236_1280-350x233.jpg 350w, https:\/\/naturopathie.sobattitude.fr\/wp-content\/uploads\/2024\/06\/dog-6961236_1280.jpg 1280w\" sizes=\"auto, (max-width: 137px) 100vw, 137px\" \/><\/figure>\n\n\n\n<h3 class=\"wp-block-heading\">Pour accompagner votre animal dans une approche naturelle et douce, afin qu\u2019il retrouve son \u00e9quilibre physique et \u00e9motionnel.<\/h3>\n\n\n\n<p>Bior\u00e9sonance &amp; Soins \u00e9nerg\u00e9tiques pour aider \u00e0 soutenir tous les syst\u00e8mes de l&rsquo;organisme de votre animal: <strong>digestif, uro-g\u00e9nital, cardiaque, respiratoire, immunitaire, endocrinien, nerveux, sensoriel, locomoteur<\/strong>&#8230;<\/p>\n\n\n\n<p>Stress, parasites, virus, bact\u00e9ries, Allergies et intol\u00e9rances, Inflammations chroniques et a\u00efgues, Troubles gyn\u00e9cologiques, digestifs, \u2026.<\/p>\n\n\n\n<p>Pr\u00e9venir plut\u00f4t que gu\u00e9rir (allergies, dermites, fourbure\u2026)<\/p>\n\n\n\n<p>Toutes les th\u00e9matiques peuvent \u00eatre abord\u00e9es !<\/p>\n\n\n\n<p>La bior\u00e9sonance intervient id\u00e9alement en pr\u00e9vention, mais elle aide \u00e9galement le corps \u00e0 se r\u00e9\u00e9quilibrer lors des pathologies d\u00e9clar\u00e9es,&nbsp;<em>en compl\u00e9ment du traitement v\u00e9t\u00e9rinaire<\/em>.<\/p>\n\n\n\n<p>Un suivi r\u00e9gulier permet d\u2019anticiper et de maintenir un niveau d\u2019\u00e9nergie optimal pour toute l\u2019ann\u00e9e.<\/p>\n\n\n\n<p>Pour des d\u00e9s\u00e9quilibres plus importants des forfaits d\u2019harmonisation sont propos\u00e9s .<\/p>\n\n\n\n<p>Pour les chiens et les chats, la consultation peut se d\u00e9rouler en distanciel ou \u00e0 mon cabinet de Saint Germain L\u00e8s Corbeil (91): une salle leur est d\u00e9di\u00e9e. <\/p>\n\n\n\n<p>Pour tous les autres animaux, les s\u00e9ances se font \u00e0 distance.<\/p>\n\n\n\n<p>Il est tout \u00e0 fait possible de <strong>travailler \u00e0 distance<\/strong>, il suffit d\u2019avoir un support comme quelques poils et une photo. Un rendez-vous t\u00e9l\u00e9phonique vous sera propos\u00e9 pour permettre le lien et la consultation se d\u00e9roulera comme en pr\u00e9sentiel.<\/p>\n\n\n\n<p>Les s\u00e9ances \u00e0 distance sont aussi efficaces qu\u2019en pr\u00e9sentiel.<\/p>\n\n\n\n<p>Certains animaux pr\u00e9f\u00e8rent m\u00eame recevoir les s\u00e9ances \u00e0 distance, ce qui leur permet d\u2019\u00eatre tranquilles dans leur environnement habituel. Il faut juste veiller \u00e0 ne rien lui demander au moment de la s\u00e9ance et juste le laisser profiter.<\/p>\n\n\n\n<p>La s\u00e9ance est toujours individualis\u00e9e et sur mesure en fonction de l\u2019animal, de la probl\u00e9matique du moment, etc\u2026<\/p>\n\n\n\n<p><strong>Sophie BALLET&nbsp;<\/strong><\/p>\n\n\n\n<p>\u00ab\u00a0Nature aux pattes\u00a0\u00bb<\/p>\n\n\n\n<h2 class=\"wp-block-heading\">Soins \u00e9nerg\u00e9tiques<em> &amp; Bior\u00e9sonance&nbsp;<\/em>pour les animaux<\/h2>\n\n\n\n<p><em>Les s\u00e9ances \u00e9nerg\u00e9tiques de bior\u00e9sonance sont des pratiques de m\u00e9decines non conventionnelles : dites \u00ab compl\u00e9mentaires \u00bb. Les conseils donn\u00e9s lors des s\u00e9ances ne sont pas des diagnostics, le r\u00e9\u00e9quilibrage \u00e9nerg\u00e9tique n\u2019est pas un traitement m\u00e9dical :&nbsp;<strong>ils ne remplacent pas un examen m\u00e9dical ou un traitement prescrit par votre v\u00e9t\u00e9rinaire<\/strong><\/em>.<\/p>\n\n\n\n<figure class=\"wp-block-image size-large\"><img loading=\"lazy\" decoding=\"async\" width=\"1024\" height=\"461\" src=\"https:\/\/naturopathie.sobattitude.fr\/wp-content\/uploads\/2025\/04\/IMG_20240921_134126-1024x461.jpg\" alt=\"\" class=\"wp-image-2034\" srcset=\"https:\/\/naturopathie.sobattitude.fr\/wp-content\/uploads\/2025\/04\/IMG_20240921_134126-1024x461.jpg 1024w, https:\/\/naturopathie.sobattitude.fr\/wp-content\/uploads\/2025\/04\/IMG_20240921_134126-300x135.jpg 300w, https:\/\/naturopathie.sobattitude.fr\/wp-content\/uploads\/2025\/04\/IMG_20240921_134126-768x346.jpg 768w, https:\/\/naturopathie.sobattitude.fr\/wp-content\/uploads\/2025\/04\/IMG_20240921_134126-1536x691.jpg 1536w, https:\/\/naturopathie.sobattitude.fr\/wp-content\/uploads\/2025\/04\/IMG_20240921_134126-2048x922.jpg 2048w, https:\/\/naturopathie.sobattitude.fr\/wp-content\/uploads\/2025\/04\/IMG_20240921_134126-350x158.jpg 350w\" sizes=\"auto, (max-width: 1024px) 100vw, 1024px\" \/><\/figure>\n\n\n","protected":false},"excerpt":{"rendered":"<p>Pour accompagner votre animal dans une approche naturelle et douce, afin qu\u2019il retrouve son \u00e9quilibre physique et \u00e9motionnel. Bior\u00e9sonance &amp; Soins \u00e9nerg\u00e9tiques pour aider \u00e0 soutenir tous les syst\u00e8mes de l&rsquo;organisme de votre animal: digestif, uro-g\u00e9nital, cardiaque, respiratoire, immunitaire, endocrinien, nerveux, sensoriel, locomoteur&#8230; Stress, parasites, virus, bact\u00e9ries, Allergies et intol\u00e9rances, Inflammations chroniques et a\u00efgues, Troubles&#8230;<\/p>\n","protected":false},"author":1,"featured_media":0,"parent":0,"menu_order":0,"comment_status":"closed","ping_status":"closed","template":"","meta":{"_kad_post_transparent":"","_kad_post_title":"","_kad_post_layout":"","_kad_post_sidebar_id":"","_kad_post_content_style":"","_kad_post_vertical_padding":"","_kad_post_feature":"","_kad_post_feature_position":"","_kad_post_header":false,"_kad_post_footer":false,"_kad_post_classname":"","footnotes":""},"class_list":["post-1580","page","type-page","status-publish","hentry"],"yoast_head":"<!-- This site is optimized with the Yoast SEO plugin v27.5 - https:\/\/yoast.com\/product\/yoast-seo-wordpress\/ -->\n<title>Soins \u00e9nerg\u00e9tiques &amp; Bior\u00e9sonance Chiens\/Chats, NAC... -<\/title>\n<meta name=\"robots\" content=\"index, follow, max-snippet:-1, max-image-preview:large, max-video-preview:-1\" \/>\n<link rel=\"canonical\" href=\"https:\/\/naturopathie.sobattitude.fr\/index.php\/bioresonance-chiens-chats\/\" \/>\n<meta property=\"og:locale\" content=\"fr_FR\" \/>\n<meta property=\"og:type\" content=\"article\" \/>\n<meta property=\"og:title\" content=\"Soins \u00e9nerg\u00e9tiques &amp; Bior\u00e9sonance Chiens\/Chats, NAC... -\" \/>\n<meta property=\"og:description\" content=\"Pour accompagner votre animal dans une approche naturelle et douce, afin qu\u2019il retrouve son \u00e9quilibre physique et \u00e9motionnel. Bior\u00e9sonance &amp; Soins \u00e9nerg\u00e9tiques pour aider \u00e0 soutenir tous les syst\u00e8mes de l&rsquo;organisme de votre animal: digestif, uro-g\u00e9nital, cardiaque, respiratoire, immunitaire, endocrinien, nerveux, sensoriel, locomoteur&#8230; Stress, parasites, virus, bact\u00e9ries, Allergies et intol\u00e9rances, Inflammations chroniques et a\u00efgues, Troubles...\" \/>\n<meta property=\"og:url\" content=\"https:\/\/naturopathie.sobattitude.fr\/index.php\/bioresonance-chiens-chats\/\" \/>\n<meta property=\"article:modified_time\" content=\"2026-04-13T09:55:43+00:00\" \/>\n<meta property=\"og:image\" content=\"http:\/\/naturopathie.sobattitude.fr\/wp-content\/uploads\/2024\/06\/dog-6961236_1280-1024x682.jpg\" \/>\n<meta name=\"twitter:card\" content=\"summary_large_image\" \/>\n<meta name=\"twitter:label1\" content=\"Dur\u00e9e de lecture estim\u00e9e\" \/>\n\t<meta name=\"twitter:data1\" content=\"3 minutes\" \/>\n<script type=\"application\/ld+json\" class=\"yoast-schema-graph\">{\"@context\":\"https:\\\/\\\/schema.org\",\"@graph\":[{\"@type\":\"WebPage\",\"@id\":\"https:\\\/\\\/naturopathie.sobattitude.fr\\\/index.php\\\/bioresonance-chiens-chats\\\/\",\"url\":\"https:\\\/\\\/naturopathie.sobattitude.fr\\\/index.php\\\/bioresonance-chiens-chats\\\/\",\"name\":\"Soins \u00e9nerg\u00e9tiques & Bior\u00e9sonance Chiens\\\/Chats, NAC... -\",\"isPartOf\":{\"@id\":\"https:\\\/\\\/naturopathie.sobattitude.fr\\\/#website\"},\"primaryImageOfPage\":{\"@id\":\"https:\\\/\\\/naturopathie.sobattitude.fr\\\/index.php\\\/bioresonance-chiens-chats\\\/#primaryimage\"},\"image\":{\"@id\":\"https:\\\/\\\/naturopathie.sobattitude.fr\\\/index.php\\\/bioresonance-chiens-chats\\\/#primaryimage\"},\"thumbnailUrl\":\"http:\\\/\\\/naturopathie.sobattitude.fr\\\/wp-content\\\/uploads\\\/2024\\\/06\\\/dog-6961236_1280-1024x682.jpg\",\"datePublished\":\"2024-06-04T15:54:32+00:00\",\"dateModified\":\"2026-04-13T09:55:43+00:00\",\"breadcrumb\":{\"@id\":\"https:\\\/\\\/naturopathie.sobattitude.fr\\\/index.php\\\/bioresonance-chiens-chats\\\/#breadcrumb\"},\"inLanguage\":\"fr-FR\",\"potentialAction\":[{\"@type\":\"ReadAction\",\"target\":[\"https:\\\/\\\/naturopathie.sobattitude.fr\\\/index.php\\\/bioresonance-chiens-chats\\\/\"]}]},{\"@type\":\"ImageObject\",\"inLanguage\":\"fr-FR\",\"@id\":\"https:\\\/\\\/naturopathie.sobattitude.fr\\\/index.php\\\/bioresonance-chiens-chats\\\/#primaryimage\",\"url\":\"http:\\\/\\\/naturopathie.sobattitude.fr\\\/wp-content\\\/uploads\\\/2024\\\/06\\\/dog-6961236_1280-1024x682.jpg\",\"contentUrl\":\"http:\\\/\\\/naturopathie.sobattitude.fr\\\/wp-content\\\/uploads\\\/2024\\\/06\\\/dog-6961236_1280-1024x682.jpg\"},{\"@type\":\"BreadcrumbList\",\"@id\":\"https:\\\/\\\/naturopathie.sobattitude.fr\\\/index.php\\\/bioresonance-chiens-chats\\\/#breadcrumb\",\"itemListElement\":[{\"@type\":\"ListItem\",\"position\":1,\"name\":\"Accueil\",\"item\":\"https:\\\/\\\/naturopathie.sobattitude.fr\\\/\"},{\"@type\":\"ListItem\",\"position\":2,\"name\":\"Soins \u00e9nerg\u00e9tiques &#038; Bior\u00e9sonance Chiens\\\/Chats, NAC&#8230;\"}]},{\"@type\":\"WebSite\",\"@id\":\"https:\\\/\\\/naturopathie.sobattitude.fr\\\/#website\",\"url\":\"https:\\\/\\\/naturopathie.sobattitude.fr\\\/\",\"name\":\"\",\"description\":\"\",\"potentialAction\":[{\"@type\":\"SearchAction\",\"target\":{\"@type\":\"EntryPoint\",\"urlTemplate\":\"https:\\\/\\\/naturopathie.sobattitude.fr\\\/?s={search_term_string}\"},\"query-input\":{\"@type\":\"PropertyValueSpecification\",\"valueRequired\":true,\"valueName\":\"search_term_string\"}}],\"inLanguage\":\"fr-FR\"}]}<\/script>\n<!-- \/ Yoast SEO plugin. -->","yoast_head_json":{"title":"Soins \u00e9nerg\u00e9tiques & Bior\u00e9sonance Chiens\/Chats, NAC... -","robots":{"index":"index","follow":"follow","max-snippet":"max-snippet:-1","max-image-preview":"max-image-preview:large","max-video-preview":"max-video-preview:-1"},"canonical":"https:\/\/naturopathie.sobattitude.fr\/index.php\/bioresonance-chiens-chats\/","og_locale":"fr_FR","og_type":"article","og_title":"Soins \u00e9nerg\u00e9tiques & Bior\u00e9sonance Chiens\/Chats, NAC... -","og_description":"Pour accompagner votre animal dans une approche naturelle et douce, afin qu\u2019il retrouve son \u00e9quilibre physique et \u00e9motionnel. Bior\u00e9sonance &amp; Soins \u00e9nerg\u00e9tiques pour aider \u00e0 soutenir tous les syst\u00e8mes de l&rsquo;organisme de votre animal: digestif, uro-g\u00e9nital, cardiaque, respiratoire, immunitaire, endocrinien, nerveux, sensoriel, locomoteur&#8230; Stress, parasites, virus, bact\u00e9ries, Allergies et intol\u00e9rances, Inflammations chroniques et a\u00efgues, Troubles...","og_url":"https:\/\/naturopathie.sobattitude.fr\/index.php\/bioresonance-chiens-chats\/","article_modified_time":"2026-04-13T09:55:43+00:00","og_image":[{"url":"http:\/\/naturopathie.sobattitude.fr\/wp-content\/uploads\/2024\/06\/dog-6961236_1280-1024x682.jpg","type":"","width":"","height":""}],"twitter_card":"summary_large_image","twitter_misc":{"Dur\u00e9e de lecture estim\u00e9e":"3 minutes"},"schema":{"@context":"https:\/\/schema.org","@graph":[{"@type":"WebPage","@id":"https:\/\/naturopathie.sobattitude.fr\/index.php\/bioresonance-chiens-chats\/","url":"https:\/\/naturopathie.sobattitude.fr\/index.php\/bioresonance-chiens-chats\/","name":"Soins \u00e9nerg\u00e9tiques & Bior\u00e9sonance Chiens\/Chats, NAC... -","isPartOf":{"@id":"https:\/\/naturopathie.sobattitude.fr\/#website"},"primaryImageOfPage":{"@id":"https:\/\/naturopathie.sobattitude.fr\/index.php\/bioresonance-chiens-chats\/#primaryimage"},"image":{"@id":"https:\/\/naturopathie.sobattitude.fr\/index.php\/bioresonance-chiens-chats\/#primaryimage"},"thumbnailUrl":"http:\/\/naturopathie.sobattitude.fr\/wp-content\/uploads\/2024\/06\/dog-6961236_1280-1024x682.jpg","datePublished":"2024-06-04T15:54:32+00:00","dateModified":"2026-04-13T09:55:43+00:00","breadcrumb":{"@id":"https:\/\/naturopathie.sobattitude.fr\/index.php\/bioresonance-chiens-chats\/#breadcrumb"},"inLanguage":"fr-FR","potentialAction":[{"@type":"ReadAction","target":["https:\/\/naturopathie.sobattitude.fr\/index.php\/bioresonance-chiens-chats\/"]}]},{"@type":"ImageObject","inLanguage":"fr-FR","@id":"https:\/\/naturopathie.sobattitude.fr\/index.php\/bioresonance-chiens-chats\/#primaryimage","url":"http:\/\/naturopathie.sobattitude.fr\/wp-content\/uploads\/2024\/06\/dog-6961236_1280-1024x682.jpg","contentUrl":"http:\/\/naturopathie.sobattitude.fr\/wp-content\/uploads\/2024\/06\/dog-6961236_1280-1024x682.jpg"},{"@type":"BreadcrumbList","@id":"https:\/\/naturopathie.sobattitude.fr\/index.php\/bioresonance-chiens-chats\/#breadcrumb","itemListElement":[{"@type":"ListItem","position":1,"name":"Accueil","item":"https:\/\/naturopathie.sobattitude.fr\/"},{"@type":"ListItem","position":2,"name":"Soins \u00e9nerg\u00e9tiques &#038; Bior\u00e9sonance Chiens\/Chats, NAC&#8230;"}]},{"@type":"WebSite","@id":"https:\/\/naturopathie.sobattitude.fr\/#website","url":"https:\/\/naturopathie.sobattitude.fr\/","name":"","description":"","potentialAction":[{"@type":"SearchAction","target":{"@type":"EntryPoint","urlTemplate":"https:\/\/naturopathie.sobattitude.fr\/?s={search_term_string}"},"query-input":{"@type":"PropertyValueSpecification","valueRequired":true,"valueName":"search_term_string"}}],"inLanguage":"fr-FR"}]}},"_links":{"self":[{"href":"https:\/\/naturopathie.sobattitude.fr\/index.php\/wp-json\/wp\/v2\/pages\/1580","targetHints":{"allow":["GET"]}}],"collection":[{"href":"https:\/\/naturopathie.sobattitude.fr\/index.php\/wp-json\/wp\/v2\/pages"}],"about":[{"href":"https:\/\/naturopathie.sobattitude.fr\/index.php\/wp-json\/wp\/v2\/types\/page"}],"author":[{"embeddable":true,"href":"https:\/\/naturopathie.sobattitude.fr\/index.php\/wp-json\/wp\/v2\/users\/1"}],"replies":[{"embeddable":true,"href":"https:\/\/naturopathie.sobattitude.fr\/index.php\/wp-json\/wp\/v2\/comments?post=1580"}],"version-history":[{"count":32,"href":"https:\/\/naturopathie.sobattitude.fr\/index.php\/wp-json\/wp\/v2\/pages\/1580\/revisions"}],"predecessor-version":[{"id":2710,"href":"https:\/\/naturopathie.sobattitude.fr\/index.php\/wp-json\/wp\/v2\/pages\/1580\/revisions\/2710"}],"wp:attachment":[{"href":"https:\/\/naturopathie.sobattitude.fr\/index.php\/wp-json\/wp\/v2\/media?parent=1580"}],"curies":[{"name":"wp","href":"https:\/\/api.w.org\/{rel}","templated":true}]}}