{"id":1683,"date":"2024-09-02T23:30:45","date_gmt":"2024-09-02T21:30:45","guid":{"rendered":"http:\/\/naturopathie.sobattitude.fr\/?page_id=1683"},"modified":"2024-09-02T23:46:05","modified_gmt":"2024-09-02T21:46:05","slug":"journee-decouverte-bioresonance","status":"publish","type":"page","link":"https:\/\/naturopathie.sobattitude.fr\/index.php\/journee-decouverte-bioresonance\/","title":{"rendered":"Journ\u00e9e d\u00e9couverte Bior\u00e9sonance"},"content":{"rendered":"\n<p>La th\u00e9rapie par bior\u00e9sonance utilise un \u00e9quipement sp\u00e9cialis\u00e9 pour d\u00e9tecter et analyser les fr\u00e9quences,\u00a0<strong>identifier les d\u00e9s\u00e9quilibres ou les blocages et r\u00e9tablir le flux \u00e9nerg\u00e9tique naturel du corps pour favoriser la gu\u00e9rison et le bien-\u00eatre<\/strong>.<\/p>\n\n\n\n<p>La Bior\u00e9sonance Douce d\u2019apr\u00e8s Paul Schmidt est constitu\u00e9e d\u2019ondes et de fr\u00e9quences suivant le principe de la physique quantique.<\/p>\n\n\n\n<p>Venez d\u00e9couvrir la bior\u00e9sonance douce d&rsquo;apr\u00e8s Paul Schmitt lors de cette journ\u00e9e d&rsquo;initiation.<br>Qu&rsquo;est-ce que c&rsquo;est ?<br>A quoi \u00e7a sert ?<br>Pour qui ? Pour quoi ?<\/p>\n\n\n\n<p>Que ce soit pour votre usage personnel ou dans l&rsquo;optique de d\u00e9velopper une activit\u00e9, cette journ\u00e9e de d\u00e9couverte est faite pour vous !<\/p>\n\n\n\n<p>La bior\u00e9sonance s&rsquo;adresse autant aux humains qu&rsquo;aux animaux, nous aborderons tout \u00e7a au cours de cette journ\u00e9e, en fonction de vos demandes.<\/p>\n\n\n\n<p>Au programme de la journ\u00e9e:<br>Th\u00e9orie le matin<br>Pratique l&rsquo;apr\u00e8s midi<\/p>\n\n\n\n<p>Tarif: 120\u20ac la journ\u00e9e<\/p>\n\n\n\n<p>Cette journ\u00e9e d&rsquo;initiation est r\u00e9alis\u00e9e en accord et avec le soutient de la soci\u00e9t\u00e9 Extraordinaire, distributrice des appareils de bior\u00e9sonance RAYONEX en France.&nbsp;<\/p>\n","protected":false},"excerpt":{"rendered":"<p>La th\u00e9rapie par bior\u00e9sonance utilise un \u00e9quipement sp\u00e9cialis\u00e9 pour d\u00e9tecter et analyser les fr\u00e9quences,\u00a0identifier les d\u00e9s\u00e9quilibres ou les blocages et r\u00e9tablir le flux \u00e9nerg\u00e9tique naturel du corps pour favoriser la gu\u00e9rison et le bien-\u00eatre. La Bior\u00e9sonance Douce d\u2019apr\u00e8s Paul Schmidt est constitu\u00e9e d\u2019ondes et de fr\u00e9quences suivant le principe de la physique quantique. Venez d\u00e9couvrir&#8230;<\/p>\n","protected":false},"author":1,"featured_media":0,"parent":0,"menu_order":0,"comment_status":"closed","ping_status":"closed","template":"","meta":{"_kad_post_transparent":"","_kad_post_title":"","_kad_post_layout":"","_kad_post_sidebar_id":"","_kad_post_content_style":"","_kad_post_vertical_padding":"","_kad_post_feature":"","_kad_post_feature_position":"","_kad_post_header":false,"_kad_post_footer":false,"_kad_post_classname":"","footnotes":""},"class_list":["post-1683","page","type-page","status-publish","hentry"],"yoast_head":"<!-- This site is optimized with the Yoast SEO plugin v27.5 - https:\/\/yoast.com\/product\/yoast-seo-wordpress\/ -->\n<title>Journ\u00e9e d\u00e9couverte Bior\u00e9sonance -<\/title>\n<meta name=\"robots\" content=\"index, follow, max-snippet:-1, max-image-preview:large, max-video-preview:-1\" \/>\n<link rel=\"canonical\" href=\"https:\/\/naturopathie.sobattitude.fr\/index.php\/journee-decouverte-bioresonance\/\" \/>\n<meta property=\"og:locale\" content=\"fr_FR\" \/>\n<meta property=\"og:type\" content=\"article\" \/>\n<meta property=\"og:title\" content=\"Journ\u00e9e d\u00e9couverte Bior\u00e9sonance -\" \/>\n<meta property=\"og:description\" content=\"La th\u00e9rapie par bior\u00e9sonance utilise un \u00e9quipement sp\u00e9cialis\u00e9 pour d\u00e9tecter et analyser les fr\u00e9quences,\u00a0identifier les d\u00e9s\u00e9quilibres ou les blocages et r\u00e9tablir le flux \u00e9nerg\u00e9tique naturel du corps pour favoriser la gu\u00e9rison et le bien-\u00eatre. La Bior\u00e9sonance Douce d\u2019apr\u00e8s Paul Schmidt est constitu\u00e9e d\u2019ondes et de fr\u00e9quences suivant le principe de la physique quantique. Venez d\u00e9couvrir...\" \/>\n<meta property=\"og:url\" content=\"https:\/\/naturopathie.sobattitude.fr\/index.php\/journee-decouverte-bioresonance\/\" \/>\n<meta property=\"article:modified_time\" content=\"2024-09-02T21:46:05+00:00\" \/>\n<meta name=\"twitter:card\" content=\"summary_large_image\" \/>\n<meta name=\"twitter:label1\" content=\"Dur\u00e9e de lecture estim\u00e9e\" \/>\n\t<meta name=\"twitter:data1\" content=\"1 minute\" \/>\n<script type=\"application\/ld+json\" class=\"yoast-schema-graph\">{\"@context\":\"https:\\\/\\\/schema.org\",\"@graph\":[{\"@type\":\"WebPage\",\"@id\":\"https:\\\/\\\/naturopathie.sobattitude.fr\\\/index.php\\\/journee-decouverte-bioresonance\\\/\",\"url\":\"https:\\\/\\\/naturopathie.sobattitude.fr\\\/index.php\\\/journee-decouverte-bioresonance\\\/\",\"name\":\"Journ\u00e9e d\u00e9couverte Bior\u00e9sonance -\",\"isPartOf\":{\"@id\":\"https:\\\/\\\/naturopathie.sobattitude.fr\\\/#website\"},\"datePublished\":\"2024-09-02T21:30:45+00:00\",\"dateModified\":\"2024-09-02T21:46:05+00:00\",\"breadcrumb\":{\"@id\":\"https:\\\/\\\/naturopathie.sobattitude.fr\\\/index.php\\\/journee-decouverte-bioresonance\\\/#breadcrumb\"},\"inLanguage\":\"fr-FR\",\"potentialAction\":[{\"@type\":\"ReadAction\",\"target\":[\"https:\\\/\\\/naturopathie.sobattitude.fr\\\/index.php\\\/journee-decouverte-bioresonance\\\/\"]}]},{\"@type\":\"BreadcrumbList\",\"@id\":\"https:\\\/\\\/naturopathie.sobattitude.fr\\\/index.php\\\/journee-decouverte-bioresonance\\\/#breadcrumb\",\"itemListElement\":[{\"@type\":\"ListItem\",\"position\":1,\"name\":\"Accueil\",\"item\":\"https:\\\/\\\/naturopathie.sobattitude.fr\\\/\"},{\"@type\":\"ListItem\",\"position\":2,\"name\":\"Journ\u00e9e d\u00e9couverte Bior\u00e9sonance\"}]},{\"@type\":\"WebSite\",\"@id\":\"https:\\\/\\\/naturopathie.sobattitude.fr\\\/#website\",\"url\":\"https:\\\/\\\/naturopathie.sobattitude.fr\\\/\",\"name\":\"\",\"description\":\"\",\"potentialAction\":[{\"@type\":\"SearchAction\",\"target\":{\"@type\":\"EntryPoint\",\"urlTemplate\":\"https:\\\/\\\/naturopathie.sobattitude.fr\\\/?s={search_term_string}\"},\"query-input\":{\"@type\":\"PropertyValueSpecification\",\"valueRequired\":true,\"valueName\":\"search_term_string\"}}],\"inLanguage\":\"fr-FR\"}]}<\/script>\n<!-- \/ Yoast SEO plugin. -->","yoast_head_json":{"title":"Journ\u00e9e d\u00e9couverte Bior\u00e9sonance -","robots":{"index":"index","follow":"follow","max-snippet":"max-snippet:-1","max-image-preview":"max-image-preview:large","max-video-preview":"max-video-preview:-1"},"canonical":"https:\/\/naturopathie.sobattitude.fr\/index.php\/journee-decouverte-bioresonance\/","og_locale":"fr_FR","og_type":"article","og_title":"Journ\u00e9e d\u00e9couverte Bior\u00e9sonance -","og_description":"La th\u00e9rapie par bior\u00e9sonance utilise un \u00e9quipement sp\u00e9cialis\u00e9 pour d\u00e9tecter et analyser les fr\u00e9quences,\u00a0identifier les d\u00e9s\u00e9quilibres ou les blocages et r\u00e9tablir le flux \u00e9nerg\u00e9tique naturel du corps pour favoriser la gu\u00e9rison et le bien-\u00eatre. La Bior\u00e9sonance Douce d\u2019apr\u00e8s Paul Schmidt est constitu\u00e9e d\u2019ondes et de fr\u00e9quences suivant le principe de la physique quantique. Venez d\u00e9couvrir...","og_url":"https:\/\/naturopathie.sobattitude.fr\/index.php\/journee-decouverte-bioresonance\/","article_modified_time":"2024-09-02T21:46:05+00:00","twitter_card":"summary_large_image","twitter_misc":{"Dur\u00e9e de lecture estim\u00e9e":"1 minute"},"schema":{"@context":"https:\/\/schema.org","@graph":[{"@type":"WebPage","@id":"https:\/\/naturopathie.sobattitude.fr\/index.php\/journee-decouverte-bioresonance\/","url":"https:\/\/naturopathie.sobattitude.fr\/index.php\/journee-decouverte-bioresonance\/","name":"Journ\u00e9e d\u00e9couverte Bior\u00e9sonance -","isPartOf":{"@id":"https:\/\/naturopathie.sobattitude.fr\/#website"},"datePublished":"2024-09-02T21:30:45+00:00","dateModified":"2024-09-02T21:46:05+00:00","breadcrumb":{"@id":"https:\/\/naturopathie.sobattitude.fr\/index.php\/journee-decouverte-bioresonance\/#breadcrumb"},"inLanguage":"fr-FR","potentialAction":[{"@type":"ReadAction","target":["https:\/\/naturopathie.sobattitude.fr\/index.php\/journee-decouverte-bioresonance\/"]}]},{"@type":"BreadcrumbList","@id":"https:\/\/naturopathie.sobattitude.fr\/index.php\/journee-decouverte-bioresonance\/#breadcrumb","itemListElement":[{"@type":"ListItem","position":1,"name":"Accueil","item":"https:\/\/naturopathie.sobattitude.fr\/"},{"@type":"ListItem","position":2,"name":"Journ\u00e9e d\u00e9couverte Bior\u00e9sonance"}]},{"@type":"WebSite","@id":"https:\/\/naturopathie.sobattitude.fr\/#website","url":"https:\/\/naturopathie.sobattitude.fr\/","name":"","description":"","potentialAction":[{"@type":"SearchAction","target":{"@type":"EntryPoint","urlTemplate":"https:\/\/naturopathie.sobattitude.fr\/?s={search_term_string}"},"query-input":{"@type":"PropertyValueSpecification","valueRequired":true,"valueName":"search_term_string"}}],"inLanguage":"fr-FR"}]}},"_links":{"self":[{"href":"https:\/\/naturopathie.sobattitude.fr\/index.php\/wp-json\/wp\/v2\/pages\/1683","targetHints":{"allow":["GET"]}}],"collection":[{"href":"https:\/\/naturopathie.sobattitude.fr\/index.php\/wp-json\/wp\/v2\/pages"}],"about":[{"href":"https:\/\/naturopathie.sobattitude.fr\/index.php\/wp-json\/wp\/v2\/types\/page"}],"author":[{"embeddable":true,"href":"https:\/\/naturopathie.sobattitude.fr\/index.php\/wp-json\/wp\/v2\/users\/1"}],"replies":[{"embeddable":true,"href":"https:\/\/naturopathie.sobattitude.fr\/index.php\/wp-json\/wp\/v2\/comments?post=1683"}],"version-history":[{"count":3,"href":"https:\/\/naturopathie.sobattitude.fr\/index.php\/wp-json\/wp\/v2\/pages\/1683\/revisions"}],"predecessor-version":[{"id":1691,"href":"https:\/\/naturopathie.sobattitude.fr\/index.php\/wp-json\/wp\/v2\/pages\/1683\/revisions\/1691"}],"wp:attachment":[{"href":"https:\/\/naturopathie.sobattitude.fr\/index.php\/wp-json\/wp\/v2\/media?parent=1683"}],"curies":[{"name":"wp","href":"https:\/\/api.w.org\/{rel}","templated":true}]}}