{"id":1849,"date":"2025-01-13T23:43:03","date_gmt":"2025-01-13T22:43:03","guid":{"rendered":"http:\/\/naturopathie.sobattitude.fr\/?page_id=1849"},"modified":"2026-04-15T23:37:48","modified_gmt":"2026-04-15T21:37:48","slug":"mon-accompagnement","status":"publish","type":"page","link":"https:\/\/naturopathie.sobattitude.fr\/index.php\/mon-accompagnement\/","title":{"rendered":"Mon accompagnement"},"content":{"rendered":"\n<h3 class=\"wp-block-heading\"><strong>Une approche sur mesure pour votre bien-\u00eatre<\/strong><\/h3>\n\n\n\n<figure class=\"wp-block-image size-large is-resized\"><img loading=\"lazy\" decoding=\"async\" width=\"1024\" height=\"683\" src=\"https:\/\/naturopathie.sobattitude.fr\/wp-content\/uploads\/2026\/04\/joie-4-1024x683.jpg\" alt=\"\" class=\"wp-image-2933\" style=\"aspect-ratio:1.4993409227082084;width:306px;height:auto\" srcset=\"https:\/\/naturopathie.sobattitude.fr\/wp-content\/uploads\/2026\/04\/joie-4-1024x683.jpg 1024w, https:\/\/naturopathie.sobattitude.fr\/wp-content\/uploads\/2026\/04\/joie-4-300x200.jpg 300w, https:\/\/naturopathie.sobattitude.fr\/wp-content\/uploads\/2026\/04\/joie-4-768x512.jpg 768w, https:\/\/naturopathie.sobattitude.fr\/wp-content\/uploads\/2026\/04\/joie-4-1536x1024.jpg 1536w, https:\/\/naturopathie.sobattitude.fr\/wp-content\/uploads\/2026\/04\/joie-4-2048x1365.jpg 2048w\" sizes=\"auto, (max-width: 1024px) 100vw, 1024px\" \/><\/figure>\n\n\n\n<h3 class=\"wp-block-heading\"><strong>Les \u00e9tapes de votre accompagnement<\/strong><\/h3>\n\n\n\n<h4 class=\"wp-block-heading\">1. <strong>Une premi\u00e8re rencontre pour comprendre vos besoins<\/strong><\/h4>\n\n\n\n<p>Lors de notre premier rendez-vous, nous prenons le temps d\u2019\u00e9changer. Cet entretien me permet de\u202f:<\/p>\n\n\n\n<ul class=\"wp-block-list\">\n<li>Comprendre votre situation et vos attentes\u202f;<\/li>\n\n\n\n<li>Identifier les causes profondes de votre stress ou de vos difficult\u00e9s\u202f;<\/li>\n\n\n\n<li>Vous expliquer comment je peux vous accompagner et r\u00e9pondre \u00e0 toutes vos questions.<\/li>\n\n\n\n<li>D\u00e9marrer le programme d&rsquo;hypnose<\/li>\n<\/ul>\n\n\n\n<blockquote class=\"wp-block-quote is-layout-flow wp-block-quote-is-layout-flow\">\n<p><strong>Dur\u00e9e<\/strong>\u202f: Environ 1h30 &#8211; 2h<br><strong>Objectif<\/strong>\u202f: \u00c9tablir un premier plan d\u2019action, d\u00e9finir les priorit\u00e9s et commencer l&rsquo;accompagnement.<\/p>\n<\/blockquote>\n\n\n\n<h4 class=\"wp-block-heading\">2. <strong>Un accompagnement personnalis\u00e9<\/strong><\/h4>\n\n\n\n<p>Ensemble, nous construisons un programme sur mesure, bas\u00e9 sur vos besoins. Chaque s\u00e9ance est diff\u00e9rente et peut inclure\u202f:<\/p>\n\n\n\n<ul class=\"wp-block-list\">\n<li>Une <strong>s\u00e9ance d\u2019hypnose<\/strong> pour travailler sur vos blocages \u00e9motionnels ou comportementaux (anxi\u00e9t\u00e9, confiance en soi, sommeil, etc.).<\/li>\n\n\n\n<li>Des <strong>conseils en naturopathie<\/strong>, comme des ajustements alimentaires, des exercices de relaxation ou des compl\u00e9ments naturels.<\/li>\n\n\n\n<li>Une <strong>s\u00e9ance de bior\u00e9sonance<\/strong>, pour harmoniser votre \u00e9nergie et renforcer votre vitalit\u00e9.<\/li>\n<\/ul>\n\n\n\n<h4 class=\"wp-block-heading\">3. <strong>Des outils concrets pour progresser entre les s\u00e9ances<\/strong><\/h4>\n\n\n\n<p>Mon accompagnement ne s\u2019arr\u00eate pas \u00e0 la porte de mon cabinet. Je vous propose \u00e9galement\u202f:<\/p>\n\n\n\n<ul class=\"wp-block-list\">\n<li>Des exercices simples \u00e0 r\u00e9aliser chez vous (respiration, m\u00e9ditation, visualisation).<\/li>\n\n\n\n<li>Des conseils pour int\u00e9grer de nouvelles habitudes dans votre quotidien.<\/li>\n\n\n\n<li>Un suivi r\u00e9gulier pour adapter nos s\u00e9ances en fonction de vos avanc\u00e9es.<\/li>\n<\/ul>\n\n\n\n<h3 class=\"wp-block-heading\"><strong>Quels r\u00e9sultats pouvez-vous attendre\u202f?<\/strong><\/h3>\n\n\n\n<p>Avec cet accompagnement global et personnalis\u00e9, vous pourrez\u202f:<\/p>\n\n\n\n<ul class=\"wp-block-list\">\n<li>Retrouver une s\u00e9r\u00e9nit\u00e9 durable\u202f;<\/li>\n\n\n\n<li>Am\u00e9liorer votre \u00e9nergie au quotidien\u202f;<\/li>\n\n\n\n<li>Vous sentir plus align\u00e9(e), confiant(e) et en harmonie avec vous-m\u00eame\u202f;<\/li>\n\n\n\n<li>D\u00e9velopper des outils concrets pour mieux g\u00e9rer les d\u00e9fis du quotidien.<\/li>\n<\/ul>\n\n\n\n<p>Chaque parcours est diff\u00e9rent, mais les transformations profondes et durables sont au c\u0153ur de mon travail.<\/p>\n\n\n\n<h3 class=\"wp-block-heading\"><strong>Pour qui est cet accompagnement\u202f?<\/strong><\/h3>\n\n\n\n<p>Mon accompagnement s\u2019adresse \u00e0 toute personne souhaitant\u202f:<\/p>\n\n\n\n<ul class=\"wp-block-list\">\n<li>Retrouver un \u00e9quilibre global, tant physique que mental\u202f;<\/li>\n\n\n\n<li>Avancer sur le chemin du bien-\u00eatre avec des m\u00e9thodes naturelles et respectueuses.<\/li>\n<\/ul>\n\n\n\n<h3 class=\"wp-block-heading\"><strong>Prendre rendez-vous<\/strong><\/h3>\n\n\n\n<p>Pr\u00eat(e) \u00e0 entamer ce chemin vers le mieux-\u00eatre\u202f? <\/p>\n\n\n\n<p>Je vous invite \u00e0 franchir la premi\u00e8re \u00e9tape en prenant rendez-vous d\u00e8s aujourd\u2019hui.<\/p>\n\n\n\n<div class=\"wp-block-buttons is-layout-flex wp-block-buttons-is-layout-flex\">\n<div class=\"wp-block-button is-style-outline is-style-outline--1\"><a class=\"wp-block-button__link wp-element-button\" href=\"https:\/\/perfactive.fr\/naturopathe\/saint-germain-les-corbeil\/sophie-ballet\" target=\"_blank\" rel=\"noreferrer noopener\">Prendre RdV<\/a><\/div>\n<\/div>\n\n\n\n<p>D\u00e9couvrez mon accompagnement:<\/p>\n\n\n\n<p><a href=\"https:\/\/naturopathie.sobattitude.fr\/index.php\/stress-anxiete\/\">Stress-anxi\u00e9t\u00e9<\/a><\/p>\n\n\n\n<p><a href=\"https:\/\/naturopathie.sobattitude.fr\/index.php\/accompagnement-des-troubles-du-sommeil\/\">Troubles du sommeil<\/a><\/p>\n\n\n\n<p><a href=\"https:\/\/naturopathie.sobattitude.fr\/index.php\/accompagnement-de-la-fatigue-et-de-lepuisement\/\">D\u00e9prime et Burnout<\/a><\/p>\n\n\n\n<p><a href=\"https:\/\/naturopathie.sobattitude.fr\/index.php\/accompagnement-des-emotions-et-du-vide-interieur\/\">Emotions et hypersensibilit\u00e9<\/a><\/p>\n\n\n\n<p><a href=\"https:\/\/naturopathie.sobattitude.fr\/index.php\/onco-accompagnement\/\">Onco accompagnement<\/a><\/p>\n\n\n\n<p><a href=\"https:\/\/naturopathie.sobattitude.fr\/index.php\/pack-arret-du-tabac\/\">Arr\u00eat du tabac<\/a><\/p>\n\n\n\n<p><a href=\"https:\/\/naturopathie.sobattitude.fr\/index.php\/perte-de-poids\/\">Perte de poids<\/a><\/p>\n\n\n\n<figure class=\"wp-block-image size-large is-resized\"><img loading=\"lazy\" decoding=\"async\" width=\"1024\" height=\"576\" src=\"https:\/\/naturopathie.sobattitude.fr\/wp-content\/uploads\/2026\/04\/joie-14-1024x576.jpg\" alt=\"\" class=\"wp-image-2931\" style=\"width:344px;height:auto\" srcset=\"https:\/\/naturopathie.sobattitude.fr\/wp-content\/uploads\/2026\/04\/joie-14-1024x576.jpg 1024w, https:\/\/naturopathie.sobattitude.fr\/wp-content\/uploads\/2026\/04\/joie-14-300x169.jpg 300w, https:\/\/naturopathie.sobattitude.fr\/wp-content\/uploads\/2026\/04\/joie-14-768x432.jpg 768w, https:\/\/naturopathie.sobattitude.fr\/wp-content\/uploads\/2026\/04\/joie-14-1536x864.jpg 1536w, https:\/\/naturopathie.sobattitude.fr\/wp-content\/uploads\/2026\/04\/joie-14-2048x1152.jpg 2048w\" sizes=\"auto, (max-width: 1024px) 100vw, 1024px\" \/><\/figure>\n","protected":false},"excerpt":{"rendered":"<p>Une approche sur mesure pour votre bien-\u00eatre Les \u00e9tapes de votre accompagnement 1. Une premi\u00e8re rencontre pour comprendre vos besoins Lors de notre premier rendez-vous, nous prenons le temps d\u2019\u00e9changer. Cet entretien me permet de\u202f: Dur\u00e9e\u202f: Environ 1h30 &#8211; 2hObjectif\u202f: \u00c9tablir un premier plan d\u2019action, d\u00e9finir les priorit\u00e9s et commencer l&rsquo;accompagnement. 2. Un accompagnement personnalis\u00e9&#8230;<\/p>\n","protected":false},"author":1,"featured_media":0,"parent":0,"menu_order":0,"comment_status":"closed","ping_status":"closed","template":"","meta":{"_kad_post_transparent":"","_kad_post_title":"","_kad_post_layout":"","_kad_post_sidebar_id":"","_kad_post_content_style":"","_kad_post_vertical_padding":"","_kad_post_feature":"","_kad_post_feature_position":"","_kad_post_header":false,"_kad_post_footer":false,"_kad_post_classname":"","footnotes":""},"class_list":["post-1849","page","type-page","status-publish","hentry"],"yoast_head":"<!-- This site is optimized with the Yoast SEO plugin v27.4 - https:\/\/yoast.com\/product\/yoast-seo-wordpress\/ -->\n<title>Mon accompagnement -<\/title>\n<meta name=\"robots\" content=\"index, follow, max-snippet:-1, max-image-preview:large, max-video-preview:-1\" \/>\n<link rel=\"canonical\" href=\"https:\/\/naturopathie.sobattitude.fr\/index.php\/mon-accompagnement\/\" \/>\n<meta property=\"og:locale\" content=\"fr_FR\" \/>\n<meta property=\"og:type\" content=\"article\" \/>\n<meta property=\"og:title\" content=\"Mon accompagnement -\" \/>\n<meta property=\"og:description\" content=\"Une approche sur mesure pour votre bien-\u00eatre Les \u00e9tapes de votre accompagnement 1. Une premi\u00e8re rencontre pour comprendre vos besoins Lors de notre premier rendez-vous, nous prenons le temps d\u2019\u00e9changer. Cet entretien me permet de\u202f: Dur\u00e9e\u202f: Environ 1h30 &#8211; 2hObjectif\u202f: \u00c9tablir un premier plan d\u2019action, d\u00e9finir les priorit\u00e9s et commencer l&rsquo;accompagnement. 2. Un accompagnement personnalis\u00e9...\" \/>\n<meta property=\"og:url\" content=\"https:\/\/naturopathie.sobattitude.fr\/index.php\/mon-accompagnement\/\" \/>\n<meta property=\"article:modified_time\" content=\"2026-04-15T21:37:48+00:00\" \/>\n<meta property=\"og:image\" content=\"https:\/\/naturopathie.sobattitude.fr\/wp-content\/uploads\/2026\/04\/joie-4-scaled.jpg\" \/>\n\t<meta property=\"og:image:width\" content=\"2560\" \/>\n\t<meta property=\"og:image:height\" content=\"1707\" \/>\n\t<meta property=\"og:image:type\" content=\"image\/jpeg\" \/>\n<meta name=\"twitter:card\" content=\"summary_large_image\" \/>\n<meta name=\"twitter:label1\" content=\"Dur\u00e9e de lecture estim\u00e9e\" \/>\n\t<meta name=\"twitter:data1\" content=\"3 minutes\" \/>\n<script type=\"application\/ld+json\" class=\"yoast-schema-graph\">{\"@context\":\"https:\\\/\\\/schema.org\",\"@graph\":[{\"@type\":\"WebPage\",\"@id\":\"https:\\\/\\\/naturopathie.sobattitude.fr\\\/index.php\\\/mon-accompagnement\\\/\",\"url\":\"https:\\\/\\\/naturopathie.sobattitude.fr\\\/index.php\\\/mon-accompagnement\\\/\",\"name\":\"Mon accompagnement -\",\"isPartOf\":{\"@id\":\"https:\\\/\\\/naturopathie.sobattitude.fr\\\/#website\"},\"primaryImageOfPage\":{\"@id\":\"https:\\\/\\\/naturopathie.sobattitude.fr\\\/index.php\\\/mon-accompagnement\\\/#primaryimage\"},\"image\":{\"@id\":\"https:\\\/\\\/naturopathie.sobattitude.fr\\\/index.php\\\/mon-accompagnement\\\/#primaryimage\"},\"thumbnailUrl\":\"https:\\\/\\\/naturopathie.sobattitude.fr\\\/wp-content\\\/uploads\\\/2026\\\/04\\\/joie-4-1024x683.jpg\",\"datePublished\":\"2025-01-13T22:43:03+00:00\",\"dateModified\":\"2026-04-15T21:37:48+00:00\",\"breadcrumb\":{\"@id\":\"https:\\\/\\\/naturopathie.sobattitude.fr\\\/index.php\\\/mon-accompagnement\\\/#breadcrumb\"},\"inLanguage\":\"fr-FR\",\"potentialAction\":[{\"@type\":\"ReadAction\",\"target\":[\"https:\\\/\\\/naturopathie.sobattitude.fr\\\/index.php\\\/mon-accompagnement\\\/\"]}]},{\"@type\":\"ImageObject\",\"inLanguage\":\"fr-FR\",\"@id\":\"https:\\\/\\\/naturopathie.sobattitude.fr\\\/index.php\\\/mon-accompagnement\\\/#primaryimage\",\"url\":\"https:\\\/\\\/naturopathie.sobattitude.fr\\\/wp-content\\\/uploads\\\/2026\\\/04\\\/joie-4-scaled.jpg\",\"contentUrl\":\"https:\\\/\\\/naturopathie.sobattitude.fr\\\/wp-content\\\/uploads\\\/2026\\\/04\\\/joie-4-scaled.jpg\",\"width\":2560,\"height\":1707},{\"@type\":\"BreadcrumbList\",\"@id\":\"https:\\\/\\\/naturopathie.sobattitude.fr\\\/index.php\\\/mon-accompagnement\\\/#breadcrumb\",\"itemListElement\":[{\"@type\":\"ListItem\",\"position\":1,\"name\":\"Accueil\",\"item\":\"https:\\\/\\\/naturopathie.sobattitude.fr\\\/\"},{\"@type\":\"ListItem\",\"position\":2,\"name\":\"Mon accompagnement\"}]},{\"@type\":\"WebSite\",\"@id\":\"https:\\\/\\\/naturopathie.sobattitude.fr\\\/#website\",\"url\":\"https:\\\/\\\/naturopathie.sobattitude.fr\\\/\",\"name\":\"\",\"description\":\"\",\"potentialAction\":[{\"@type\":\"SearchAction\",\"target\":{\"@type\":\"EntryPoint\",\"urlTemplate\":\"https:\\\/\\\/naturopathie.sobattitude.fr\\\/?s={search_term_string}\"},\"query-input\":{\"@type\":\"PropertyValueSpecification\",\"valueRequired\":true,\"valueName\":\"search_term_string\"}}],\"inLanguage\":\"fr-FR\"}]}<\/script>\n<!-- \/ Yoast SEO plugin. -->","yoast_head_json":{"title":"Mon accompagnement -","robots":{"index":"index","follow":"follow","max-snippet":"max-snippet:-1","max-image-preview":"max-image-preview:large","max-video-preview":"max-video-preview:-1"},"canonical":"https:\/\/naturopathie.sobattitude.fr\/index.php\/mon-accompagnement\/","og_locale":"fr_FR","og_type":"article","og_title":"Mon accompagnement -","og_description":"Une approche sur mesure pour votre bien-\u00eatre Les \u00e9tapes de votre accompagnement 1. Une premi\u00e8re rencontre pour comprendre vos besoins Lors de notre premier rendez-vous, nous prenons le temps d\u2019\u00e9changer. Cet entretien me permet de\u202f: Dur\u00e9e\u202f: Environ 1h30 &#8211; 2hObjectif\u202f: \u00c9tablir un premier plan d\u2019action, d\u00e9finir les priorit\u00e9s et commencer l&rsquo;accompagnement. 2. Un accompagnement personnalis\u00e9...","og_url":"https:\/\/naturopathie.sobattitude.fr\/index.php\/mon-accompagnement\/","article_modified_time":"2026-04-15T21:37:48+00:00","og_image":[{"width":2560,"height":1707,"url":"https:\/\/naturopathie.sobattitude.fr\/wp-content\/uploads\/2026\/04\/joie-4-scaled.jpg","type":"image\/jpeg"}],"twitter_card":"summary_large_image","twitter_misc":{"Dur\u00e9e de lecture estim\u00e9e":"3 minutes"},"schema":{"@context":"https:\/\/schema.org","@graph":[{"@type":"WebPage","@id":"https:\/\/naturopathie.sobattitude.fr\/index.php\/mon-accompagnement\/","url":"https:\/\/naturopathie.sobattitude.fr\/index.php\/mon-accompagnement\/","name":"Mon accompagnement -","isPartOf":{"@id":"https:\/\/naturopathie.sobattitude.fr\/#website"},"primaryImageOfPage":{"@id":"https:\/\/naturopathie.sobattitude.fr\/index.php\/mon-accompagnement\/#primaryimage"},"image":{"@id":"https:\/\/naturopathie.sobattitude.fr\/index.php\/mon-accompagnement\/#primaryimage"},"thumbnailUrl":"https:\/\/naturopathie.sobattitude.fr\/wp-content\/uploads\/2026\/04\/joie-4-1024x683.jpg","datePublished":"2025-01-13T22:43:03+00:00","dateModified":"2026-04-15T21:37:48+00:00","breadcrumb":{"@id":"https:\/\/naturopathie.sobattitude.fr\/index.php\/mon-accompagnement\/#breadcrumb"},"inLanguage":"fr-FR","potentialAction":[{"@type":"ReadAction","target":["https:\/\/naturopathie.sobattitude.fr\/index.php\/mon-accompagnement\/"]}]},{"@type":"ImageObject","inLanguage":"fr-FR","@id":"https:\/\/naturopathie.sobattitude.fr\/index.php\/mon-accompagnement\/#primaryimage","url":"https:\/\/naturopathie.sobattitude.fr\/wp-content\/uploads\/2026\/04\/joie-4-scaled.jpg","contentUrl":"https:\/\/naturopathie.sobattitude.fr\/wp-content\/uploads\/2026\/04\/joie-4-scaled.jpg","width":2560,"height":1707},{"@type":"BreadcrumbList","@id":"https:\/\/naturopathie.sobattitude.fr\/index.php\/mon-accompagnement\/#breadcrumb","itemListElement":[{"@type":"ListItem","position":1,"name":"Accueil","item":"https:\/\/naturopathie.sobattitude.fr\/"},{"@type":"ListItem","position":2,"name":"Mon accompagnement"}]},{"@type":"WebSite","@id":"https:\/\/naturopathie.sobattitude.fr\/#website","url":"https:\/\/naturopathie.sobattitude.fr\/","name":"","description":"","potentialAction":[{"@type":"SearchAction","target":{"@type":"EntryPoint","urlTemplate":"https:\/\/naturopathie.sobattitude.fr\/?s={search_term_string}"},"query-input":{"@type":"PropertyValueSpecification","valueRequired":true,"valueName":"search_term_string"}}],"inLanguage":"fr-FR"}]}},"_links":{"self":[{"href":"https:\/\/naturopathie.sobattitude.fr\/index.php\/wp-json\/wp\/v2\/pages\/1849","targetHints":{"allow":["GET"]}}],"collection":[{"href":"https:\/\/naturopathie.sobattitude.fr\/index.php\/wp-json\/wp\/v2\/pages"}],"about":[{"href":"https:\/\/naturopathie.sobattitude.fr\/index.php\/wp-json\/wp\/v2\/types\/page"}],"author":[{"embeddable":true,"href":"https:\/\/naturopathie.sobattitude.fr\/index.php\/wp-json\/wp\/v2\/users\/1"}],"replies":[{"embeddable":true,"href":"https:\/\/naturopathie.sobattitude.fr\/index.php\/wp-json\/wp\/v2\/comments?post=1849"}],"version-history":[{"count":51,"href":"https:\/\/naturopathie.sobattitude.fr\/index.php\/wp-json\/wp\/v2\/pages\/1849\/revisions"}],"predecessor-version":[{"id":2934,"href":"https:\/\/naturopathie.sobattitude.fr\/index.php\/wp-json\/wp\/v2\/pages\/1849\/revisions\/2934"}],"wp:attachment":[{"href":"https:\/\/naturopathie.sobattitude.fr\/index.php\/wp-json\/wp\/v2\/media?parent=1849"}],"curies":[{"name":"wp","href":"https:\/\/api.w.org\/{rel}","templated":true}]}}