{"id":1878,"date":"2025-01-14T00:23:29","date_gmt":"2025-01-13T23:23:29","guid":{"rendered":"http:\/\/naturopathie.sobattitude.fr\/?page_id=1878"},"modified":"2026-04-16T00:11:58","modified_gmt":"2026-04-15T22:11:58","slug":"bioresonance-pour-les-animaux","status":"publish","type":"page","link":"https:\/\/naturopathie.sobattitude.fr\/index.php\/bioresonance-pour-les-animaux\/","title":{"rendered":"Pour vos animaux"},"content":{"rendered":"\n<figure class=\"wp-block-image size-full is-resized\"><img loading=\"lazy\" decoding=\"async\" width=\"685\" height=\"901\" src=\"https:\/\/naturopathie.sobattitude.fr\/wp-content\/uploads\/2026\/04\/logo-animaux.png\" alt=\"\" class=\"wp-image-2958\" style=\"aspect-ratio:0.6669975186104219;width:199px;height:auto\" srcset=\"https:\/\/naturopathie.sobattitude.fr\/wp-content\/uploads\/2026\/04\/logo-animaux.png 685w, https:\/\/naturopathie.sobattitude.fr\/wp-content\/uploads\/2026\/04\/logo-animaux-228x300.png 228w\" sizes=\"auto, (max-width: 685px) 100vw, 685px\" \/><\/figure>\n\n\n\n<h4 class=\"wp-block-heading\">Bior\u00e9sonance &amp; Soins \u00e9nerg\u00e9tiques pour vos Animaux<\/h4>\n\n\n\n<p>La s\u00e9ance est toujours individualis\u00e9e et sur mesure en fonction de l&rsquo;animal, de la probl\u00e9matique du moment, etc&#8230;<\/p>\n\n\n\n<p><a href=\"http:\/\/naturopathie.sobattitude.fr\/index.php\/bioresonance-pour-les-chevaux\/\">Pour les chevaux<\/a><\/p>\n\n\n\n<p><a href=\"http:\/\/naturopathie.sobattitude.fr\/index.php\/bioresonance-chiens-chats\/\">Pour les chiens, chats, NAC et autres<\/a><\/p>\n\n\n\n<p><\/p>\n","protected":false},"excerpt":{"rendered":"<p>Bior\u00e9sonance &amp; Soins \u00e9nerg\u00e9tiques pour vos Animaux La s\u00e9ance est toujours individualis\u00e9e et sur mesure en fonction de l&rsquo;animal, de la probl\u00e9matique du moment, etc&#8230; Pour les chevaux Pour les chiens, chats, NAC et autres<\/p>\n","protected":false},"author":1,"featured_media":0,"parent":0,"menu_order":0,"comment_status":"closed","ping_status":"closed","template":"","meta":{"_kad_post_transparent":"","_kad_post_title":"","_kad_post_layout":"","_kad_post_sidebar_id":"","_kad_post_content_style":"","_kad_post_vertical_padding":"","_kad_post_feature":"","_kad_post_feature_position":"","_kad_post_header":false,"_kad_post_footer":false,"_kad_post_classname":"","footnotes":""},"class_list":["post-1878","page","type-page","status-publish","hentry"],"yoast_head":"<!-- This site is optimized with the Yoast SEO plugin v27.5 - https:\/\/yoast.com\/product\/yoast-seo-wordpress\/ -->\n<title>Pour vos animaux -<\/title>\n<meta name=\"robots\" content=\"index, follow, max-snippet:-1, max-image-preview:large, max-video-preview:-1\" \/>\n<link rel=\"canonical\" href=\"https:\/\/naturopathie.sobattitude.fr\/index.php\/bioresonance-pour-les-animaux\/\" \/>\n<meta property=\"og:locale\" content=\"fr_FR\" \/>\n<meta property=\"og:type\" content=\"article\" \/>\n<meta property=\"og:title\" content=\"Pour vos animaux -\" \/>\n<meta property=\"og:description\" content=\"Bior\u00e9sonance &amp; Soins \u00e9nerg\u00e9tiques pour vos Animaux La s\u00e9ance est toujours individualis\u00e9e et sur mesure en fonction de l&rsquo;animal, de la probl\u00e9matique du moment, etc&#8230; Pour les chevaux Pour les chiens, chats, NAC et autres\" \/>\n<meta property=\"og:url\" content=\"https:\/\/naturopathie.sobattitude.fr\/index.php\/bioresonance-pour-les-animaux\/\" \/>\n<meta property=\"article:modified_time\" content=\"2026-04-15T22:11:58+00:00\" \/>\n<meta property=\"og:image\" content=\"https:\/\/naturopathie.sobattitude.fr\/wp-content\/uploads\/2026\/04\/logo-animaux.png\" \/>\n\t<meta property=\"og:image:width\" content=\"685\" \/>\n\t<meta property=\"og:image:height\" content=\"901\" \/>\n\t<meta property=\"og:image:type\" content=\"image\/png\" \/>\n<meta name=\"twitter:card\" content=\"summary_large_image\" \/>\n<meta name=\"twitter:label1\" content=\"Dur\u00e9e de lecture estim\u00e9e\" \/>\n\t<meta name=\"twitter:data1\" content=\"1 minute\" \/>\n<script type=\"application\/ld+json\" class=\"yoast-schema-graph\">{\"@context\":\"https:\\\/\\\/schema.org\",\"@graph\":[{\"@type\":\"WebPage\",\"@id\":\"https:\\\/\\\/naturopathie.sobattitude.fr\\\/index.php\\\/bioresonance-pour-les-animaux\\\/\",\"url\":\"https:\\\/\\\/naturopathie.sobattitude.fr\\\/index.php\\\/bioresonance-pour-les-animaux\\\/\",\"name\":\"Pour vos animaux -\",\"isPartOf\":{\"@id\":\"https:\\\/\\\/naturopathie.sobattitude.fr\\\/#website\"},\"primaryImageOfPage\":{\"@id\":\"https:\\\/\\\/naturopathie.sobattitude.fr\\\/index.php\\\/bioresonance-pour-les-animaux\\\/#primaryimage\"},\"image\":{\"@id\":\"https:\\\/\\\/naturopathie.sobattitude.fr\\\/index.php\\\/bioresonance-pour-les-animaux\\\/#primaryimage\"},\"thumbnailUrl\":\"https:\\\/\\\/naturopathie.sobattitude.fr\\\/wp-content\\\/uploads\\\/2026\\\/04\\\/logo-animaux.png\",\"datePublished\":\"2025-01-13T23:23:29+00:00\",\"dateModified\":\"2026-04-15T22:11:58+00:00\",\"breadcrumb\":{\"@id\":\"https:\\\/\\\/naturopathie.sobattitude.fr\\\/index.php\\\/bioresonance-pour-les-animaux\\\/#breadcrumb\"},\"inLanguage\":\"fr-FR\",\"potentialAction\":[{\"@type\":\"ReadAction\",\"target\":[\"https:\\\/\\\/naturopathie.sobattitude.fr\\\/index.php\\\/bioresonance-pour-les-animaux\\\/\"]}]},{\"@type\":\"ImageObject\",\"inLanguage\":\"fr-FR\",\"@id\":\"https:\\\/\\\/naturopathie.sobattitude.fr\\\/index.php\\\/bioresonance-pour-les-animaux\\\/#primaryimage\",\"url\":\"https:\\\/\\\/naturopathie.sobattitude.fr\\\/wp-content\\\/uploads\\\/2026\\\/04\\\/logo-animaux.png\",\"contentUrl\":\"https:\\\/\\\/naturopathie.sobattitude.fr\\\/wp-content\\\/uploads\\\/2026\\\/04\\\/logo-animaux.png\",\"width\":685,\"height\":901},{\"@type\":\"BreadcrumbList\",\"@id\":\"https:\\\/\\\/naturopathie.sobattitude.fr\\\/index.php\\\/bioresonance-pour-les-animaux\\\/#breadcrumb\",\"itemListElement\":[{\"@type\":\"ListItem\",\"position\":1,\"name\":\"Accueil\",\"item\":\"https:\\\/\\\/naturopathie.sobattitude.fr\\\/\"},{\"@type\":\"ListItem\",\"position\":2,\"name\":\"Pour vos animaux\"}]},{\"@type\":\"WebSite\",\"@id\":\"https:\\\/\\\/naturopathie.sobattitude.fr\\\/#website\",\"url\":\"https:\\\/\\\/naturopathie.sobattitude.fr\\\/\",\"name\":\"\",\"description\":\"\",\"potentialAction\":[{\"@type\":\"SearchAction\",\"target\":{\"@type\":\"EntryPoint\",\"urlTemplate\":\"https:\\\/\\\/naturopathie.sobattitude.fr\\\/?s={search_term_string}\"},\"query-input\":{\"@type\":\"PropertyValueSpecification\",\"valueRequired\":true,\"valueName\":\"search_term_string\"}}],\"inLanguage\":\"fr-FR\"}]}<\/script>\n<!-- \/ Yoast SEO plugin. -->","yoast_head_json":{"title":"Pour vos animaux -","robots":{"index":"index","follow":"follow","max-snippet":"max-snippet:-1","max-image-preview":"max-image-preview:large","max-video-preview":"max-video-preview:-1"},"canonical":"https:\/\/naturopathie.sobattitude.fr\/index.php\/bioresonance-pour-les-animaux\/","og_locale":"fr_FR","og_type":"article","og_title":"Pour vos animaux -","og_description":"Bior\u00e9sonance &amp; Soins \u00e9nerg\u00e9tiques pour vos Animaux La s\u00e9ance est toujours individualis\u00e9e et sur mesure en fonction de l&rsquo;animal, de la probl\u00e9matique du moment, etc&#8230; Pour les chevaux Pour les chiens, chats, NAC et autres","og_url":"https:\/\/naturopathie.sobattitude.fr\/index.php\/bioresonance-pour-les-animaux\/","article_modified_time":"2026-04-15T22:11:58+00:00","og_image":[{"width":685,"height":901,"url":"https:\/\/naturopathie.sobattitude.fr\/wp-content\/uploads\/2026\/04\/logo-animaux.png","type":"image\/png"}],"twitter_card":"summary_large_image","twitter_misc":{"Dur\u00e9e de lecture estim\u00e9e":"1 minute"},"schema":{"@context":"https:\/\/schema.org","@graph":[{"@type":"WebPage","@id":"https:\/\/naturopathie.sobattitude.fr\/index.php\/bioresonance-pour-les-animaux\/","url":"https:\/\/naturopathie.sobattitude.fr\/index.php\/bioresonance-pour-les-animaux\/","name":"Pour vos animaux -","isPartOf":{"@id":"https:\/\/naturopathie.sobattitude.fr\/#website"},"primaryImageOfPage":{"@id":"https:\/\/naturopathie.sobattitude.fr\/index.php\/bioresonance-pour-les-animaux\/#primaryimage"},"image":{"@id":"https:\/\/naturopathie.sobattitude.fr\/index.php\/bioresonance-pour-les-animaux\/#primaryimage"},"thumbnailUrl":"https:\/\/naturopathie.sobattitude.fr\/wp-content\/uploads\/2026\/04\/logo-animaux.png","datePublished":"2025-01-13T23:23:29+00:00","dateModified":"2026-04-15T22:11:58+00:00","breadcrumb":{"@id":"https:\/\/naturopathie.sobattitude.fr\/index.php\/bioresonance-pour-les-animaux\/#breadcrumb"},"inLanguage":"fr-FR","potentialAction":[{"@type":"ReadAction","target":["https:\/\/naturopathie.sobattitude.fr\/index.php\/bioresonance-pour-les-animaux\/"]}]},{"@type":"ImageObject","inLanguage":"fr-FR","@id":"https:\/\/naturopathie.sobattitude.fr\/index.php\/bioresonance-pour-les-animaux\/#primaryimage","url":"https:\/\/naturopathie.sobattitude.fr\/wp-content\/uploads\/2026\/04\/logo-animaux.png","contentUrl":"https:\/\/naturopathie.sobattitude.fr\/wp-content\/uploads\/2026\/04\/logo-animaux.png","width":685,"height":901},{"@type":"BreadcrumbList","@id":"https:\/\/naturopathie.sobattitude.fr\/index.php\/bioresonance-pour-les-animaux\/#breadcrumb","itemListElement":[{"@type":"ListItem","position":1,"name":"Accueil","item":"https:\/\/naturopathie.sobattitude.fr\/"},{"@type":"ListItem","position":2,"name":"Pour vos animaux"}]},{"@type":"WebSite","@id":"https:\/\/naturopathie.sobattitude.fr\/#website","url":"https:\/\/naturopathie.sobattitude.fr\/","name":"","description":"","potentialAction":[{"@type":"SearchAction","target":{"@type":"EntryPoint","urlTemplate":"https:\/\/naturopathie.sobattitude.fr\/?s={search_term_string}"},"query-input":{"@type":"PropertyValueSpecification","valueRequired":true,"valueName":"search_term_string"}}],"inLanguage":"fr-FR"}]}},"_links":{"self":[{"href":"https:\/\/naturopathie.sobattitude.fr\/index.php\/wp-json\/wp\/v2\/pages\/1878","targetHints":{"allow":["GET"]}}],"collection":[{"href":"https:\/\/naturopathie.sobattitude.fr\/index.php\/wp-json\/wp\/v2\/pages"}],"about":[{"href":"https:\/\/naturopathie.sobattitude.fr\/index.php\/wp-json\/wp\/v2\/types\/page"}],"author":[{"embeddable":true,"href":"https:\/\/naturopathie.sobattitude.fr\/index.php\/wp-json\/wp\/v2\/users\/1"}],"replies":[{"embeddable":true,"href":"https:\/\/naturopathie.sobattitude.fr\/index.php\/wp-json\/wp\/v2\/comments?post=1878"}],"version-history":[{"count":12,"href":"https:\/\/naturopathie.sobattitude.fr\/index.php\/wp-json\/wp\/v2\/pages\/1878\/revisions"}],"predecessor-version":[{"id":2959,"href":"https:\/\/naturopathie.sobattitude.fr\/index.php\/wp-json\/wp\/v2\/pages\/1878\/revisions\/2959"}],"wp:attachment":[{"href":"https:\/\/naturopathie.sobattitude.fr\/index.php\/wp-json\/wp\/v2\/media?parent=1878"}],"curies":[{"name":"wp","href":"https:\/\/api.w.org\/{rel}","templated":true}]}}