{"id":2,"date":"2018-03-30T15:36:59","date_gmt":"2018-03-30T13:36:59","guid":{"rendered":"http:\/\/naturopathie.sobattitude.fr\/?page_id=2"},"modified":"2026-04-15T23:41:44","modified_gmt":"2026-04-15T21:41:44","slug":"naturopathe-essonne-hypnose-stress-anxiete-burnout","status":"publish","type":"page","link":"https:\/\/naturopathie.sobattitude.fr\/","title":{"rendered":"Accueil"},"content":{"rendered":"\n<h1 class=\"wp-block-heading\">Naturopathe &amp; hypnoth\u00e9rapeute en Essonne \u2013 Stress, \u00e9motions et \u00e9quilibre int\u00e9rieur<\/h1>\n\n\n\n<figure class=\"wp-block-image size-large is-resized\"><img loading=\"lazy\" decoding=\"async\" width=\"1024\" height=\"683\" src=\"https:\/\/naturopathie.sobattitude.fr\/wp-content\/uploads\/2026\/04\/joie-26-1024x683.jpg\" alt=\"\" class=\"wp-image-2935\" style=\"aspect-ratio:1.4993167176416997;width:348px;height:auto\" srcset=\"https:\/\/naturopathie.sobattitude.fr\/wp-content\/uploads\/2026\/04\/joie-26-1024x683.jpg 1024w, https:\/\/naturopathie.sobattitude.fr\/wp-content\/uploads\/2026\/04\/joie-26-300x200.jpg 300w, https:\/\/naturopathie.sobattitude.fr\/wp-content\/uploads\/2026\/04\/joie-26-768x512.jpg 768w, https:\/\/naturopathie.sobattitude.fr\/wp-content\/uploads\/2026\/04\/joie-26-1536x1024.jpg 1536w, https:\/\/naturopathie.sobattitude.fr\/wp-content\/uploads\/2026\/04\/joie-26-2048x1365.jpg 2048w\" sizes=\"auto, (max-width: 1024px) 100vw, 1024px\" \/><\/figure>\n\n\n\n<h2 class=\"wp-block-heading\">Retrouver votre calme int\u00e9rieur est possible<\/h2>\n\n\n\n<p>Vous traversez peut-\u00eatre une p\u00e9riode de stress, de fatigue \u00e9motionnelle ou de surcharge mentale\u2026<\/p>\n\n\n\n<p>Et malgr\u00e9 vos efforts, vous avez l\u2019impression de \u201ctenir\u201d plus que de vraiment aller bien.<\/p>\n\n\n\n<p>\ud83d\udc49 Ici, l\u2019objectif est de vous aider \u00e0 retrouver un \u00e9quilibre plus profond, plus durable.<\/p>\n\n\n\n<hr class=\"wp-block-separator has-alpha-channel-opacity\"\/>\n\n\n\n<h2 class=\"wp-block-heading\">Une approche globale pour vous accompagner<\/h2>\n\n\n\n<p>Je suis naturopathe, praticienne en hypnose et en bior\u00e9sonance en Essonne.<\/p>\n\n\n\n<p>Je vous accompagne pour :<\/p>\n\n\n\n<ul class=\"wp-block-list\">\n<li>apaiser stress et \u00e9motions<\/li>\n\n\n\n<li>sortir de la fatigue nerveuse<\/li>\n\n\n\n<li>retrouver de l\u2019\u00e9nergie et de la clart\u00e9 mentale<\/li>\n\n\n\n<li>vous lib\u00e9rer de certains blocages int\u00e9rieurs<\/li>\n<\/ul>\n\n\n\n<p>Mon approche est douce, globale et personnalis\u00e9e.<\/p>\n\n\n\n<hr class=\"wp-block-separator has-alpha-channel-opacity\"\/>\n\n\n\n<h2 class=\"wp-block-heading\">Une prise en charge \u00e0 votre rythme<\/h2>\n\n\n\n<p>Chaque personne est diff\u00e9rente. Chaque histoire aussi.<\/p>\n\n\n\n<p>C\u2019est pourquoi je propose un accompagnement adapt\u00e9 \u00e0 votre situation.<\/p>\n\n\n\n<p>\ud83d\udc49 Pour retrouver un mieux-\u00eatre global, sans pression.<\/p>\n\n\n\n<hr class=\"wp-block-separator has-alpha-channel-opacity\"\/>\n\n\n\n<h2 class=\"wp-block-heading\">Consultations en Essonne ou \u00e0 distance<\/h2>\n\n\n\n<p>Je vous accompagne en cabinet en Essonne (91) ou en visio, selon ce qui est le plus confortable pour vous.<\/p>\n\n\n\n<hr class=\"wp-block-separator has-alpha-channel-opacity\"\/>\n\n\n\n<h2 class=\"wp-block-heading\">Vous ne savez pas par o\u00f9 commencer ?<\/h2>\n\n\n\n<p>C\u2019est normal.<\/p>\n\n\n\n<p>Chaque situation est unique, et il n\u2019y a pas de \u201cbon moment parfait\u201d.<\/p>\n\n\n\n<p>\ud83d\udc49 Le plus important est simplement de commencer l\u00e0 o\u00f9 vous en \u00eates aujourd\u2019hui.<\/p>\n\n\n\n<hr class=\"wp-block-separator has-alpha-channel-opacity\"\/>\n\n\n\n<h2 class=\"wp-block-heading\">Prendre rendez-vous<\/h2>\n\n\n\n<p>\ud83d\udc49 R\u00e9servez votre s\u00e9ance et commencez votre accompagnement en douceur<\/p>\n\n\n\n<div class=\"wp-block-buttons is-layout-flex wp-block-buttons-is-layout-flex\">\n<div class=\"wp-block-button is-style-outline is-style-outline--1\"><a class=\"wp-block-button__link wp-element-button\" href=\"https:\/\/perfactive.fr\/naturopathe\/saint-germain-les-corbeil\/sophie-ballet\" target=\"_blank\" rel=\"noreferrer noopener\">Prendre RdV<\/a><\/div>\n<\/div>\n\n\n\n<hr class=\"wp-block-separator has-alpha-channel-opacity\"\/>\n\n\n\n<h2 class=\"wp-block-heading\">\ud83c\udf3f Un accompagnement centr\u00e9 sur vous<\/h2>\n\n\n\n<p>Chaque s\u00e9ance est adapt\u00e9e \u00e0 votre v\u00e9cu du moment.<\/p>\n\n\n\n<p>L\u2019objectif n\u2019est pas de \u201cvous changer\u201d\u2026<\/p>\n\n\n\n<p>\ud83d\udc49 mais de vous aider \u00e0 revenir \u00e0 votre propre \u00e9quilibre int\u00e9rieur.<\/p>\n\n\n\n<hr class=\"wp-block-separator has-alpha-channel-opacity\"\/>\n\n\n\n<h2 class=\"wp-block-heading\">Pour aller plus loin<\/h2>\n\n\n\n<p><a href=\"https:\/\/naturopathie.sobattitude.fr\/index.php\/mon-accompagnement\/\" type=\"link\" id=\"https:\/\/naturopathie.sobattitude.fr\/index.php\/mon-accompagnement\/\">D\u00e9couvrez mon accompagnement<\/a> <\/p>\n\n\n\n<p><a href=\"https:\/\/naturopathie.sobattitude.fr\/index.php\/hypnose-a-la-carte\/\" type=\"link\" id=\"https:\/\/naturopathie.sobattitude.fr\/index.php\/hypnose-a-la-carte\/\">Acc\u00e9dez aux programmes d\u2019hypnose en ligne<\/a> <\/p>\n\n\n\n<hr class=\"wp-block-separator has-alpha-channel-opacity\"\/>\n\n\n\n<figure class=\"wp-block-image size-large is-resized\"><img loading=\"lazy\" decoding=\"async\" width=\"683\" height=\"1024\" src=\"https:\/\/naturopathie.sobattitude.fr\/wp-content\/uploads\/2026\/04\/joie-31-683x1024.jpg\" alt=\"\" class=\"wp-image-2799\" style=\"aspect-ratio:0.6670129150652678;width:197px;height:auto\" srcset=\"https:\/\/naturopathie.sobattitude.fr\/wp-content\/uploads\/2026\/04\/joie-31-683x1024.jpg 683w, https:\/\/naturopathie.sobattitude.fr\/wp-content\/uploads\/2026\/04\/joie-31-200x300.jpg 200w, https:\/\/naturopathie.sobattitude.fr\/wp-content\/uploads\/2026\/04\/joie-31-768x1152.jpg 768w, https:\/\/naturopathie.sobattitude.fr\/wp-content\/uploads\/2026\/04\/joie-31-1024x1536.jpg 1024w, https:\/\/naturopathie.sobattitude.fr\/wp-content\/uploads\/2026\/04\/joie-31-1365x2048.jpg 1365w, https:\/\/naturopathie.sobattitude.fr\/wp-content\/uploads\/2026\/04\/joie-31-scaled.jpg 1706w\" sizes=\"auto, (max-width: 683px) 100vw, 683px\" \/><\/figure>\n","protected":false},"excerpt":{"rendered":"<p>Naturopathe &amp; hypnoth\u00e9rapeute en Essonne \u2013 Stress, \u00e9motions et \u00e9quilibre int\u00e9rieur Retrouver votre calme int\u00e9rieur est possible Vous traversez peut-\u00eatre une p\u00e9riode de stress, de fatigue \u00e9motionnelle ou de surcharge mentale\u2026 Et malgr\u00e9 vos efforts, vous avez l\u2019impression de \u201ctenir\u201d plus que de vraiment aller bien. \ud83d\udc49 Ici, l\u2019objectif est de vous aider \u00e0 retrouver&#8230;<\/p>\n","protected":false},"author":1,"featured_media":0,"parent":0,"menu_order":0,"comment_status":"closed","ping_status":"open","template":"","meta":{"_kad_post_transparent":"","_kad_post_title":"","_kad_post_layout":"","_kad_post_sidebar_id":"","_kad_post_content_style":"","_kad_post_vertical_padding":"","_kad_post_feature":"","_kad_post_feature_position":"","_kad_post_header":false,"_kad_post_footer":false,"_kad_post_classname":"","footnotes":""},"class_list":["post-2","page","type-page","status-publish","hentry"],"yoast_head":"<!-- This site is optimized with the Yoast SEO plugin v27.4 - https:\/\/yoast.com\/product\/yoast-seo-wordpress\/ -->\n<title>Accueil -<\/title>\n<meta name=\"description\" content=\"Naturopathe en Essonne sp\u00e9cialis\u00e9e stress, anxi\u00e9t\u00e9 et burnout. Retrouvez apaisement et \u00e9nergie gr\u00e2ce \u00e0 l\u2019hypnose et des m\u00e9thodes naturelles.\" \/>\n<meta name=\"robots\" content=\"index, follow, max-snippet:-1, max-image-preview:large, max-video-preview:-1\" \/>\n<link rel=\"canonical\" href=\"https:\/\/naturopathie.sobattitude.fr\/\" \/>\n<meta property=\"og:locale\" content=\"fr_FR\" \/>\n<meta property=\"og:type\" content=\"article\" \/>\n<meta property=\"og:title\" content=\"Accueil -\" \/>\n<meta property=\"og:description\" content=\"Naturopathe en Essonne sp\u00e9cialis\u00e9e stress, anxi\u00e9t\u00e9 et burnout. Retrouvez apaisement et \u00e9nergie gr\u00e2ce \u00e0 l\u2019hypnose et des m\u00e9thodes naturelles.\" \/>\n<meta property=\"og:url\" content=\"https:\/\/naturopathie.sobattitude.fr\/\" \/>\n<meta property=\"article:modified_time\" content=\"2026-04-15T21:41:44+00:00\" \/>\n<meta property=\"og:image\" content=\"https:\/\/naturopathie.sobattitude.fr\/wp-content\/uploads\/2026\/04\/joie-26-scaled.jpg\" \/>\n\t<meta property=\"og:image:width\" content=\"2560\" \/>\n\t<meta property=\"og:image:height\" content=\"1707\" \/>\n\t<meta property=\"og:image:type\" content=\"image\/jpeg\" \/>\n<meta name=\"twitter:card\" content=\"summary_large_image\" \/>\n<meta name=\"twitter:label1\" content=\"Dur\u00e9e de lecture estim\u00e9e\" \/>\n\t<meta name=\"twitter:data1\" content=\"2 minutes\" \/>\n<script type=\"application\/ld+json\" class=\"yoast-schema-graph\">{\"@context\":\"https:\\\/\\\/schema.org\",\"@graph\":[{\"@type\":\"WebPage\",\"@id\":\"https:\\\/\\\/naturopathie.sobattitude.fr\\\/\",\"url\":\"https:\\\/\\\/naturopathie.sobattitude.fr\\\/\",\"name\":\"Accueil -\",\"isPartOf\":{\"@id\":\"https:\\\/\\\/naturopathie.sobattitude.fr\\\/#website\"},\"primaryImageOfPage\":{\"@id\":\"https:\\\/\\\/naturopathie.sobattitude.fr\\\/#primaryimage\"},\"image\":{\"@id\":\"https:\\\/\\\/naturopathie.sobattitude.fr\\\/#primaryimage\"},\"thumbnailUrl\":\"https:\\\/\\\/naturopathie.sobattitude.fr\\\/wp-content\\\/uploads\\\/2026\\\/04\\\/joie-26-1024x683.jpg\",\"datePublished\":\"2018-03-30T13:36:59+00:00\",\"dateModified\":\"2026-04-15T21:41:44+00:00\",\"description\":\"Naturopathe en Essonne sp\u00e9cialis\u00e9e stress, anxi\u00e9t\u00e9 et burnout. Retrouvez apaisement et \u00e9nergie gr\u00e2ce \u00e0 l\u2019hypnose et des m\u00e9thodes naturelles.\",\"breadcrumb\":{\"@id\":\"https:\\\/\\\/naturopathie.sobattitude.fr\\\/#breadcrumb\"},\"inLanguage\":\"fr-FR\",\"potentialAction\":[{\"@type\":\"ReadAction\",\"target\":[\"https:\\\/\\\/naturopathie.sobattitude.fr\\\/\"]}]},{\"@type\":\"ImageObject\",\"inLanguage\":\"fr-FR\",\"@id\":\"https:\\\/\\\/naturopathie.sobattitude.fr\\\/#primaryimage\",\"url\":\"https:\\\/\\\/naturopathie.sobattitude.fr\\\/wp-content\\\/uploads\\\/2026\\\/04\\\/joie-26-scaled.jpg\",\"contentUrl\":\"https:\\\/\\\/naturopathie.sobattitude.fr\\\/wp-content\\\/uploads\\\/2026\\\/04\\\/joie-26-scaled.jpg\",\"width\":2560,\"height\":1707},{\"@type\":\"BreadcrumbList\",\"@id\":\"https:\\\/\\\/naturopathie.sobattitude.fr\\\/#breadcrumb\",\"itemListElement\":[{\"@type\":\"ListItem\",\"position\":1,\"name\":\"Accueil\",\"item\":\"https:\\\/\\\/naturopathie.sobattitude.fr\\\/\"},{\"@type\":\"ListItem\",\"position\":2,\"name\":\"Accueil\"}]},{\"@type\":\"WebSite\",\"@id\":\"https:\\\/\\\/naturopathie.sobattitude.fr\\\/#website\",\"url\":\"https:\\\/\\\/naturopathie.sobattitude.fr\\\/\",\"name\":\"\",\"description\":\"\",\"potentialAction\":[{\"@type\":\"SearchAction\",\"target\":{\"@type\":\"EntryPoint\",\"urlTemplate\":\"https:\\\/\\\/naturopathie.sobattitude.fr\\\/?s={search_term_string}\"},\"query-input\":{\"@type\":\"PropertyValueSpecification\",\"valueRequired\":true,\"valueName\":\"search_term_string\"}}],\"inLanguage\":\"fr-FR\"}]}<\/script>\n<!-- \/ Yoast SEO plugin. -->","yoast_head_json":{"title":"Accueil -","description":"Naturopathe en Essonne sp\u00e9cialis\u00e9e stress, anxi\u00e9t\u00e9 et burnout. Retrouvez apaisement et \u00e9nergie gr\u00e2ce \u00e0 l\u2019hypnose et des m\u00e9thodes naturelles.","robots":{"index":"index","follow":"follow","max-snippet":"max-snippet:-1","max-image-preview":"max-image-preview:large","max-video-preview":"max-video-preview:-1"},"canonical":"https:\/\/naturopathie.sobattitude.fr\/","og_locale":"fr_FR","og_type":"article","og_title":"Accueil -","og_description":"Naturopathe en Essonne sp\u00e9cialis\u00e9e stress, anxi\u00e9t\u00e9 et burnout. Retrouvez apaisement et \u00e9nergie gr\u00e2ce \u00e0 l\u2019hypnose et des m\u00e9thodes naturelles.","og_url":"https:\/\/naturopathie.sobattitude.fr\/","article_modified_time":"2026-04-15T21:41:44+00:00","og_image":[{"width":2560,"height":1707,"url":"https:\/\/naturopathie.sobattitude.fr\/wp-content\/uploads\/2026\/04\/joie-26-scaled.jpg","type":"image\/jpeg"}],"twitter_card":"summary_large_image","twitter_misc":{"Dur\u00e9e de lecture estim\u00e9e":"2 minutes"},"schema":{"@context":"https:\/\/schema.org","@graph":[{"@type":"WebPage","@id":"https:\/\/naturopathie.sobattitude.fr\/","url":"https:\/\/naturopathie.sobattitude.fr\/","name":"Accueil -","isPartOf":{"@id":"https:\/\/naturopathie.sobattitude.fr\/#website"},"primaryImageOfPage":{"@id":"https:\/\/naturopathie.sobattitude.fr\/#primaryimage"},"image":{"@id":"https:\/\/naturopathie.sobattitude.fr\/#primaryimage"},"thumbnailUrl":"https:\/\/naturopathie.sobattitude.fr\/wp-content\/uploads\/2026\/04\/joie-26-1024x683.jpg","datePublished":"2018-03-30T13:36:59+00:00","dateModified":"2026-04-15T21:41:44+00:00","description":"Naturopathe en Essonne sp\u00e9cialis\u00e9e stress, anxi\u00e9t\u00e9 et burnout. Retrouvez apaisement et \u00e9nergie gr\u00e2ce \u00e0 l\u2019hypnose et des m\u00e9thodes naturelles.","breadcrumb":{"@id":"https:\/\/naturopathie.sobattitude.fr\/#breadcrumb"},"inLanguage":"fr-FR","potentialAction":[{"@type":"ReadAction","target":["https:\/\/naturopathie.sobattitude.fr\/"]}]},{"@type":"ImageObject","inLanguage":"fr-FR","@id":"https:\/\/naturopathie.sobattitude.fr\/#primaryimage","url":"https:\/\/naturopathie.sobattitude.fr\/wp-content\/uploads\/2026\/04\/joie-26-scaled.jpg","contentUrl":"https:\/\/naturopathie.sobattitude.fr\/wp-content\/uploads\/2026\/04\/joie-26-scaled.jpg","width":2560,"height":1707},{"@type":"BreadcrumbList","@id":"https:\/\/naturopathie.sobattitude.fr\/#breadcrumb","itemListElement":[{"@type":"ListItem","position":1,"name":"Accueil","item":"https:\/\/naturopathie.sobattitude.fr\/"},{"@type":"ListItem","position":2,"name":"Accueil"}]},{"@type":"WebSite","@id":"https:\/\/naturopathie.sobattitude.fr\/#website","url":"https:\/\/naturopathie.sobattitude.fr\/","name":"","description":"","potentialAction":[{"@type":"SearchAction","target":{"@type":"EntryPoint","urlTemplate":"https:\/\/naturopathie.sobattitude.fr\/?s={search_term_string}"},"query-input":{"@type":"PropertyValueSpecification","valueRequired":true,"valueName":"search_term_string"}}],"inLanguage":"fr-FR"}]}},"_links":{"self":[{"href":"https:\/\/naturopathie.sobattitude.fr\/index.php\/wp-json\/wp\/v2\/pages\/2","targetHints":{"allow":["GET"]}}],"collection":[{"href":"https:\/\/naturopathie.sobattitude.fr\/index.php\/wp-json\/wp\/v2\/pages"}],"about":[{"href":"https:\/\/naturopathie.sobattitude.fr\/index.php\/wp-json\/wp\/v2\/types\/page"}],"author":[{"embeddable":true,"href":"https:\/\/naturopathie.sobattitude.fr\/index.php\/wp-json\/wp\/v2\/users\/1"}],"replies":[{"embeddable":true,"href":"https:\/\/naturopathie.sobattitude.fr\/index.php\/wp-json\/wp\/v2\/comments?post=2"}],"version-history":[{"count":126,"href":"https:\/\/naturopathie.sobattitude.fr\/index.php\/wp-json\/wp\/v2\/pages\/2\/revisions"}],"predecessor-version":[{"id":2937,"href":"https:\/\/naturopathie.sobattitude.fr\/index.php\/wp-json\/wp\/v2\/pages\/2\/revisions\/2937"}],"wp:attachment":[{"href":"https:\/\/naturopathie.sobattitude.fr\/index.php\/wp-json\/wp\/v2\/media?parent=2"}],"curies":[{"name":"wp","href":"https:\/\/api.w.org\/{rel}","templated":true}]}}