{"id":2188,"date":"2025-10-07T00:03:44","date_gmt":"2025-10-06T22:03:44","guid":{"rendered":"https:\/\/naturopathie.sobattitude.fr\/?page_id=2188"},"modified":"2025-10-26T16:52:15","modified_gmt":"2025-10-26T15:52:15","slug":"les-packs","status":"publish","type":"page","link":"https:\/\/naturopathie.sobattitude.fr\/index.php\/les-packs\/","title":{"rendered":"Les packs de 3 s\u00e9ances"},"content":{"rendered":"\n<h2 class=\"wp-block-heading\">\u25a0 Pack Apaisement &amp; S\u00e9r\u00e9nit\u00e9 (stress, anxi\u00e9t\u00e9, sommeil)<\/h2>\n\n\n\n<p>Objectif : Lib\u00e9rer le stress, apaiser l\u2019anxi\u00e9t\u00e9 et am\u00e9liorer le sommeil.<\/p>\n\n\n\n<p>B\u00e9n\u00e9fices : Sommeil apais\u00e9, d\u00e9tente profonde, esprit clair et s\u00e9r\u00e9nit\u00e9 durable.<\/p>\n\n\n\n<p>\ud83d\udd70\ufe0f <strong>Rythme id\u00e9al :<\/strong> une s\u00e9ance toutes les <strong>2 semaines<\/strong><\/p>\n\n\n\n<h2 class=\"wp-block-heading\">\u25a0 Pack Vitalit\u00e9 &amp; Reconnexion (fatigue nerveuse, baisse d\u2019\u00e9nergie)<\/h2>\n\n\n\n<p>Objectif : Sortir de la fatigue nerveuse et retrouver son \u00e9nergie vitale.<\/p>\n\n\n\n<p>B\u00e9n\u00e9fices : \u00c9nergie retrouv\u00e9e, moral renforc\u00e9, sentiment d\u2019ancrage et de l\u00e9g\u00e8ret\u00e9.<\/p>\n\n\n\n<p>\ud83d\udd70\ufe0f <strong>Rythme id\u00e9al :<\/strong> une s\u00e9ance tous les <strong>10 \u00e0 15 jours<\/strong><\/p>\n\n\n\n<h2 class=\"wp-block-heading\">\u25a0 Pack \u00c9motions &amp; Harmonie int\u00e9rieure (\u00e9motions bloqu\u00e9es, hypersensibilit\u00e9, charge \u00e9motionnelle)<\/h2>\n\n\n\n<p>Objectif : Lib\u00e9rer les \u00e9motions bloqu\u00e9es et retrouver la paix int\u00e9rieure.<\/p>\n\n\n\n<p>B\u00e9n\u00e9fices : Apaisement \u00e9motionnel, stabilit\u00e9, paix int\u00e9rieure et \u00e9quilibre.<\/p>\n\n\n\n<p>\ud83d\udd70\ufe0f <strong>Rythme id\u00e9al :<\/strong> une s\u00e9ance toutes les <strong>3 semaines<\/strong><\/p>\n\n\n\n<h2 class=\"wp-block-heading\"><strong><u>Ce que comprennent ces packs :<\/u><\/strong><\/h2>\n\n\n\n<p>&#8211; Bilan naturopathique<\/p>\n\n\n\n<p>&#8211; Hypnose cibl\u00e9e personnalis\u00e9e<\/p>\n\n\n\n<p>&#8211; Bior\u00e9sonance adapt\u00e9e<\/p>\n\n\n\n<p><strong><u>+ Flacon Fleurs de Bach <\/u><\/strong><strong><u>OFFERT<\/u><\/strong><\/p>\n\n\n\n<p>Dur\u00e9e de chaque s\u00e9ance : 1h30 \u00e0 2h<\/p>\n\n\n\n<p>Packs valables 3 mois <\/p>\n","protected":false},"excerpt":{"rendered":"<p>\u25a0 Pack Apaisement &amp; S\u00e9r\u00e9nit\u00e9 (stress, anxi\u00e9t\u00e9, sommeil) Objectif : Lib\u00e9rer le stress, apaiser l\u2019anxi\u00e9t\u00e9 et am\u00e9liorer le sommeil. B\u00e9n\u00e9fices : Sommeil apais\u00e9, d\u00e9tente profonde, esprit clair et s\u00e9r\u00e9nit\u00e9 durable. \ud83d\udd70\ufe0f Rythme id\u00e9al : une s\u00e9ance toutes les 2 semaines \u25a0 Pack Vitalit\u00e9 &amp; Reconnexion (fatigue nerveuse, baisse d\u2019\u00e9nergie) Objectif : Sortir de la fatigue&#8230;<\/p>\n","protected":false},"author":1,"featured_media":0,"parent":0,"menu_order":0,"comment_status":"closed","ping_status":"closed","template":"","meta":{"_kad_post_transparent":"","_kad_post_title":"","_kad_post_layout":"","_kad_post_sidebar_id":"","_kad_post_content_style":"","_kad_post_vertical_padding":"","_kad_post_feature":"","_kad_post_feature_position":"","_kad_post_header":false,"_kad_post_footer":false,"_kad_post_classname":"","footnotes":""},"class_list":["post-2188","page","type-page","status-publish","hentry"],"yoast_head":"<!-- This site is optimized with the Yoast SEO plugin v27.5 - https:\/\/yoast.com\/product\/yoast-seo-wordpress\/ -->\n<title>Les packs de 3 s\u00e9ances -<\/title>\n<meta name=\"robots\" content=\"index, follow, max-snippet:-1, max-image-preview:large, max-video-preview:-1\" \/>\n<link rel=\"canonical\" href=\"https:\/\/naturopathie.sobattitude.fr\/index.php\/les-packs\/\" \/>\n<meta property=\"og:locale\" content=\"fr_FR\" \/>\n<meta property=\"og:type\" content=\"article\" \/>\n<meta property=\"og:title\" content=\"Les packs de 3 s\u00e9ances -\" \/>\n<meta property=\"og:description\" content=\"\u25a0 Pack Apaisement &amp; S\u00e9r\u00e9nit\u00e9 (stress, anxi\u00e9t\u00e9, sommeil) Objectif : Lib\u00e9rer le stress, apaiser l\u2019anxi\u00e9t\u00e9 et am\u00e9liorer le sommeil. B\u00e9n\u00e9fices : Sommeil apais\u00e9, d\u00e9tente profonde, esprit clair et s\u00e9r\u00e9nit\u00e9 durable. \ud83d\udd70\ufe0f Rythme id\u00e9al : une s\u00e9ance toutes les 2 semaines \u25a0 Pack Vitalit\u00e9 &amp; Reconnexion (fatigue nerveuse, baisse d\u2019\u00e9nergie) Objectif : Sortir de la fatigue...\" \/>\n<meta property=\"og:url\" content=\"https:\/\/naturopathie.sobattitude.fr\/index.php\/les-packs\/\" \/>\n<meta property=\"article:modified_time\" content=\"2025-10-26T15:52:15+00:00\" \/>\n<meta name=\"twitter:card\" content=\"summary_large_image\" \/>\n<meta name=\"twitter:label1\" content=\"Dur\u00e9e de lecture estim\u00e9e\" \/>\n\t<meta name=\"twitter:data1\" content=\"1 minute\" \/>\n<script type=\"application\/ld+json\" class=\"yoast-schema-graph\">{\"@context\":\"https:\\\/\\\/schema.org\",\"@graph\":[{\"@type\":\"WebPage\",\"@id\":\"https:\\\/\\\/naturopathie.sobattitude.fr\\\/index.php\\\/les-packs\\\/\",\"url\":\"https:\\\/\\\/naturopathie.sobattitude.fr\\\/index.php\\\/les-packs\\\/\",\"name\":\"Les packs de 3 s\u00e9ances -\",\"isPartOf\":{\"@id\":\"https:\\\/\\\/naturopathie.sobattitude.fr\\\/#website\"},\"datePublished\":\"2025-10-06T22:03:44+00:00\",\"dateModified\":\"2025-10-26T15:52:15+00:00\",\"breadcrumb\":{\"@id\":\"https:\\\/\\\/naturopathie.sobattitude.fr\\\/index.php\\\/les-packs\\\/#breadcrumb\"},\"inLanguage\":\"fr-FR\",\"potentialAction\":[{\"@type\":\"ReadAction\",\"target\":[\"https:\\\/\\\/naturopathie.sobattitude.fr\\\/index.php\\\/les-packs\\\/\"]}]},{\"@type\":\"BreadcrumbList\",\"@id\":\"https:\\\/\\\/naturopathie.sobattitude.fr\\\/index.php\\\/les-packs\\\/#breadcrumb\",\"itemListElement\":[{\"@type\":\"ListItem\",\"position\":1,\"name\":\"Accueil\",\"item\":\"https:\\\/\\\/naturopathie.sobattitude.fr\\\/\"},{\"@type\":\"ListItem\",\"position\":2,\"name\":\"Les packs de 3 s\u00e9ances\"}]},{\"@type\":\"WebSite\",\"@id\":\"https:\\\/\\\/naturopathie.sobattitude.fr\\\/#website\",\"url\":\"https:\\\/\\\/naturopathie.sobattitude.fr\\\/\",\"name\":\"\",\"description\":\"\",\"potentialAction\":[{\"@type\":\"SearchAction\",\"target\":{\"@type\":\"EntryPoint\",\"urlTemplate\":\"https:\\\/\\\/naturopathie.sobattitude.fr\\\/?s={search_term_string}\"},\"query-input\":{\"@type\":\"PropertyValueSpecification\",\"valueRequired\":true,\"valueName\":\"search_term_string\"}}],\"inLanguage\":\"fr-FR\"}]}<\/script>\n<!-- \/ Yoast SEO plugin. -->","yoast_head_json":{"title":"Les packs de 3 s\u00e9ances -","robots":{"index":"index","follow":"follow","max-snippet":"max-snippet:-1","max-image-preview":"max-image-preview:large","max-video-preview":"max-video-preview:-1"},"canonical":"https:\/\/naturopathie.sobattitude.fr\/index.php\/les-packs\/","og_locale":"fr_FR","og_type":"article","og_title":"Les packs de 3 s\u00e9ances -","og_description":"\u25a0 Pack Apaisement &amp; S\u00e9r\u00e9nit\u00e9 (stress, anxi\u00e9t\u00e9, sommeil) Objectif : Lib\u00e9rer le stress, apaiser l\u2019anxi\u00e9t\u00e9 et am\u00e9liorer le sommeil. B\u00e9n\u00e9fices : Sommeil apais\u00e9, d\u00e9tente profonde, esprit clair et s\u00e9r\u00e9nit\u00e9 durable. \ud83d\udd70\ufe0f Rythme id\u00e9al : une s\u00e9ance toutes les 2 semaines \u25a0 Pack Vitalit\u00e9 &amp; Reconnexion (fatigue nerveuse, baisse d\u2019\u00e9nergie) Objectif : Sortir de la fatigue...","og_url":"https:\/\/naturopathie.sobattitude.fr\/index.php\/les-packs\/","article_modified_time":"2025-10-26T15:52:15+00:00","twitter_card":"summary_large_image","twitter_misc":{"Dur\u00e9e de lecture estim\u00e9e":"1 minute"},"schema":{"@context":"https:\/\/schema.org","@graph":[{"@type":"WebPage","@id":"https:\/\/naturopathie.sobattitude.fr\/index.php\/les-packs\/","url":"https:\/\/naturopathie.sobattitude.fr\/index.php\/les-packs\/","name":"Les packs de 3 s\u00e9ances -","isPartOf":{"@id":"https:\/\/naturopathie.sobattitude.fr\/#website"},"datePublished":"2025-10-06T22:03:44+00:00","dateModified":"2025-10-26T15:52:15+00:00","breadcrumb":{"@id":"https:\/\/naturopathie.sobattitude.fr\/index.php\/les-packs\/#breadcrumb"},"inLanguage":"fr-FR","potentialAction":[{"@type":"ReadAction","target":["https:\/\/naturopathie.sobattitude.fr\/index.php\/les-packs\/"]}]},{"@type":"BreadcrumbList","@id":"https:\/\/naturopathie.sobattitude.fr\/index.php\/les-packs\/#breadcrumb","itemListElement":[{"@type":"ListItem","position":1,"name":"Accueil","item":"https:\/\/naturopathie.sobattitude.fr\/"},{"@type":"ListItem","position":2,"name":"Les packs de 3 s\u00e9ances"}]},{"@type":"WebSite","@id":"https:\/\/naturopathie.sobattitude.fr\/#website","url":"https:\/\/naturopathie.sobattitude.fr\/","name":"","description":"","potentialAction":[{"@type":"SearchAction","target":{"@type":"EntryPoint","urlTemplate":"https:\/\/naturopathie.sobattitude.fr\/?s={search_term_string}"},"query-input":{"@type":"PropertyValueSpecification","valueRequired":true,"valueName":"search_term_string"}}],"inLanguage":"fr-FR"}]}},"_links":{"self":[{"href":"https:\/\/naturopathie.sobattitude.fr\/index.php\/wp-json\/wp\/v2\/pages\/2188","targetHints":{"allow":["GET"]}}],"collection":[{"href":"https:\/\/naturopathie.sobattitude.fr\/index.php\/wp-json\/wp\/v2\/pages"}],"about":[{"href":"https:\/\/naturopathie.sobattitude.fr\/index.php\/wp-json\/wp\/v2\/types\/page"}],"author":[{"embeddable":true,"href":"https:\/\/naturopathie.sobattitude.fr\/index.php\/wp-json\/wp\/v2\/users\/1"}],"replies":[{"embeddable":true,"href":"https:\/\/naturopathie.sobattitude.fr\/index.php\/wp-json\/wp\/v2\/comments?post=2188"}],"version-history":[{"count":8,"href":"https:\/\/naturopathie.sobattitude.fr\/index.php\/wp-json\/wp\/v2\/pages\/2188\/revisions"}],"predecessor-version":[{"id":2264,"href":"https:\/\/naturopathie.sobattitude.fr\/index.php\/wp-json\/wp\/v2\/pages\/2188\/revisions\/2264"}],"wp:attachment":[{"href":"https:\/\/naturopathie.sobattitude.fr\/index.php\/wp-json\/wp\/v2\/media?parent=2188"}],"curies":[{"name":"wp","href":"https:\/\/api.w.org\/{rel}","templated":true}]}}