{"id":2526,"date":"2026-04-12T21:48:44","date_gmt":"2026-04-12T19:48:44","guid":{"rendered":"https:\/\/naturopathie.sobattitude.fr\/?page_id=2526"},"modified":"2026-04-12T21:56:00","modified_gmt":"2026-04-12T19:56:00","slug":"techniques","status":"publish","type":"page","link":"https:\/\/naturopathie.sobattitude.fr\/index.php\/techniques\/","title":{"rendered":"Techniques"},"content":{"rendered":"\n<p>Selon vos besoins, je mets \u00e0 votre disposition diff\u00e9rentes techniques.<\/p>\n\n\n\n<p><a href=\"https:\/\/naturopathie.sobattitude.fr\/index.php\/naturopathie\/\">Naturopathie<\/a><\/p>\n\n\n\n<p><a href=\"https:\/\/naturopathie.sobattitude.fr\/index.php\/hypnose\/\">Hypnose<\/a><\/p>\n\n\n\n<p><a href=\"https:\/\/naturopathie.sobattitude.fr\/index.php\/psychopraticienne\/\">Psychopraticienne<\/a><\/p>\n\n\n\n<p><a href=\"https:\/\/naturopathie.sobattitude.fr\/index.php\/relaxation\/\">Relaxation<\/a><\/p>\n\n\n\n<p><a href=\"https:\/\/naturopathie.sobattitude.fr\/index.php\/bioresonance-douce\/\">Bior\u00e9sonance douce<\/a><\/p>\n\n\n\n<p><a href=\"https:\/\/naturopathie.sobattitude.fr\/index.php\/laseropuncture\/\">Laseropuncture<\/a><\/p>\n\n\n\n<p><a href=\"https:\/\/naturopathie.sobattitude.fr\/index.php\/soin-energetique-a-distance\/\">Soin \u00e9nerg\u00e9tique \u00e0 distance<\/a><\/p>\n\n\n\n<p><\/p>\n\n\n\n<p><\/p>\n","protected":false},"excerpt":{"rendered":"<p>Selon vos besoins, je mets \u00e0 votre disposition diff\u00e9rentes techniques. Naturopathie Hypnose Psychopraticienne Relaxation Bior\u00e9sonance douce Laseropuncture Soin \u00e9nerg\u00e9tique \u00e0 distance<\/p>\n","protected":false},"author":1,"featured_media":0,"parent":0,"menu_order":0,"comment_status":"closed","ping_status":"closed","template":"","meta":{"_kad_post_transparent":"","_kad_post_title":"","_kad_post_layout":"","_kad_post_sidebar_id":"","_kad_post_content_style":"","_kad_post_vertical_padding":"","_kad_post_feature":"","_kad_post_feature_position":"","_kad_post_header":false,"_kad_post_footer":false,"_kad_post_classname":"","footnotes":""},"class_list":["post-2526","page","type-page","status-publish","hentry"],"yoast_head":"<!-- This site is optimized with the Yoast SEO plugin v21.1 - https:\/\/yoast.com\/wordpress\/plugins\/seo\/ -->\n<title>Techniques -<\/title>\n<meta name=\"robots\" content=\"index, follow, max-snippet:-1, max-image-preview:large, max-video-preview:-1\" \/>\n<link rel=\"canonical\" href=\"https:\/\/naturopathie.sobattitude.fr\/index.php\/techniques\/\" \/>\n<meta property=\"og:locale\" content=\"fr_FR\" \/>\n<meta property=\"og:type\" content=\"article\" \/>\n<meta property=\"og:title\" content=\"Techniques -\" \/>\n<meta property=\"og:description\" content=\"Selon vos besoins, je mets \u00e0 votre disposition diff\u00e9rentes techniques. Naturopathie Hypnose Psychopraticienne Relaxation Bior\u00e9sonance douce Laseropuncture Soin \u00e9nerg\u00e9tique \u00e0 distance\" \/>\n<meta property=\"og:url\" content=\"https:\/\/naturopathie.sobattitude.fr\/index.php\/techniques\/\" \/>\n<meta property=\"article:modified_time\" content=\"2026-04-12T19:56:00+00:00\" \/>\n<meta name=\"twitter:card\" content=\"summary_large_image\" \/>\n<meta name=\"twitter:label1\" content=\"Dur\u00e9e de lecture estim\u00e9e\" \/>\n\t<meta name=\"twitter:data1\" content=\"1 minute\" \/>\n<script type=\"application\/ld+json\" class=\"yoast-schema-graph\">{\"@context\":\"https:\/\/schema.org\",\"@graph\":[{\"@type\":\"WebPage\",\"@id\":\"https:\/\/naturopathie.sobattitude.fr\/index.php\/techniques\/\",\"url\":\"https:\/\/naturopathie.sobattitude.fr\/index.php\/techniques\/\",\"name\":\"Techniques -\",\"isPartOf\":{\"@id\":\"https:\/\/naturopathie.sobattitude.fr\/#website\"},\"datePublished\":\"2026-04-12T19:48:44+00:00\",\"dateModified\":\"2026-04-12T19:56:00+00:00\",\"breadcrumb\":{\"@id\":\"https:\/\/naturopathie.sobattitude.fr\/index.php\/techniques\/#breadcrumb\"},\"inLanguage\":\"fr-FR\",\"potentialAction\":[{\"@type\":\"ReadAction\",\"target\":[\"https:\/\/naturopathie.sobattitude.fr\/index.php\/techniques\/\"]}]},{\"@type\":\"BreadcrumbList\",\"@id\":\"https:\/\/naturopathie.sobattitude.fr\/index.php\/techniques\/#breadcrumb\",\"itemListElement\":[{\"@type\":\"ListItem\",\"position\":1,\"name\":\"Accueil\",\"item\":\"https:\/\/naturopathie.sobattitude.fr\/\"},{\"@type\":\"ListItem\",\"position\":2,\"name\":\"Techniques\"}]},{\"@type\":\"WebSite\",\"@id\":\"https:\/\/naturopathie.sobattitude.fr\/#website\",\"url\":\"https:\/\/naturopathie.sobattitude.fr\/\",\"name\":\"\",\"description\":\"\",\"potentialAction\":[{\"@type\":\"SearchAction\",\"target\":{\"@type\":\"EntryPoint\",\"urlTemplate\":\"https:\/\/naturopathie.sobattitude.fr\/?s={search_term_string}\"},\"query-input\":\"required name=search_term_string\"}],\"inLanguage\":\"fr-FR\"}]}<\/script>\n<!-- \/ Yoast SEO plugin. -->","yoast_head_json":{"title":"Techniques -","robots":{"index":"index","follow":"follow","max-snippet":"max-snippet:-1","max-image-preview":"max-image-preview:large","max-video-preview":"max-video-preview:-1"},"canonical":"https:\/\/naturopathie.sobattitude.fr\/index.php\/techniques\/","og_locale":"fr_FR","og_type":"article","og_title":"Techniques -","og_description":"Selon vos besoins, je mets \u00e0 votre disposition diff\u00e9rentes techniques. Naturopathie Hypnose Psychopraticienne Relaxation Bior\u00e9sonance douce Laseropuncture Soin \u00e9nerg\u00e9tique \u00e0 distance","og_url":"https:\/\/naturopathie.sobattitude.fr\/index.php\/techniques\/","article_modified_time":"2026-04-12T19:56:00+00:00","twitter_card":"summary_large_image","twitter_misc":{"Dur\u00e9e de lecture estim\u00e9e":"1 minute"},"schema":{"@context":"https:\/\/schema.org","@graph":[{"@type":"WebPage","@id":"https:\/\/naturopathie.sobattitude.fr\/index.php\/techniques\/","url":"https:\/\/naturopathie.sobattitude.fr\/index.php\/techniques\/","name":"Techniques -","isPartOf":{"@id":"https:\/\/naturopathie.sobattitude.fr\/#website"},"datePublished":"2026-04-12T19:48:44+00:00","dateModified":"2026-04-12T19:56:00+00:00","breadcrumb":{"@id":"https:\/\/naturopathie.sobattitude.fr\/index.php\/techniques\/#breadcrumb"},"inLanguage":"fr-FR","potentialAction":[{"@type":"ReadAction","target":["https:\/\/naturopathie.sobattitude.fr\/index.php\/techniques\/"]}]},{"@type":"BreadcrumbList","@id":"https:\/\/naturopathie.sobattitude.fr\/index.php\/techniques\/#breadcrumb","itemListElement":[{"@type":"ListItem","position":1,"name":"Accueil","item":"https:\/\/naturopathie.sobattitude.fr\/"},{"@type":"ListItem","position":2,"name":"Techniques"}]},{"@type":"WebSite","@id":"https:\/\/naturopathie.sobattitude.fr\/#website","url":"https:\/\/naturopathie.sobattitude.fr\/","name":"","description":"","potentialAction":[{"@type":"SearchAction","target":{"@type":"EntryPoint","urlTemplate":"https:\/\/naturopathie.sobattitude.fr\/?s={search_term_string}"},"query-input":"required name=search_term_string"}],"inLanguage":"fr-FR"}]}},"_links":{"self":[{"href":"https:\/\/naturopathie.sobattitude.fr\/index.php\/wp-json\/wp\/v2\/pages\/2526","targetHints":{"allow":["GET"]}}],"collection":[{"href":"https:\/\/naturopathie.sobattitude.fr\/index.php\/wp-json\/wp\/v2\/pages"}],"about":[{"href":"https:\/\/naturopathie.sobattitude.fr\/index.php\/wp-json\/wp\/v2\/types\/page"}],"author":[{"embeddable":true,"href":"https:\/\/naturopathie.sobattitude.fr\/index.php\/wp-json\/wp\/v2\/users\/1"}],"replies":[{"embeddable":true,"href":"https:\/\/naturopathie.sobattitude.fr\/index.php\/wp-json\/wp\/v2\/comments?post=2526"}],"version-history":[{"count":2,"href":"https:\/\/naturopathie.sobattitude.fr\/index.php\/wp-json\/wp\/v2\/pages\/2526\/revisions"}],"predecessor-version":[{"id":2530,"href":"https:\/\/naturopathie.sobattitude.fr\/index.php\/wp-json\/wp\/v2\/pages\/2526\/revisions\/2530"}],"wp:attachment":[{"href":"https:\/\/naturopathie.sobattitude.fr\/index.php\/wp-json\/wp\/v2\/media?parent=2526"}],"curies":[{"name":"wp","href":"https:\/\/api.w.org\/{rel}","templated":true}]}}