{"id":2540,"date":"2026-04-12T22:07:11","date_gmt":"2026-04-12T20:07:11","guid":{"rendered":"https:\/\/naturopathie.sobattitude.fr\/?page_id=2540"},"modified":"2026-04-12T22:07:40","modified_gmt":"2026-04-12T20:07:40","slug":"accompagnement-de-la-fatigue-et-de-lepuisement","status":"publish","type":"page","link":"https:\/\/naturopathie.sobattitude.fr\/index.php\/accompagnement-de-la-fatigue-et-de-lepuisement\/","title":{"rendered":"Accompagnement de la fatigue et de l\u2019\u00e9puisement"},"content":{"rendered":"\n<h3 class=\"wp-block-heading\">\ud83d\ude14 Vous \u00eates \u00e9puis\u00e9e en permanence ?<\/h3>\n\n\n\n<p>M\u00eame apr\u00e8s avoir dormi\u2026<\/p>\n\n\n\n<p>Vous vous sentez d\u00e9j\u00e0 fatigu\u00e9e.<\/p>\n\n\n\n<p>\ud83d\udc49 comme si votre \u00e9nergie ne revenait jamais vraiment.<\/p>\n\n\n\n<hr class=\"wp-block-separator has-alpha-channel-opacity\"\/>\n\n\n\n<h3 class=\"wp-block-heading\">\ud83e\udde0 Une fatigue qui d\u00e9passe le physique<\/h3>\n\n\n\n<p>Ce que vous vivez est souvent li\u00e9 \u00e0 :<\/p>\n\n\n\n<ul class=\"wp-block-list\">\n<li>surcharge mentale<\/li>\n\n\n\n<li>fatigue \u00e9motionnelle<\/li>\n\n\n\n<li>stress prolong\u00e9<\/li>\n\n\n\n<li>trop de pression int\u00e9rieure<\/li>\n<\/ul>\n\n\n\n<p>\ud83d\udc49 Le corps ne fait que refl\u00e9ter un trop-plein global.<\/p>\n\n\n\n<hr class=\"wp-block-separator has-alpha-channel-opacity\"\/>\n\n\n\n<h3 class=\"wp-block-heading\">\u26a0\ufe0f Quand le repos ne suffit plus<\/h3>\n\n\n\n<p>M\u00eame en vous reposant, vous ne r\u00e9cup\u00e9rez pas vraiment.<\/p>\n\n\n\n<p>Pourquoi ?<\/p>\n\n\n\n<p>\ud83d\udc49 Parce que votre syst\u00e8me int\u00e9rieur reste en tension.<\/p>\n\n\n\n<hr class=\"wp-block-separator has-alpha-channel-opacity\"\/>\n\n\n\n<h3 class=\"wp-block-heading\">\ud83c\udf3f Mon accompagnement<\/h3>\n\n\n\n<p>Je vous aide \u00e0 :<\/p>\n\n\n\n<ul class=\"wp-block-list\">\n<li>rel\u00e2cher la charge mentale<\/li>\n\n\n\n<li>apaiser le syst\u00e8me nerveux<\/li>\n\n\n\n<li>lib\u00e9rer les tensions \u00e9motionnelles<\/li>\n\n\n\n<li>retrouver progressivement de l\u2019\u00e9nergie<\/li>\n<\/ul>\n\n\n\n<hr class=\"wp-block-separator has-alpha-channel-opacity\"\/>\n\n\n\n<h3 class=\"wp-block-heading\">\ud83d\udc9b Vous pouvez retrouver votre vitalit\u00e9<\/h3>\n\n\n\n<p>Ce n\u2019est pas une fatalit\u00e9.<\/p>\n\n\n\n<p>Il est possible de retrouver :<\/p>\n\n\n\n<ul class=\"wp-block-list\">\n<li>de l\u2019\u00e9nergie<\/li>\n\n\n\n<li>de la clart\u00e9<\/li>\n\n\n\n<li>de l\u2019\u00e9lan<\/li>\n<\/ul>\n\n\n\n<hr class=\"wp-block-separator has-alpha-channel-opacity\"\/>\n\n\n\n<div class=\"wp-block-buttons is-layout-flex wp-block-buttons-is-layout-flex\">\n<div class=\"wp-block-button is-style-outline is-style-outline--1\"><a class=\"wp-block-button__link wp-element-button\" href=\"https:\/\/perfactive.fr\/naturopathe\/saint-germain-les-corbeil\/sophie-ballet\" target=\"_blank\" rel=\"noreferrer noopener\">Prendre RV en ligne<\/a><\/div>\n<\/div>\n","protected":false},"excerpt":{"rendered":"<p>\ud83d\ude14 Vous \u00eates \u00e9puis\u00e9e en permanence ? M\u00eame apr\u00e8s avoir dormi\u2026 Vous vous sentez d\u00e9j\u00e0 fatigu\u00e9e. \ud83d\udc49 comme si votre \u00e9nergie ne revenait jamais vraiment. \ud83e\udde0 Une fatigue qui d\u00e9passe le physique Ce que vous vivez est souvent li\u00e9 \u00e0 : \ud83d\udc49 Le corps ne fait que refl\u00e9ter un trop-plein global. \u26a0\ufe0f Quand le repos&#8230;<\/p>\n","protected":false},"author":1,"featured_media":0,"parent":0,"menu_order":0,"comment_status":"closed","ping_status":"closed","template":"","meta":{"_kad_post_transparent":"","_kad_post_title":"","_kad_post_layout":"","_kad_post_sidebar_id":"","_kad_post_content_style":"","_kad_post_vertical_padding":"","_kad_post_feature":"","_kad_post_feature_position":"","_kad_post_header":false,"_kad_post_footer":false,"_kad_post_classname":"","footnotes":""},"class_list":["post-2540","page","type-page","status-publish","hentry"],"yoast_head":"<!-- This site is optimized with the Yoast SEO plugin v21.1 - https:\/\/yoast.com\/wordpress\/plugins\/seo\/ -->\n<title>Accompagnement de la fatigue et de l\u2019\u00e9puisement -<\/title>\n<meta name=\"robots\" content=\"index, follow, max-snippet:-1, max-image-preview:large, max-video-preview:-1\" \/>\n<link rel=\"canonical\" href=\"https:\/\/naturopathie.sobattitude.fr\/index.php\/accompagnement-de-la-fatigue-et-de-lepuisement\/\" \/>\n<meta property=\"og:locale\" content=\"fr_FR\" \/>\n<meta property=\"og:type\" content=\"article\" \/>\n<meta property=\"og:title\" content=\"Accompagnement de la fatigue et de l\u2019\u00e9puisement -\" \/>\n<meta property=\"og:description\" content=\"\ud83d\ude14 Vous \u00eates \u00e9puis\u00e9e en permanence ? M\u00eame apr\u00e8s avoir dormi\u2026 Vous vous sentez d\u00e9j\u00e0 fatigu\u00e9e. \ud83d\udc49 comme si votre \u00e9nergie ne revenait jamais vraiment. \ud83e\udde0 Une fatigue qui d\u00e9passe le physique Ce que vous vivez est souvent li\u00e9 \u00e0 : \ud83d\udc49 Le corps ne fait que refl\u00e9ter un trop-plein global. \u26a0\ufe0f Quand le repos...\" \/>\n<meta property=\"og:url\" content=\"https:\/\/naturopathie.sobattitude.fr\/index.php\/accompagnement-de-la-fatigue-et-de-lepuisement\/\" \/>\n<meta property=\"article:modified_time\" content=\"2026-04-12T20:07:40+00:00\" \/>\n<meta name=\"twitter:card\" content=\"summary_large_image\" \/>\n<meta name=\"twitter:label1\" content=\"Dur\u00e9e de lecture estim\u00e9e\" \/>\n\t<meta name=\"twitter:data1\" content=\"1 minute\" \/>\n<script type=\"application\/ld+json\" class=\"yoast-schema-graph\">{\"@context\":\"https:\/\/schema.org\",\"@graph\":[{\"@type\":\"WebPage\",\"@id\":\"https:\/\/naturopathie.sobattitude.fr\/index.php\/accompagnement-de-la-fatigue-et-de-lepuisement\/\",\"url\":\"https:\/\/naturopathie.sobattitude.fr\/index.php\/accompagnement-de-la-fatigue-et-de-lepuisement\/\",\"name\":\"Accompagnement de la fatigue et de l\u2019\u00e9puisement -\",\"isPartOf\":{\"@id\":\"https:\/\/naturopathie.sobattitude.fr\/#website\"},\"datePublished\":\"2026-04-12T20:07:11+00:00\",\"dateModified\":\"2026-04-12T20:07:40+00:00\",\"breadcrumb\":{\"@id\":\"https:\/\/naturopathie.sobattitude.fr\/index.php\/accompagnement-de-la-fatigue-et-de-lepuisement\/#breadcrumb\"},\"inLanguage\":\"fr-FR\",\"potentialAction\":[{\"@type\":\"ReadAction\",\"target\":[\"https:\/\/naturopathie.sobattitude.fr\/index.php\/accompagnement-de-la-fatigue-et-de-lepuisement\/\"]}]},{\"@type\":\"BreadcrumbList\",\"@id\":\"https:\/\/naturopathie.sobattitude.fr\/index.php\/accompagnement-de-la-fatigue-et-de-lepuisement\/#breadcrumb\",\"itemListElement\":[{\"@type\":\"ListItem\",\"position\":1,\"name\":\"Accueil\",\"item\":\"https:\/\/naturopathie.sobattitude.fr\/\"},{\"@type\":\"ListItem\",\"position\":2,\"name\":\"Accompagnement de la fatigue et de l\u2019\u00e9puisement\"}]},{\"@type\":\"WebSite\",\"@id\":\"https:\/\/naturopathie.sobattitude.fr\/#website\",\"url\":\"https:\/\/naturopathie.sobattitude.fr\/\",\"name\":\"\",\"description\":\"\",\"potentialAction\":[{\"@type\":\"SearchAction\",\"target\":{\"@type\":\"EntryPoint\",\"urlTemplate\":\"https:\/\/naturopathie.sobattitude.fr\/?s={search_term_string}\"},\"query-input\":\"required name=search_term_string\"}],\"inLanguage\":\"fr-FR\"}]}<\/script>\n<!-- \/ Yoast SEO plugin. -->","yoast_head_json":{"title":"Accompagnement de la fatigue et de l\u2019\u00e9puisement -","robots":{"index":"index","follow":"follow","max-snippet":"max-snippet:-1","max-image-preview":"max-image-preview:large","max-video-preview":"max-video-preview:-1"},"canonical":"https:\/\/naturopathie.sobattitude.fr\/index.php\/accompagnement-de-la-fatigue-et-de-lepuisement\/","og_locale":"fr_FR","og_type":"article","og_title":"Accompagnement de la fatigue et de l\u2019\u00e9puisement -","og_description":"\ud83d\ude14 Vous \u00eates \u00e9puis\u00e9e en permanence ? M\u00eame apr\u00e8s avoir dormi\u2026 Vous vous sentez d\u00e9j\u00e0 fatigu\u00e9e. \ud83d\udc49 comme si votre \u00e9nergie ne revenait jamais vraiment. \ud83e\udde0 Une fatigue qui d\u00e9passe le physique Ce que vous vivez est souvent li\u00e9 \u00e0 : \ud83d\udc49 Le corps ne fait que refl\u00e9ter un trop-plein global. \u26a0\ufe0f Quand le repos...","og_url":"https:\/\/naturopathie.sobattitude.fr\/index.php\/accompagnement-de-la-fatigue-et-de-lepuisement\/","article_modified_time":"2026-04-12T20:07:40+00:00","twitter_card":"summary_large_image","twitter_misc":{"Dur\u00e9e de lecture estim\u00e9e":"1 minute"},"schema":{"@context":"https:\/\/schema.org","@graph":[{"@type":"WebPage","@id":"https:\/\/naturopathie.sobattitude.fr\/index.php\/accompagnement-de-la-fatigue-et-de-lepuisement\/","url":"https:\/\/naturopathie.sobattitude.fr\/index.php\/accompagnement-de-la-fatigue-et-de-lepuisement\/","name":"Accompagnement de la fatigue et de l\u2019\u00e9puisement -","isPartOf":{"@id":"https:\/\/naturopathie.sobattitude.fr\/#website"},"datePublished":"2026-04-12T20:07:11+00:00","dateModified":"2026-04-12T20:07:40+00:00","breadcrumb":{"@id":"https:\/\/naturopathie.sobattitude.fr\/index.php\/accompagnement-de-la-fatigue-et-de-lepuisement\/#breadcrumb"},"inLanguage":"fr-FR","potentialAction":[{"@type":"ReadAction","target":["https:\/\/naturopathie.sobattitude.fr\/index.php\/accompagnement-de-la-fatigue-et-de-lepuisement\/"]}]},{"@type":"BreadcrumbList","@id":"https:\/\/naturopathie.sobattitude.fr\/index.php\/accompagnement-de-la-fatigue-et-de-lepuisement\/#breadcrumb","itemListElement":[{"@type":"ListItem","position":1,"name":"Accueil","item":"https:\/\/naturopathie.sobattitude.fr\/"},{"@type":"ListItem","position":2,"name":"Accompagnement de la fatigue et de l\u2019\u00e9puisement"}]},{"@type":"WebSite","@id":"https:\/\/naturopathie.sobattitude.fr\/#website","url":"https:\/\/naturopathie.sobattitude.fr\/","name":"","description":"","potentialAction":[{"@type":"SearchAction","target":{"@type":"EntryPoint","urlTemplate":"https:\/\/naturopathie.sobattitude.fr\/?s={search_term_string}"},"query-input":"required name=search_term_string"}],"inLanguage":"fr-FR"}]}},"_links":{"self":[{"href":"https:\/\/naturopathie.sobattitude.fr\/index.php\/wp-json\/wp\/v2\/pages\/2540","targetHints":{"allow":["GET"]}}],"collection":[{"href":"https:\/\/naturopathie.sobattitude.fr\/index.php\/wp-json\/wp\/v2\/pages"}],"about":[{"href":"https:\/\/naturopathie.sobattitude.fr\/index.php\/wp-json\/wp\/v2\/types\/page"}],"author":[{"embeddable":true,"href":"https:\/\/naturopathie.sobattitude.fr\/index.php\/wp-json\/wp\/v2\/users\/1"}],"replies":[{"embeddable":true,"href":"https:\/\/naturopathie.sobattitude.fr\/index.php\/wp-json\/wp\/v2\/comments?post=2540"}],"version-history":[{"count":2,"href":"https:\/\/naturopathie.sobattitude.fr\/index.php\/wp-json\/wp\/v2\/pages\/2540\/revisions"}],"predecessor-version":[{"id":2543,"href":"https:\/\/naturopathie.sobattitude.fr\/index.php\/wp-json\/wp\/v2\/pages\/2540\/revisions\/2543"}],"wp:attachment":[{"href":"https:\/\/naturopathie.sobattitude.fr\/index.php\/wp-json\/wp\/v2\/media?parent=2540"}],"curies":[{"name":"wp","href":"https:\/\/api.w.org\/{rel}","templated":true}]}}