{"id":307,"date":"2020-10-09T14:38:01","date_gmt":"2020-10-09T12:38:01","guid":{"rendered":"http:\/\/naturopathie.sobattitude.fr\/?page_id=307"},"modified":"2026-04-14T17:43:03","modified_gmt":"2026-04-14T15:43:03","slug":"arret-du-tabac","status":"publish","type":"page","link":"https:\/\/naturopathie.sobattitude.fr\/index.php\/arret-du-tabac\/","title":{"rendered":"Arr\u00eat du tabac avec l&rsquo;hypnose"},"content":{"rendered":"<h1><span style=\"color: #0000ff;\"><strong>Vous voulez arr\u00eater de fumer ?<\/strong><\/span><\/h1>\n<div dir=\"auto\">Plusieurs \u00e9tudes montrent que la meilleure fa\u00e7on d&rsquo;arr\u00eater de fumer aujourd&rsquo;hui, c&rsquo;est l&rsquo;hypnose.<\/div>\n<div dir=\"auto\"><\/div>\n<div dir=\"auto\">Et surtout, gr\u00e2ce \u00e0 l&rsquo;hypnose, vous allez arr\u00eater de fumer SANS prendre de poids, car vous n&rsquo;aurez pas besoin de compenser sur autre chose.<\/div>\n<div dir=\"auto\"><\/div>\n<div dir=\"auto\"><\/div>\n<div dir=\"auto\">\n<p><span style=\"color: #000080;\"><strong>Vous vous reconnaissez dans (au moins) une de ces situations :<\/strong><\/span><\/p>\n<ul>\n<li>Vous fumez parce que vous \u00eates stress\u00e9(e)<\/li>\n<li>Vous avez l\u2019impression que la cigarette vous calme<\/li>\n<li>Vous vous sentez prisonnier(e) de la cigarette<\/li>\n<li>Vous fumez parce que vous ne pouvez pas vous passer du geste de la cigarette<\/li>\n<li>Vous avez tent\u00e9 diverses m\u00e9thodes pour arr\u00eater mais sans succ\u00e8s<\/li>\n<li>Votre volont\u00e9 n\u2019a pas suffi \u00e0 arr\u00eater\u2026 ou n\u2019a fonctionn\u00e9 qu\u2019un certain temps<\/li>\n<li>Vous vous sentez prisonnier(e) de cette habitude<\/li>\n<li>Vous \u00eates domin\u00e9(e) par le besoin de fumer<\/li>\n<li>Vous prenez plaisir \u00e0 fumer<\/li>\n<li>Vous avez peur pour votre sant\u00e9<\/li>\n<li>Vous voulez avoir plus d\u2019argent \u00e0 la fin du mois<\/li>\n<\/ul>\n<h3><span style=\"color: #0000ff;\"><strong>ALORS, JE PEUX VOUS AIDER<\/strong><\/span><\/h3>\n<\/div>\n<p>Il faut en g\u00e9n\u00e9ral 3 s\u00e9ances, espac\u00e9es d&rsquo;un mois.<\/p>\n<div dir=\"auto\"><\/div>\n<p>Si vous ne pouvez pas venir en consultation \u00e0 mon local de Saint Germain Les Corbeil (91), j\u2019ai cr\u00e9\u00e9, pour vous, un programme en ligne que vous pouvez suivre depuis chez vous.<\/p>\n<p>Pour en savoir plus:<\/p>\n<p><a href=\"https:\/\/sobattitude.learnybox.com\/vente-arret-du-tabac\/\" target=\"_blank\" rel=\"noopener\">Arr\u00eat du tabac, programme en ligne<\/a><\/p>\n<p>&nbsp;<\/p>\n","protected":false},"excerpt":{"rendered":"<p>Vous voulez arr\u00eater de fumer ? Plusieurs \u00e9tudes montrent que la meilleure fa\u00e7on d&rsquo;arr\u00eater de fumer aujourd&rsquo;hui, c&rsquo;est l&rsquo;hypnose. Et surtout, gr\u00e2ce \u00e0 l&rsquo;hypnose, vous allez arr\u00eater de fumer SANS prendre de poids, car vous n&rsquo;aurez pas besoin de compenser sur autre chose. Vous vous reconnaissez dans (au moins) une de ces situations : Vous&#8230;<\/p>\n","protected":false},"author":1,"featured_media":0,"parent":0,"menu_order":0,"comment_status":"closed","ping_status":"closed","template":"","meta":{"_kad_post_transparent":"","_kad_post_title":"","_kad_post_layout":"","_kad_post_sidebar_id":"","_kad_post_content_style":"","_kad_post_vertical_padding":"","_kad_post_feature":"","_kad_post_feature_position":"","_kad_post_header":false,"_kad_post_footer":false,"_kad_post_classname":"","footnotes":""},"class_list":["post-307","page","type-page","status-publish","hentry"],"yoast_head":"<!-- This site is optimized with the Yoast SEO plugin v27.6 - https:\/\/yoast.com\/product\/yoast-seo-wordpress\/ -->\n<title>Arr\u00eat du tabac avec l&#039;hypnose -<\/title>\n<meta name=\"robots\" content=\"index, follow, max-snippet:-1, max-image-preview:large, max-video-preview:-1\" \/>\n<link rel=\"canonical\" href=\"https:\/\/naturopathie.sobattitude.fr\/index.php\/arret-du-tabac\/\" \/>\n<meta property=\"og:locale\" content=\"fr_FR\" \/>\n<meta property=\"og:type\" content=\"article\" \/>\n<meta property=\"og:title\" content=\"Arr\u00eat du tabac avec l&#039;hypnose -\" \/>\n<meta property=\"og:description\" content=\"Vous voulez arr\u00eater de fumer ? Plusieurs \u00e9tudes montrent que la meilleure fa\u00e7on d&rsquo;arr\u00eater de fumer aujourd&rsquo;hui, c&rsquo;est l&rsquo;hypnose. Et surtout, gr\u00e2ce \u00e0 l&rsquo;hypnose, vous allez arr\u00eater de fumer SANS prendre de poids, car vous n&rsquo;aurez pas besoin de compenser sur autre chose. Vous vous reconnaissez dans (au moins) une de ces situations : Vous...\" \/>\n<meta property=\"og:url\" content=\"https:\/\/naturopathie.sobattitude.fr\/index.php\/arret-du-tabac\/\" \/>\n<meta property=\"article:modified_time\" content=\"2026-04-14T15:43:03+00:00\" \/>\n<meta name=\"twitter:card\" content=\"summary_large_image\" \/>\n<meta name=\"twitter:label1\" content=\"Dur\u00e9e de lecture estim\u00e9e\" \/>\n\t<meta name=\"twitter:data1\" content=\"2 minutes\" \/>\n<script type=\"application\/ld+json\" class=\"yoast-schema-graph\">{\"@context\":\"https:\\\/\\\/schema.org\",\"@graph\":[{\"@type\":\"WebPage\",\"@id\":\"https:\\\/\\\/naturopathie.sobattitude.fr\\\/index.php\\\/arret-du-tabac\\\/\",\"url\":\"https:\\\/\\\/naturopathie.sobattitude.fr\\\/index.php\\\/arret-du-tabac\\\/\",\"name\":\"Arr\u00eat du tabac avec l'hypnose -\",\"isPartOf\":{\"@id\":\"https:\\\/\\\/naturopathie.sobattitude.fr\\\/#website\"},\"datePublished\":\"2020-10-09T12:38:01+00:00\",\"dateModified\":\"2026-04-14T15:43:03+00:00\",\"breadcrumb\":{\"@id\":\"https:\\\/\\\/naturopathie.sobattitude.fr\\\/index.php\\\/arret-du-tabac\\\/#breadcrumb\"},\"inLanguage\":\"fr-FR\",\"potentialAction\":[{\"@type\":\"ReadAction\",\"target\":[\"https:\\\/\\\/naturopathie.sobattitude.fr\\\/index.php\\\/arret-du-tabac\\\/\"]}]},{\"@type\":\"BreadcrumbList\",\"@id\":\"https:\\\/\\\/naturopathie.sobattitude.fr\\\/index.php\\\/arret-du-tabac\\\/#breadcrumb\",\"itemListElement\":[{\"@type\":\"ListItem\",\"position\":1,\"name\":\"Accueil\",\"item\":\"https:\\\/\\\/naturopathie.sobattitude.fr\\\/\"},{\"@type\":\"ListItem\",\"position\":2,\"name\":\"Arr\u00eat du tabac avec l&rsquo;hypnose\"}]},{\"@type\":\"WebSite\",\"@id\":\"https:\\\/\\\/naturopathie.sobattitude.fr\\\/#website\",\"url\":\"https:\\\/\\\/naturopathie.sobattitude.fr\\\/\",\"name\":\"\",\"description\":\"\",\"potentialAction\":[{\"@type\":\"SearchAction\",\"target\":{\"@type\":\"EntryPoint\",\"urlTemplate\":\"https:\\\/\\\/naturopathie.sobattitude.fr\\\/?s={search_term_string}\"},\"query-input\":{\"@type\":\"PropertyValueSpecification\",\"valueRequired\":true,\"valueName\":\"search_term_string\"}}],\"inLanguage\":\"fr-FR\"}]}<\/script>\n<!-- \/ Yoast SEO plugin. -->","yoast_head_json":{"title":"Arr\u00eat du tabac avec l'hypnose -","robots":{"index":"index","follow":"follow","max-snippet":"max-snippet:-1","max-image-preview":"max-image-preview:large","max-video-preview":"max-video-preview:-1"},"canonical":"https:\/\/naturopathie.sobattitude.fr\/index.php\/arret-du-tabac\/","og_locale":"fr_FR","og_type":"article","og_title":"Arr\u00eat du tabac avec l'hypnose -","og_description":"Vous voulez arr\u00eater de fumer ? Plusieurs \u00e9tudes montrent que la meilleure fa\u00e7on d&rsquo;arr\u00eater de fumer aujourd&rsquo;hui, c&rsquo;est l&rsquo;hypnose. Et surtout, gr\u00e2ce \u00e0 l&rsquo;hypnose, vous allez arr\u00eater de fumer SANS prendre de poids, car vous n&rsquo;aurez pas besoin de compenser sur autre chose. Vous vous reconnaissez dans (au moins) une de ces situations : Vous...","og_url":"https:\/\/naturopathie.sobattitude.fr\/index.php\/arret-du-tabac\/","article_modified_time":"2026-04-14T15:43:03+00:00","twitter_card":"summary_large_image","twitter_misc":{"Dur\u00e9e de lecture estim\u00e9e":"2 minutes"},"schema":{"@context":"https:\/\/schema.org","@graph":[{"@type":"WebPage","@id":"https:\/\/naturopathie.sobattitude.fr\/index.php\/arret-du-tabac\/","url":"https:\/\/naturopathie.sobattitude.fr\/index.php\/arret-du-tabac\/","name":"Arr\u00eat du tabac avec l'hypnose -","isPartOf":{"@id":"https:\/\/naturopathie.sobattitude.fr\/#website"},"datePublished":"2020-10-09T12:38:01+00:00","dateModified":"2026-04-14T15:43:03+00:00","breadcrumb":{"@id":"https:\/\/naturopathie.sobattitude.fr\/index.php\/arret-du-tabac\/#breadcrumb"},"inLanguage":"fr-FR","potentialAction":[{"@type":"ReadAction","target":["https:\/\/naturopathie.sobattitude.fr\/index.php\/arret-du-tabac\/"]}]},{"@type":"BreadcrumbList","@id":"https:\/\/naturopathie.sobattitude.fr\/index.php\/arret-du-tabac\/#breadcrumb","itemListElement":[{"@type":"ListItem","position":1,"name":"Accueil","item":"https:\/\/naturopathie.sobattitude.fr\/"},{"@type":"ListItem","position":2,"name":"Arr\u00eat du tabac avec l&rsquo;hypnose"}]},{"@type":"WebSite","@id":"https:\/\/naturopathie.sobattitude.fr\/#website","url":"https:\/\/naturopathie.sobattitude.fr\/","name":"","description":"","potentialAction":[{"@type":"SearchAction","target":{"@type":"EntryPoint","urlTemplate":"https:\/\/naturopathie.sobattitude.fr\/?s={search_term_string}"},"query-input":{"@type":"PropertyValueSpecification","valueRequired":true,"valueName":"search_term_string"}}],"inLanguage":"fr-FR"}]}},"_links":{"self":[{"href":"https:\/\/naturopathie.sobattitude.fr\/index.php\/wp-json\/wp\/v2\/pages\/307","targetHints":{"allow":["GET"]}}],"collection":[{"href":"https:\/\/naturopathie.sobattitude.fr\/index.php\/wp-json\/wp\/v2\/pages"}],"about":[{"href":"https:\/\/naturopathie.sobattitude.fr\/index.php\/wp-json\/wp\/v2\/types\/page"}],"author":[{"embeddable":true,"href":"https:\/\/naturopathie.sobattitude.fr\/index.php\/wp-json\/wp\/v2\/users\/1"}],"replies":[{"embeddable":true,"href":"https:\/\/naturopathie.sobattitude.fr\/index.php\/wp-json\/wp\/v2\/comments?post=307"}],"version-history":[{"count":27,"href":"https:\/\/naturopathie.sobattitude.fr\/index.php\/wp-json\/wp\/v2\/pages\/307\/revisions"}],"predecessor-version":[{"id":2830,"href":"https:\/\/naturopathie.sobattitude.fr\/index.php\/wp-json\/wp\/v2\/pages\/307\/revisions\/2830"}],"wp:attachment":[{"href":"https:\/\/naturopathie.sobattitude.fr\/index.php\/wp-json\/wp\/v2\/media?parent=307"}],"curies":[{"name":"wp","href":"https:\/\/api.w.org\/{rel}","templated":true}]}}