{"id":42,"date":"2018-07-06T13:43:05","date_gmt":"2018-07-06T11:43:05","guid":{"rendered":"http:\/\/naturopathie.sobattitude.fr\/?page_id=42"},"modified":"2026-04-16T00:06:35","modified_gmt":"2026-04-15T22:06:35","slug":"tarifs","status":"publish","type":"page","link":"https:\/\/naturopathie.sobattitude.fr\/index.php\/tarifs\/","title":{"rendered":"Tarifs"},"content":{"rendered":"\n<h4 class=\"wp-block-heading\"><span style=\"color: #800080;\">Consultations&nbsp;sur Rendez-Vous uniquement<\/span><\/h4>\n\n\n\n<p>Au cabinet dans l&rsquo;Essonne ou en visioconf\u00e9rence<\/p>\n\n\n\n<p><span style=\"color: #333399;\"><strong>Consultation Adulte&nbsp; &nbsp; &nbsp; &nbsp; &nbsp; &nbsp; &nbsp; &nbsp; &nbsp; &nbsp; &nbsp; &nbsp; &nbsp; &nbsp; &nbsp;<\/strong>87\u20ac<\/span><\/p>\n\n\n\n<p><span style=\"color: #0000ff;\"><span style=\"color: #000080;\">Consultation Ado (12-18 ans)&nbsp; &nbsp; &nbsp; &nbsp; &nbsp; &nbsp; &nbsp;            77\u20ac<\/span><\/span><\/p>\n\n\n\n<p><span style=\"color: #333399;\"><strong>Relaxation<\/strong>&nbsp; &nbsp; &nbsp; &nbsp; &nbsp; &nbsp; &nbsp; &nbsp; &nbsp; &nbsp; &nbsp; &nbsp; &nbsp; &nbsp; &nbsp; &nbsp; &nbsp; &nbsp; &nbsp; &nbsp; &nbsp; &nbsp; &nbsp;75\u20ac&nbsp; &nbsp;<\/span><\/p>\n\n\n\n<p><strong><span style=\"color: #333399;\">LASEROPUNCTURE (uniquement au cabinet)<\/span><\/strong><\/p>\n\n\n\n<p>Bilan + 1\u00e8re s\u00e9ance (1h)&nbsp; &nbsp; &nbsp; &nbsp; &nbsp; &nbsp; &nbsp; &nbsp; &nbsp; &nbsp; &nbsp; &nbsp;75\u20ac<\/p>\n\n\n\n<p>S\u00e9ance de suivi \u00e0 l&rsquo;unit\u00e9 (30 min)&nbsp; &nbsp; &nbsp; &nbsp; &nbsp;40\u20ac<\/p>\n\n\n\n<p>Pack 10 s\u00e9ances (y compris bilan)&nbsp; &nbsp; &nbsp; &nbsp;350\u20ac<\/p>\n\n\n\n<p><span style=\"color: #333399;\"><strong>PACK Arr\u00eat du tabac <\/strong>3 s\u00e9ances hypnose + flacon Fleurs de Bach&nbsp; <span style=\"color: #000000;\">250\u20ac<\/span><\/span><\/p>\n\n\n\n<p>Paiement en esp\u00e8ces ou CB<\/p>\n\n\n\n<figure class=\"wp-block-image size-full is-resized\"><img loading=\"lazy\" decoding=\"async\" width=\"153\" height=\"168\" src=\"https:\/\/naturopathie.sobattitude.fr\/wp-content\/uploads\/2026\/04\/cb.jpg\" alt=\"\" class=\"wp-image-2952\" style=\"width:66px;height:auto\"\/><\/figure>\n\n\n\n<h2 class=\"wp-block-heading\"><span style=\"color: #000080;\"><strong>Pour les animaux:<\/strong><\/span><\/h2>\n\n\n\n<figure class=\"wp-block-image size-large is-resized\"><img loading=\"lazy\" decoding=\"async\" width=\"683\" height=\"1024\" src=\"https:\/\/naturopathie.sobattitude.fr\/wp-content\/uploads\/2026\/04\/ChatGPT-Image-9-mars-2026-23_10_08-683x1024.png\" alt=\"\" class=\"wp-image-2949\" style=\"aspect-ratio:0.6670061445496825;width:219px;height:auto\" srcset=\"https:\/\/naturopathie.sobattitude.fr\/wp-content\/uploads\/2026\/04\/ChatGPT-Image-9-mars-2026-23_10_08-683x1024.png 683w, https:\/\/naturopathie.sobattitude.fr\/wp-content\/uploads\/2026\/04\/ChatGPT-Image-9-mars-2026-23_10_08-200x300.png 200w, https:\/\/naturopathie.sobattitude.fr\/wp-content\/uploads\/2026\/04\/ChatGPT-Image-9-mars-2026-23_10_08-768x1152.png 768w, https:\/\/naturopathie.sobattitude.fr\/wp-content\/uploads\/2026\/04\/ChatGPT-Image-9-mars-2026-23_10_08.png 1024w\" sizes=\"auto, (max-width: 683px) 100vw, 683px\" \/><\/figure>\n\n\n\n<p><b><span style=\"color: #333399;\">Soins \u00e9nerg\u00e9tiques &amp; Bior\u00e9sonance pour animaux<\/span>&nbsp;<\/b>(environ 1h30):<\/p>\n\n\n\n<p><strong><span style=\"color: #0000ff;\">75\u20ac la s\u00e9ance <\/span><\/strong><\/p>\n\n\n\n<p>Pour tous les animaux, s\u00e9ances uniquement \u00e0 distance.<\/p>\n\n\n\n<p><strong>Pour travailler \u00e0 distance<\/strong>, il suffit d\u2019avoir quelques photos. Un rendez-vous t\u00e9l\u00e9phonique vous sera propos\u00e9 pour permettre le lien et la consultation se d\u00e9roulera comme en pr\u00e9sentiel.<\/p>\n\n\n\n<p><strong>Pour prendre rendez-vous<\/strong> pour votre animal, cliquez sur le lien et choisissez visioconf\u00e9rence.<\/p>\n\n\n\n<p><span style=\"color: #0000ff;\"><a href=\"http:\/\/naturopathie.sobattitude.fr\/index.php\/communication-animale\/\" target=\"_blank\" rel=\"noopener\">Communication animale<\/a> &nbsp; 45\u20ac&nbsp; &nbsp; <\/span><\/p>\n\n\n\n<p><span style=\"color: #000000;\">Les communications animales se font \u00e0 distance, sur photos.<\/span><\/p>\n\n\n\n<p>&nbsp;<\/p>\n","protected":false},"excerpt":{"rendered":"<p>Consultations&nbsp;sur Rendez-Vous uniquement Au cabinet dans l&rsquo;Essonne ou en visioconf\u00e9rence Consultation Adulte&nbsp; &nbsp; &nbsp; &nbsp; &nbsp; &nbsp; &nbsp; &nbsp; &nbsp; &nbsp; &nbsp; &nbsp; &nbsp; &nbsp; &nbsp;87\u20ac Consultation Ado (12-18 ans)&nbsp; &nbsp; &nbsp; &nbsp; &nbsp; &nbsp; &nbsp; 77\u20ac Relaxation&nbsp; &nbsp; &nbsp; &nbsp; &nbsp; &nbsp; &nbsp; &nbsp; &nbsp; &nbsp; &nbsp; &nbsp; &nbsp; &nbsp; &nbsp; &nbsp; &nbsp; &nbsp;&#8230;<\/p>\n","protected":false},"author":1,"featured_media":0,"parent":0,"menu_order":0,"comment_status":"closed","ping_status":"closed","template":"","meta":{"_kad_post_transparent":"","_kad_post_title":"","_kad_post_layout":"","_kad_post_sidebar_id":"","_kad_post_content_style":"","_kad_post_vertical_padding":"","_kad_post_feature":"","_kad_post_feature_position":"","_kad_post_header":false,"_kad_post_footer":false,"_kad_post_classname":"","footnotes":""},"class_list":["post-42","page","type-page","status-publish","hentry"],"yoast_head":"<!-- This site is optimized with the Yoast SEO plugin v27.4 - https:\/\/yoast.com\/product\/yoast-seo-wordpress\/ -->\n<title>Tarifs -<\/title>\n<meta name=\"robots\" content=\"index, follow, max-snippet:-1, max-image-preview:large, max-video-preview:-1\" \/>\n<link rel=\"canonical\" href=\"https:\/\/naturopathie.sobattitude.fr\/index.php\/tarifs\/\" \/>\n<meta property=\"og:locale\" content=\"fr_FR\" \/>\n<meta property=\"og:type\" content=\"article\" \/>\n<meta property=\"og:title\" content=\"Tarifs -\" \/>\n<meta property=\"og:description\" content=\"Consultations&nbsp;sur Rendez-Vous uniquement Au cabinet dans l&rsquo;Essonne ou en visioconf\u00e9rence Consultation Adulte&nbsp; &nbsp; &nbsp; &nbsp; &nbsp; &nbsp; &nbsp; &nbsp; &nbsp; &nbsp; &nbsp; &nbsp; &nbsp; &nbsp; &nbsp;87\u20ac Consultation Ado (12-18 ans)&nbsp; &nbsp; &nbsp; &nbsp; &nbsp; &nbsp; &nbsp; 77\u20ac Relaxation&nbsp; &nbsp; &nbsp; &nbsp; &nbsp; &nbsp; &nbsp; &nbsp; &nbsp; &nbsp; &nbsp; &nbsp; &nbsp; &nbsp; &nbsp; &nbsp; &nbsp; &nbsp;...\" \/>\n<meta property=\"og:url\" content=\"https:\/\/naturopathie.sobattitude.fr\/index.php\/tarifs\/\" \/>\n<meta property=\"article:modified_time\" content=\"2026-04-15T22:06:35+00:00\" \/>\n<meta property=\"og:image\" content=\"https:\/\/naturopathie.sobattitude.fr\/wp-content\/uploads\/2026\/04\/cb.jpg\" \/>\n\t<meta property=\"og:image:width\" content=\"153\" \/>\n\t<meta property=\"og:image:height\" content=\"168\" \/>\n\t<meta property=\"og:image:type\" content=\"image\/jpeg\" \/>\n<meta name=\"twitter:card\" content=\"summary_large_image\" \/>\n<meta name=\"twitter:label1\" content=\"Dur\u00e9e de lecture estim\u00e9e\" \/>\n\t<meta name=\"twitter:data1\" content=\"2 minutes\" \/>\n<script type=\"application\/ld+json\" class=\"yoast-schema-graph\">{\"@context\":\"https:\\\/\\\/schema.org\",\"@graph\":[{\"@type\":\"WebPage\",\"@id\":\"https:\\\/\\\/naturopathie.sobattitude.fr\\\/index.php\\\/tarifs\\\/\",\"url\":\"https:\\\/\\\/naturopathie.sobattitude.fr\\\/index.php\\\/tarifs\\\/\",\"name\":\"Tarifs -\",\"isPartOf\":{\"@id\":\"https:\\\/\\\/naturopathie.sobattitude.fr\\\/#website\"},\"primaryImageOfPage\":{\"@id\":\"https:\\\/\\\/naturopathie.sobattitude.fr\\\/index.php\\\/tarifs\\\/#primaryimage\"},\"image\":{\"@id\":\"https:\\\/\\\/naturopathie.sobattitude.fr\\\/index.php\\\/tarifs\\\/#primaryimage\"},\"thumbnailUrl\":\"https:\\\/\\\/naturopathie.sobattitude.fr\\\/wp-content\\\/uploads\\\/2026\\\/04\\\/cb.jpg\",\"datePublished\":\"2018-07-06T11:43:05+00:00\",\"dateModified\":\"2026-04-15T22:06:35+00:00\",\"breadcrumb\":{\"@id\":\"https:\\\/\\\/naturopathie.sobattitude.fr\\\/index.php\\\/tarifs\\\/#breadcrumb\"},\"inLanguage\":\"fr-FR\",\"potentialAction\":[{\"@type\":\"ReadAction\",\"target\":[\"https:\\\/\\\/naturopathie.sobattitude.fr\\\/index.php\\\/tarifs\\\/\"]}]},{\"@type\":\"ImageObject\",\"inLanguage\":\"fr-FR\",\"@id\":\"https:\\\/\\\/naturopathie.sobattitude.fr\\\/index.php\\\/tarifs\\\/#primaryimage\",\"url\":\"https:\\\/\\\/naturopathie.sobattitude.fr\\\/wp-content\\\/uploads\\\/2026\\\/04\\\/cb.jpg\",\"contentUrl\":\"https:\\\/\\\/naturopathie.sobattitude.fr\\\/wp-content\\\/uploads\\\/2026\\\/04\\\/cb.jpg\",\"width\":153,\"height\":168},{\"@type\":\"BreadcrumbList\",\"@id\":\"https:\\\/\\\/naturopathie.sobattitude.fr\\\/index.php\\\/tarifs\\\/#breadcrumb\",\"itemListElement\":[{\"@type\":\"ListItem\",\"position\":1,\"name\":\"Accueil\",\"item\":\"https:\\\/\\\/naturopathie.sobattitude.fr\\\/\"},{\"@type\":\"ListItem\",\"position\":2,\"name\":\"Tarifs\"}]},{\"@type\":\"WebSite\",\"@id\":\"https:\\\/\\\/naturopathie.sobattitude.fr\\\/#website\",\"url\":\"https:\\\/\\\/naturopathie.sobattitude.fr\\\/\",\"name\":\"\",\"description\":\"\",\"potentialAction\":[{\"@type\":\"SearchAction\",\"target\":{\"@type\":\"EntryPoint\",\"urlTemplate\":\"https:\\\/\\\/naturopathie.sobattitude.fr\\\/?s={search_term_string}\"},\"query-input\":{\"@type\":\"PropertyValueSpecification\",\"valueRequired\":true,\"valueName\":\"search_term_string\"}}],\"inLanguage\":\"fr-FR\"}]}<\/script>\n<!-- \/ Yoast SEO plugin. -->","yoast_head_json":{"title":"Tarifs -","robots":{"index":"index","follow":"follow","max-snippet":"max-snippet:-1","max-image-preview":"max-image-preview:large","max-video-preview":"max-video-preview:-1"},"canonical":"https:\/\/naturopathie.sobattitude.fr\/index.php\/tarifs\/","og_locale":"fr_FR","og_type":"article","og_title":"Tarifs -","og_description":"Consultations&nbsp;sur Rendez-Vous uniquement Au cabinet dans l&rsquo;Essonne ou en visioconf\u00e9rence Consultation Adulte&nbsp; &nbsp; &nbsp; &nbsp; &nbsp; &nbsp; &nbsp; &nbsp; &nbsp; &nbsp; &nbsp; &nbsp; &nbsp; &nbsp; &nbsp;87\u20ac Consultation Ado (12-18 ans)&nbsp; &nbsp; &nbsp; &nbsp; &nbsp; &nbsp; &nbsp; 77\u20ac Relaxation&nbsp; &nbsp; &nbsp; &nbsp; &nbsp; &nbsp; &nbsp; &nbsp; &nbsp; &nbsp; &nbsp; &nbsp; &nbsp; &nbsp; &nbsp; &nbsp; &nbsp; &nbsp;...","og_url":"https:\/\/naturopathie.sobattitude.fr\/index.php\/tarifs\/","article_modified_time":"2026-04-15T22:06:35+00:00","og_image":[{"width":153,"height":168,"url":"https:\/\/naturopathie.sobattitude.fr\/wp-content\/uploads\/2026\/04\/cb.jpg","type":"image\/jpeg"}],"twitter_card":"summary_large_image","twitter_misc":{"Dur\u00e9e de lecture estim\u00e9e":"2 minutes"},"schema":{"@context":"https:\/\/schema.org","@graph":[{"@type":"WebPage","@id":"https:\/\/naturopathie.sobattitude.fr\/index.php\/tarifs\/","url":"https:\/\/naturopathie.sobattitude.fr\/index.php\/tarifs\/","name":"Tarifs -","isPartOf":{"@id":"https:\/\/naturopathie.sobattitude.fr\/#website"},"primaryImageOfPage":{"@id":"https:\/\/naturopathie.sobattitude.fr\/index.php\/tarifs\/#primaryimage"},"image":{"@id":"https:\/\/naturopathie.sobattitude.fr\/index.php\/tarifs\/#primaryimage"},"thumbnailUrl":"https:\/\/naturopathie.sobattitude.fr\/wp-content\/uploads\/2026\/04\/cb.jpg","datePublished":"2018-07-06T11:43:05+00:00","dateModified":"2026-04-15T22:06:35+00:00","breadcrumb":{"@id":"https:\/\/naturopathie.sobattitude.fr\/index.php\/tarifs\/#breadcrumb"},"inLanguage":"fr-FR","potentialAction":[{"@type":"ReadAction","target":["https:\/\/naturopathie.sobattitude.fr\/index.php\/tarifs\/"]}]},{"@type":"ImageObject","inLanguage":"fr-FR","@id":"https:\/\/naturopathie.sobattitude.fr\/index.php\/tarifs\/#primaryimage","url":"https:\/\/naturopathie.sobattitude.fr\/wp-content\/uploads\/2026\/04\/cb.jpg","contentUrl":"https:\/\/naturopathie.sobattitude.fr\/wp-content\/uploads\/2026\/04\/cb.jpg","width":153,"height":168},{"@type":"BreadcrumbList","@id":"https:\/\/naturopathie.sobattitude.fr\/index.php\/tarifs\/#breadcrumb","itemListElement":[{"@type":"ListItem","position":1,"name":"Accueil","item":"https:\/\/naturopathie.sobattitude.fr\/"},{"@type":"ListItem","position":2,"name":"Tarifs"}]},{"@type":"WebSite","@id":"https:\/\/naturopathie.sobattitude.fr\/#website","url":"https:\/\/naturopathie.sobattitude.fr\/","name":"","description":"","potentialAction":[{"@type":"SearchAction","target":{"@type":"EntryPoint","urlTemplate":"https:\/\/naturopathie.sobattitude.fr\/?s={search_term_string}"},"query-input":{"@type":"PropertyValueSpecification","valueRequired":true,"valueName":"search_term_string"}}],"inLanguage":"fr-FR"}]}},"_links":{"self":[{"href":"https:\/\/naturopathie.sobattitude.fr\/index.php\/wp-json\/wp\/v2\/pages\/42","targetHints":{"allow":["GET"]}}],"collection":[{"href":"https:\/\/naturopathie.sobattitude.fr\/index.php\/wp-json\/wp\/v2\/pages"}],"about":[{"href":"https:\/\/naturopathie.sobattitude.fr\/index.php\/wp-json\/wp\/v2\/types\/page"}],"author":[{"embeddable":true,"href":"https:\/\/naturopathie.sobattitude.fr\/index.php\/wp-json\/wp\/v2\/users\/1"}],"replies":[{"embeddable":true,"href":"https:\/\/naturopathie.sobattitude.fr\/index.php\/wp-json\/wp\/v2\/comments?post=42"}],"version-history":[{"count":297,"href":"https:\/\/naturopathie.sobattitude.fr\/index.php\/wp-json\/wp\/v2\/pages\/42\/revisions"}],"predecessor-version":[{"id":2954,"href":"https:\/\/naturopathie.sobattitude.fr\/index.php\/wp-json\/wp\/v2\/pages\/42\/revisions\/2954"}],"wp:attachment":[{"href":"https:\/\/naturopathie.sobattitude.fr\/index.php\/wp-json\/wp\/v2\/media?parent=42"}],"curies":[{"name":"wp","href":"https:\/\/api.w.org\/{rel}","templated":true}]}}