{"id":47,"date":"2018-07-06T13:55:20","date_gmt":"2018-07-06T11:55:20","guid":{"rendered":"http:\/\/naturopathie.sobattitude.fr\/?page_id=47"},"modified":"2026-04-14T17:47:38","modified_gmt":"2026-04-14T15:47:38","slug":"consultation","status":"publish","type":"page","link":"https:\/\/naturopathie.sobattitude.fr\/index.php\/consultation\/","title":{"rendered":"D\u00e9roulement d&rsquo;une consultation"},"content":{"rendered":"<p>Une consultation commence toujours par un bilan, je vous pose plein de questions !<\/p>\n<p>Je ne suis pas la pour vous juger et encore moins vous critiquer, si vous venez me voir, c&rsquo;est que vous avez un probl\u00e8me \u00e0 r\u00e9soudre. Je vais donc chercher \u00e0 comprendre le probl\u00e8me, mais surtout \u00e0 comprendre quelle en est l&rsquo;origine.<\/p>\n<p>Je vous questionne sur votre mode de vie et vos habitudes (alimentaires, sommeil, loisirs, sport, travail, douleurs&#8230;), pour voir comment am\u00e9liorer votre bien-\u00eatre au quotidien.<\/p>\n<p>Je m&rsquo;int\u00e9resse <strong>vraiment<\/strong> \u00e0 ce que vous pensez, comment vous vous sentez, votre niveau de stress&#8230;<\/p>\n<blockquote><p><span style=\"color: #339966;\">L&rsquo;\u00e9quilibre \u00e9motionnel de l&rsquo;individu a un impact direct, positif ou n\u00e9gatif, sur sa propre sant\u00e9 physique.<\/span><\/p><\/blockquote>\n<p>&nbsp;<\/p>\n","protected":false},"excerpt":{"rendered":"<p>Une consultation commence toujours par un bilan, je vous pose plein de questions ! Je ne suis pas la pour vous juger et encore moins vous critiquer, si vous venez me voir, c&rsquo;est que vous avez un probl\u00e8me \u00e0 r\u00e9soudre. Je vais donc chercher \u00e0 comprendre le probl\u00e8me, mais surtout \u00e0 comprendre quelle en est&#8230;<\/p>\n","protected":false},"author":1,"featured_media":0,"parent":0,"menu_order":0,"comment_status":"closed","ping_status":"closed","template":"","meta":{"_kad_post_transparent":"","_kad_post_title":"","_kad_post_layout":"","_kad_post_sidebar_id":"","_kad_post_content_style":"","_kad_post_vertical_padding":"","_kad_post_feature":"","_kad_post_feature_position":"","_kad_post_header":false,"_kad_post_footer":false,"_kad_post_classname":"","footnotes":""},"class_list":["post-47","page","type-page","status-publish","hentry"],"yoast_head":"<!-- This site is optimized with the Yoast SEO plugin v27.5 - https:\/\/yoast.com\/product\/yoast-seo-wordpress\/ -->\n<title>D\u00e9roulement d&#039;une consultation -<\/title>\n<meta name=\"robots\" content=\"index, follow, max-snippet:-1, max-image-preview:large, max-video-preview:-1\" \/>\n<link rel=\"canonical\" href=\"https:\/\/naturopathie.sobattitude.fr\/index.php\/consultation\/\" \/>\n<meta property=\"og:locale\" content=\"fr_FR\" \/>\n<meta property=\"og:type\" content=\"article\" \/>\n<meta property=\"og:title\" content=\"D\u00e9roulement d&#039;une consultation -\" \/>\n<meta property=\"og:description\" content=\"Une consultation commence toujours par un bilan, je vous pose plein de questions ! Je ne suis pas la pour vous juger et encore moins vous critiquer, si vous venez me voir, c&rsquo;est que vous avez un probl\u00e8me \u00e0 r\u00e9soudre. Je vais donc chercher \u00e0 comprendre le probl\u00e8me, mais surtout \u00e0 comprendre quelle en est...\" \/>\n<meta property=\"og:url\" content=\"https:\/\/naturopathie.sobattitude.fr\/index.php\/consultation\/\" \/>\n<meta property=\"article:modified_time\" content=\"2026-04-14T15:47:38+00:00\" \/>\n<meta name=\"twitter:card\" content=\"summary_large_image\" \/>\n<meta name=\"twitter:label1\" content=\"Dur\u00e9e de lecture estim\u00e9e\" \/>\n\t<meta name=\"twitter:data1\" content=\"1 minute\" \/>\n<script type=\"application\/ld+json\" class=\"yoast-schema-graph\">{\"@context\":\"https:\\\/\\\/schema.org\",\"@graph\":[{\"@type\":\"WebPage\",\"@id\":\"https:\\\/\\\/naturopathie.sobattitude.fr\\\/index.php\\\/consultation\\\/\",\"url\":\"https:\\\/\\\/naturopathie.sobattitude.fr\\\/index.php\\\/consultation\\\/\",\"name\":\"D\u00e9roulement d'une consultation -\",\"isPartOf\":{\"@id\":\"https:\\\/\\\/naturopathie.sobattitude.fr\\\/#website\"},\"datePublished\":\"2018-07-06T11:55:20+00:00\",\"dateModified\":\"2026-04-14T15:47:38+00:00\",\"breadcrumb\":{\"@id\":\"https:\\\/\\\/naturopathie.sobattitude.fr\\\/index.php\\\/consultation\\\/#breadcrumb\"},\"inLanguage\":\"fr-FR\",\"potentialAction\":[{\"@type\":\"ReadAction\",\"target\":[\"https:\\\/\\\/naturopathie.sobattitude.fr\\\/index.php\\\/consultation\\\/\"]}]},{\"@type\":\"BreadcrumbList\",\"@id\":\"https:\\\/\\\/naturopathie.sobattitude.fr\\\/index.php\\\/consultation\\\/#breadcrumb\",\"itemListElement\":[{\"@type\":\"ListItem\",\"position\":1,\"name\":\"Accueil\",\"item\":\"https:\\\/\\\/naturopathie.sobattitude.fr\\\/\"},{\"@type\":\"ListItem\",\"position\":2,\"name\":\"D\u00e9roulement d&rsquo;une consultation\"}]},{\"@type\":\"WebSite\",\"@id\":\"https:\\\/\\\/naturopathie.sobattitude.fr\\\/#website\",\"url\":\"https:\\\/\\\/naturopathie.sobattitude.fr\\\/\",\"name\":\"\",\"description\":\"\",\"potentialAction\":[{\"@type\":\"SearchAction\",\"target\":{\"@type\":\"EntryPoint\",\"urlTemplate\":\"https:\\\/\\\/naturopathie.sobattitude.fr\\\/?s={search_term_string}\"},\"query-input\":{\"@type\":\"PropertyValueSpecification\",\"valueRequired\":true,\"valueName\":\"search_term_string\"}}],\"inLanguage\":\"fr-FR\"}]}<\/script>\n<!-- \/ Yoast SEO plugin. -->","yoast_head_json":{"title":"D\u00e9roulement d'une consultation -","robots":{"index":"index","follow":"follow","max-snippet":"max-snippet:-1","max-image-preview":"max-image-preview:large","max-video-preview":"max-video-preview:-1"},"canonical":"https:\/\/naturopathie.sobattitude.fr\/index.php\/consultation\/","og_locale":"fr_FR","og_type":"article","og_title":"D\u00e9roulement d'une consultation -","og_description":"Une consultation commence toujours par un bilan, je vous pose plein de questions ! Je ne suis pas la pour vous juger et encore moins vous critiquer, si vous venez me voir, c&rsquo;est que vous avez un probl\u00e8me \u00e0 r\u00e9soudre. Je vais donc chercher \u00e0 comprendre le probl\u00e8me, mais surtout \u00e0 comprendre quelle en est...","og_url":"https:\/\/naturopathie.sobattitude.fr\/index.php\/consultation\/","article_modified_time":"2026-04-14T15:47:38+00:00","twitter_card":"summary_large_image","twitter_misc":{"Dur\u00e9e de lecture estim\u00e9e":"1 minute"},"schema":{"@context":"https:\/\/schema.org","@graph":[{"@type":"WebPage","@id":"https:\/\/naturopathie.sobattitude.fr\/index.php\/consultation\/","url":"https:\/\/naturopathie.sobattitude.fr\/index.php\/consultation\/","name":"D\u00e9roulement d'une consultation -","isPartOf":{"@id":"https:\/\/naturopathie.sobattitude.fr\/#website"},"datePublished":"2018-07-06T11:55:20+00:00","dateModified":"2026-04-14T15:47:38+00:00","breadcrumb":{"@id":"https:\/\/naturopathie.sobattitude.fr\/index.php\/consultation\/#breadcrumb"},"inLanguage":"fr-FR","potentialAction":[{"@type":"ReadAction","target":["https:\/\/naturopathie.sobattitude.fr\/index.php\/consultation\/"]}]},{"@type":"BreadcrumbList","@id":"https:\/\/naturopathie.sobattitude.fr\/index.php\/consultation\/#breadcrumb","itemListElement":[{"@type":"ListItem","position":1,"name":"Accueil","item":"https:\/\/naturopathie.sobattitude.fr\/"},{"@type":"ListItem","position":2,"name":"D\u00e9roulement d&rsquo;une consultation"}]},{"@type":"WebSite","@id":"https:\/\/naturopathie.sobattitude.fr\/#website","url":"https:\/\/naturopathie.sobattitude.fr\/","name":"","description":"","potentialAction":[{"@type":"SearchAction","target":{"@type":"EntryPoint","urlTemplate":"https:\/\/naturopathie.sobattitude.fr\/?s={search_term_string}"},"query-input":{"@type":"PropertyValueSpecification","valueRequired":true,"valueName":"search_term_string"}}],"inLanguage":"fr-FR"}]}},"_links":{"self":[{"href":"https:\/\/naturopathie.sobattitude.fr\/index.php\/wp-json\/wp\/v2\/pages\/47","targetHints":{"allow":["GET"]}}],"collection":[{"href":"https:\/\/naturopathie.sobattitude.fr\/index.php\/wp-json\/wp\/v2\/pages"}],"about":[{"href":"https:\/\/naturopathie.sobattitude.fr\/index.php\/wp-json\/wp\/v2\/types\/page"}],"author":[{"embeddable":true,"href":"https:\/\/naturopathie.sobattitude.fr\/index.php\/wp-json\/wp\/v2\/users\/1"}],"replies":[{"embeddable":true,"href":"https:\/\/naturopathie.sobattitude.fr\/index.php\/wp-json\/wp\/v2\/comments?post=47"}],"version-history":[{"count":26,"href":"https:\/\/naturopathie.sobattitude.fr\/index.php\/wp-json\/wp\/v2\/pages\/47\/revisions"}],"predecessor-version":[{"id":2837,"href":"https:\/\/naturopathie.sobattitude.fr\/index.php\/wp-json\/wp\/v2\/pages\/47\/revisions\/2837"}],"wp:attachment":[{"href":"https:\/\/naturopathie.sobattitude.fr\/index.php\/wp-json\/wp\/v2\/media?parent=47"}],"curies":[{"name":"wp","href":"https:\/\/api.w.org\/{rel}","templated":true}]}}