{"id":490,"date":"2021-04-29T12:57:01","date_gmt":"2021-04-29T10:57:01","guid":{"rendered":"http:\/\/naturopathie.sobattitude.fr\/?page_id=490"},"modified":"2026-04-14T17:52:51","modified_gmt":"2026-04-14T15:52:51","slug":"laseropuncture","status":"publish","type":"page","link":"https:\/\/naturopathie.sobattitude.fr\/index.php\/laseropuncture\/","title":{"rendered":"Laseropuncture"},"content":{"rendered":"<ul>\n<li style=\"text-align: left;\"><span style=\"color: #000080;\"><a href=\"http:\/\/naturopathie.sobattitude.fr\/index.php\/perte-de-poids-avec-la-laseropuncture\/\"><span style=\"color: #000080;\">Perte de poids avec la laseropuncture<\/span><\/a><\/span><\/li>\n<li style=\"text-align: left;\"><a href=\"http:\/\/naturopathie.sobattitude.fr\/index.php\/attenuer-les-symptomes-de-la-menopause-avec-la-laseropuncture\/\"><span style=\"color: #000080;\">Att\u00e9nuer les sympt\u00f4mes de la m\u00e9nopause<\/span><\/a><\/li>\n<li style=\"text-align: left;\"><a href=\"http:\/\/naturopathie.sobattitude.fr\/index.php\/arret-du-tabac-avec-la-laseropuncture\/\"><span style=\"color: #000080;\">Arr\u00eat du tabac avec la laseropuncture<\/span><\/a><\/li>\n<li style=\"text-align: left;\"><a href=\"http:\/\/naturopathie.sobattitude.fr\/index.php\/gestion-du-stress-avec-la-laseropuncture\/\"><span style=\"color: #000080;\">Gestion du stress avec la laseropuncture<\/span><\/a><\/li>\n<li style=\"text-align: left;\"><a href=\"http:\/\/naturopathie.sobattitude.fr\/index.php\/amelioration-du-sommeil-avec-la-laseropuncture\/\"><span style=\"color: #000080;\">Am\u00e9lioration du sommeil avec la laseropuncture<\/span><\/a><\/li>\n<li style=\"text-align: left;\"><a href=\"http:\/\/naturopathie.sobattitude.fr\/index.php\/amelioration-du-transit-avec-la-laseropuncture\/\"><span style=\"color: #000080;\">Am\u00e9lioration du transit avec la laseropuncture<\/span><\/a><\/li>\n<\/ul>\n<p><em>Bas\u00e9e sur les principes de l\u2019acupuncture en m\u00e9decine traditionnelle chinoise, la laseropuncture utilise un stylet laser pour stimuler les points r\u00e9flexes du corps.<\/em><\/p>\n<p><em>C&rsquo;est une technique douce, indolore et non invasive.<\/em><\/p>\n<h2 id=\"fa4ps\">Comment se d\u00e9roule une s\u00e9ance de laseropuncture ?<\/h2>\n<div id=\"Pave-Haut2_608a805166e85\" class=\"ads-core-placer\" data-ads-core=\"{&quot;device&quot;:&quot;tablet,mobile&quot;,&quot;type&quot;:&quot;Pave-Haut2&quot;}\"><\/div>\n<p>La premi\u00e8re s\u00e9ance dure environ une heure et comprend un bilan.<\/p>\n<p>Les s\u00e9ances suivantes durent 30 minutes.<\/p>\n<p>A l&rsquo;aide d&rsquo;un stylet laser, je vais agir sur des points d&rsquo;auriculoth\u00e9rapie (au niveau des deux oreilles), puis des points d&rsquo;acupuncture sur le corps (visage, bras, ventre, cuisses, pieds, t\u00eate\u2026).<\/p>\n<p><span style=\"color: #993366;\"><strong>Cette m\u00e9thode est 100% naturelle et indolore!<\/strong><\/span><\/p>\n<h2 id=\"fa4ps\">Laseropuncture : pour qui ?<\/h2>\n<p>Pour toute personne majeure qui veut agir sur: perte de poids, arr\u00eat du tabac, stress, sommeil, transit ou m\u00e9nopause.<\/p>\n<p>Ce sont les seuls sujets que je traite en laseropuncture.<\/p>\n<p><strong>Les contre-indications :\u00a0<\/strong>la laseropuncture est contre-indiqu\u00e9e aux femmes enceintes et aux personnes atteintes de troubles \u00e9pileptiques.<\/p>\n<h4><a href=\"http:\/\/naturopathie.sobattitude.fr\/index.php\/perte-de-poids-avec-la-laseropuncture\/\">Gestion du poids:<\/a><\/h4>\n<p><strong>Phase d\u2019attaque<\/strong>: 2 s\u00e9ances la premi\u00e8re semaine puis 1 s\u00e9ance par semaine<\/p>\n<p><strong>Stabilisation<\/strong>\u00a0: 1 s\u00e9ance par mois<\/p>\n<p><strong>Entretien<\/strong>\u00a0: 3 s\u00e9ances espac\u00e9es d\u2019une semaine tous les 6 mois.<\/p>\n<h4><a href=\"http:\/\/naturopathie.sobattitude.fr\/index.php\/attenuer-les-symptomes-de-la-menopause-avec-la-laseropuncture\/\">Att\u00e9nuer les sympt\u00f4mes de la m\u00e9nopause:<\/a><\/h4>\n<p><strong>Phase d\u2019attaque<\/strong>:\u00a01 s\u00e9ance par semaine pendant 7 semaines<\/p>\n<p><strong>Stabilisation<\/strong>\u00a0: 2 s\u00e9ances par mois pendant 6 mois, puis 1 s\u00e9ance par mois pendant 6 mois<\/p>\n<p><strong>Entretien<\/strong>\u00a0: 3 s\u00e9ances espac\u00e9es d\u2019une semaine tous les 6 mois.<\/p>\n<h4><a href=\"http:\/\/naturopathie.sobattitude.fr\/index.php\/arret-du-tabac-avec-la-laseropuncture\/\">Arr\u00eat du tabac<\/a><\/h4>\n<p><strong>Phase d\u2019attaque<\/strong>: 1 s\u00e9ance\/jour durant 3 jours cons\u00e9cutifs<\/p>\n<p><strong>Stabilisation<\/strong>\u00a0: 1 s\u00e9ance \/semaine durant 2 semaines<\/p>\n<p><strong>Maintien<\/strong>\u00a0: 1 S\u00e9ance\/mois durant 6 mois<\/p>\n<h4><a href=\"http:\/\/naturopathie.sobattitude.fr\/index.php\/gestion-du-stress-avec-la-laseropuncture\/\">Gestion du stress<\/a><\/h4>\n<p><strong>Phase d\u2019attaque<\/strong>: 1 s\u00e9ance par semaine pendant 7 semaines<\/p>\n<p><strong>Stabilisation<\/strong>\u00a0: 1 s\u00e9ance par mois<\/p>\n<p><strong>Entretien<\/strong>\u00a0: 3 s\u00e9ances espac\u00e9es d\u2019une semaine tous les 6 mois.<\/p>\n<h4><a href=\"http:\/\/naturopathie.sobattitude.fr\/index.php\/amelioration-du-sommeil-avec-la-laseropuncture\/\">Am\u00e9lioration du sommeil<\/a><\/h4>\n<p><strong>Phase d\u2019attaque<\/strong>: 1 s\u00e9ance par semaine pendant 7 semaines<\/p>\n<p><strong>Stabilisation<\/strong>\u00a0: 1 s\u00e9ance par mois<\/p>\n<p><strong>Entretien<\/strong>\u00a0: 3 s\u00e9ances espac\u00e9es d\u2019une semaine tous les 6 mois.<\/p>\n<h4><a href=\"http:\/\/naturopathie.sobattitude.fr\/index.php\/amelioration-du-transit-avec-la-laseropuncture\/\">Am\u00e9lioration du transit<\/a><\/h4>\n<p><strong>Phase d\u2019attaque<\/strong>: 1 s\u00e9ance par semaine pendant 7 semaines<\/p>\n<p><strong>Stabilisation<\/strong>\u00a0: 1 s\u00e9ance par mois<\/p>\n<p><strong>Entretien<\/strong>\u00a0: 3 s\u00e9ances espac\u00e9es d\u2019une semaine tous les 6 mois.<\/p>\n<p>&nbsp;<\/p>\n","protected":false},"excerpt":{"rendered":"<p>Perte de poids avec la laseropuncture Att\u00e9nuer les sympt\u00f4mes de la m\u00e9nopause Arr\u00eat du tabac avec la laseropuncture Gestion du stress avec la laseropuncture Am\u00e9lioration du sommeil avec la laseropuncture Am\u00e9lioration du transit avec la laseropuncture Bas\u00e9e sur les principes de l\u2019acupuncture en m\u00e9decine traditionnelle chinoise, la laseropuncture utilise un stylet laser pour stimuler les&#8230;<\/p>\n","protected":false},"author":1,"featured_media":0,"parent":0,"menu_order":0,"comment_status":"closed","ping_status":"closed","template":"","meta":{"_kad_post_transparent":"","_kad_post_title":"","_kad_post_layout":"","_kad_post_sidebar_id":"","_kad_post_content_style":"","_kad_post_vertical_padding":"","_kad_post_feature":"","_kad_post_feature_position":"","_kad_post_header":false,"_kad_post_footer":false,"_kad_post_classname":"","footnotes":""},"class_list":["post-490","page","type-page","status-publish","hentry"],"yoast_head":"<!-- This site is optimized with the Yoast SEO plugin v27.4 - https:\/\/yoast.com\/product\/yoast-seo-wordpress\/ -->\n<title>Laseropuncture -<\/title>\n<meta name=\"robots\" content=\"index, follow, max-snippet:-1, max-image-preview:large, max-video-preview:-1\" \/>\n<link rel=\"canonical\" href=\"https:\/\/naturopathie.sobattitude.fr\/index.php\/laseropuncture\/\" \/>\n<meta property=\"og:locale\" content=\"fr_FR\" \/>\n<meta property=\"og:type\" content=\"article\" \/>\n<meta property=\"og:title\" content=\"Laseropuncture -\" \/>\n<meta property=\"og:description\" content=\"Perte de poids avec la laseropuncture Att\u00e9nuer les sympt\u00f4mes de la m\u00e9nopause Arr\u00eat du tabac avec la laseropuncture Gestion du stress avec la laseropuncture Am\u00e9lioration du sommeil avec la laseropuncture Am\u00e9lioration du transit avec la laseropuncture Bas\u00e9e sur les principes de l\u2019acupuncture en m\u00e9decine traditionnelle chinoise, la laseropuncture utilise un stylet laser pour stimuler les...\" \/>\n<meta property=\"og:url\" content=\"https:\/\/naturopathie.sobattitude.fr\/index.php\/laseropuncture\/\" \/>\n<meta property=\"article:modified_time\" content=\"2026-04-14T15:52:51+00:00\" \/>\n<meta name=\"twitter:card\" content=\"summary_large_image\" \/>\n<meta name=\"twitter:label1\" content=\"Dur\u00e9e de lecture estim\u00e9e\" \/>\n\t<meta name=\"twitter:data1\" content=\"3 minutes\" \/>\n<script type=\"application\/ld+json\" class=\"yoast-schema-graph\">{\"@context\":\"https:\\\/\\\/schema.org\",\"@graph\":[{\"@type\":\"WebPage\",\"@id\":\"https:\\\/\\\/naturopathie.sobattitude.fr\\\/index.php\\\/laseropuncture\\\/\",\"url\":\"https:\\\/\\\/naturopathie.sobattitude.fr\\\/index.php\\\/laseropuncture\\\/\",\"name\":\"Laseropuncture -\",\"isPartOf\":{\"@id\":\"https:\\\/\\\/naturopathie.sobattitude.fr\\\/#website\"},\"datePublished\":\"2021-04-29T10:57:01+00:00\",\"dateModified\":\"2026-04-14T15:52:51+00:00\",\"breadcrumb\":{\"@id\":\"https:\\\/\\\/naturopathie.sobattitude.fr\\\/index.php\\\/laseropuncture\\\/#breadcrumb\"},\"inLanguage\":\"fr-FR\",\"potentialAction\":[{\"@type\":\"ReadAction\",\"target\":[\"https:\\\/\\\/naturopathie.sobattitude.fr\\\/index.php\\\/laseropuncture\\\/\"]}]},{\"@type\":\"BreadcrumbList\",\"@id\":\"https:\\\/\\\/naturopathie.sobattitude.fr\\\/index.php\\\/laseropuncture\\\/#breadcrumb\",\"itemListElement\":[{\"@type\":\"ListItem\",\"position\":1,\"name\":\"Accueil\",\"item\":\"https:\\\/\\\/naturopathie.sobattitude.fr\\\/\"},{\"@type\":\"ListItem\",\"position\":2,\"name\":\"Laseropuncture\"}]},{\"@type\":\"WebSite\",\"@id\":\"https:\\\/\\\/naturopathie.sobattitude.fr\\\/#website\",\"url\":\"https:\\\/\\\/naturopathie.sobattitude.fr\\\/\",\"name\":\"\",\"description\":\"\",\"potentialAction\":[{\"@type\":\"SearchAction\",\"target\":{\"@type\":\"EntryPoint\",\"urlTemplate\":\"https:\\\/\\\/naturopathie.sobattitude.fr\\\/?s={search_term_string}\"},\"query-input\":{\"@type\":\"PropertyValueSpecification\",\"valueRequired\":true,\"valueName\":\"search_term_string\"}}],\"inLanguage\":\"fr-FR\"}]}<\/script>\n<!-- \/ Yoast SEO plugin. -->","yoast_head_json":{"title":"Laseropuncture -","robots":{"index":"index","follow":"follow","max-snippet":"max-snippet:-1","max-image-preview":"max-image-preview:large","max-video-preview":"max-video-preview:-1"},"canonical":"https:\/\/naturopathie.sobattitude.fr\/index.php\/laseropuncture\/","og_locale":"fr_FR","og_type":"article","og_title":"Laseropuncture -","og_description":"Perte de poids avec la laseropuncture Att\u00e9nuer les sympt\u00f4mes de la m\u00e9nopause Arr\u00eat du tabac avec la laseropuncture Gestion du stress avec la laseropuncture Am\u00e9lioration du sommeil avec la laseropuncture Am\u00e9lioration du transit avec la laseropuncture Bas\u00e9e sur les principes de l\u2019acupuncture en m\u00e9decine traditionnelle chinoise, la laseropuncture utilise un stylet laser pour stimuler les...","og_url":"https:\/\/naturopathie.sobattitude.fr\/index.php\/laseropuncture\/","article_modified_time":"2026-04-14T15:52:51+00:00","twitter_card":"summary_large_image","twitter_misc":{"Dur\u00e9e de lecture estim\u00e9e":"3 minutes"},"schema":{"@context":"https:\/\/schema.org","@graph":[{"@type":"WebPage","@id":"https:\/\/naturopathie.sobattitude.fr\/index.php\/laseropuncture\/","url":"https:\/\/naturopathie.sobattitude.fr\/index.php\/laseropuncture\/","name":"Laseropuncture -","isPartOf":{"@id":"https:\/\/naturopathie.sobattitude.fr\/#website"},"datePublished":"2021-04-29T10:57:01+00:00","dateModified":"2026-04-14T15:52:51+00:00","breadcrumb":{"@id":"https:\/\/naturopathie.sobattitude.fr\/index.php\/laseropuncture\/#breadcrumb"},"inLanguage":"fr-FR","potentialAction":[{"@type":"ReadAction","target":["https:\/\/naturopathie.sobattitude.fr\/index.php\/laseropuncture\/"]}]},{"@type":"BreadcrumbList","@id":"https:\/\/naturopathie.sobattitude.fr\/index.php\/laseropuncture\/#breadcrumb","itemListElement":[{"@type":"ListItem","position":1,"name":"Accueil","item":"https:\/\/naturopathie.sobattitude.fr\/"},{"@type":"ListItem","position":2,"name":"Laseropuncture"}]},{"@type":"WebSite","@id":"https:\/\/naturopathie.sobattitude.fr\/#website","url":"https:\/\/naturopathie.sobattitude.fr\/","name":"","description":"","potentialAction":[{"@type":"SearchAction","target":{"@type":"EntryPoint","urlTemplate":"https:\/\/naturopathie.sobattitude.fr\/?s={search_term_string}"},"query-input":{"@type":"PropertyValueSpecification","valueRequired":true,"valueName":"search_term_string"}}],"inLanguage":"fr-FR"}]}},"_links":{"self":[{"href":"https:\/\/naturopathie.sobattitude.fr\/index.php\/wp-json\/wp\/v2\/pages\/490","targetHints":{"allow":["GET"]}}],"collection":[{"href":"https:\/\/naturopathie.sobattitude.fr\/index.php\/wp-json\/wp\/v2\/pages"}],"about":[{"href":"https:\/\/naturopathie.sobattitude.fr\/index.php\/wp-json\/wp\/v2\/types\/page"}],"author":[{"embeddable":true,"href":"https:\/\/naturopathie.sobattitude.fr\/index.php\/wp-json\/wp\/v2\/users\/1"}],"replies":[{"embeddable":true,"href":"https:\/\/naturopathie.sobattitude.fr\/index.php\/wp-json\/wp\/v2\/comments?post=490"}],"version-history":[{"count":32,"href":"https:\/\/naturopathie.sobattitude.fr\/index.php\/wp-json\/wp\/v2\/pages\/490\/revisions"}],"predecessor-version":[{"id":2844,"href":"https:\/\/naturopathie.sobattitude.fr\/index.php\/wp-json\/wp\/v2\/pages\/490\/revisions\/2844"}],"wp:attachment":[{"href":"https:\/\/naturopathie.sobattitude.fr\/index.php\/wp-json\/wp\/v2\/media?parent=490"}],"curies":[{"name":"wp","href":"https:\/\/api.w.org\/{rel}","templated":true}]}}