{"id":492,"date":"2021-04-29T14:42:35","date_gmt":"2021-04-29T12:42:35","guid":{"rendered":"http:\/\/naturopathie.sobattitude.fr\/?page_id=492"},"modified":"2026-04-14T17:48:46","modified_gmt":"2026-04-14T15:48:46","slug":"perte-de-poids-avec-la-laseropuncture","status":"publish","type":"page","link":"https:\/\/naturopathie.sobattitude.fr\/index.php\/perte-de-poids-avec-la-laseropuncture\/","title":{"rendered":"Gestion du poids avec la laseropuncture"},"content":{"rendered":"<p><strong>Objectifs\u00a0:<\/strong><\/p>\n<p>\u2022\u00a0 \u00a0 \u00a0 Diminuer les comportements compulsifs (grignotage, boulimie&#8230;)<\/p>\n<p>\u2022\u00a0 \u00a0 \u00a0 Retrouver la sati\u00e9t\u00e9<\/p>\n<p>\u2022\u00a0 \u00a0 \u00a0 R\u00e9tablir le transit<\/p>\n<p>\u2022\u00a0 \u00a0 \u00a0 Diminuer les r\u00e9tentions<\/p>\n<p><em>Bas\u00e9e sur les principes de l\u2019acupuncture en m\u00e9decine traditionnelle chinoise, la laseropuncture utilise un stylet laser pour stimuler les points r\u00e9flexes du corps.<\/em><\/p>\n<p><em>C&rsquo;est une technique douce, indolore et non invasive.<\/em><\/p>\n<h2 id=\"fa4ps\">Comment se d\u00e9roule une s\u00e9ance de laseropuncture ?<\/h2>\n<div id=\"Pave-Haut2_608a805166e85\" class=\"ads-core-placer\" data-ads-core=\"{&quot;device&quot;:&quot;tablet,mobile&quot;,&quot;type&quot;:&quot;Pave-Haut2&quot;}\"><\/div>\n<p>La premi\u00e8re s\u00e9ance dure environ une heure et comprend un bilan.<\/p>\n<p>Les s\u00e9ances suivantes durent 30 minutes.<\/p>\n<p>A l&rsquo;aide d&rsquo;un stylet laser, je vais agir sur des points d&rsquo;auriculoth\u00e9rapie\u00a0(au niveau des deux oreilles), puis des points d&rsquo;acupuncture sur le corps (visage, bras, ventre, cuisses, pieds, t\u00eate\u2026).<\/p>\n<p><span style=\"color: #993366;\"><strong>Cette m\u00e9thode est 100% naturelle et indolore!<\/strong><\/span><\/p>\n<h2 id=\"e0cem\">Des r\u00e9sultats d\u00e8s les premi\u00e8res s\u00e9ances<\/h2>\n<p>Les r\u00e9sultats sur les comportements alimentaires\u00a0 sont observables d\u00e8s les premi\u00e8res s\u00e9ances. Mais tout d\u00e9pend de la sensibilit\u00e9 de chacun. Pour obtenir des r\u00e9sultats significatifs sur la silhouette, il faut compter environ 12 s\u00e9ances.<\/p>\n<p><strong>Phase d\u2019attaque<\/strong>: 2 s\u00e9ances la premi\u00e8re semaine puis 1 s\u00e9ance par semaine<\/p>\n<p>Le nombre de s\u00e9ances d\u00e9pend du poids \u00e0 perdre<\/p>\n<p><strong>Stabilisation<\/strong>\u00a0: 1 s\u00e9ance par mois<\/p>\n<p><strong>Entretien<\/strong>\u00a0: 3 s\u00e9ances espac\u00e9es d\u2019une semaine tous les 6 mois.<\/p>\n<p><strong>Les contre-indications :\u00a0<\/strong>la laseropuncture est contre-indiqu\u00e9e aux femmes enceintes et aux personnes atteintes de troubles \u00e9pileptiques.<\/p>\n<p>&nbsp;<\/p>\n","protected":false},"excerpt":{"rendered":"<p>Objectifs\u00a0: \u2022\u00a0 \u00a0 \u00a0 Diminuer les comportements compulsifs (grignotage, boulimie&#8230;) \u2022\u00a0 \u00a0 \u00a0 Retrouver la sati\u00e9t\u00e9 \u2022\u00a0 \u00a0 \u00a0 R\u00e9tablir le transit \u2022\u00a0 \u00a0 \u00a0 Diminuer les r\u00e9tentions Bas\u00e9e sur les principes de l\u2019acupuncture en m\u00e9decine traditionnelle chinoise, la laseropuncture utilise un stylet laser pour stimuler les points r\u00e9flexes du corps. C&rsquo;est une technique douce,&#8230;<\/p>\n","protected":false},"author":1,"featured_media":0,"parent":0,"menu_order":0,"comment_status":"closed","ping_status":"closed","template":"","meta":{"_kad_post_transparent":"","_kad_post_title":"","_kad_post_layout":"","_kad_post_sidebar_id":"","_kad_post_content_style":"","_kad_post_vertical_padding":"","_kad_post_feature":"","_kad_post_feature_position":"","_kad_post_header":false,"_kad_post_footer":false,"_kad_post_classname":"","footnotes":""},"class_list":["post-492","page","type-page","status-publish","hentry"],"yoast_head":"<!-- This site is optimized with the Yoast SEO plugin v27.4 - https:\/\/yoast.com\/product\/yoast-seo-wordpress\/ -->\n<title>Gestion du poids avec la laseropuncture -<\/title>\n<meta name=\"robots\" content=\"index, follow, max-snippet:-1, max-image-preview:large, max-video-preview:-1\" \/>\n<link rel=\"canonical\" href=\"https:\/\/naturopathie.sobattitude.fr\/index.php\/perte-de-poids-avec-la-laseropuncture\/\" \/>\n<meta property=\"og:locale\" content=\"fr_FR\" \/>\n<meta property=\"og:type\" content=\"article\" \/>\n<meta property=\"og:title\" content=\"Gestion du poids avec la laseropuncture -\" \/>\n<meta property=\"og:description\" content=\"Objectifs\u00a0: \u2022\u00a0 \u00a0 \u00a0 Diminuer les comportements compulsifs (grignotage, boulimie&#8230;) \u2022\u00a0 \u00a0 \u00a0 Retrouver la sati\u00e9t\u00e9 \u2022\u00a0 \u00a0 \u00a0 R\u00e9tablir le transit \u2022\u00a0 \u00a0 \u00a0 Diminuer les r\u00e9tentions Bas\u00e9e sur les principes de l\u2019acupuncture en m\u00e9decine traditionnelle chinoise, la laseropuncture utilise un stylet laser pour stimuler les points r\u00e9flexes du corps. C&rsquo;est une technique douce,...\" \/>\n<meta property=\"og:url\" content=\"https:\/\/naturopathie.sobattitude.fr\/index.php\/perte-de-poids-avec-la-laseropuncture\/\" \/>\n<meta property=\"article:modified_time\" content=\"2026-04-14T15:48:46+00:00\" \/>\n<meta name=\"twitter:card\" content=\"summary_large_image\" \/>\n<meta name=\"twitter:label1\" content=\"Dur\u00e9e de lecture estim\u00e9e\" \/>\n\t<meta name=\"twitter:data1\" content=\"2 minutes\" \/>\n<script type=\"application\/ld+json\" class=\"yoast-schema-graph\">{\"@context\":\"https:\\\/\\\/schema.org\",\"@graph\":[{\"@type\":\"WebPage\",\"@id\":\"https:\\\/\\\/naturopathie.sobattitude.fr\\\/index.php\\\/perte-de-poids-avec-la-laseropuncture\\\/\",\"url\":\"https:\\\/\\\/naturopathie.sobattitude.fr\\\/index.php\\\/perte-de-poids-avec-la-laseropuncture\\\/\",\"name\":\"Gestion du poids avec la laseropuncture -\",\"isPartOf\":{\"@id\":\"https:\\\/\\\/naturopathie.sobattitude.fr\\\/#website\"},\"datePublished\":\"2021-04-29T12:42:35+00:00\",\"dateModified\":\"2026-04-14T15:48:46+00:00\",\"breadcrumb\":{\"@id\":\"https:\\\/\\\/naturopathie.sobattitude.fr\\\/index.php\\\/perte-de-poids-avec-la-laseropuncture\\\/#breadcrumb\"},\"inLanguage\":\"fr-FR\",\"potentialAction\":[{\"@type\":\"ReadAction\",\"target\":[\"https:\\\/\\\/naturopathie.sobattitude.fr\\\/index.php\\\/perte-de-poids-avec-la-laseropuncture\\\/\"]}]},{\"@type\":\"BreadcrumbList\",\"@id\":\"https:\\\/\\\/naturopathie.sobattitude.fr\\\/index.php\\\/perte-de-poids-avec-la-laseropuncture\\\/#breadcrumb\",\"itemListElement\":[{\"@type\":\"ListItem\",\"position\":1,\"name\":\"Accueil\",\"item\":\"https:\\\/\\\/naturopathie.sobattitude.fr\\\/\"},{\"@type\":\"ListItem\",\"position\":2,\"name\":\"Gestion du poids avec la laseropuncture\"}]},{\"@type\":\"WebSite\",\"@id\":\"https:\\\/\\\/naturopathie.sobattitude.fr\\\/#website\",\"url\":\"https:\\\/\\\/naturopathie.sobattitude.fr\\\/\",\"name\":\"\",\"description\":\"\",\"potentialAction\":[{\"@type\":\"SearchAction\",\"target\":{\"@type\":\"EntryPoint\",\"urlTemplate\":\"https:\\\/\\\/naturopathie.sobattitude.fr\\\/?s={search_term_string}\"},\"query-input\":{\"@type\":\"PropertyValueSpecification\",\"valueRequired\":true,\"valueName\":\"search_term_string\"}}],\"inLanguage\":\"fr-FR\"}]}<\/script>\n<!-- \/ Yoast SEO plugin. -->","yoast_head_json":{"title":"Gestion du poids avec la laseropuncture -","robots":{"index":"index","follow":"follow","max-snippet":"max-snippet:-1","max-image-preview":"max-image-preview:large","max-video-preview":"max-video-preview:-1"},"canonical":"https:\/\/naturopathie.sobattitude.fr\/index.php\/perte-de-poids-avec-la-laseropuncture\/","og_locale":"fr_FR","og_type":"article","og_title":"Gestion du poids avec la laseropuncture -","og_description":"Objectifs\u00a0: \u2022\u00a0 \u00a0 \u00a0 Diminuer les comportements compulsifs (grignotage, boulimie&#8230;) \u2022\u00a0 \u00a0 \u00a0 Retrouver la sati\u00e9t\u00e9 \u2022\u00a0 \u00a0 \u00a0 R\u00e9tablir le transit \u2022\u00a0 \u00a0 \u00a0 Diminuer les r\u00e9tentions Bas\u00e9e sur les principes de l\u2019acupuncture en m\u00e9decine traditionnelle chinoise, la laseropuncture utilise un stylet laser pour stimuler les points r\u00e9flexes du corps. C&rsquo;est une technique douce,...","og_url":"https:\/\/naturopathie.sobattitude.fr\/index.php\/perte-de-poids-avec-la-laseropuncture\/","article_modified_time":"2026-04-14T15:48:46+00:00","twitter_card":"summary_large_image","twitter_misc":{"Dur\u00e9e de lecture estim\u00e9e":"2 minutes"},"schema":{"@context":"https:\/\/schema.org","@graph":[{"@type":"WebPage","@id":"https:\/\/naturopathie.sobattitude.fr\/index.php\/perte-de-poids-avec-la-laseropuncture\/","url":"https:\/\/naturopathie.sobattitude.fr\/index.php\/perte-de-poids-avec-la-laseropuncture\/","name":"Gestion du poids avec la laseropuncture -","isPartOf":{"@id":"https:\/\/naturopathie.sobattitude.fr\/#website"},"datePublished":"2021-04-29T12:42:35+00:00","dateModified":"2026-04-14T15:48:46+00:00","breadcrumb":{"@id":"https:\/\/naturopathie.sobattitude.fr\/index.php\/perte-de-poids-avec-la-laseropuncture\/#breadcrumb"},"inLanguage":"fr-FR","potentialAction":[{"@type":"ReadAction","target":["https:\/\/naturopathie.sobattitude.fr\/index.php\/perte-de-poids-avec-la-laseropuncture\/"]}]},{"@type":"BreadcrumbList","@id":"https:\/\/naturopathie.sobattitude.fr\/index.php\/perte-de-poids-avec-la-laseropuncture\/#breadcrumb","itemListElement":[{"@type":"ListItem","position":1,"name":"Accueil","item":"https:\/\/naturopathie.sobattitude.fr\/"},{"@type":"ListItem","position":2,"name":"Gestion du poids avec la laseropuncture"}]},{"@type":"WebSite","@id":"https:\/\/naturopathie.sobattitude.fr\/#website","url":"https:\/\/naturopathie.sobattitude.fr\/","name":"","description":"","potentialAction":[{"@type":"SearchAction","target":{"@type":"EntryPoint","urlTemplate":"https:\/\/naturopathie.sobattitude.fr\/?s={search_term_string}"},"query-input":{"@type":"PropertyValueSpecification","valueRequired":true,"valueName":"search_term_string"}}],"inLanguage":"fr-FR"}]}},"_links":{"self":[{"href":"https:\/\/naturopathie.sobattitude.fr\/index.php\/wp-json\/wp\/v2\/pages\/492","targetHints":{"allow":["GET"]}}],"collection":[{"href":"https:\/\/naturopathie.sobattitude.fr\/index.php\/wp-json\/wp\/v2\/pages"}],"about":[{"href":"https:\/\/naturopathie.sobattitude.fr\/index.php\/wp-json\/wp\/v2\/types\/page"}],"author":[{"embeddable":true,"href":"https:\/\/naturopathie.sobattitude.fr\/index.php\/wp-json\/wp\/v2\/users\/1"}],"replies":[{"embeddable":true,"href":"https:\/\/naturopathie.sobattitude.fr\/index.php\/wp-json\/wp\/v2\/comments?post=492"}],"version-history":[{"count":21,"href":"https:\/\/naturopathie.sobattitude.fr\/index.php\/wp-json\/wp\/v2\/pages\/492\/revisions"}],"predecessor-version":[{"id":2839,"href":"https:\/\/naturopathie.sobattitude.fr\/index.php\/wp-json\/wp\/v2\/pages\/492\/revisions\/2839"}],"wp:attachment":[{"href":"https:\/\/naturopathie.sobattitude.fr\/index.php\/wp-json\/wp\/v2\/media?parent=492"}],"curies":[{"name":"wp","href":"https:\/\/api.w.org\/{rel}","templated":true}]}}