{"id":534,"date":"2021-04-29T23:18:28","date_gmt":"2021-04-29T21:18:28","guid":{"rendered":"http:\/\/naturopathie.sobattitude.fr\/?page_id=534"},"modified":"2026-04-14T17:43:24","modified_gmt":"2026-04-14T15:43:24","slug":"arret-du-tabac-avec-la-laseropuncture","status":"publish","type":"page","link":"https:\/\/naturopathie.sobattitude.fr\/index.php\/arret-du-tabac-avec-la-laseropuncture\/","title":{"rendered":"Arr\u00eat du tabac avec la laseropuncture"},"content":{"rendered":"<p style=\"margin: 0cm; margin-bottom: .0001pt; background: white;\"><span style=\"font-family: 'Roboto Condensed',serif; color: #3f444a;\">Les s\u00e9ances ont pour but de\u00a0:<\/span><\/p>\n<p style=\"margin: 0cm; margin-bottom: .0001pt; background: white;\"><span style=\"font-family: 'Roboto Condensed',serif; color: #3f444a;\">\u00a0\u00a0\u00a0 \u2022\u00a0\u00a0\u00a0\u00a0\u00a0\u00a0 Diminuer l\u2019envie de fumer et le manque<\/span><\/p>\n<p style=\"margin: 0cm; margin-bottom: .0001pt; background: white;\"><span style=\"font-family: 'Roboto Condensed',serif; color: #3f444a;\">\u00a0\u00a0\u00a0 \u2022\u00a0\u00a0\u00a0\u00a0\u00a0\u00a0 Relaxer le fumeur<\/span><\/p>\n<p style=\"margin: 0cm; margin-bottom: .0001pt; background: white;\"><span style=\"font-family: 'Roboto Condensed',serif; color: #3f444a;\">\u00a0\u00a0\u00a0 \u2022\u00a0\u00a0\u00a0\u00a0\u00a0\u00a0 Am\u00e9liorer son sommeil<\/span><\/p>\n<p style=\"margin: 0cm; margin-bottom: .0001pt; background: white;\"><span style=\"font-family: 'Roboto Condensed',serif; color: #3f444a;\">\u00a0\u00a0\u00a0 \u2022\u00a0\u00a0\u00a0\u00a0\u00a0\u00a0 R\u00e9guler l\u2019exc\u00e8s d\u2019app\u00e9tit li\u00e9 au manque<\/span><\/p>\n<p style=\"margin: 0cm; margin-bottom: .0001pt; background: white;\"><span style=\"font-family: 'Roboto Condensed',serif; color: #3f444a;\">\u00a0\u00a0\u00a0 \u2022\u00a0\u00a0\u00a0\u00a0\u00a0\u00a0 R\u00e9duire l\u2019inflammation de la sph\u00e8re ORL pour dissuader le fumeur de reprendre la cigarette (go\u00fbt m\u00e9tallique, go\u00fbt \u00e2cre\u2026)<\/span><\/p>\n<p><em>Bas\u00e9e sur les principes de l\u2019acupuncture en m\u00e9decine traditionnelle chinoise, la laseropuncture utilise un stylet laser pour stimuler les points r\u00e9flexes du corps.<\/em><\/p>\n<p><em>C\u2019est une technique douce, indolore et non invasive.<\/em><\/p>\n<h2 id=\"fa4ps\">Comment se d\u00e9roule une s\u00e9ance de laseropuncture ?<\/h2>\n<div id=\"Pave-Haut2_608a805166e85\" class=\"ads-core-placer\" data-ads-core=\"{&quot;device&quot;:&quot;tablet,mobile&quot;,&quot;type&quot;:&quot;Pave-Haut2&quot;}\"><\/div>\n<p>La premi\u00e8re s\u00e9ance dure environ une heure et comprend un bilan.<\/p>\n<p>Les s\u00e9ances suivantes durent 30 minutes.<\/p>\n<p>A l\u2019aide d\u2019un stylet laser, je vais agir sur des points d\u2019auriculoth\u00e9rapie (au niveau des deux oreilles), puis des points d\u2019acupuncture sur le corps (visage, bras, ventre, cuisses, pieds, t\u00eate\u2026).<\/p>\n<p><span style=\"color: #993366;\"><strong>Cette m\u00e9thode est 100% naturelle et indolore!<\/strong><\/span><\/p>\n<p><strong>Phase d\u2019attaque<\/strong>: 1 s\u00e9ance\/jour durant 3 jours cons\u00e9cutifs<\/p>\n<p><strong>Stabilisation<\/strong>\u00a0: 1 s\u00e9ance \/semaine durant 2 semaines<\/p>\n<p><strong>Maintien<\/strong>\u00a0: 1 S\u00e9ance\/mois durant 6 mois<\/p>\n<p><strong>Les contre-indications :\u00a0<\/strong>la laseropuncture est contre-indiqu\u00e9e aux femmes enceintes et aux personnes atteintes de troubles \u00e9pileptiques.<\/p>\n<p>&nbsp;<\/p>\n","protected":false},"excerpt":{"rendered":"<p>Les s\u00e9ances ont pour but de\u00a0: \u00a0\u00a0\u00a0 \u2022\u00a0\u00a0\u00a0\u00a0\u00a0\u00a0 Diminuer l\u2019envie de fumer et le manque \u00a0\u00a0\u00a0 \u2022\u00a0\u00a0\u00a0\u00a0\u00a0\u00a0 Relaxer le fumeur \u00a0\u00a0\u00a0 \u2022\u00a0\u00a0\u00a0\u00a0\u00a0\u00a0 Am\u00e9liorer son sommeil \u00a0\u00a0\u00a0 \u2022\u00a0\u00a0\u00a0\u00a0\u00a0\u00a0 R\u00e9guler l\u2019exc\u00e8s d\u2019app\u00e9tit li\u00e9 au manque \u00a0\u00a0\u00a0 \u2022\u00a0\u00a0\u00a0\u00a0\u00a0\u00a0 R\u00e9duire l\u2019inflammation de la sph\u00e8re ORL pour dissuader le fumeur de reprendre la cigarette (go\u00fbt m\u00e9tallique, go\u00fbt \u00e2cre\u2026) Bas\u00e9e sur&#8230;<\/p>\n","protected":false},"author":1,"featured_media":0,"parent":0,"menu_order":0,"comment_status":"closed","ping_status":"closed","template":"","meta":{"_kad_post_transparent":"","_kad_post_title":"","_kad_post_layout":"","_kad_post_sidebar_id":"","_kad_post_content_style":"","_kad_post_vertical_padding":"","_kad_post_feature":"","_kad_post_feature_position":"","_kad_post_header":false,"_kad_post_footer":false,"_kad_post_classname":"","footnotes":""},"class_list":["post-534","page","type-page","status-publish","hentry"],"yoast_head":"<!-- This site is optimized with the Yoast SEO plugin v27.5 - https:\/\/yoast.com\/product\/yoast-seo-wordpress\/ -->\n<title>Arr\u00eat du tabac avec la laseropuncture -<\/title>\n<meta name=\"robots\" content=\"index, follow, max-snippet:-1, max-image-preview:large, max-video-preview:-1\" \/>\n<link rel=\"canonical\" href=\"https:\/\/naturopathie.sobattitude.fr\/index.php\/arret-du-tabac-avec-la-laseropuncture\/\" \/>\n<meta property=\"og:locale\" content=\"fr_FR\" \/>\n<meta property=\"og:type\" content=\"article\" \/>\n<meta property=\"og:title\" content=\"Arr\u00eat du tabac avec la laseropuncture -\" \/>\n<meta property=\"og:description\" content=\"Les s\u00e9ances ont pour but de\u00a0: \u00a0\u00a0\u00a0 \u2022\u00a0\u00a0\u00a0\u00a0\u00a0\u00a0 Diminuer l\u2019envie de fumer et le manque \u00a0\u00a0\u00a0 \u2022\u00a0\u00a0\u00a0\u00a0\u00a0\u00a0 Relaxer le fumeur \u00a0\u00a0\u00a0 \u2022\u00a0\u00a0\u00a0\u00a0\u00a0\u00a0 Am\u00e9liorer son sommeil \u00a0\u00a0\u00a0 \u2022\u00a0\u00a0\u00a0\u00a0\u00a0\u00a0 R\u00e9guler l\u2019exc\u00e8s d\u2019app\u00e9tit li\u00e9 au manque \u00a0\u00a0\u00a0 \u2022\u00a0\u00a0\u00a0\u00a0\u00a0\u00a0 R\u00e9duire l\u2019inflammation de la sph\u00e8re ORL pour dissuader le fumeur de reprendre la cigarette (go\u00fbt m\u00e9tallique, go\u00fbt \u00e2cre\u2026) Bas\u00e9e sur...\" \/>\n<meta property=\"og:url\" content=\"https:\/\/naturopathie.sobattitude.fr\/index.php\/arret-du-tabac-avec-la-laseropuncture\/\" \/>\n<meta property=\"article:modified_time\" content=\"2026-04-14T15:43:24+00:00\" \/>\n<meta name=\"twitter:card\" content=\"summary_large_image\" \/>\n<meta name=\"twitter:label1\" content=\"Dur\u00e9e de lecture estim\u00e9e\" \/>\n\t<meta name=\"twitter:data1\" content=\"2 minutes\" \/>\n<script type=\"application\/ld+json\" class=\"yoast-schema-graph\">{\"@context\":\"https:\\\/\\\/schema.org\",\"@graph\":[{\"@type\":\"WebPage\",\"@id\":\"https:\\\/\\\/naturopathie.sobattitude.fr\\\/index.php\\\/arret-du-tabac-avec-la-laseropuncture\\\/\",\"url\":\"https:\\\/\\\/naturopathie.sobattitude.fr\\\/index.php\\\/arret-du-tabac-avec-la-laseropuncture\\\/\",\"name\":\"Arr\u00eat du tabac avec la laseropuncture -\",\"isPartOf\":{\"@id\":\"https:\\\/\\\/naturopathie.sobattitude.fr\\\/#website\"},\"datePublished\":\"2021-04-29T21:18:28+00:00\",\"dateModified\":\"2026-04-14T15:43:24+00:00\",\"breadcrumb\":{\"@id\":\"https:\\\/\\\/naturopathie.sobattitude.fr\\\/index.php\\\/arret-du-tabac-avec-la-laseropuncture\\\/#breadcrumb\"},\"inLanguage\":\"fr-FR\",\"potentialAction\":[{\"@type\":\"ReadAction\",\"target\":[\"https:\\\/\\\/naturopathie.sobattitude.fr\\\/index.php\\\/arret-du-tabac-avec-la-laseropuncture\\\/\"]}]},{\"@type\":\"BreadcrumbList\",\"@id\":\"https:\\\/\\\/naturopathie.sobattitude.fr\\\/index.php\\\/arret-du-tabac-avec-la-laseropuncture\\\/#breadcrumb\",\"itemListElement\":[{\"@type\":\"ListItem\",\"position\":1,\"name\":\"Accueil\",\"item\":\"https:\\\/\\\/naturopathie.sobattitude.fr\\\/\"},{\"@type\":\"ListItem\",\"position\":2,\"name\":\"Arr\u00eat du tabac avec la laseropuncture\"}]},{\"@type\":\"WebSite\",\"@id\":\"https:\\\/\\\/naturopathie.sobattitude.fr\\\/#website\",\"url\":\"https:\\\/\\\/naturopathie.sobattitude.fr\\\/\",\"name\":\"\",\"description\":\"\",\"potentialAction\":[{\"@type\":\"SearchAction\",\"target\":{\"@type\":\"EntryPoint\",\"urlTemplate\":\"https:\\\/\\\/naturopathie.sobattitude.fr\\\/?s={search_term_string}\"},\"query-input\":{\"@type\":\"PropertyValueSpecification\",\"valueRequired\":true,\"valueName\":\"search_term_string\"}}],\"inLanguage\":\"fr-FR\"}]}<\/script>\n<!-- \/ Yoast SEO plugin. -->","yoast_head_json":{"title":"Arr\u00eat du tabac avec la laseropuncture -","robots":{"index":"index","follow":"follow","max-snippet":"max-snippet:-1","max-image-preview":"max-image-preview:large","max-video-preview":"max-video-preview:-1"},"canonical":"https:\/\/naturopathie.sobattitude.fr\/index.php\/arret-du-tabac-avec-la-laseropuncture\/","og_locale":"fr_FR","og_type":"article","og_title":"Arr\u00eat du tabac avec la laseropuncture -","og_description":"Les s\u00e9ances ont pour but de\u00a0: \u00a0\u00a0\u00a0 \u2022\u00a0\u00a0\u00a0\u00a0\u00a0\u00a0 Diminuer l\u2019envie de fumer et le manque \u00a0\u00a0\u00a0 \u2022\u00a0\u00a0\u00a0\u00a0\u00a0\u00a0 Relaxer le fumeur \u00a0\u00a0\u00a0 \u2022\u00a0\u00a0\u00a0\u00a0\u00a0\u00a0 Am\u00e9liorer son sommeil \u00a0\u00a0\u00a0 \u2022\u00a0\u00a0\u00a0\u00a0\u00a0\u00a0 R\u00e9guler l\u2019exc\u00e8s d\u2019app\u00e9tit li\u00e9 au manque \u00a0\u00a0\u00a0 \u2022\u00a0\u00a0\u00a0\u00a0\u00a0\u00a0 R\u00e9duire l\u2019inflammation de la sph\u00e8re ORL pour dissuader le fumeur de reprendre la cigarette (go\u00fbt m\u00e9tallique, go\u00fbt \u00e2cre\u2026) Bas\u00e9e sur...","og_url":"https:\/\/naturopathie.sobattitude.fr\/index.php\/arret-du-tabac-avec-la-laseropuncture\/","article_modified_time":"2026-04-14T15:43:24+00:00","twitter_card":"summary_large_image","twitter_misc":{"Dur\u00e9e de lecture estim\u00e9e":"2 minutes"},"schema":{"@context":"https:\/\/schema.org","@graph":[{"@type":"WebPage","@id":"https:\/\/naturopathie.sobattitude.fr\/index.php\/arret-du-tabac-avec-la-laseropuncture\/","url":"https:\/\/naturopathie.sobattitude.fr\/index.php\/arret-du-tabac-avec-la-laseropuncture\/","name":"Arr\u00eat du tabac avec la laseropuncture -","isPartOf":{"@id":"https:\/\/naturopathie.sobattitude.fr\/#website"},"datePublished":"2021-04-29T21:18:28+00:00","dateModified":"2026-04-14T15:43:24+00:00","breadcrumb":{"@id":"https:\/\/naturopathie.sobattitude.fr\/index.php\/arret-du-tabac-avec-la-laseropuncture\/#breadcrumb"},"inLanguage":"fr-FR","potentialAction":[{"@type":"ReadAction","target":["https:\/\/naturopathie.sobattitude.fr\/index.php\/arret-du-tabac-avec-la-laseropuncture\/"]}]},{"@type":"BreadcrumbList","@id":"https:\/\/naturopathie.sobattitude.fr\/index.php\/arret-du-tabac-avec-la-laseropuncture\/#breadcrumb","itemListElement":[{"@type":"ListItem","position":1,"name":"Accueil","item":"https:\/\/naturopathie.sobattitude.fr\/"},{"@type":"ListItem","position":2,"name":"Arr\u00eat du tabac avec la laseropuncture"}]},{"@type":"WebSite","@id":"https:\/\/naturopathie.sobattitude.fr\/#website","url":"https:\/\/naturopathie.sobattitude.fr\/","name":"","description":"","potentialAction":[{"@type":"SearchAction","target":{"@type":"EntryPoint","urlTemplate":"https:\/\/naturopathie.sobattitude.fr\/?s={search_term_string}"},"query-input":{"@type":"PropertyValueSpecification","valueRequired":true,"valueName":"search_term_string"}}],"inLanguage":"fr-FR"}]}},"_links":{"self":[{"href":"https:\/\/naturopathie.sobattitude.fr\/index.php\/wp-json\/wp\/v2\/pages\/534","targetHints":{"allow":["GET"]}}],"collection":[{"href":"https:\/\/naturopathie.sobattitude.fr\/index.php\/wp-json\/wp\/v2\/pages"}],"about":[{"href":"https:\/\/naturopathie.sobattitude.fr\/index.php\/wp-json\/wp\/v2\/types\/page"}],"author":[{"embeddable":true,"href":"https:\/\/naturopathie.sobattitude.fr\/index.php\/wp-json\/wp\/v2\/users\/1"}],"replies":[{"embeddable":true,"href":"https:\/\/naturopathie.sobattitude.fr\/index.php\/wp-json\/wp\/v2\/comments?post=534"}],"version-history":[{"count":14,"href":"https:\/\/naturopathie.sobattitude.fr\/index.php\/wp-json\/wp\/v2\/pages\/534\/revisions"}],"predecessor-version":[{"id":2831,"href":"https:\/\/naturopathie.sobattitude.fr\/index.php\/wp-json\/wp\/v2\/pages\/534\/revisions\/2831"}],"wp:attachment":[{"href":"https:\/\/naturopathie.sobattitude.fr\/index.php\/wp-json\/wp\/v2\/media?parent=534"}],"curies":[{"name":"wp","href":"https:\/\/api.w.org\/{rel}","templated":true}]}}