{"id":659,"date":"2021-09-01T11:00:23","date_gmt":"2021-09-01T09:00:23","guid":{"rendered":"http:\/\/naturopathie.sobattitude.fr\/?page_id=659"},"modified":"2026-04-14T17:49:26","modified_gmt":"2026-04-14T15:49:26","slug":"grossesse","status":"publish","type":"page","link":"https:\/\/naturopathie.sobattitude.fr\/index.php\/grossesse\/","title":{"rendered":"Grossesse"},"content":{"rendered":"<h2>Gestion \u00e9motionnelle de la grossesse<\/h2>\n<p><span style=\"color: #0000ff;\">Pour que la grossesse soit une p\u00e9riode de s\u00e9r\u00e9nit\u00e9 et de bonheur.<\/span><\/p>\n<p><em>Peur de l&rsquo;accouchement ?<\/em><\/p>\n<p><em>Naus\u00e9es de d\u00e9but de grossesse ?<\/em><\/p>\n<p><span style=\"color: #333399;\"><strong>Je peux vous aider !<\/strong><\/span><\/p>\n<div class=\"kvgmc6g5 cxmmr5t8 oygrvhab hcukyx3x c1et5uql ii04i59q\">\n<h4 dir=\"auto\">L\u2019Accompagnement \u00e9motionnel de la grossesse, c\u2019est quoi ?<\/h4>\n<div dir=\"auto\">C\u2019est l\u2019accompagnement de la future maman, trimestre par trimestre, pour vivre au mieux cette p\u00e9riode, et se pr\u00e9parer \u00e0 accueillir b\u00e9b\u00e9 dans les meilleurs conditions et dispositions.<\/div>\n<\/div>\n<div dir=\"auto\"><\/div>\n<div dir=\"auto\"><span style=\"font-size: 20px; font-weight: bold;\">C\u2018est aussi accompagner:<\/span><\/div>\n<div class=\"o9v6fnle cxmmr5t8 oygrvhab hcukyx3x c1et5uql ii04i59q\">\n<div dir=\"auto\">&#8211; la future maman qui craint l\u2019accouchement ou qui pr\u00e9sente des naus\u00e9es,<\/div>\n<div dir=\"auto\">&#8211; la femme qui d\u00e9sire favoriser ses chances de procr\u00e9er<\/div>\n<div dir=\"auto\"><\/div>\n<\/div>\n<div class=\"o9v6fnle cxmmr5t8 oygrvhab hcukyx3x c1et5uql ii04i59q\">\n<h4 dir=\"auto\">Je vous aide \u00e0 vivre cette p\u00e9riode dans les meilleures conditions.<\/h4>\n<header class=\"entry-header\">\n<h2 class=\"entry-title\">Baby-blues\/D\u00e9pression post-natale<\/h2>\n<\/header>\n<div class=\"entry-content\">\n<p>\ud835\ude47\ud835\ude5a \ud835\ude57\ud835\ude56\ud835\ude57\ud835\ude6e-\ud835\ude57\ud835\ude61\ud835\ude6a\ud835\ude5a\ud835\ude68 touche pr\u00e8s de 60% des femmes qui accouchent.<\/p>\n<p>Il s\u2019agit d\u2019un \u00ab\u00a0orage\u00a0\u00bb hormonal, \u00e9motionnel et existentiel.<br \/>\nLe baby blues appara\u00eet chez la m\u00e8re dans les premiers jours qui suivent l\u2019accouchement.<\/p>\n<p>Les signes du baby-blues peuvent \u00eatre tr\u00e8s diff\u00e9rents d\u2019une femme \u00e0 une autre, mais les principaux sympt\u00f4mes sont : pleurs sans raison, sentiments de confusion, irritabilit\u00e9, sentiment d\u2019\u00e9puisement, difficult\u00e9s \u00e0 dormir\u2026<\/p>\n<p>S\u2019y ajoutent le sentiment que l\u2019on n\u2019arrivera pas \u00e0 faire face \u00e0 ses nouvelles responsabilit\u00e9s de m\u00e8re, une grande sensibilit\u00e9 aux signaux \u00e9mis par le b\u00e9b\u00e9\u2026<\/p>\n<p>Les causes sont d\u2019ordres biologiques et psychologiques : \u2013 Les bouleversements hormonaux : le taux de progest\u00e9rone et d\u2019oestrog\u00e8nes chute rapidement apr\u00e8s l\u2019accouchement, ce qui fragilise psychiquement la jeune maman, accentue la fatigue et la baisse de tonus.<\/p>\n<p>Le plus terrible, c\u2019est que la jeune maman culpabilise !<\/p>\n<p>Elle a tout pour \u00eatre heureuse, mais elle ne l\u2019est pas, elle se sent mal.<\/p>\n<p><strong>La d\u00e9pression post-natale ou d\u00e9pression du post-partum<\/strong>\u00a0est plus grave et plus longue. Cette d\u00e9pression peut survenir tout au long de la premi\u00e8re ann\u00e9e de vie du b\u00e9b\u00e9 mais elle appara\u00eet tr\u00e8s souvent entre le 6eme et la 9\u00e8me semaines apr\u00e8s l\u2019accouchement. La d\u00e9pression post-natale concerne 10 \u00e0 15% des m\u00e8res.<\/p>\n<p>\ud835\uddd5\ud835\uddee\ud835\uddef\ud835\ude06-\ud835\uddef\ud835\uddf9\ud835\ude02\ud835\uddf2\ud835\ude00 \ud835\uddfc\ud835\ude02 \ud835\uddf1\ud835\uddf2\u0301\ud835\uddfd\ud835\uddff\ud835\uddf2\ud835\ude00\ud835\ude00\ud835\uddf6\ud835\uddfc\ud835\uddfb \ud835\uddfd\ud835\uddfc\ud835\ude00\ud835\ude01-\ud835\uddfb\ud835\uddee\ud835\ude01\ud835\uddee\ud835\uddf9\ud835\uddf2, \ud835\uddf7\ud835\uddf2 \ud835\uddfd\ud835\uddf2\ud835\ude02\ud835\ude05 \ud835\ude03\ud835\uddfc\ud835\ude02\ud835\ude00 \ud835\uddee\ud835\uddf6\ud835\uddf1\ud835\uddf2\ud835\uddff.<\/p>\n<\/div>\n<div dir=\"auto\"><span style=\"color: #333399;\"><em>Les techniques utilis\u00e9es sont la relaxation et l&rsquo;hypnose<\/em><\/span>.<\/div>\n<div dir=\"auto\"><\/div>\n<\/div>\n<p dir=\"auto\"><strong><em>Ne peut en aucun cas se substituer au suivi m\u00e9dical de la grossesse par un gyn\u00e9cologue ou une sage-femme.<\/em><\/strong><\/p>\n<p>&nbsp;<\/p>\n","protected":false},"excerpt":{"rendered":"<p>Gestion \u00e9motionnelle de la grossesse Pour que la grossesse soit une p\u00e9riode de s\u00e9r\u00e9nit\u00e9 et de bonheur. Peur de l&rsquo;accouchement ? Naus\u00e9es de d\u00e9but de grossesse ? Je peux vous aider ! L\u2019Accompagnement \u00e9motionnel de la grossesse, c\u2019est quoi ? C\u2019est l\u2019accompagnement de la future maman, trimestre par trimestre, pour vivre au mieux cette p\u00e9riode,&#8230;<\/p>\n","protected":false},"author":1,"featured_media":0,"parent":0,"menu_order":0,"comment_status":"closed","ping_status":"closed","template":"","meta":{"_kad_post_transparent":"","_kad_post_title":"","_kad_post_layout":"","_kad_post_sidebar_id":"","_kad_post_content_style":"","_kad_post_vertical_padding":"","_kad_post_feature":"","_kad_post_feature_position":"","_kad_post_header":false,"_kad_post_footer":false,"_kad_post_classname":"","footnotes":""},"class_list":["post-659","page","type-page","status-publish","hentry"],"yoast_head":"<!-- This site is optimized with the Yoast SEO plugin v27.5 - https:\/\/yoast.com\/product\/yoast-seo-wordpress\/ -->\n<title>Grossesse -<\/title>\n<meta name=\"robots\" content=\"index, follow, max-snippet:-1, max-image-preview:large, max-video-preview:-1\" \/>\n<link rel=\"canonical\" href=\"https:\/\/naturopathie.sobattitude.fr\/index.php\/grossesse\/\" \/>\n<meta property=\"og:locale\" content=\"fr_FR\" \/>\n<meta property=\"og:type\" content=\"article\" \/>\n<meta property=\"og:title\" content=\"Grossesse -\" \/>\n<meta property=\"og:description\" content=\"Gestion \u00e9motionnelle de la grossesse Pour que la grossesse soit une p\u00e9riode de s\u00e9r\u00e9nit\u00e9 et de bonheur. Peur de l&rsquo;accouchement ? Naus\u00e9es de d\u00e9but de grossesse ? Je peux vous aider ! L\u2019Accompagnement \u00e9motionnel de la grossesse, c\u2019est quoi ? C\u2019est l\u2019accompagnement de la future maman, trimestre par trimestre, pour vivre au mieux cette p\u00e9riode,...\" \/>\n<meta property=\"og:url\" content=\"https:\/\/naturopathie.sobattitude.fr\/index.php\/grossesse\/\" \/>\n<meta property=\"article:modified_time\" content=\"2026-04-14T15:49:26+00:00\" \/>\n<meta name=\"twitter:card\" content=\"summary_large_image\" \/>\n<meta name=\"twitter:label1\" content=\"Dur\u00e9e de lecture estim\u00e9e\" \/>\n\t<meta name=\"twitter:data1\" content=\"2 minutes\" \/>\n<script type=\"application\/ld+json\" class=\"yoast-schema-graph\">{\"@context\":\"https:\\\/\\\/schema.org\",\"@graph\":[{\"@type\":\"WebPage\",\"@id\":\"https:\\\/\\\/naturopathie.sobattitude.fr\\\/index.php\\\/grossesse\\\/\",\"url\":\"https:\\\/\\\/naturopathie.sobattitude.fr\\\/index.php\\\/grossesse\\\/\",\"name\":\"Grossesse -\",\"isPartOf\":{\"@id\":\"https:\\\/\\\/naturopathie.sobattitude.fr\\\/#website\"},\"datePublished\":\"2021-09-01T09:00:23+00:00\",\"dateModified\":\"2026-04-14T15:49:26+00:00\",\"breadcrumb\":{\"@id\":\"https:\\\/\\\/naturopathie.sobattitude.fr\\\/index.php\\\/grossesse\\\/#breadcrumb\"},\"inLanguage\":\"fr-FR\",\"potentialAction\":[{\"@type\":\"ReadAction\",\"target\":[\"https:\\\/\\\/naturopathie.sobattitude.fr\\\/index.php\\\/grossesse\\\/\"]}]},{\"@type\":\"BreadcrumbList\",\"@id\":\"https:\\\/\\\/naturopathie.sobattitude.fr\\\/index.php\\\/grossesse\\\/#breadcrumb\",\"itemListElement\":[{\"@type\":\"ListItem\",\"position\":1,\"name\":\"Accueil\",\"item\":\"https:\\\/\\\/naturopathie.sobattitude.fr\\\/\"},{\"@type\":\"ListItem\",\"position\":2,\"name\":\"Grossesse\"}]},{\"@type\":\"WebSite\",\"@id\":\"https:\\\/\\\/naturopathie.sobattitude.fr\\\/#website\",\"url\":\"https:\\\/\\\/naturopathie.sobattitude.fr\\\/\",\"name\":\"\",\"description\":\"\",\"potentialAction\":[{\"@type\":\"SearchAction\",\"target\":{\"@type\":\"EntryPoint\",\"urlTemplate\":\"https:\\\/\\\/naturopathie.sobattitude.fr\\\/?s={search_term_string}\"},\"query-input\":{\"@type\":\"PropertyValueSpecification\",\"valueRequired\":true,\"valueName\":\"search_term_string\"}}],\"inLanguage\":\"fr-FR\"}]}<\/script>\n<!-- \/ Yoast SEO plugin. -->","yoast_head_json":{"title":"Grossesse -","robots":{"index":"index","follow":"follow","max-snippet":"max-snippet:-1","max-image-preview":"max-image-preview:large","max-video-preview":"max-video-preview:-1"},"canonical":"https:\/\/naturopathie.sobattitude.fr\/index.php\/grossesse\/","og_locale":"fr_FR","og_type":"article","og_title":"Grossesse -","og_description":"Gestion \u00e9motionnelle de la grossesse Pour que la grossesse soit une p\u00e9riode de s\u00e9r\u00e9nit\u00e9 et de bonheur. Peur de l&rsquo;accouchement ? Naus\u00e9es de d\u00e9but de grossesse ? Je peux vous aider ! L\u2019Accompagnement \u00e9motionnel de la grossesse, c\u2019est quoi ? C\u2019est l\u2019accompagnement de la future maman, trimestre par trimestre, pour vivre au mieux cette p\u00e9riode,...","og_url":"https:\/\/naturopathie.sobattitude.fr\/index.php\/grossesse\/","article_modified_time":"2026-04-14T15:49:26+00:00","twitter_card":"summary_large_image","twitter_misc":{"Dur\u00e9e de lecture estim\u00e9e":"2 minutes"},"schema":{"@context":"https:\/\/schema.org","@graph":[{"@type":"WebPage","@id":"https:\/\/naturopathie.sobattitude.fr\/index.php\/grossesse\/","url":"https:\/\/naturopathie.sobattitude.fr\/index.php\/grossesse\/","name":"Grossesse -","isPartOf":{"@id":"https:\/\/naturopathie.sobattitude.fr\/#website"},"datePublished":"2021-09-01T09:00:23+00:00","dateModified":"2026-04-14T15:49:26+00:00","breadcrumb":{"@id":"https:\/\/naturopathie.sobattitude.fr\/index.php\/grossesse\/#breadcrumb"},"inLanguage":"fr-FR","potentialAction":[{"@type":"ReadAction","target":["https:\/\/naturopathie.sobattitude.fr\/index.php\/grossesse\/"]}]},{"@type":"BreadcrumbList","@id":"https:\/\/naturopathie.sobattitude.fr\/index.php\/grossesse\/#breadcrumb","itemListElement":[{"@type":"ListItem","position":1,"name":"Accueil","item":"https:\/\/naturopathie.sobattitude.fr\/"},{"@type":"ListItem","position":2,"name":"Grossesse"}]},{"@type":"WebSite","@id":"https:\/\/naturopathie.sobattitude.fr\/#website","url":"https:\/\/naturopathie.sobattitude.fr\/","name":"","description":"","potentialAction":[{"@type":"SearchAction","target":{"@type":"EntryPoint","urlTemplate":"https:\/\/naturopathie.sobattitude.fr\/?s={search_term_string}"},"query-input":{"@type":"PropertyValueSpecification","valueRequired":true,"valueName":"search_term_string"}}],"inLanguage":"fr-FR"}]}},"_links":{"self":[{"href":"https:\/\/naturopathie.sobattitude.fr\/index.php\/wp-json\/wp\/v2\/pages\/659","targetHints":{"allow":["GET"]}}],"collection":[{"href":"https:\/\/naturopathie.sobattitude.fr\/index.php\/wp-json\/wp\/v2\/pages"}],"about":[{"href":"https:\/\/naturopathie.sobattitude.fr\/index.php\/wp-json\/wp\/v2\/types\/page"}],"author":[{"embeddable":true,"href":"https:\/\/naturopathie.sobattitude.fr\/index.php\/wp-json\/wp\/v2\/users\/1"}],"replies":[{"embeddable":true,"href":"https:\/\/naturopathie.sobattitude.fr\/index.php\/wp-json\/wp\/v2\/comments?post=659"}],"version-history":[{"count":19,"href":"https:\/\/naturopathie.sobattitude.fr\/index.php\/wp-json\/wp\/v2\/pages\/659\/revisions"}],"predecessor-version":[{"id":2840,"href":"https:\/\/naturopathie.sobattitude.fr\/index.php\/wp-json\/wp\/v2\/pages\/659\/revisions\/2840"}],"wp:attachment":[{"href":"https:\/\/naturopathie.sobattitude.fr\/index.php\/wp-json\/wp\/v2\/media?parent=659"}],"curies":[{"name":"wp","href":"https:\/\/api.w.org\/{rel}","templated":true}]}}