{"id":672,"date":"2021-09-27T00:41:43","date_gmt":"2021-09-26T22:41:43","guid":{"rendered":"http:\/\/naturopathie.sobattitude.fr\/?page_id=672"},"modified":"2026-04-14T17:44:38","modified_gmt":"2026-04-14T15:44:38","slug":"bioresonance-douce","status":"publish","type":"page","link":"https:\/\/naturopathie.sobattitude.fr\/index.php\/bioresonance-douce\/","title":{"rendered":"Bior\u00e9sonance"},"content":{"rendered":"\n<p>La th\u00e9rapie par bior\u00e9sonance utilise un \u00e9quipement sp\u00e9cialis\u00e9 pour d\u00e9tecter et analyser les fr\u00e9quences,&nbsp;<strong>identifier les d\u00e9s\u00e9quilibres ou les blocages et r\u00e9tablir le flux \u00e9nerg\u00e9tique naturel du corps pour favoriser la gu\u00e9rison et le bien-\u00eatre<\/strong> (r\u00e9\u00e9quilibrage \u00e9nerg\u00e9tique). <\/p>\n\n\n\n<p><strong>Je suis sp\u00e9cialis\u00e9e dans la gestion du stress, de la d\u00e9prime et des \u00e9motions:&nbsp; angoisses, sommeil, d\u00e9pression, Burn-out, peurs, phobies, deuil, d\u00e9pendances,&#8230;<\/strong><\/p>\n\n\n\n<p>La bior\u00e9sonance est une m\u00e9thode d\u2019analyse \u00e9nerg\u00e9tique corporelle qui se base sur les ondes produites par les \u00eatres vivants. Chaque organisme \u00e9met et capte des rayonnements qui peuvent \u00eatre mesur\u00e9s en ondes hertziennes. Ces ondes peuvent ensuite \u00eatre analys\u00e9es \u00e0 l\u2019aide d\u2019appareils qui vont v\u00e9rifier&nbsp;<strong>la qualit\u00e9 vibratoire et \u00e9nerg\u00e9tique<\/strong>&nbsp;des organes et corriger les d\u00e9s\u00e9quilibres, soit dans un but pr\u00e9ventif, soit pour aider \u00e0 la gu\u00e9rison de certaines pathologies. Comme on sait qu\u2019il est possible d\u2019agir sur une&nbsp;<strong>onde<\/strong>, gr\u00e2ce \u00e0 une autre onde, les appareils de bior\u00e9sonance peuvent \u00ab r\u00e9-informer \u00bb les cellules et ainsi, les&nbsp;<strong>r\u00e9\u00e9quilibrer<\/strong>&nbsp;en envoyant des ondes aux&nbsp;<strong>fr\u00e9quences souhait\u00e9es.&nbsp;<\/strong>La bior\u00e9sonance est utilis\u00e9e pour faire un bilan global de l\u2019activit\u00e9 \u00e9lectrique de l\u2019organisme, pour rep\u00e9rer \u00e9ventuellement des&nbsp;<strong>anomalies \u00e9lectromagn\u00e9tiques&nbsp;<\/strong>au sein des organes et les rectifier en utilisant des ondes correctrices qui sont envoy\u00e9es vers l\u2019organisme.<\/p>\n\n\n<h4 class=\"font_8\"><span class=\"color_15\">La Bior\u00e9sonance Douce d&rsquo;apr\u00e8s Paul Schmidt est constitu\u00e9e d&rsquo;ondes et de fr\u00e9quences suivant le principe de la physique quantique. Venez faire le plein de bonnes ondes (et c&rsquo;est vraiment le cas de le dire !).<\/span><\/h4>\n<ul>\n<li>Chaque organe, chaque partie du corps de n\u2019importe quel \u00eatre vivant poss\u00e8de sa fr\u00e9quence propre qu&rsquo;il est possible de stimuler<\/li>\n<li>La Bior\u00e9sonance permet de r\u00e9tablir les bonnes fr\u00e9quences de fonctionnement<\/li>\n<li>Mon appareil de Bior\u00e9sonance Rayonex permet de tester, effectuer un bilan et r\u00e9-informer<\/li>\n<li>Des milliers de fr\u00e9quences \u00e0 disposition<\/li>\n<\/ul>\n<p>Il s&rsquo;agit de r\u00e9\u00e9quilibrer, de fa\u00e7on naturelle et respectueuse, tous les syst\u00e8mes: physiologique, psychologique, \u00e9motionnel et m\u00eame spirituel.<\/p>\n<p>Chaque individu est un tout: <em>toute perturbation au niveau psychologique, \u00e9motionnel ou spirituel va influencer le physique, et vice versa<\/em>.<\/p>\n<p><span style=\"color: #333399;\">La bior\u00e9sonance est une th\u00e9rapie par les ondes, qui r\u00e9\u00e9quilibre le corps gr\u00e2ce \u00e0 un appareil sp\u00e9cifique.<\/span><\/p>\n<p>La bior\u00e9sonance recherche les d\u00e9s\u00e9quilibres \u00e9nerg\u00e9tiques pour les r\u00e9\u00e9quilibrer.<\/p>\n<p>Chaque organe, fonction, \u00e9motion r\u00e9sonne sur sa propre fr\u00e9quence.<\/p>\n<p>L&rsquo;appareil va donc \u00e9mettre la fr\u00e9quence dont l&rsquo;individu a besoin pour se r\u00e9\u00e9quilibrer.<\/p>\n<p>La bior\u00e9sonance douce d&rsquo;apr\u00e8s Paul SCHMIDT utilise des fr\u00e9quences en oscillation douce, les m\u00eames que celles de la nature, elles n&rsquo;ont donc que des effets positifs.<\/p>\n<ul class=\"sb-row media-query\">\n<li class=\"sb-col sb-col-xxs-12 sb-col-xs-12 sb-col-sm-12\"><span class=\"list-item-content\">Pr\u00e9vention\u00a0: Eviter et r\u00e9duire l&rsquo;apparition de pathologies<\/span><\/li>\n<li class=\"sb-col sb-col-xxs-12 sb-col-xs-12 sb-col-sm-12\"><i class=\"fa fa-fw fa-chevron-circle-right color-c-6\"><\/i><span class=\"list-item-content\">Accompagnement\u00a0: Donner des conseils et outils pour que chacun puissent reprendre le contr\u00f4le de sa sant\u00e9<\/span><\/li>\n<li class=\"sb-col sb-col-xxs-12 sb-col-xs-12 sb-col-sm-12\"><i class=\"fa fa-fw fa-chevron-circle-right color-c-6\"><\/i><span class=\"list-item-content\">Soutien\u00a0:\u00a0 Soutenir l&rsquo;organisme dans son autor\u00e9gulation<\/span><\/li>\n<\/ul>\n<p><strong><span style=\"color: #333399;\"><em>Quelques chiffres:<\/em><\/span><\/strong><\/p>\n<p><span style=\"color: #333399;\">60.000 praticiens en Allemagne, dont 6.000 th\u00e9rapeutes.<\/span><\/p>\n<p><span style=\"color: #333399;\">Utilis\u00e9 dans 43 pays dans le monde, les plus anciens \u00e9tant le japon et les autres pays d&rsquo;Asie.<\/span><\/p>\n<p><span style=\"color: #333399;\">Environ 35.000 patients humains re\u00e7oivent chaque jours, dans le monde, un soin en bior\u00e9sonance douce.<\/span><\/p>\n<p><strong>Pourquoi consulter en bior\u00e9sonance ?<\/strong><\/p>\n<p>Pour tous les petits (ou gros !) tracas de la vie:<\/p>\n<p>Douleurs, fatigue, sommeil, allergies, acouph\u00e8nes&#8230;<\/p>\n<p><strong>Pour qui ?<\/strong><\/p>\n<p>Pour tous !<\/p>\n<p>Aucune contre-indication.<\/p>\n<p>Toutefois, par mesure de pr\u00e9caution, je n&rsquo;interviens pas en bior\u00e9sonance sur les femmes enceintes, ni sur les porteurs de pacemaker.<\/p>\n<p>Vous pouvez sentir un peu de fatigue apr\u00e8s une s\u00e9ance, car votre organisme est en cours de r\u00e9cup\u00e9ration et utilisera donc l\u2019ensemble de votre \u00e9nergie pour cette cause.<\/p>\n<p>Normalement, vous aurez un regain d\u2019\u00e9nergie rapidement. Dans les tous les cas, vous vous sentirez l\u00e9ger et repos\u00e9 apr\u00e8s chaque s\u00e9ance.<\/p>\n<p><em>Les s\u00e9ances \u00e9nerg\u00e9tiques de bior\u00e9sonance sont des pratiques de m\u00e9decines non conventionnelles : dites \u00ab compl\u00e9mentaires \u00bb.<br \/>Les conseils donn\u00e9s lors des s\u00e9ances ne sont pas des diagnostics, le r\u00e9\u00e9quilibrage \u00e9nerg\u00e9tique n\u2019est pas un traitement m\u00e9dical : <strong>ils ne remplacent pas un examen m\u00e9dical ou un traitement prescrit par votre m\u00e9decin.<\/strong><\/em><\/p>\n<p>Vous pouvez prendre rendez-vous en ligne pour les s\u00e9ances au cabinet ou en visioconf\u00e9rence.<\/p>\n<p><strong>Les s\u00e9ances peuvent \u00e9galement se faire \u00e0 distance<\/strong>, et dans ce cas, il me faudra: une photo, quelques cheveux, et si besoin sp\u00e9cifique: les substances qui vous posent probl\u00e8me (poils de vos animaux, contenu de votre aspirateur notamment pour les allergies, etc\u2026).<\/p>\n<p><a href=\"https:\/\/www.bfmtv.com\/economie\/entreprises\/extraordinaire-les-benefices-trop-souvent-meconnus-de-la-bioresonance_AO-202107050001.html\" target=\"_blank\" rel=\"noopener\">Article sur la bior\u00e9sonance<\/a><\/p>\n<p>J&rsquo;utilise un appareil Rayonex:<\/p>\n<p><span style=\"color: initial;\">\ud835\ude61\ud835\ude56 \ud835\ude57\ud835\ude5e\ud835\ude64\ud835\ude67\ud835\ude5a\u0301\ud835\ude68\ud835\ude64\ud835\ude63\ud835\ude56\ud835\ude63\ud835\ude58\ud835\ude5a \ud835\ude63\ud835\ude56\ud835\ude69\ud835\ude6a\ud835\ude67\ud835\ude5a\ud835\ude61\ud835\ude61\ud835\ude5a<\/span><\/p>\n<div class=\"kvgmc6g5 cxmmr5t8 oygrvhab hcukyx3x c1et5uql ii04i59q\">\n<div dir=\"auto\">Rayonex, fond\u00e9e par Paul Schmidt en Allemagne en 1982 suite \u00e0 ses d\u00e9couvertes de 1976, a fond\u00e9 son approche th\u00e9rapeutique sur la bior\u00e9sonance naturelle par \u00e9mission de fr\u00e9quences magn\u00e9tiques pures, du niveau du champ magn\u00e9tique terrestre naturel.<\/div>\n<\/div>\n<div class=\"cxmmr5t8 oygrvhab hcukyx3x c1et5uql o9v6fnle ii04i59q\">\n<div dir=\"auto\">&#8211; la bior\u00e9sonance naturelle pour identifier et r\u00e9\u00e9quilibrer les probl\u00e8mes physiologiques, microbiens, \u00e9nerg\u00e9tiques et psychologiques pour le monde m\u00e9dical, naturopathique ou animal.<\/div>\n<div dir=\"auto\">&#8211; la g\u00e9obiologie, avec une sp\u00e9cialit\u00e9 forte en appareils de r\u00e9\u00e9quilibrage des perturbations li\u00e9es aux r\u00e9seaux artificiels (ondes puls\u00e9es) ou naturels.<\/div>\n<div dir=\"auto\">&#8211; la naturopathie et la recherche des causes, avec une \u00e9cole de naturopathie int\u00e9gr\u00e9e et une logique de terrain gr\u00e2ce \u00e0 quelques compl\u00e9ments nutritionnels cibl\u00e9s.<\/div>\n<\/div>\n<div class=\"cxmmr5t8 oygrvhab hcukyx3x c1et5uql o9v6fnle ii04i59q\">\n<div dir=\"auto\">Certifi\u00e9s CEIIa mat\u00e9riel m\u00e9dical, fabriqu\u00e9s en Allemagne, les appareils de Rayonex sont pr\u00e9sent dans le monde entier et des dizaines de milliers de praticiens les utilisent chaque jour avec succ\u00e8s.<\/div>\n<\/div>\n<div dir=\"auto\">\u00a0<\/div>\n<div dir=\"auto\"><a href=\"http:\/\/naturopathie.sobattitude.fr\/index.php\/allergies-intolerances\/\" target=\"_blank\" rel=\"noopener\">Allergies\/Intol\u00e9rances<\/a><\/div>\n<div dir=\"auto\"><a href=\"http:\/\/naturopathie.sobattitude.fr\/index.php\/bioresonance-pour-les-animaux\/\" target=\"_blank\" rel=\"noopener\">Bior\u00e9sonance pour les animaux<\/a><\/div>\n<h2>\u00a0<\/h2>\n<p>&nbsp;<\/p>","protected":false},"excerpt":{"rendered":"<p>La th\u00e9rapie par bior\u00e9sonance utilise un \u00e9quipement sp\u00e9cialis\u00e9 pour d\u00e9tecter et analyser les fr\u00e9quences,&nbsp;identifier les d\u00e9s\u00e9quilibres ou les blocages et r\u00e9tablir le flux \u00e9nerg\u00e9tique naturel du corps pour favoriser la gu\u00e9rison et le bien-\u00eatre (r\u00e9\u00e9quilibrage \u00e9nerg\u00e9tique). Je suis sp\u00e9cialis\u00e9e dans la gestion du stress, de la d\u00e9prime et des \u00e9motions:&nbsp; angoisses, sommeil, d\u00e9pression, Burn-out, peurs,&#8230;<\/p>\n","protected":false},"author":1,"featured_media":0,"parent":0,"menu_order":0,"comment_status":"closed","ping_status":"closed","template":"","meta":{"_kad_post_transparent":"","_kad_post_title":"","_kad_post_layout":"","_kad_post_sidebar_id":"","_kad_post_content_style":"","_kad_post_vertical_padding":"","_kad_post_feature":"","_kad_post_feature_position":"","_kad_post_header":false,"_kad_post_footer":false,"_kad_post_classname":"","footnotes":""},"class_list":["post-672","page","type-page","status-publish","hentry"],"yoast_head":"<!-- This site is optimized with the Yoast SEO plugin v27.4 - https:\/\/yoast.com\/product\/yoast-seo-wordpress\/ -->\n<title>Bior\u00e9sonance -<\/title>\n<meta name=\"robots\" content=\"index, follow, max-snippet:-1, max-image-preview:large, max-video-preview:-1\" \/>\n<link rel=\"canonical\" href=\"https:\/\/naturopathie.sobattitude.fr\/index.php\/bioresonance-douce\/\" \/>\n<meta property=\"og:locale\" content=\"fr_FR\" \/>\n<meta property=\"og:type\" content=\"article\" \/>\n<meta property=\"og:title\" content=\"Bior\u00e9sonance -\" \/>\n<meta property=\"og:description\" content=\"La th\u00e9rapie par bior\u00e9sonance utilise un \u00e9quipement sp\u00e9cialis\u00e9 pour d\u00e9tecter et analyser les fr\u00e9quences,&nbsp;identifier les d\u00e9s\u00e9quilibres ou les blocages et r\u00e9tablir le flux \u00e9nerg\u00e9tique naturel du corps pour favoriser la gu\u00e9rison et le bien-\u00eatre (r\u00e9\u00e9quilibrage \u00e9nerg\u00e9tique). Je suis sp\u00e9cialis\u00e9e dans la gestion du stress, de la d\u00e9prime et des \u00e9motions:&nbsp; angoisses, sommeil, d\u00e9pression, Burn-out, peurs,...\" \/>\n<meta property=\"og:url\" content=\"https:\/\/naturopathie.sobattitude.fr\/index.php\/bioresonance-douce\/\" \/>\n<meta property=\"article:modified_time\" content=\"2026-04-14T15:44:38+00:00\" \/>\n<meta name=\"twitter:card\" content=\"summary_large_image\" \/>\n<meta name=\"twitter:label1\" content=\"Dur\u00e9e de lecture estim\u00e9e\" \/>\n\t<meta name=\"twitter:data1\" content=\"5 minutes\" \/>\n<script type=\"application\/ld+json\" class=\"yoast-schema-graph\">{\"@context\":\"https:\\\/\\\/schema.org\",\"@graph\":[{\"@type\":\"WebPage\",\"@id\":\"https:\\\/\\\/naturopathie.sobattitude.fr\\\/index.php\\\/bioresonance-douce\\\/\",\"url\":\"https:\\\/\\\/naturopathie.sobattitude.fr\\\/index.php\\\/bioresonance-douce\\\/\",\"name\":\"Bior\u00e9sonance -\",\"isPartOf\":{\"@id\":\"https:\\\/\\\/naturopathie.sobattitude.fr\\\/#website\"},\"datePublished\":\"2021-09-26T22:41:43+00:00\",\"dateModified\":\"2026-04-14T15:44:38+00:00\",\"breadcrumb\":{\"@id\":\"https:\\\/\\\/naturopathie.sobattitude.fr\\\/index.php\\\/bioresonance-douce\\\/#breadcrumb\"},\"inLanguage\":\"fr-FR\",\"potentialAction\":[{\"@type\":\"ReadAction\",\"target\":[\"https:\\\/\\\/naturopathie.sobattitude.fr\\\/index.php\\\/bioresonance-douce\\\/\"]}]},{\"@type\":\"BreadcrumbList\",\"@id\":\"https:\\\/\\\/naturopathie.sobattitude.fr\\\/index.php\\\/bioresonance-douce\\\/#breadcrumb\",\"itemListElement\":[{\"@type\":\"ListItem\",\"position\":1,\"name\":\"Accueil\",\"item\":\"https:\\\/\\\/naturopathie.sobattitude.fr\\\/\"},{\"@type\":\"ListItem\",\"position\":2,\"name\":\"Bior\u00e9sonance\"}]},{\"@type\":\"WebSite\",\"@id\":\"https:\\\/\\\/naturopathie.sobattitude.fr\\\/#website\",\"url\":\"https:\\\/\\\/naturopathie.sobattitude.fr\\\/\",\"name\":\"\",\"description\":\"\",\"potentialAction\":[{\"@type\":\"SearchAction\",\"target\":{\"@type\":\"EntryPoint\",\"urlTemplate\":\"https:\\\/\\\/naturopathie.sobattitude.fr\\\/?s={search_term_string}\"},\"query-input\":{\"@type\":\"PropertyValueSpecification\",\"valueRequired\":true,\"valueName\":\"search_term_string\"}}],\"inLanguage\":\"fr-FR\"}]}<\/script>\n<!-- \/ Yoast SEO plugin. -->","yoast_head_json":{"title":"Bior\u00e9sonance -","robots":{"index":"index","follow":"follow","max-snippet":"max-snippet:-1","max-image-preview":"max-image-preview:large","max-video-preview":"max-video-preview:-1"},"canonical":"https:\/\/naturopathie.sobattitude.fr\/index.php\/bioresonance-douce\/","og_locale":"fr_FR","og_type":"article","og_title":"Bior\u00e9sonance -","og_description":"La th\u00e9rapie par bior\u00e9sonance utilise un \u00e9quipement sp\u00e9cialis\u00e9 pour d\u00e9tecter et analyser les fr\u00e9quences,&nbsp;identifier les d\u00e9s\u00e9quilibres ou les blocages et r\u00e9tablir le flux \u00e9nerg\u00e9tique naturel du corps pour favoriser la gu\u00e9rison et le bien-\u00eatre (r\u00e9\u00e9quilibrage \u00e9nerg\u00e9tique). Je suis sp\u00e9cialis\u00e9e dans la gestion du stress, de la d\u00e9prime et des \u00e9motions:&nbsp; angoisses, sommeil, d\u00e9pression, Burn-out, peurs,...","og_url":"https:\/\/naturopathie.sobattitude.fr\/index.php\/bioresonance-douce\/","article_modified_time":"2026-04-14T15:44:38+00:00","twitter_card":"summary_large_image","twitter_misc":{"Dur\u00e9e de lecture estim\u00e9e":"5 minutes"},"schema":{"@context":"https:\/\/schema.org","@graph":[{"@type":"WebPage","@id":"https:\/\/naturopathie.sobattitude.fr\/index.php\/bioresonance-douce\/","url":"https:\/\/naturopathie.sobattitude.fr\/index.php\/bioresonance-douce\/","name":"Bior\u00e9sonance -","isPartOf":{"@id":"https:\/\/naturopathie.sobattitude.fr\/#website"},"datePublished":"2021-09-26T22:41:43+00:00","dateModified":"2026-04-14T15:44:38+00:00","breadcrumb":{"@id":"https:\/\/naturopathie.sobattitude.fr\/index.php\/bioresonance-douce\/#breadcrumb"},"inLanguage":"fr-FR","potentialAction":[{"@type":"ReadAction","target":["https:\/\/naturopathie.sobattitude.fr\/index.php\/bioresonance-douce\/"]}]},{"@type":"BreadcrumbList","@id":"https:\/\/naturopathie.sobattitude.fr\/index.php\/bioresonance-douce\/#breadcrumb","itemListElement":[{"@type":"ListItem","position":1,"name":"Accueil","item":"https:\/\/naturopathie.sobattitude.fr\/"},{"@type":"ListItem","position":2,"name":"Bior\u00e9sonance"}]},{"@type":"WebSite","@id":"https:\/\/naturopathie.sobattitude.fr\/#website","url":"https:\/\/naturopathie.sobattitude.fr\/","name":"","description":"","potentialAction":[{"@type":"SearchAction","target":{"@type":"EntryPoint","urlTemplate":"https:\/\/naturopathie.sobattitude.fr\/?s={search_term_string}"},"query-input":{"@type":"PropertyValueSpecification","valueRequired":true,"valueName":"search_term_string"}}],"inLanguage":"fr-FR"}]}},"_links":{"self":[{"href":"https:\/\/naturopathie.sobattitude.fr\/index.php\/wp-json\/wp\/v2\/pages\/672","targetHints":{"allow":["GET"]}}],"collection":[{"href":"https:\/\/naturopathie.sobattitude.fr\/index.php\/wp-json\/wp\/v2\/pages"}],"about":[{"href":"https:\/\/naturopathie.sobattitude.fr\/index.php\/wp-json\/wp\/v2\/types\/page"}],"author":[{"embeddable":true,"href":"https:\/\/naturopathie.sobattitude.fr\/index.php\/wp-json\/wp\/v2\/users\/1"}],"replies":[{"embeddable":true,"href":"https:\/\/naturopathie.sobattitude.fr\/index.php\/wp-json\/wp\/v2\/comments?post=672"}],"version-history":[{"count":71,"href":"https:\/\/naturopathie.sobattitude.fr\/index.php\/wp-json\/wp\/v2\/pages\/672\/revisions"}],"predecessor-version":[{"id":2834,"href":"https:\/\/naturopathie.sobattitude.fr\/index.php\/wp-json\/wp\/v2\/pages\/672\/revisions\/2834"}],"wp:attachment":[{"href":"https:\/\/naturopathie.sobattitude.fr\/index.php\/wp-json\/wp\/v2\/media?parent=672"}],"curies":[{"name":"wp","href":"https:\/\/api.w.org\/{rel}","templated":true}]}}