{"id":726,"date":"2021-10-01T12:03:51","date_gmt":"2021-10-01T10:03:51","guid":{"rendered":"http:\/\/naturopathie.sobattitude.fr\/?page_id=726"},"modified":"2022-05-09T01:35:23","modified_gmt":"2022-05-08T23:35:23","slug":"communication-animale","status":"publish","type":"page","link":"https:\/\/naturopathie.sobattitude.fr\/index.php\/communication-animale\/","title":{"rendered":"Communication Animale"},"content":{"rendered":"<div>\n<div dir=\"auto\">Je peux vous aider pour r\u00e9soudre un probl\u00e8me avec votre animal, mieux le comprendre ou simplement savoir comment il se sent.<\/div>\n<div dir=\"auto\">.<\/div>\n<\/div>\n<div>\n<div dir=\"auto\">Pour faire une communication, j&rsquo;ai besoin d&rsquo;au moins 3 ou 4 photos r\u00e9centes (moins de 6 mois), dont au moins une photo ou on voit bien la t\u00eate et les yeux.<\/div>\n<div dir=\"auto\">.<\/div>\n<\/div>\n<div>\n<div dir=\"auto\">Il me faudra le nom, l&rsquo;age et le sexe de l&rsquo;animal, ainsi que le pr\u00e9nom de son gardien et, selon le cas, les questions que vous voulez lui poser (5 questions max).<\/div>\n<div dir=\"auto\">.<\/div>\n<\/div>\n<div>\n<div dir=\"auto\">Vous pouvez aussi me donner des messages \u00e0 lui faire passer.<\/div>\n<div dir=\"auto\">.<\/div>\n<\/div>\n<div>\n<div dir=\"auto\">Apr\u00e8s avoir fait mon compte rendu au propri\u00e9taire, si un point n&rsquo;\u00e9tait pas clair pour l&rsquo;animal, et que j&rsquo;ai obtenu d&rsquo;autres d\u00e9tails de la part du propri\u00e9taire (dans les 24h suivant mon compte-rendu), je fais gratuitement un compl\u00e9ment: je reprends contact avec l&rsquo;animal pour compl\u00e9ter la premi\u00e8re communication, je m&rsquo;assure ainsi de bien aller au bout des choses, que tout soit clair pour tout le monde.<\/div>\n<\/div>\n<div>\n<div dir=\"auto\">.<\/div>\n<\/div>\n<div>\n<div dir=\"auto\"><\/div>\n<div dir=\"auto\">Pour les urgences (par exemple animal malade ou perdu), je peux faire la communication en priorit\u00e9.<\/div>\n<div dir=\"auto\">.<\/div>\n<\/div>\n<div>\n<div dir=\"auto\">Soin \u00e9nerg\u00e9tique en option lors d&rsquo;une communication animale.<\/div>\n<div dir=\"auto\">.<\/div>\n<\/div>\n<div>\n<div dir=\"auto\">Le d\u00e9lai des communications est d&rsquo;environ 15 \u00e0 30 jours (selon le nombre de demandes !), sauf les urgences qui seront trait\u00e9es sous 4 \u00e0 5 jours maximum (en g\u00e9n\u00e9ral 24 \u00e0 48h).<\/div>\n<div dir=\"auto\">.<\/div>\n<\/div>\n<div>\n<div dir=\"auto\">Attention, pas de communication avec un animal sans l&rsquo;accord de son propri\u00e9taire\/gardien.<\/div>\n<div dir=\"auto\">.<\/div>\n<div dir=\"auto\"><a href=\"https:\/\/sobattitude.learnybox.com\/commande-achat-d-une-seance-communication-animale\" target=\"_blank\" rel=\"noopener\">R\u00e9server une communication animale<\/a><\/div>\n<div dir=\"auto\">.<\/div>\n<div>Apr\u00e8s le paiement, envoyez moi les photos par mail: sophie.ballet.com<span style=\"color: #ff0000;\">[at]<\/span>gmail.com . <span style=\"color: #ff0000;\">Remplacer le [at] par @<\/span><\/div>\n<\/div>\n","protected":false},"excerpt":{"rendered":"<p>Je peux vous aider pour r\u00e9soudre un probl\u00e8me avec votre animal, mieux le comprendre ou simplement savoir comment il se sent. . Pour faire une communication, j&rsquo;ai besoin d&rsquo;au moins 3 ou 4 photos r\u00e9centes (moins de 6 mois), dont au moins une photo ou on voit bien la t\u00eate et les yeux. . Il&#8230;<\/p>\n","protected":false},"author":1,"featured_media":0,"parent":0,"menu_order":0,"comment_status":"closed","ping_status":"closed","template":"","meta":{"_kad_post_transparent":"","_kad_post_title":"","_kad_post_layout":"","_kad_post_sidebar_id":"","_kad_post_content_style":"","_kad_post_vertical_padding":"","_kad_post_feature":"","_kad_post_feature_position":"","_kad_post_header":false,"_kad_post_footer":false,"_kad_post_classname":"","footnotes":""},"class_list":["post-726","page","type-page","status-publish","hentry"],"yoast_head":"<!-- This site is optimized with the Yoast SEO plugin v27.4 - https:\/\/yoast.com\/product\/yoast-seo-wordpress\/ -->\n<title>Communication Animale -<\/title>\n<meta name=\"robots\" content=\"index, follow, max-snippet:-1, max-image-preview:large, max-video-preview:-1\" \/>\n<link rel=\"canonical\" href=\"https:\/\/naturopathie.sobattitude.fr\/index.php\/communication-animale\/\" \/>\n<meta property=\"og:locale\" content=\"fr_FR\" \/>\n<meta property=\"og:type\" content=\"article\" \/>\n<meta property=\"og:title\" content=\"Communication Animale -\" \/>\n<meta property=\"og:description\" content=\"Je peux vous aider pour r\u00e9soudre un probl\u00e8me avec votre animal, mieux le comprendre ou simplement savoir comment il se sent. . Pour faire une communication, j&rsquo;ai besoin d&rsquo;au moins 3 ou 4 photos r\u00e9centes (moins de 6 mois), dont au moins une photo ou on voit bien la t\u00eate et les yeux. . Il...\" \/>\n<meta property=\"og:url\" content=\"https:\/\/naturopathie.sobattitude.fr\/index.php\/communication-animale\/\" \/>\n<meta property=\"article:modified_time\" content=\"2022-05-08T23:35:23+00:00\" \/>\n<meta name=\"twitter:card\" content=\"summary_large_image\" \/>\n<meta name=\"twitter:label1\" content=\"Dur\u00e9e de lecture estim\u00e9e\" \/>\n\t<meta name=\"twitter:data1\" content=\"2 minutes\" \/>\n<script type=\"application\/ld+json\" class=\"yoast-schema-graph\">{\"@context\":\"https:\\\/\\\/schema.org\",\"@graph\":[{\"@type\":\"WebPage\",\"@id\":\"https:\\\/\\\/naturopathie.sobattitude.fr\\\/index.php\\\/communication-animale\\\/\",\"url\":\"https:\\\/\\\/naturopathie.sobattitude.fr\\\/index.php\\\/communication-animale\\\/\",\"name\":\"Communication Animale -\",\"isPartOf\":{\"@id\":\"https:\\\/\\\/naturopathie.sobattitude.fr\\\/#website\"},\"datePublished\":\"2021-10-01T10:03:51+00:00\",\"dateModified\":\"2022-05-08T23:35:23+00:00\",\"breadcrumb\":{\"@id\":\"https:\\\/\\\/naturopathie.sobattitude.fr\\\/index.php\\\/communication-animale\\\/#breadcrumb\"},\"inLanguage\":\"fr-FR\",\"potentialAction\":[{\"@type\":\"ReadAction\",\"target\":[\"https:\\\/\\\/naturopathie.sobattitude.fr\\\/index.php\\\/communication-animale\\\/\"]}]},{\"@type\":\"BreadcrumbList\",\"@id\":\"https:\\\/\\\/naturopathie.sobattitude.fr\\\/index.php\\\/communication-animale\\\/#breadcrumb\",\"itemListElement\":[{\"@type\":\"ListItem\",\"position\":1,\"name\":\"Accueil\",\"item\":\"https:\\\/\\\/naturopathie.sobattitude.fr\\\/\"},{\"@type\":\"ListItem\",\"position\":2,\"name\":\"Communication Animale\"}]},{\"@type\":\"WebSite\",\"@id\":\"https:\\\/\\\/naturopathie.sobattitude.fr\\\/#website\",\"url\":\"https:\\\/\\\/naturopathie.sobattitude.fr\\\/\",\"name\":\"\",\"description\":\"\",\"potentialAction\":[{\"@type\":\"SearchAction\",\"target\":{\"@type\":\"EntryPoint\",\"urlTemplate\":\"https:\\\/\\\/naturopathie.sobattitude.fr\\\/?s={search_term_string}\"},\"query-input\":{\"@type\":\"PropertyValueSpecification\",\"valueRequired\":true,\"valueName\":\"search_term_string\"}}],\"inLanguage\":\"fr-FR\"}]}<\/script>\n<!-- \/ Yoast SEO plugin. -->","yoast_head_json":{"title":"Communication Animale -","robots":{"index":"index","follow":"follow","max-snippet":"max-snippet:-1","max-image-preview":"max-image-preview:large","max-video-preview":"max-video-preview:-1"},"canonical":"https:\/\/naturopathie.sobattitude.fr\/index.php\/communication-animale\/","og_locale":"fr_FR","og_type":"article","og_title":"Communication Animale -","og_description":"Je peux vous aider pour r\u00e9soudre un probl\u00e8me avec votre animal, mieux le comprendre ou simplement savoir comment il se sent. . Pour faire une communication, j&rsquo;ai besoin d&rsquo;au moins 3 ou 4 photos r\u00e9centes (moins de 6 mois), dont au moins une photo ou on voit bien la t\u00eate et les yeux. . Il...","og_url":"https:\/\/naturopathie.sobattitude.fr\/index.php\/communication-animale\/","article_modified_time":"2022-05-08T23:35:23+00:00","twitter_card":"summary_large_image","twitter_misc":{"Dur\u00e9e de lecture estim\u00e9e":"2 minutes"},"schema":{"@context":"https:\/\/schema.org","@graph":[{"@type":"WebPage","@id":"https:\/\/naturopathie.sobattitude.fr\/index.php\/communication-animale\/","url":"https:\/\/naturopathie.sobattitude.fr\/index.php\/communication-animale\/","name":"Communication Animale -","isPartOf":{"@id":"https:\/\/naturopathie.sobattitude.fr\/#website"},"datePublished":"2021-10-01T10:03:51+00:00","dateModified":"2022-05-08T23:35:23+00:00","breadcrumb":{"@id":"https:\/\/naturopathie.sobattitude.fr\/index.php\/communication-animale\/#breadcrumb"},"inLanguage":"fr-FR","potentialAction":[{"@type":"ReadAction","target":["https:\/\/naturopathie.sobattitude.fr\/index.php\/communication-animale\/"]}]},{"@type":"BreadcrumbList","@id":"https:\/\/naturopathie.sobattitude.fr\/index.php\/communication-animale\/#breadcrumb","itemListElement":[{"@type":"ListItem","position":1,"name":"Accueil","item":"https:\/\/naturopathie.sobattitude.fr\/"},{"@type":"ListItem","position":2,"name":"Communication Animale"}]},{"@type":"WebSite","@id":"https:\/\/naturopathie.sobattitude.fr\/#website","url":"https:\/\/naturopathie.sobattitude.fr\/","name":"","description":"","potentialAction":[{"@type":"SearchAction","target":{"@type":"EntryPoint","urlTemplate":"https:\/\/naturopathie.sobattitude.fr\/?s={search_term_string}"},"query-input":{"@type":"PropertyValueSpecification","valueRequired":true,"valueName":"search_term_string"}}],"inLanguage":"fr-FR"}]}},"_links":{"self":[{"href":"https:\/\/naturopathie.sobattitude.fr\/index.php\/wp-json\/wp\/v2\/pages\/726","targetHints":{"allow":["GET"]}}],"collection":[{"href":"https:\/\/naturopathie.sobattitude.fr\/index.php\/wp-json\/wp\/v2\/pages"}],"about":[{"href":"https:\/\/naturopathie.sobattitude.fr\/index.php\/wp-json\/wp\/v2\/types\/page"}],"author":[{"embeddable":true,"href":"https:\/\/naturopathie.sobattitude.fr\/index.php\/wp-json\/wp\/v2\/users\/1"}],"replies":[{"embeddable":true,"href":"https:\/\/naturopathie.sobattitude.fr\/index.php\/wp-json\/wp\/v2\/comments?post=726"}],"version-history":[{"count":6,"href":"https:\/\/naturopathie.sobattitude.fr\/index.php\/wp-json\/wp\/v2\/pages\/726\/revisions"}],"predecessor-version":[{"id":794,"href":"https:\/\/naturopathie.sobattitude.fr\/index.php\/wp-json\/wp\/v2\/pages\/726\/revisions\/794"}],"wp:attachment":[{"href":"https:\/\/naturopathie.sobattitude.fr\/index.php\/wp-json\/wp\/v2\/media?parent=726"}],"curies":[{"name":"wp","href":"https:\/\/api.w.org\/{rel}","templated":true}]}}