{"id":818,"date":"2022-01-25T13:24:06","date_gmt":"2022-01-25T12:24:06","guid":{"rendered":"http:\/\/naturopathie.sobattitude.fr\/?page_id=818"},"modified":"2024-03-16T01:25:05","modified_gmt":"2024-03-16T00:25:05","slug":"secteurs-de-deplacement","status":"publish","type":"page","link":"https:\/\/naturopathie.sobattitude.fr\/index.php\/secteurs-de-deplacement\/","title":{"rendered":"Secteurs de d\u00e9placement"},"content":{"rendered":"\n<p>Secteur 1 = d\u00e9placement pour 1 animal<\/p>\n\n\n\n<figure class=\"wp-block-image\"><a href=\"http:\/\/naturopathie.sobattitude.fr\/wp-content\/uploads\/2021\/09\/d\u00e9placement-secteur-1-cheval.jpg\"><img loading=\"lazy\" decoding=\"async\" width=\"300\" height=\"161\" src=\"http:\/\/naturopathie.sobattitude.fr\/wp-content\/uploads\/2021\/09\/d\u00e9placement-secteur-1-cheval-300x161.jpg\" alt=\"\" class=\"wp-image-685\" srcset=\"https:\/\/naturopathie.sobattitude.fr\/wp-content\/uploads\/2021\/09\/d\u00e9placement-secteur-1-cheval-300x161.jpg 300w, https:\/\/naturopathie.sobattitude.fr\/wp-content\/uploads\/2021\/09\/d\u00e9placement-secteur-1-cheval-350x188.jpg 350w, https:\/\/naturopathie.sobattitude.fr\/wp-content\/uploads\/2021\/09\/d\u00e9placement-secteur-1-cheval-768x413.jpg 768w, https:\/\/naturopathie.sobattitude.fr\/wp-content\/uploads\/2021\/09\/d\u00e9placement-secteur-1-cheval.jpg 884w\" sizes=\"auto, (max-width: 300px) 100vw, 300px\" \/><\/a><\/figure>\n\n\n\n<p><em>Cliquez sur l&rsquo;image pour la voir en grand<\/em><\/p>\n\n\n\n<p>Secteur 2 = d\u00e9placement pour 2 s\u00e9ances au m\u00eame endroit (Cheval, chien, humain)<\/p>\n\n\n\n<figure class=\"wp-block-image\"><a href=\"http:\/\/naturopathie.sobattitude.fr\/wp-content\/uploads\/2021\/09\/d\u00e9placement-secteur-2-chevaux.jpg\"><img loading=\"lazy\" decoding=\"async\" width=\"300\" height=\"119\" src=\"http:\/\/naturopathie.sobattitude.fr\/wp-content\/uploads\/2021\/09\/d\u00e9placement-secteur-2-chevaux-300x119.jpg\" alt=\"\" class=\"wp-image-686\" srcset=\"https:\/\/naturopathie.sobattitude.fr\/wp-content\/uploads\/2021\/09\/d\u00e9placement-secteur-2-chevaux-300x119.jpg 300w, https:\/\/naturopathie.sobattitude.fr\/wp-content\/uploads\/2021\/09\/d\u00e9placement-secteur-2-chevaux-350x139.jpg 350w, https:\/\/naturopathie.sobattitude.fr\/wp-content\/uploads\/2021\/09\/d\u00e9placement-secteur-2-chevaux-768x304.jpg 768w, https:\/\/naturopathie.sobattitude.fr\/wp-content\/uploads\/2021\/09\/d\u00e9placement-secteur-2-chevaux-1024x405.jpg 1024w, https:\/\/naturopathie.sobattitude.fr\/wp-content\/uploads\/2021\/09\/d\u00e9placement-secteur-2-chevaux.jpg 1278w\" sizes=\"auto, (max-width: 300px) 100vw, 300px\" \/><\/a><\/figure>\n\n\n\n<p><em>Cliquez sur l&rsquo;image pour la voir en grand<\/em><\/p>\n\n\n\n<p>Secteur 3 = d\u00e9placement pour 3 s\u00e9ances minimum au m\u00eame endroit (Cheval, chien, humain)<\/p>\n\n\n\n<figure class=\"wp-block-image\"><a href=\"http:\/\/naturopathie.sobattitude.fr\/wp-content\/uploads\/2021\/11\/d\u00e9placement-secteur-3-chevaux.jpg\"><img loading=\"lazy\" decoding=\"async\" width=\"300\" height=\"120\" src=\"http:\/\/naturopathie.sobattitude.fr\/wp-content\/uploads\/2021\/11\/d\u00e9placement-secteur-3-chevaux-300x120.jpg\" alt=\"\" class=\"wp-image-772\" srcset=\"https:\/\/naturopathie.sobattitude.fr\/wp-content\/uploads\/2021\/11\/d\u00e9placement-secteur-3-chevaux-300x120.jpg 300w, https:\/\/naturopathie.sobattitude.fr\/wp-content\/uploads\/2021\/11\/d\u00e9placement-secteur-3-chevaux-350x140.jpg 350w, https:\/\/naturopathie.sobattitude.fr\/wp-content\/uploads\/2021\/11\/d\u00e9placement-secteur-3-chevaux-768x308.jpg 768w, https:\/\/naturopathie.sobattitude.fr\/wp-content\/uploads\/2021\/11\/d\u00e9placement-secteur-3-chevaux.jpg 940w\" sizes=\"auto, (max-width: 300px) 100vw, 300px\" \/><\/a><\/figure>\n\n\n\n<p><em>Cliquez sur l&rsquo;image pour la voir en grand<\/em><\/p>\n\n\n\n<p><strong>Pour d&rsquo;autres distances, me consulter.<\/strong><\/p>\n\n\n\n<p>Possibilit\u00e9 d&rsquo;organiser des tourn\u00e9es dans d&rsquo;autres r\u00e9gions pour minimum 6 consultations (Humains, Chevaux, Chiens).<\/p>\n","protected":false},"excerpt":{"rendered":"<p>Secteur 1 = d\u00e9placement pour 1 animal Cliquez sur l&rsquo;image pour la voir en grand Secteur 2 = d\u00e9placement pour 2 s\u00e9ances au m\u00eame endroit (Cheval, chien, humain) Cliquez sur l&rsquo;image pour la voir en grand Secteur 3 = d\u00e9placement pour 3 s\u00e9ances minimum au m\u00eame endroit (Cheval, chien, humain) Cliquez sur l&rsquo;image pour la&#8230;<\/p>\n","protected":false},"author":1,"featured_media":0,"parent":0,"menu_order":0,"comment_status":"closed","ping_status":"closed","template":"","meta":{"_kad_post_transparent":"","_kad_post_title":"","_kad_post_layout":"","_kad_post_sidebar_id":"","_kad_post_content_style":"","_kad_post_vertical_padding":"","_kad_post_feature":"","_kad_post_feature_position":"","_kad_post_header":false,"_kad_post_footer":false,"_kad_post_classname":"","footnotes":""},"class_list":["post-818","page","type-page","status-publish","hentry"],"yoast_head":"<!-- This site is optimized with the Yoast SEO plugin v27.6 - https:\/\/yoast.com\/product\/yoast-seo-wordpress\/ -->\n<title>Secteurs de d\u00e9placement -<\/title>\n<meta name=\"robots\" content=\"index, follow, max-snippet:-1, max-image-preview:large, max-video-preview:-1\" \/>\n<link rel=\"canonical\" href=\"https:\/\/naturopathie.sobattitude.fr\/index.php\/secteurs-de-deplacement\/\" \/>\n<meta property=\"og:locale\" content=\"fr_FR\" \/>\n<meta property=\"og:type\" content=\"article\" \/>\n<meta property=\"og:title\" content=\"Secteurs de d\u00e9placement -\" \/>\n<meta property=\"og:description\" content=\"Secteur 1 = d\u00e9placement pour 1 animal Cliquez sur l&rsquo;image pour la voir en grand Secteur 2 = d\u00e9placement pour 2 s\u00e9ances au m\u00eame endroit (Cheval, chien, humain) Cliquez sur l&rsquo;image pour la voir en grand Secteur 3 = d\u00e9placement pour 3 s\u00e9ances minimum au m\u00eame endroit (Cheval, chien, humain) Cliquez sur l&rsquo;image pour la...\" \/>\n<meta property=\"og:url\" content=\"https:\/\/naturopathie.sobattitude.fr\/index.php\/secteurs-de-deplacement\/\" \/>\n<meta property=\"article:modified_time\" content=\"2024-03-16T00:25:05+00:00\" \/>\n<meta name=\"twitter:card\" content=\"summary_large_image\" \/>\n<meta name=\"twitter:label1\" content=\"Dur\u00e9e de lecture estim\u00e9e\" \/>\n\t<meta name=\"twitter:data1\" content=\"1 minute\" \/>\n<script type=\"application\/ld+json\" class=\"yoast-schema-graph\">{\"@context\":\"https:\\\/\\\/schema.org\",\"@graph\":[{\"@type\":\"WebPage\",\"@id\":\"https:\\\/\\\/naturopathie.sobattitude.fr\\\/index.php\\\/secteurs-de-deplacement\\\/\",\"url\":\"https:\\\/\\\/naturopathie.sobattitude.fr\\\/index.php\\\/secteurs-de-deplacement\\\/\",\"name\":\"Secteurs de d\u00e9placement -\",\"isPartOf\":{\"@id\":\"https:\\\/\\\/naturopathie.sobattitude.fr\\\/#website\"},\"datePublished\":\"2022-01-25T12:24:06+00:00\",\"dateModified\":\"2024-03-16T00:25:05+00:00\",\"breadcrumb\":{\"@id\":\"https:\\\/\\\/naturopathie.sobattitude.fr\\\/index.php\\\/secteurs-de-deplacement\\\/#breadcrumb\"},\"inLanguage\":\"fr-FR\",\"potentialAction\":[{\"@type\":\"ReadAction\",\"target\":[\"https:\\\/\\\/naturopathie.sobattitude.fr\\\/index.php\\\/secteurs-de-deplacement\\\/\"]}]},{\"@type\":\"BreadcrumbList\",\"@id\":\"https:\\\/\\\/naturopathie.sobattitude.fr\\\/index.php\\\/secteurs-de-deplacement\\\/#breadcrumb\",\"itemListElement\":[{\"@type\":\"ListItem\",\"position\":1,\"name\":\"Accueil\",\"item\":\"https:\\\/\\\/naturopathie.sobattitude.fr\\\/\"},{\"@type\":\"ListItem\",\"position\":2,\"name\":\"Secteurs de d\u00e9placement\"}]},{\"@type\":\"WebSite\",\"@id\":\"https:\\\/\\\/naturopathie.sobattitude.fr\\\/#website\",\"url\":\"https:\\\/\\\/naturopathie.sobattitude.fr\\\/\",\"name\":\"\",\"description\":\"\",\"potentialAction\":[{\"@type\":\"SearchAction\",\"target\":{\"@type\":\"EntryPoint\",\"urlTemplate\":\"https:\\\/\\\/naturopathie.sobattitude.fr\\\/?s={search_term_string}\"},\"query-input\":{\"@type\":\"PropertyValueSpecification\",\"valueRequired\":true,\"valueName\":\"search_term_string\"}}],\"inLanguage\":\"fr-FR\"}]}<\/script>\n<!-- \/ Yoast SEO plugin. -->","yoast_head_json":{"title":"Secteurs de d\u00e9placement -","robots":{"index":"index","follow":"follow","max-snippet":"max-snippet:-1","max-image-preview":"max-image-preview:large","max-video-preview":"max-video-preview:-1"},"canonical":"https:\/\/naturopathie.sobattitude.fr\/index.php\/secteurs-de-deplacement\/","og_locale":"fr_FR","og_type":"article","og_title":"Secteurs de d\u00e9placement -","og_description":"Secteur 1 = d\u00e9placement pour 1 animal Cliquez sur l&rsquo;image pour la voir en grand Secteur 2 = d\u00e9placement pour 2 s\u00e9ances au m\u00eame endroit (Cheval, chien, humain) Cliquez sur l&rsquo;image pour la voir en grand Secteur 3 = d\u00e9placement pour 3 s\u00e9ances minimum au m\u00eame endroit (Cheval, chien, humain) Cliquez sur l&rsquo;image pour la...","og_url":"https:\/\/naturopathie.sobattitude.fr\/index.php\/secteurs-de-deplacement\/","article_modified_time":"2024-03-16T00:25:05+00:00","twitter_card":"summary_large_image","twitter_misc":{"Dur\u00e9e de lecture estim\u00e9e":"1 minute"},"schema":{"@context":"https:\/\/schema.org","@graph":[{"@type":"WebPage","@id":"https:\/\/naturopathie.sobattitude.fr\/index.php\/secteurs-de-deplacement\/","url":"https:\/\/naturopathie.sobattitude.fr\/index.php\/secteurs-de-deplacement\/","name":"Secteurs de d\u00e9placement -","isPartOf":{"@id":"https:\/\/naturopathie.sobattitude.fr\/#website"},"datePublished":"2022-01-25T12:24:06+00:00","dateModified":"2024-03-16T00:25:05+00:00","breadcrumb":{"@id":"https:\/\/naturopathie.sobattitude.fr\/index.php\/secteurs-de-deplacement\/#breadcrumb"},"inLanguage":"fr-FR","potentialAction":[{"@type":"ReadAction","target":["https:\/\/naturopathie.sobattitude.fr\/index.php\/secteurs-de-deplacement\/"]}]},{"@type":"BreadcrumbList","@id":"https:\/\/naturopathie.sobattitude.fr\/index.php\/secteurs-de-deplacement\/#breadcrumb","itemListElement":[{"@type":"ListItem","position":1,"name":"Accueil","item":"https:\/\/naturopathie.sobattitude.fr\/"},{"@type":"ListItem","position":2,"name":"Secteurs de d\u00e9placement"}]},{"@type":"WebSite","@id":"https:\/\/naturopathie.sobattitude.fr\/#website","url":"https:\/\/naturopathie.sobattitude.fr\/","name":"","description":"","potentialAction":[{"@type":"SearchAction","target":{"@type":"EntryPoint","urlTemplate":"https:\/\/naturopathie.sobattitude.fr\/?s={search_term_string}"},"query-input":{"@type":"PropertyValueSpecification","valueRequired":true,"valueName":"search_term_string"}}],"inLanguage":"fr-FR"}]}},"_links":{"self":[{"href":"https:\/\/naturopathie.sobattitude.fr\/index.php\/wp-json\/wp\/v2\/pages\/818","targetHints":{"allow":["GET"]}}],"collection":[{"href":"https:\/\/naturopathie.sobattitude.fr\/index.php\/wp-json\/wp\/v2\/pages"}],"about":[{"href":"https:\/\/naturopathie.sobattitude.fr\/index.php\/wp-json\/wp\/v2\/types\/page"}],"author":[{"embeddable":true,"href":"https:\/\/naturopathie.sobattitude.fr\/index.php\/wp-json\/wp\/v2\/users\/1"}],"replies":[{"embeddable":true,"href":"https:\/\/naturopathie.sobattitude.fr\/index.php\/wp-json\/wp\/v2\/comments?post=818"}],"version-history":[{"count":2,"href":"https:\/\/naturopathie.sobattitude.fr\/index.php\/wp-json\/wp\/v2\/pages\/818\/revisions"}],"predecessor-version":[{"id":1473,"href":"https:\/\/naturopathie.sobattitude.fr\/index.php\/wp-json\/wp\/v2\/pages\/818\/revisions\/1473"}],"wp:attachment":[{"href":"https:\/\/naturopathie.sobattitude.fr\/index.php\/wp-json\/wp\/v2\/media?parent=818"}],"curies":[{"name":"wp","href":"https:\/\/api.w.org\/{rel}","templated":true}]}}