{"id":85,"date":"2019-04-08T11:22:30","date_gmt":"2019-04-08T09:22:30","guid":{"rendered":"http:\/\/naturopathie.sobattitude.fr\/?page_id=85"},"modified":"2026-04-15T18:00:20","modified_gmt":"2026-04-15T16:00:20","slug":"naturopathie","status":"publish","type":"page","link":"https:\/\/naturopathie.sobattitude.fr\/index.php\/naturopathie\/","title":{"rendered":"La Naturopathie"},"content":{"rendered":"\n<p><strong>Selon l&rsquo;Organisation Mondiale de la Sant\u00e9<\/strong>&nbsp;:<br>\n<em>\u00ab&nbsp;la Naturopathie est un ensemble de m\u00e9thodes de soins visant \u00e0 renforcer les d\u00e9fenses de l&rsquo;organisme par des moyens consid\u00e9r\u00e9s comme naturels et biologiques&nbsp;\u00bb.<\/em><\/p>\n\n\n\n<h2 class=\"wp-block-heading\">\ud83c\udf3f Les bienfaits de la naturopathie<\/h2>\n\n\n\n<p><em data-start=\"339\" data-end=\"420\">Un accompagnement naturel pour retrouver votre \u00e9quilibre physique et \u00e9motionnel<\/em><\/p>\n\n\n\n<p>La naturopathie est une approche globale de la sant\u00e9, qui vise \u00e0 renforcer les capacit\u00e9s d\u2019autogu\u00e9rison du corps par des moyens naturels : alimentation, plantes, hygi\u00e8ne de vie, techniques de gestion du stress&#8230; Elle repose sur une vision holistique de l\u2019\u00eatre humain, prenant en compte ses dimensions physique, \u00e9motionnelle, mentale et \u00e9nerg\u00e9tique.<\/p>\n\n\n\n<h3 class=\"wp-block-heading\">Pourquoi consulter un naturopathe ?<\/h3>\n\n\n\n<p>Dans notre quotidien souvent surcharg\u00e9, il est facile de se laisser envahir par le stress, la fatigue, l\u2019anxi\u00e9t\u00e9, voire une forme de d\u00e9prime latente. La naturopathie offre des outils concrets et personnalis\u00e9s pour :<\/p>\n\n\n\n<p>\u2705 R\u00e9duire le stress et les tensions nerveuses<br data-start=\"1077\" data-end=\"1080\">\u2705 Soutenir un moral en berne, retrouver motivation et joie de vivre<br data-start=\"1147\" data-end=\"1150\">\u2705 Mieux g\u00e9rer vos \u00e9motions et \u00e9viter qu\u2019elles ne vous submergent<br data-start=\"1214\" data-end=\"1217\">\u2705 Retrouver un sommeil r\u00e9parateur<br data-start=\"1250\" data-end=\"1253\">\u2705 Renforcer votre syst\u00e8me immunitaire et votre vitalit\u00e9<br data-start=\"1308\" data-end=\"1311\">\u2705 Mieux comprendre votre corps, vos besoins, vos rythmes<\/p>\n\n\n\n<h3 class=\"wp-block-heading\">Une approche douce, naturelle\u2026 et profond\u00e9ment efficace<\/h3>\n\n\n\n<p>En tant que sp\u00e9cialiste de la gestion du stress, de la d\u00e9prime et des \u00e9motions, je vous accompagne avec bienveillance pour :<\/p>\n\n\n\n<ul class=\"wp-block-list\">\n<li><p class=\"\" data-start=\"1564\" data-end=\"1637\">Identifier les d\u00e9s\u00e9quilibres physiques et \u00e9motionnels qui vous \u00e9puisent<\/p><\/li>\n\n\n\n<li><p class=\"\" data-start=\"1640\" data-end=\"1763\">Vous proposer des solutions naturelles : plantes, micronutrition, techniques respiratoires, hygi\u00e8ne de vie, relaxation&#8230;<\/p><\/li>\n\n\n\n<li><p class=\"\" data-start=\"1766\" data-end=\"1848\">Vous aider \u00e0 retrouver un \u00e9quilibre global, durable et respectueux de votre rythme<\/p><p data-start=\"1564\" data-end=\"1637\" class=\"\"><\/p><\/li>\n<\/ul>\n\n\n\n<p>Chaque s\u00e9ance est un moment d\u2019\u00e9coute, d\u2019\u00e9change, et de recentrage sur vous. Ensemble, nous construisons un programme sur-mesure, adapt\u00e9 \u00e0 vos besoins sp\u00e9cifiques.<\/p>\n\n\n\n<h3 class=\"wp-block-heading\">Pour qui ?<\/h3>\n\n\n\n<p>La naturopathie s\u2019adresse \u00e0 toute personne souhaitant prendre soin de sa sant\u00e9 de mani\u00e8re naturelle et pr\u00e9ventive, en particulier :<\/p>\n\n\n\n<p>\ud83c\udf3c Les personnes hypersensibles ou surmen\u00e9es<br data-start=\"2213\" data-end=\"2216\">\ud83c\udf3c Celles qui ressentent un mal-\u00eatre diffus ou une fatigue persistante<br data-start=\"2286\" data-end=\"2289\">\ud83c\udf3c Les femmes en p\u00e9riode de transition (m\u00e9nopause, changements hormonaux, charge mentale\u2026)<br data-start=\"2379\" data-end=\"2382\">\ud83c\udf3c Toute personne en qu\u00eate de mieux-\u00eatre physique et \u00e9motionnel<\/p>\n\n\n\n<h3 class=\"wp-block-heading\">Pr\u00eat(e) \u00e0 retrouver votre \u00e9quilibre naturel ?<\/h3>\n\n\n\n<p>Offrez-vous un moment pour vous reconnecter \u00e0 votre corps, vos besoins et vos \u00e9motions.<br data-start=\"2591\" data-end=\"2594\">\ud83d\udc49 Prenez Rendez-vous d\u00e8s maintenant ! (en cliquant sur le bouton bleu en bas \u00e0 droite)<\/p>\n\n\n\n<figure class=\"wp-block-image size-large is-resized\"><img loading=\"lazy\" decoding=\"async\" width=\"1024\" height=\"815\" src=\"https:\/\/naturopathie.sobattitude.fr\/wp-content\/uploads\/2026\/04\/piliers-de-la-naturopathie-1024x815.jpg\" alt=\"\" class=\"wp-image-2908\" style=\"width:583px;height:auto\" srcset=\"https:\/\/naturopathie.sobattitude.fr\/wp-content\/uploads\/2026\/04\/piliers-de-la-naturopathie-1024x815.jpg 1024w, https:\/\/naturopathie.sobattitude.fr\/wp-content\/uploads\/2026\/04\/piliers-de-la-naturopathie-300x239.jpg 300w, https:\/\/naturopathie.sobattitude.fr\/wp-content\/uploads\/2026\/04\/piliers-de-la-naturopathie-768x612.jpg 768w, https:\/\/naturopathie.sobattitude.fr\/wp-content\/uploads\/2026\/04\/piliers-de-la-naturopathie.jpg 1041w\" sizes=\"auto, (max-width: 1024px) 100vw, 1024px\" \/><\/figure>\n\n\n\n<p>L&rsquo;ensemble des techniques utilis\u00e9es, tr\u00e8s compl\u00e9mentaires, favorise un \u00e9quilibre physique et mental, pour am\u00e9liorer votre qualit\u00e9 de vie, \u00e0 tout \u00e2ge.<\/p>\n\n\n\n<p>N\u2019attendez plus pour prendre votre sant\u00e9 en main !<\/p>\n\n\n\n<p><strong>A quelle fr\u00e9quence je vais voir mon naturopathe ?<\/strong><br>\nForc\u00e9ment, tout d\u00e9pend de votre cas.<br>\nEn g\u00e9n\u00e9ral, 3 \u00e0 5 s\u00e9ances espac\u00e9es d\u2019un mois environ, puis tous les 3 ou 6 mois, ou quand vous en ressentez le besoin.<\/p>\n\n\n\n<figure class=\"wp-block-image size-large is-resized\"><img loading=\"lazy\" decoding=\"async\" width=\"1024\" height=\"576\" src=\"https:\/\/naturopathie.sobattitude.fr\/wp-content\/uploads\/2026\/04\/naturopathie-schema-1024x576.jpg\" alt=\"\" class=\"wp-image-2906\" style=\"width:550px;height:auto\" srcset=\"https:\/\/naturopathie.sobattitude.fr\/wp-content\/uploads\/2026\/04\/naturopathie-schema-1024x576.jpg 1024w, https:\/\/naturopathie.sobattitude.fr\/wp-content\/uploads\/2026\/04\/naturopathie-schema-300x169.jpg 300w, https:\/\/naturopathie.sobattitude.fr\/wp-content\/uploads\/2026\/04\/naturopathie-schema-768x432.jpg 768w, https:\/\/naturopathie.sobattitude.fr\/wp-content\/uploads\/2026\/04\/naturopathie-schema.jpg 1280w\" sizes=\"auto, (max-width: 1024px) 100vw, 1024px\" \/><\/figure>\n\n\n\n<h3 class=\"wp-block-heading\"><strong>Prendre rendez-vous<\/strong><\/h3>\n\n\n\n<p>Pr\u00eat(e) \u00e0 entamer ce chemin vers le mieux-\u00eatre\u202f?<\/p>\n\n\n\n<p>Je vous invite \u00e0 franchir la premi\u00e8re \u00e9tape en prenant rendez-vous d\u00e8s aujourd\u2019hui.<\/p>\n\n\n\n<p><a href=\"https:\/\/perfactive.fr\/naturopathe\/saint-germain-les-corbeil\/sophie-ballet\" target=\"_blank\" rel=\"noreferrer noopener\">Je prend RdV<\/a><\/p>\n\n\n\n<p>&nbsp;<\/p>\n","protected":false},"excerpt":{"rendered":"<p>Selon l&rsquo;Organisation Mondiale de la Sant\u00e9&nbsp;: \u00ab&nbsp;la Naturopathie est un ensemble de m\u00e9thodes de soins visant \u00e0 renforcer les d\u00e9fenses de l&rsquo;organisme par des moyens consid\u00e9r\u00e9s comme naturels et biologiques&nbsp;\u00bb. \ud83c\udf3f Les bienfaits de la naturopathie Un accompagnement naturel pour retrouver votre \u00e9quilibre physique et \u00e9motionnel La naturopathie est une approche globale de la sant\u00e9,&#8230;<\/p>\n","protected":false},"author":1,"featured_media":0,"parent":0,"menu_order":0,"comment_status":"closed","ping_status":"closed","template":"","meta":{"_kad_post_transparent":"","_kad_post_title":"","_kad_post_layout":"","_kad_post_sidebar_id":"","_kad_post_content_style":"","_kad_post_vertical_padding":"","_kad_post_feature":"","_kad_post_feature_position":"","_kad_post_header":false,"_kad_post_footer":false,"_kad_post_classname":"","footnotes":""},"class_list":["post-85","page","type-page","status-publish","hentry"],"yoast_head":"<!-- This site is optimized with the Yoast SEO plugin v27.4 - https:\/\/yoast.com\/product\/yoast-seo-wordpress\/ -->\n<title>La Naturopathie -<\/title>\n<meta name=\"description\" content=\"La naturopathie est une approche globale de la sant\u00e9, qui vise \u00e0 renforcer les capacit\u00e9s d\u2019autogu\u00e9rison du corps par des moyens naturels\" \/>\n<meta name=\"robots\" content=\"index, follow, max-snippet:-1, max-image-preview:large, max-video-preview:-1\" \/>\n<link rel=\"canonical\" href=\"https:\/\/naturopathie.sobattitude.fr\/index.php\/naturopathie\/\" \/>\n<meta property=\"og:locale\" content=\"fr_FR\" \/>\n<meta property=\"og:type\" content=\"article\" \/>\n<meta property=\"og:title\" content=\"La Naturopathie -\" \/>\n<meta property=\"og:description\" content=\"La naturopathie est une approche globale de la sant\u00e9, qui vise \u00e0 renforcer les capacit\u00e9s d\u2019autogu\u00e9rison du corps par des moyens naturels\" \/>\n<meta property=\"og:url\" content=\"https:\/\/naturopathie.sobattitude.fr\/index.php\/naturopathie\/\" \/>\n<meta property=\"article:modified_time\" content=\"2026-04-15T16:00:20+00:00\" \/>\n<meta property=\"og:image\" content=\"https:\/\/naturopathie.sobattitude.fr\/wp-content\/uploads\/2026\/04\/piliers-de-la-naturopathie.jpg\" \/>\n\t<meta property=\"og:image:width\" content=\"1041\" \/>\n\t<meta property=\"og:image:height\" content=\"829\" \/>\n\t<meta property=\"og:image:type\" content=\"image\/jpeg\" \/>\n<meta name=\"twitter:card\" content=\"summary_large_image\" \/>\n<meta name=\"twitter:label1\" content=\"Dur\u00e9e de lecture estim\u00e9e\" \/>\n\t<meta name=\"twitter:data1\" content=\"3 minutes\" \/>\n<script type=\"application\/ld+json\" class=\"yoast-schema-graph\">{\"@context\":\"https:\\\/\\\/schema.org\",\"@graph\":[{\"@type\":\"WebPage\",\"@id\":\"https:\\\/\\\/naturopathie.sobattitude.fr\\\/index.php\\\/naturopathie\\\/\",\"url\":\"https:\\\/\\\/naturopathie.sobattitude.fr\\\/index.php\\\/naturopathie\\\/\",\"name\":\"La Naturopathie -\",\"isPartOf\":{\"@id\":\"https:\\\/\\\/naturopathie.sobattitude.fr\\\/#website\"},\"primaryImageOfPage\":{\"@id\":\"https:\\\/\\\/naturopathie.sobattitude.fr\\\/index.php\\\/naturopathie\\\/#primaryimage\"},\"image\":{\"@id\":\"https:\\\/\\\/naturopathie.sobattitude.fr\\\/index.php\\\/naturopathie\\\/#primaryimage\"},\"thumbnailUrl\":\"https:\\\/\\\/naturopathie.sobattitude.fr\\\/wp-content\\\/uploads\\\/2026\\\/04\\\/piliers-de-la-naturopathie-1024x815.jpg\",\"datePublished\":\"2019-04-08T09:22:30+00:00\",\"dateModified\":\"2026-04-15T16:00:20+00:00\",\"description\":\"La naturopathie est une approche globale de la sant\u00e9, qui vise \u00e0 renforcer les capacit\u00e9s d\u2019autogu\u00e9rison du corps par des moyens naturels\",\"breadcrumb\":{\"@id\":\"https:\\\/\\\/naturopathie.sobattitude.fr\\\/index.php\\\/naturopathie\\\/#breadcrumb\"},\"inLanguage\":\"fr-FR\",\"potentialAction\":[{\"@type\":\"ReadAction\",\"target\":[\"https:\\\/\\\/naturopathie.sobattitude.fr\\\/index.php\\\/naturopathie\\\/\"]}]},{\"@type\":\"ImageObject\",\"inLanguage\":\"fr-FR\",\"@id\":\"https:\\\/\\\/naturopathie.sobattitude.fr\\\/index.php\\\/naturopathie\\\/#primaryimage\",\"url\":\"https:\\\/\\\/naturopathie.sobattitude.fr\\\/wp-content\\\/uploads\\\/2026\\\/04\\\/piliers-de-la-naturopathie.jpg\",\"contentUrl\":\"https:\\\/\\\/naturopathie.sobattitude.fr\\\/wp-content\\\/uploads\\\/2026\\\/04\\\/piliers-de-la-naturopathie.jpg\",\"width\":1041,\"height\":829},{\"@type\":\"BreadcrumbList\",\"@id\":\"https:\\\/\\\/naturopathie.sobattitude.fr\\\/index.php\\\/naturopathie\\\/#breadcrumb\",\"itemListElement\":[{\"@type\":\"ListItem\",\"position\":1,\"name\":\"Accueil\",\"item\":\"https:\\\/\\\/naturopathie.sobattitude.fr\\\/\"},{\"@type\":\"ListItem\",\"position\":2,\"name\":\"La Naturopathie\"}]},{\"@type\":\"WebSite\",\"@id\":\"https:\\\/\\\/naturopathie.sobattitude.fr\\\/#website\",\"url\":\"https:\\\/\\\/naturopathie.sobattitude.fr\\\/\",\"name\":\"\",\"description\":\"\",\"potentialAction\":[{\"@type\":\"SearchAction\",\"target\":{\"@type\":\"EntryPoint\",\"urlTemplate\":\"https:\\\/\\\/naturopathie.sobattitude.fr\\\/?s={search_term_string}\"},\"query-input\":{\"@type\":\"PropertyValueSpecification\",\"valueRequired\":true,\"valueName\":\"search_term_string\"}}],\"inLanguage\":\"fr-FR\"}]}<\/script>\n<!-- \/ Yoast SEO plugin. -->","yoast_head_json":{"title":"La Naturopathie -","description":"La naturopathie est une approche globale de la sant\u00e9, qui vise \u00e0 renforcer les capacit\u00e9s d\u2019autogu\u00e9rison du corps par des moyens naturels","robots":{"index":"index","follow":"follow","max-snippet":"max-snippet:-1","max-image-preview":"max-image-preview:large","max-video-preview":"max-video-preview:-1"},"canonical":"https:\/\/naturopathie.sobattitude.fr\/index.php\/naturopathie\/","og_locale":"fr_FR","og_type":"article","og_title":"La Naturopathie -","og_description":"La naturopathie est une approche globale de la sant\u00e9, qui vise \u00e0 renforcer les capacit\u00e9s d\u2019autogu\u00e9rison du corps par des moyens naturels","og_url":"https:\/\/naturopathie.sobattitude.fr\/index.php\/naturopathie\/","article_modified_time":"2026-04-15T16:00:20+00:00","og_image":[{"width":1041,"height":829,"url":"https:\/\/naturopathie.sobattitude.fr\/wp-content\/uploads\/2026\/04\/piliers-de-la-naturopathie.jpg","type":"image\/jpeg"}],"twitter_card":"summary_large_image","twitter_misc":{"Dur\u00e9e de lecture estim\u00e9e":"3 minutes"},"schema":{"@context":"https:\/\/schema.org","@graph":[{"@type":"WebPage","@id":"https:\/\/naturopathie.sobattitude.fr\/index.php\/naturopathie\/","url":"https:\/\/naturopathie.sobattitude.fr\/index.php\/naturopathie\/","name":"La Naturopathie -","isPartOf":{"@id":"https:\/\/naturopathie.sobattitude.fr\/#website"},"primaryImageOfPage":{"@id":"https:\/\/naturopathie.sobattitude.fr\/index.php\/naturopathie\/#primaryimage"},"image":{"@id":"https:\/\/naturopathie.sobattitude.fr\/index.php\/naturopathie\/#primaryimage"},"thumbnailUrl":"https:\/\/naturopathie.sobattitude.fr\/wp-content\/uploads\/2026\/04\/piliers-de-la-naturopathie-1024x815.jpg","datePublished":"2019-04-08T09:22:30+00:00","dateModified":"2026-04-15T16:00:20+00:00","description":"La naturopathie est une approche globale de la sant\u00e9, qui vise \u00e0 renforcer les capacit\u00e9s d\u2019autogu\u00e9rison du corps par des moyens naturels","breadcrumb":{"@id":"https:\/\/naturopathie.sobattitude.fr\/index.php\/naturopathie\/#breadcrumb"},"inLanguage":"fr-FR","potentialAction":[{"@type":"ReadAction","target":["https:\/\/naturopathie.sobattitude.fr\/index.php\/naturopathie\/"]}]},{"@type":"ImageObject","inLanguage":"fr-FR","@id":"https:\/\/naturopathie.sobattitude.fr\/index.php\/naturopathie\/#primaryimage","url":"https:\/\/naturopathie.sobattitude.fr\/wp-content\/uploads\/2026\/04\/piliers-de-la-naturopathie.jpg","contentUrl":"https:\/\/naturopathie.sobattitude.fr\/wp-content\/uploads\/2026\/04\/piliers-de-la-naturopathie.jpg","width":1041,"height":829},{"@type":"BreadcrumbList","@id":"https:\/\/naturopathie.sobattitude.fr\/index.php\/naturopathie\/#breadcrumb","itemListElement":[{"@type":"ListItem","position":1,"name":"Accueil","item":"https:\/\/naturopathie.sobattitude.fr\/"},{"@type":"ListItem","position":2,"name":"La Naturopathie"}]},{"@type":"WebSite","@id":"https:\/\/naturopathie.sobattitude.fr\/#website","url":"https:\/\/naturopathie.sobattitude.fr\/","name":"","description":"","potentialAction":[{"@type":"SearchAction","target":{"@type":"EntryPoint","urlTemplate":"https:\/\/naturopathie.sobattitude.fr\/?s={search_term_string}"},"query-input":{"@type":"PropertyValueSpecification","valueRequired":true,"valueName":"search_term_string"}}],"inLanguage":"fr-FR"}]}},"_links":{"self":[{"href":"https:\/\/naturopathie.sobattitude.fr\/index.php\/wp-json\/wp\/v2\/pages\/85","targetHints":{"allow":["GET"]}}],"collection":[{"href":"https:\/\/naturopathie.sobattitude.fr\/index.php\/wp-json\/wp\/v2\/pages"}],"about":[{"href":"https:\/\/naturopathie.sobattitude.fr\/index.php\/wp-json\/wp\/v2\/types\/page"}],"author":[{"embeddable":true,"href":"https:\/\/naturopathie.sobattitude.fr\/index.php\/wp-json\/wp\/v2\/users\/1"}],"replies":[{"embeddable":true,"href":"https:\/\/naturopathie.sobattitude.fr\/index.php\/wp-json\/wp\/v2\/comments?post=85"}],"version-history":[{"count":45,"href":"https:\/\/naturopathie.sobattitude.fr\/index.php\/wp-json\/wp\/v2\/pages\/85\/revisions"}],"predecessor-version":[{"id":2911,"href":"https:\/\/naturopathie.sobattitude.fr\/index.php\/wp-json\/wp\/v2\/pages\/85\/revisions\/2911"}],"wp:attachment":[{"href":"https:\/\/naturopathie.sobattitude.fr\/index.php\/wp-json\/wp\/v2\/media?parent=85"}],"curies":[{"name":"wp","href":"https:\/\/api.w.org\/{rel}","templated":true}]}}