{"id":993,"date":"2022-06-04T10:55:23","date_gmt":"2022-06-04T08:55:23","guid":{"rendered":"http:\/\/naturopathie.sobattitude.fr\/?page_id=993"},"modified":"2026-04-13T11:42:13","modified_gmt":"2026-04-13T09:42:13","slug":"bioresonance-pour-les-chevaux","status":"publish","type":"page","link":"https:\/\/naturopathie.sobattitude.fr\/index.php\/bioresonance-pour-les-chevaux\/","title":{"rendered":"Bior\u00e9sonance et soins \u00e9nerg\u00e9tiques pour les chevaux"},"content":{"rendered":"\n\n\n<h4 class=\"wp-block-heading\">Bior\u00e9sonance &amp; soins \u00e9nerg\u00e9tiques pour le bien-\u00eatre de vos chevaux:<\/h4>\n\n\n\n<p>Pour booster les diff\u00e9rents syst\u00e8mes (Immunitaire, hormonal, cardio-vasculaire, digestif, respiratoire, locomoteur&#8230;)<\/p>\n\n\n\n<p>Pr\u00e9venir plut\u00f4t que gu\u00e9rir (allergies, dermites, fourbure&#8230;)<\/p>\n\n\n\n<p>Toutes les th\u00e9matiques peuvent \u00eatre abord\u00e9es: syst\u00e8me digestif, hormonal, musculaire, respiratoire, circulatoire, PSSM, dermite, Lyme, allergies, arthrose, stress \u2026<\/p>\n\n\n\n<p>La bior\u00e9sonance intervient id\u00e9alement en pr\u00e9vention, mais elle aide \u00e9galement le corps \u00e0 se r\u00e9\u00e9quilibrer lors des pathologies d\u00e9clar\u00e9es, <em>en compl\u00e9ment du traitement v\u00e9t\u00e9rinaire<\/em>.<\/p>\n\n\n\n<p><em>Pour qui ? Pour quoi ?<\/em><\/p>\n\n\n\n<ul class=\"wp-block-list\">\n<li><strong>Cheval en bonne sant\u00e9 :<\/strong>&nbsp;la bior\u00e9sonance intervient en pr\u00e9vention et peut l\u2019accompagner en ciblant ses points faibles \u00e9nerg\u00e9tiques, et en l\u2019aidant \u00e0 \u00e9liminer ses toxines en profondeur via notamment un programme de d\u00e9tox. Elle peut aussi l\u2019aider \u00e0 r\u00e9cup\u00e9rer apr\u00e8s un gros effort ou l\u2019accompagner pour passer le cap d\u2019une baisse d\u2019\u00e9nergie. <\/li>\n\n\n\n<li><strong>Cheval souffrant d&rsquo;une pathologie ponctuelle<\/strong>: la bior\u00e9sonance va aider l&rsquo;organisme \u00e0 se r\u00e9\u00e9quilibrer, on va toujours rechercher la cause, on regarde l&rsquo;ensemble du corps (pas seulement le sympt\u00f4me). En compl\u00e9ment du traitement v\u00e9t\u00e9rinaire.<\/li>\n\n\n\n<li><strong>Cheval stress\u00e9, hypersensible ou qui pr\u00e9sente des probl\u00e8mes comportementaux&nbsp;<\/strong>: la bior\u00e9sonance permet de travailler directement sur les d\u00e9s\u00e9quilibres \u00e9motionnels.<\/li>\n\n\n\n<li><strong>Cheval \u00e2g\u00e9<\/strong> La bior\u00e9sonance peut intervenir pour soutenir l\u2019ensemble du corps et \u00e9viter les petits ou gros tracas<\/li>\n<\/ul>\n\n\n\n<ul class=\"wp-block-list\">\n<li><strong>Cheval allergique ou pr\u00e9sentant des r\u00e9actions similaires<\/strong>: il est possible de soulager les r\u00e9actions allergiques en cours. Dans ce cas pr\u00e9cis, plusieurs s\u00e9ances seront s\u00fbrement \u00e0 pr\u00e9voir. Notamment des rappels avant les saisons critiques par exemple.<\/li>\n\n\n\n<li><strong>Cheval souffrant d\u2019une maladie longue ou pr\u00e9sentant des sympt\u00f4mes chroniques :<\/strong>&nbsp;maladie de Lyme, piroplasmose, cushing, PSSM, coryza, ulc\u00e8res gastriques, ulc\u00e8res corn\u00e9ens, uv\u00e9ites, fourbures, dysplasie, h\u00e9patite, insuffisance r\u00e9nale\u2026 La bior\u00e9sonance peut intervenir en compl\u00e9ment du traitement v\u00e9t\u00e9rinaire pour soutenir l\u2019ensemble du corps, rechercher les causes, aider \u00e0 diminuer la charge bact\u00e9rienne\/virale en ciblant les pathog\u00e8nes et co-infectants responsables. Tout cela <strong>en douceur et 100% naturel<\/strong>&nbsp;avec la bior\u00e9sonance. Une s\u00e9ance isol\u00e9e peut d\u00e9j\u00e0 apporter un soulagement, mais un suivi plus r\u00e9gulier sera d&rsquo;autant plus b\u00e9n\u00e9fique.<\/li>\n<\/ul>\n\n\n\n<p>Un suivi r\u00e9gulier permet d\u2019anticiper et de maintenir un niveau d\u2019\u00e9nergie optimal pour toute l\u2019ann\u00e9e.<\/p>\n\n\n\n<p>Pour des d\u00e9s\u00e9quilibres plus importants des forfaits d\u2019harmonisation sont propos\u00e9s .<\/p>\n\n\n\n<p>Pour les chevaux, les s\u00e9ances ont lieu en distanciel ou dans votre \u00e9curie (91, sud 77 et sud 78).<\/p>\n\n\n\n<p>Dans votre \u00e9curie, il est indispensable d&rsquo;avoir un endroit abrit\u00e9 et un sol stabilis\u00e9. Frais de d\u00e9placement \u00e0 pr\u00e9voir.<\/p>\n\n\n\n<p><strong>Pour travailler \u00e0 distance<\/strong>, il suffit d\u2019avoir un support comme quelques poils ou crins et une photo. Un rendez-vous t\u00e9l\u00e9phonique vous sera propos\u00e9 pour permettre le lien et la consultation se d\u00e9roulera comme en pr\u00e9sentiel.<\/p>\n\n\n\n<p>Les s\u00e9ances \u00e0 distance sont aussi efficaces qu&rsquo;en pr\u00e9sentiel.<\/p>\n\n\n\n<p>Certains chevaux pr\u00e9f\u00e8rent m\u00eame recevoir les s\u00e9ances \u00e0 distance, ce qui leur permet d&rsquo;\u00eatre tranquilles dans leur environnement habituel. Il faut juste veiller \u00e0 ne rien lui demander au moment de la s\u00e9ance et juste le laisser profiter.<\/p>\n\n\n\n<p>La s\u00e9ance est toujours individualis\u00e9e et sur mesure en fonction de l&rsquo;animal, de la probl\u00e9matique du moment, etc&#8230;<\/p>\n\n\n\n<h3 class=\"wp-block-heading\">Prise de rendez-vous en ligne pour les s\u00e9ances \u00e0 distance<\/h3>\n\n\n\n<h5 class=\"wp-block-heading\">(CLIQUEZ SUR LE BOUTON BLEU EN BAS \u00c0 DROITE)<\/h5>\n\n\n\n<p>Pour les s\u00e9ances dans votre \u00e9curie: contactez-moi par mail ou SMS uniquement.<\/p>\n\n\n\n<p> <strong><em>Evolution d&rsquo;un m\u00e9lanome sur une jument<\/em> <em>en suivi Bior\u00e9sonance<\/em> \u00e0 distance:<\/strong><\/p>\n\n\n\n<figure class=\"wp-block-image size-full is-resized\"><img loading=\"lazy\" decoding=\"async\" src=\"http:\/\/naturopathie.sobattitude.fr\/wp-content\/uploads\/2025\/01\/Mes-inspirations-1.jpg\" alt=\"\" class=\"wp-image-1786\" width=\"528\" height=\"443\" srcset=\"https:\/\/naturopathie.sobattitude.fr\/wp-content\/uploads\/2025\/01\/Mes-inspirations-1.jpg 940w, https:\/\/naturopathie.sobattitude.fr\/wp-content\/uploads\/2025\/01\/Mes-inspirations-1-300x251.jpg 300w, https:\/\/naturopathie.sobattitude.fr\/wp-content\/uploads\/2025\/01\/Mes-inspirations-1-768x644.jpg 768w, https:\/\/naturopathie.sobattitude.fr\/wp-content\/uploads\/2025\/01\/Mes-inspirations-1-350x293.jpg 350w\" sizes=\"auto, (max-width: 528px) 100vw, 528px\" \/><\/figure>\n\n\n\n<p><\/p>\n\n\n\n<figure class=\"wp-block-image size-full\"><img loading=\"lazy\" decoding=\"async\" width=\"375\" height=\"282\" src=\"http:\/\/naturopathie.sobattitude.fr\/wp-content\/uploads\/2022\/01\/biores-cheval1.jpg\" alt=\"\" class=\"wp-image-812\" srcset=\"https:\/\/naturopathie.sobattitude.fr\/wp-content\/uploads\/2022\/01\/biores-cheval1.jpg 375w, https:\/\/naturopathie.sobattitude.fr\/wp-content\/uploads\/2022\/01\/biores-cheval1-350x263.jpg 350w, https:\/\/naturopathie.sobattitude.fr\/wp-content\/uploads\/2022\/01\/biores-cheval1-300x226.jpg 300w\" sizes=\"auto, (max-width: 375px) 100vw, 375px\" \/><\/figure>\n\n\n\n<figure class=\"wp-block-image size-large\"><img loading=\"lazy\" decoding=\"async\" width=\"473\" height=\"1024\" src=\"http:\/\/naturopathie.sobattitude.fr\/wp-content\/uploads\/2022\/01\/271999163_3062588117335764_142881869776640999_n-473x1024.jpg\" alt=\"\" class=\"wp-image-810\" srcset=\"https:\/\/naturopathie.sobattitude.fr\/wp-content\/uploads\/2022\/01\/271999163_3062588117335764_142881869776640999_n-473x1024.jpg 473w, https:\/\/naturopathie.sobattitude.fr\/wp-content\/uploads\/2022\/01\/271999163_3062588117335764_142881869776640999_n-350x757.jpg 350w, https:\/\/naturopathie.sobattitude.fr\/wp-content\/uploads\/2022\/01\/271999163_3062588117335764_142881869776640999_n-139x300.jpg 139w, https:\/\/naturopathie.sobattitude.fr\/wp-content\/uploads\/2022\/01\/271999163_3062588117335764_142881869776640999_n-768x1662.jpg 768w, https:\/\/naturopathie.sobattitude.fr\/wp-content\/uploads\/2022\/01\/271999163_3062588117335764_142881869776640999_n-710x1536.jpg 710w, https:\/\/naturopathie.sobattitude.fr\/wp-content\/uploads\/2022\/01\/271999163_3062588117335764_142881869776640999_n.jpg 828w\" sizes=\"auto, (max-width: 473px) 100vw, 473px\" \/><\/figure>\n\n\n\n<figure class=\"wp-block-image size-large\"><img loading=\"lazy\" decoding=\"async\" width=\"1024\" height=\"461\" src=\"http:\/\/naturopathie.sobattitude.fr\/wp-content\/uploads\/2022\/12\/IMG_20220922_124309-1024x461.jpg\" alt=\"\" class=\"wp-image-1202\" srcset=\"https:\/\/naturopathie.sobattitude.fr\/wp-content\/uploads\/2022\/12\/IMG_20220922_124309-1024x461.jpg 1024w, https:\/\/naturopathie.sobattitude.fr\/wp-content\/uploads\/2022\/12\/IMG_20220922_124309-scaled-350x158.jpg 350w, https:\/\/naturopathie.sobattitude.fr\/wp-content\/uploads\/2022\/12\/IMG_20220922_124309-300x135.jpg 300w, https:\/\/naturopathie.sobattitude.fr\/wp-content\/uploads\/2022\/12\/IMG_20220922_124309-768x346.jpg 768w, https:\/\/naturopathie.sobattitude.fr\/wp-content\/uploads\/2022\/12\/IMG_20220922_124309-1536x691.jpg 1536w, https:\/\/naturopathie.sobattitude.fr\/wp-content\/uploads\/2022\/12\/IMG_20220922_124309-2048x922.jpg 2048w\" sizes=\"auto, (max-width: 1024px) 100vw, 1024px\" \/><\/figure>\n\n\n\n<figure class=\"wp-block-image size-large\"><img loading=\"lazy\" decoding=\"async\" width=\"1024\" height=\"461\" src=\"http:\/\/naturopathie.sobattitude.fr\/wp-content\/uploads\/2022\/12\/IMG_20220922_125324-1024x461.jpg\" alt=\"\" class=\"wp-image-1203\" srcset=\"https:\/\/naturopathie.sobattitude.fr\/wp-content\/uploads\/2022\/12\/IMG_20220922_125324-1024x461.jpg 1024w, https:\/\/naturopathie.sobattitude.fr\/wp-content\/uploads\/2022\/12\/IMG_20220922_125324-scaled-350x158.jpg 350w, https:\/\/naturopathie.sobattitude.fr\/wp-content\/uploads\/2022\/12\/IMG_20220922_125324-300x135.jpg 300w, https:\/\/naturopathie.sobattitude.fr\/wp-content\/uploads\/2022\/12\/IMG_20220922_125324-768x346.jpg 768w, https:\/\/naturopathie.sobattitude.fr\/wp-content\/uploads\/2022\/12\/IMG_20220922_125324-1536x691.jpg 1536w, https:\/\/naturopathie.sobattitude.fr\/wp-content\/uploads\/2022\/12\/IMG_20220922_125324-2048x922.jpg 2048w\" sizes=\"auto, (max-width: 1024px) 100vw, 1024px\" \/><\/figure>\n\n\n\n<figure class=\"wp-block-image size-large\"><img loading=\"lazy\" decoding=\"async\" width=\"461\" height=\"1024\" src=\"http:\/\/naturopathie.sobattitude.fr\/wp-content\/uploads\/2022\/12\/IMG_20211107_190240-461x1024.jpg\" alt=\"\" class=\"wp-image-1204\" srcset=\"https:\/\/naturopathie.sobattitude.fr\/wp-content\/uploads\/2022\/12\/IMG_20211107_190240-461x1024.jpg 461w, https:\/\/naturopathie.sobattitude.fr\/wp-content\/uploads\/2022\/12\/IMG_20211107_190240-scaled-350x778.jpg 350w, https:\/\/naturopathie.sobattitude.fr\/wp-content\/uploads\/2022\/12\/IMG_20211107_190240-135x300.jpg 135w, https:\/\/naturopathie.sobattitude.fr\/wp-content\/uploads\/2022\/12\/IMG_20211107_190240-768x1707.jpg 768w, https:\/\/naturopathie.sobattitude.fr\/wp-content\/uploads\/2022\/12\/IMG_20211107_190240-691x1536.jpg 691w, https:\/\/naturopathie.sobattitude.fr\/wp-content\/uploads\/2022\/12\/IMG_20211107_190240-922x2048.jpg 922w, https:\/\/naturopathie.sobattitude.fr\/wp-content\/uploads\/2022\/12\/IMG_20211107_190240-scaled.jpg 1152w\" sizes=\"auto, (max-width: 461px) 100vw, 461px\" \/><\/figure>\n\n\n\n<h6 class=\"wp-block-heading\"><em>Les s\u00e9ances \u00e9nerg\u00e9tiques de bior\u00e9sonance sont des pratiques de m\u00e9decines non conventionnelles : dites \u00ab compl\u00e9mentaires \u00bb.<br>Les conseils donn\u00e9s lors des s\u00e9ances ne sont pas des diagnostics, le r\u00e9\u00e9quilibrage \u00e9nerg\u00e9tique n\u2019est pas un traitement m\u00e9dical :&nbsp;<strong>ils ne remplacent pas un examen m\u00e9dical ou un traitement prescrit par votre v\u00e9t\u00e9rinaire.<\/strong><\/em><\/h6>\n\n\n\n<p><\/p>\n","protected":false},"excerpt":{"rendered":"<p>Bior\u00e9sonance &amp; soins \u00e9nerg\u00e9tiques pour le bien-\u00eatre de vos chevaux: Pour booster les diff\u00e9rents syst\u00e8mes (Immunitaire, hormonal, cardio-vasculaire, digestif, respiratoire, locomoteur&#8230;) Pr\u00e9venir plut\u00f4t que gu\u00e9rir (allergies, dermites, fourbure&#8230;) Toutes les th\u00e9matiques peuvent \u00eatre abord\u00e9es: syst\u00e8me digestif, hormonal, musculaire, respiratoire, circulatoire, PSSM, dermite, Lyme, allergies, arthrose, stress \u2026 La bior\u00e9sonance intervient id\u00e9alement en pr\u00e9vention, mais elle&#8230;<\/p>\n","protected":false},"author":1,"featured_media":0,"parent":0,"menu_order":0,"comment_status":"closed","ping_status":"closed","template":"","meta":{"_kad_post_transparent":"","_kad_post_title":"","_kad_post_layout":"","_kad_post_sidebar_id":"","_kad_post_content_style":"","_kad_post_vertical_padding":"","_kad_post_feature":"","_kad_post_feature_position":"","_kad_post_header":false,"_kad_post_footer":false,"_kad_post_classname":"","footnotes":""},"class_list":["post-993","page","type-page","status-publish","hentry"],"yoast_head":"<!-- This site is optimized with the Yoast SEO plugin v27.5 - https:\/\/yoast.com\/product\/yoast-seo-wordpress\/ -->\n<title>Bior\u00e9sonance et soins \u00e9nerg\u00e9tiques pour les chevaux -<\/title>\n<meta name=\"robots\" content=\"index, follow, max-snippet:-1, max-image-preview:large, max-video-preview:-1\" \/>\n<link rel=\"canonical\" href=\"https:\/\/naturopathie.sobattitude.fr\/index.php\/bioresonance-pour-les-chevaux\/\" \/>\n<meta property=\"og:locale\" content=\"fr_FR\" \/>\n<meta property=\"og:type\" content=\"article\" \/>\n<meta property=\"og:title\" content=\"Bior\u00e9sonance et soins \u00e9nerg\u00e9tiques pour les chevaux -\" \/>\n<meta property=\"og:description\" content=\"Bior\u00e9sonance &amp; soins \u00e9nerg\u00e9tiques pour le bien-\u00eatre de vos chevaux: Pour booster les diff\u00e9rents syst\u00e8mes (Immunitaire, hormonal, cardio-vasculaire, digestif, respiratoire, locomoteur&#8230;) Pr\u00e9venir plut\u00f4t que gu\u00e9rir (allergies, dermites, fourbure&#8230;) Toutes les th\u00e9matiques peuvent \u00eatre abord\u00e9es: syst\u00e8me digestif, hormonal, musculaire, respiratoire, circulatoire, PSSM, dermite, Lyme, allergies, arthrose, stress \u2026 La bior\u00e9sonance intervient id\u00e9alement en pr\u00e9vention, mais elle...\" \/>\n<meta property=\"og:url\" content=\"https:\/\/naturopathie.sobattitude.fr\/index.php\/bioresonance-pour-les-chevaux\/\" \/>\n<meta property=\"article:modified_time\" content=\"2026-04-13T09:42:13+00:00\" \/>\n<meta property=\"og:image\" content=\"http:\/\/naturopathie.sobattitude.fr\/wp-content\/uploads\/2025\/01\/Mes-inspirations-1.jpg\" \/>\n<meta name=\"twitter:card\" content=\"summary_large_image\" \/>\n<meta name=\"twitter:label1\" content=\"Dur\u00e9e de lecture estim\u00e9e\" \/>\n\t<meta name=\"twitter:data1\" content=\"5 minutes\" \/>\n<script type=\"application\/ld+json\" class=\"yoast-schema-graph\">{\"@context\":\"https:\\\/\\\/schema.org\",\"@graph\":[{\"@type\":\"WebPage\",\"@id\":\"https:\\\/\\\/naturopathie.sobattitude.fr\\\/index.php\\\/bioresonance-pour-les-chevaux\\\/\",\"url\":\"https:\\\/\\\/naturopathie.sobattitude.fr\\\/index.php\\\/bioresonance-pour-les-chevaux\\\/\",\"name\":\"Bior\u00e9sonance et soins \u00e9nerg\u00e9tiques pour les chevaux -\",\"isPartOf\":{\"@id\":\"https:\\\/\\\/naturopathie.sobattitude.fr\\\/#website\"},\"primaryImageOfPage\":{\"@id\":\"https:\\\/\\\/naturopathie.sobattitude.fr\\\/index.php\\\/bioresonance-pour-les-chevaux\\\/#primaryimage\"},\"image\":{\"@id\":\"https:\\\/\\\/naturopathie.sobattitude.fr\\\/index.php\\\/bioresonance-pour-les-chevaux\\\/#primaryimage\"},\"thumbnailUrl\":\"http:\\\/\\\/naturopathie.sobattitude.fr\\\/wp-content\\\/uploads\\\/2025\\\/01\\\/Mes-inspirations-1.jpg\",\"datePublished\":\"2022-06-04T08:55:23+00:00\",\"dateModified\":\"2026-04-13T09:42:13+00:00\",\"breadcrumb\":{\"@id\":\"https:\\\/\\\/naturopathie.sobattitude.fr\\\/index.php\\\/bioresonance-pour-les-chevaux\\\/#breadcrumb\"},\"inLanguage\":\"fr-FR\",\"potentialAction\":[{\"@type\":\"ReadAction\",\"target\":[\"https:\\\/\\\/naturopathie.sobattitude.fr\\\/index.php\\\/bioresonance-pour-les-chevaux\\\/\"]}]},{\"@type\":\"ImageObject\",\"inLanguage\":\"fr-FR\",\"@id\":\"https:\\\/\\\/naturopathie.sobattitude.fr\\\/index.php\\\/bioresonance-pour-les-chevaux\\\/#primaryimage\",\"url\":\"http:\\\/\\\/naturopathie.sobattitude.fr\\\/wp-content\\\/uploads\\\/2025\\\/01\\\/Mes-inspirations-1.jpg\",\"contentUrl\":\"http:\\\/\\\/naturopathie.sobattitude.fr\\\/wp-content\\\/uploads\\\/2025\\\/01\\\/Mes-inspirations-1.jpg\"},{\"@type\":\"BreadcrumbList\",\"@id\":\"https:\\\/\\\/naturopathie.sobattitude.fr\\\/index.php\\\/bioresonance-pour-les-chevaux\\\/#breadcrumb\",\"itemListElement\":[{\"@type\":\"ListItem\",\"position\":1,\"name\":\"Accueil\",\"item\":\"https:\\\/\\\/naturopathie.sobattitude.fr\\\/\"},{\"@type\":\"ListItem\",\"position\":2,\"name\":\"Bior\u00e9sonance et soins \u00e9nerg\u00e9tiques pour les chevaux\"}]},{\"@type\":\"WebSite\",\"@id\":\"https:\\\/\\\/naturopathie.sobattitude.fr\\\/#website\",\"url\":\"https:\\\/\\\/naturopathie.sobattitude.fr\\\/\",\"name\":\"\",\"description\":\"\",\"potentialAction\":[{\"@type\":\"SearchAction\",\"target\":{\"@type\":\"EntryPoint\",\"urlTemplate\":\"https:\\\/\\\/naturopathie.sobattitude.fr\\\/?s={search_term_string}\"},\"query-input\":{\"@type\":\"PropertyValueSpecification\",\"valueRequired\":true,\"valueName\":\"search_term_string\"}}],\"inLanguage\":\"fr-FR\"}]}<\/script>\n<!-- \/ Yoast SEO plugin. -->","yoast_head_json":{"title":"Bior\u00e9sonance et soins \u00e9nerg\u00e9tiques pour les chevaux -","robots":{"index":"index","follow":"follow","max-snippet":"max-snippet:-1","max-image-preview":"max-image-preview:large","max-video-preview":"max-video-preview:-1"},"canonical":"https:\/\/naturopathie.sobattitude.fr\/index.php\/bioresonance-pour-les-chevaux\/","og_locale":"fr_FR","og_type":"article","og_title":"Bior\u00e9sonance et soins \u00e9nerg\u00e9tiques pour les chevaux -","og_description":"Bior\u00e9sonance &amp; soins \u00e9nerg\u00e9tiques pour le bien-\u00eatre de vos chevaux: Pour booster les diff\u00e9rents syst\u00e8mes (Immunitaire, hormonal, cardio-vasculaire, digestif, respiratoire, locomoteur&#8230;) Pr\u00e9venir plut\u00f4t que gu\u00e9rir (allergies, dermites, fourbure&#8230;) Toutes les th\u00e9matiques peuvent \u00eatre abord\u00e9es: syst\u00e8me digestif, hormonal, musculaire, respiratoire, circulatoire, PSSM, dermite, Lyme, allergies, arthrose, stress \u2026 La bior\u00e9sonance intervient id\u00e9alement en pr\u00e9vention, mais elle...","og_url":"https:\/\/naturopathie.sobattitude.fr\/index.php\/bioresonance-pour-les-chevaux\/","article_modified_time":"2026-04-13T09:42:13+00:00","og_image":[{"url":"http:\/\/naturopathie.sobattitude.fr\/wp-content\/uploads\/2025\/01\/Mes-inspirations-1.jpg","type":"","width":"","height":""}],"twitter_card":"summary_large_image","twitter_misc":{"Dur\u00e9e de lecture estim\u00e9e":"5 minutes"},"schema":{"@context":"https:\/\/schema.org","@graph":[{"@type":"WebPage","@id":"https:\/\/naturopathie.sobattitude.fr\/index.php\/bioresonance-pour-les-chevaux\/","url":"https:\/\/naturopathie.sobattitude.fr\/index.php\/bioresonance-pour-les-chevaux\/","name":"Bior\u00e9sonance et soins \u00e9nerg\u00e9tiques pour les chevaux -","isPartOf":{"@id":"https:\/\/naturopathie.sobattitude.fr\/#website"},"primaryImageOfPage":{"@id":"https:\/\/naturopathie.sobattitude.fr\/index.php\/bioresonance-pour-les-chevaux\/#primaryimage"},"image":{"@id":"https:\/\/naturopathie.sobattitude.fr\/index.php\/bioresonance-pour-les-chevaux\/#primaryimage"},"thumbnailUrl":"http:\/\/naturopathie.sobattitude.fr\/wp-content\/uploads\/2025\/01\/Mes-inspirations-1.jpg","datePublished":"2022-06-04T08:55:23+00:00","dateModified":"2026-04-13T09:42:13+00:00","breadcrumb":{"@id":"https:\/\/naturopathie.sobattitude.fr\/index.php\/bioresonance-pour-les-chevaux\/#breadcrumb"},"inLanguage":"fr-FR","potentialAction":[{"@type":"ReadAction","target":["https:\/\/naturopathie.sobattitude.fr\/index.php\/bioresonance-pour-les-chevaux\/"]}]},{"@type":"ImageObject","inLanguage":"fr-FR","@id":"https:\/\/naturopathie.sobattitude.fr\/index.php\/bioresonance-pour-les-chevaux\/#primaryimage","url":"http:\/\/naturopathie.sobattitude.fr\/wp-content\/uploads\/2025\/01\/Mes-inspirations-1.jpg","contentUrl":"http:\/\/naturopathie.sobattitude.fr\/wp-content\/uploads\/2025\/01\/Mes-inspirations-1.jpg"},{"@type":"BreadcrumbList","@id":"https:\/\/naturopathie.sobattitude.fr\/index.php\/bioresonance-pour-les-chevaux\/#breadcrumb","itemListElement":[{"@type":"ListItem","position":1,"name":"Accueil","item":"https:\/\/naturopathie.sobattitude.fr\/"},{"@type":"ListItem","position":2,"name":"Bior\u00e9sonance et soins \u00e9nerg\u00e9tiques pour les chevaux"}]},{"@type":"WebSite","@id":"https:\/\/naturopathie.sobattitude.fr\/#website","url":"https:\/\/naturopathie.sobattitude.fr\/","name":"","description":"","potentialAction":[{"@type":"SearchAction","target":{"@type":"EntryPoint","urlTemplate":"https:\/\/naturopathie.sobattitude.fr\/?s={search_term_string}"},"query-input":{"@type":"PropertyValueSpecification","valueRequired":true,"valueName":"search_term_string"}}],"inLanguage":"fr-FR"}]}},"_links":{"self":[{"href":"https:\/\/naturopathie.sobattitude.fr\/index.php\/wp-json\/wp\/v2\/pages\/993","targetHints":{"allow":["GET"]}}],"collection":[{"href":"https:\/\/naturopathie.sobattitude.fr\/index.php\/wp-json\/wp\/v2\/pages"}],"about":[{"href":"https:\/\/naturopathie.sobattitude.fr\/index.php\/wp-json\/wp\/v2\/types\/page"}],"author":[{"embeddable":true,"href":"https:\/\/naturopathie.sobattitude.fr\/index.php\/wp-json\/wp\/v2\/users\/1"}],"replies":[{"embeddable":true,"href":"https:\/\/naturopathie.sobattitude.fr\/index.php\/wp-json\/wp\/v2\/comments?post=993"}],"version-history":[{"count":79,"href":"https:\/\/naturopathie.sobattitude.fr\/index.php\/wp-json\/wp\/v2\/pages\/993\/revisions"}],"predecessor-version":[{"id":2683,"href":"https:\/\/naturopathie.sobattitude.fr\/index.php\/wp-json\/wp\/v2\/pages\/993\/revisions\/2683"}],"wp:attachment":[{"href":"https:\/\/naturopathie.sobattitude.fr\/index.php\/wp-json\/wp\/v2\/media?parent=993"}],"curies":[{"name":"wp","href":"https:\/\/api.w.org\/{rel}","templated":true}]}}